{"id":295686,"date":"2026-04-10T11:39:56","date_gmt":"2026-04-10T09:39:56","guid":{"rendered":"https:\/\/www.huntersfriend.eu\/product\/hawk-cruzr-hang-on-hochsitz\/"},"modified":"2026-04-14T12:11:38","modified_gmt":"2026-04-14T10:11:38","slug":"hawk-cruzr-hang-on-hochsitz","status":"publish","type":"product","link":"https:\/\/www.huntersfriend.eu\/de\/produkt\/hawk-cruzr-hang-on-hochsitz\/","title":{"rendered":"Hawk Cruzr Hang-on-Hochsitz"},"content":{"rendered":"<p>Extremer Komfort, felsenfest &amp; einfach aufzuh\u00e4ngen in Kombination mit der CRUZR\u00ae Baumbefestigung. Der MeshComfort\u2122 Lendensitz passt sich Ihrem K\u00f6rper an &amp; bietet ganzt\u00e4gigen Komfort &amp; Unterst\u00fctzung der Wirbels\u00e4ule. Eine 61 cm B x 76 cm T Plattform, die an allen Kontaktpunkten verschwei\u00dft ist, um ein felsenfestes, einteiliges Design zu schaffen. Ger\u00e4uschlose, umspritzte Befestigungshaken und hochwertige Teflon-Unterlegscheiben gew\u00e4hrleisten ger\u00e4usch- und quietschfreie Leistung, w\u00e4hrend die \u00fcbergro\u00dfen, schwerlastigen Plattformseile und Tree Digger-Z\u00e4hne ein zus\u00e4tzliches Ma\u00df an Sicherheit und Stabilit\u00e4t bieten. Optionale Verwendung mit CRUZR Baumbefestigungsb\u00fcgel erm\u00f6glicht schnelle, sichere Montage &amp; Demontage und die M\u00f6glichkeit f\u00fcr mehrere Hochsitzstandorte.    <\/p>\n<p><em>*CRUZR\u2122 Befestigung separat erh\u00e4ltlich \u2014 Optional zur Verwendung mit CRUZR\u2122 Hang-On<\/em><\/p>\n<p><em>Kompatibel mit Hawk Cruzr Befestigung<\/em><\/p>\n<p>Alle Hawk-Hochsitze sind nach TMA-Standards getestet und enthalten einen Ganzk\u00f6rper-Sicherheitsgurt.<\/p>\n","protected":false},"excerpt":{"rendered":"<p>Extremer Komfort, felsenfest &amp; einfach aufzuh\u00e4ngen in Kombination mit der CRUZR\u00ae Baumbefestigung. Der MeshComfort\u2122 Lendensitz passt sich Ihrem K\u00f6rper an &amp; bietet ganzt\u00e4gigen Komfort &amp; Unterst\u00fctzung der Wirbels\u00e4ule. Eine 61 cm B x 76 cm T Plattform, die an allen Kontaktpunkten verschwei\u00dft ist, um ein felsenfestes, einteiliges Design zu schaffen. Ger\u00e4uschlose, umspritzte Befestigungshaken und hochwertige [&#8230;]\n","protected":false},"featured_media":295589,"comment_status":"open","ping_status":"closed","template":"","meta":[],"product_brand":[],"product_cat":[1170,1222],"product_tag":[],"class_list":{"0":"post-295686","1":"product","2":"type-product","3":"status-publish","4":"has-post-thumbnail","6":"product_cat-haengesitze","7":"product_cat-sonderangebote","8":"product_shipping_class-big-de","10":"first","11":"instock","12":"sale","13":"taxable","14":"shipping-taxable","15":"purchasable","16":"product-type-simple"},"composite_virtual":false,"composite_layout":"","composite_add_to_cart_form_location":"","composite_editable_in_cart":false,"composite_sold_individually_context":"","composite_shop_price_calc":"","composite_components":[],"composite_scenarios":[],"group_of_quantity":0,"min_quantity":0,"max_quantity":"","exclude_order_quantity_value_rules":"no","exclude_category_quantity_rules":"no","combine_variations":"no","exclude_global_add_ons":[],"addons":[],"_links":{"self":[{"href":"https:\/\/www.huntersfriend.eu\/de\/wp-json\/wp\/v2\/product\/295686","targetHints":{"allow":["GET"]}}],"collection":[{"href":"https:\/\/www.huntersfriend.eu\/de\/wp-json\/wp\/v2\/product"}],"about":[{"href":"https:\/\/www.huntersfriend.eu\/de\/wp-json\/wp\/v2\/types\/product"}],"replies":[{"embeddable":true,"href":"https:\/\/www.huntersfriend.eu\/de\/wp-json\/wp\/v2\/comments?post=295686"}],"wp:featuredmedia":[{"embeddable":true,"href":"https:\/\/www.huntersfriend.eu\/de\/wp-json\/wp\/v2\/media\/295589"}],"wp:attachment":[{"href":"https:\/\/www.huntersfriend.eu\/de\/wp-json\/wp\/v2\/media?parent=295686"}],"wp:term":[{"taxonomy":"product_brand","embeddable":true,"href":"https:\/\/www.huntersfriend.eu\/de\/wp-json\/wp\/v2\/product_brand?post=295686"},{"taxonomy":"product_cat","embeddable":true,"href":"https:\/\/www.huntersfriend.eu\/de\/wp-json\/wp\/v2\/product_cat?post=295686"},{"taxonomy":"product_tag","embeddable":true,"href":"https:\/\/www.huntersfriend.eu\/de\/wp-json\/wp\/v2\/product_tag?post=295686"}],"curies":[{"name":"wp","href":"https:\/\/api.w.org\/{rel}","templated":true}]}}