{"id":295680,"date":"2026-03-26T13:44:04","date_gmt":"2026-03-26T11:44:04","guid":{"rendered":"https:\/\/www.huntersfriend.eu\/product\/rad-peep-selbstjustierend-3-16\/"},"modified":"2026-04-14T12:10:59","modified_gmt":"2026-04-14T10:10:59","slug":"rad-peep-selbstjustierend-3-16","status":"publish","type":"product","link":"https:\/\/www.huntersfriend.eu\/de\/produkt\/rad-peep-selbstjustierend-3-16\/","title":{"rendered":"RAD Peep \u2013 selbstjustierend 3\/16&#8243;"},"content":{"rendered":"<p>Dies ist ein selbstjustierendes Peep-Visier, das speziell f\u00fcr die k\u00fcrzeren B\u00f6gen von heute entwickelt wurde. Die um 38 Grad abgewinkelte \u00d6ffnung erm\u00f6glicht selbst Bogensch\u00fctzen mit langem Auszug bei vollem Auszug ein wirklich rundes Sichtbild \u2013 auch bei B\u00f6gen mit nur 30\u201d Achse-zu-Achse. Das spezielle Haubendesign hilft, Regen und Sonnenlicht aus dem Bereich der \u00d6ffnung fernzuhalten. Der Ausrichtungsstift des Maxim 38 ist um 10 Grad von der \u00d6ffnung versetzt, sodass Sie bei vollem Auszug weder Stift noch Schlauch sehen werden.   <\/p>\n","protected":false},"excerpt":{"rendered":"<p>Dies ist ein selbstjustierendes Peep-Visier, das speziell f\u00fcr die k\u00fcrzeren B\u00f6gen von heute entwickelt wurde. Die um 38 Grad abgewinkelte \u00d6ffnung erm\u00f6glicht selbst Bogensch\u00fctzen mit langem Auszug bei vollem Auszug ein wirklich rundes Sichtbild \u2013 auch bei B\u00f6gen mit nur 30\u201d Achse-zu-Achse. Das spezielle Haubendesign hilft, Regen und Sonnenlicht aus dem Bereich der \u00d6ffnung fernzuhalten. [&#8230;]\n","protected":false},"featured_media":295619,"comment_status":"open","ping_status":"closed","template":"","meta":[],"product_brand":[],"product_cat":[1137],"product_tag":[],"class_list":{"0":"post-295680","1":"product","2":"type-product","3":"status-publish","4":"has-post-thumbnail","6":"product_cat-peeps-nocken-kisserbottons-und-zubehoer","8":"first","9":"onbackorder","10":"taxable","11":"shipping-taxable","12":"purchasable","13":"product-type-simple"},"composite_virtual":false,"composite_layout":"","composite_add_to_cart_form_location":"","composite_editable_in_cart":false,"composite_sold_individually_context":"","composite_shop_price_calc":"","composite_components":[],"composite_scenarios":[],"group_of_quantity":0,"min_quantity":0,"max_quantity":"","exclude_order_quantity_value_rules":"no","exclude_category_quantity_rules":"no","combine_variations":"no","exclude_global_add_ons":[],"addons":[],"_links":{"self":[{"href":"https:\/\/www.huntersfriend.eu\/de\/wp-json\/wp\/v2\/product\/295680","targetHints":{"allow":["GET"]}}],"collection":[{"href":"https:\/\/www.huntersfriend.eu\/de\/wp-json\/wp\/v2\/product"}],"about":[{"href":"https:\/\/www.huntersfriend.eu\/de\/wp-json\/wp\/v2\/types\/product"}],"replies":[{"embeddable":true,"href":"https:\/\/www.huntersfriend.eu\/de\/wp-json\/wp\/v2\/comments?post=295680"}],"wp:featuredmedia":[{"embeddable":true,"href":"https:\/\/www.huntersfriend.eu\/de\/wp-json\/wp\/v2\/media\/295619"}],"wp:attachment":[{"href":"https:\/\/www.huntersfriend.eu\/de\/wp-json\/wp\/v2\/media?parent=295680"}],"wp:term":[{"taxonomy":"product_brand","embeddable":true,"href":"https:\/\/www.huntersfriend.eu\/de\/wp-json\/wp\/v2\/product_brand?post=295680"},{"taxonomy":"product_cat","embeddable":true,"href":"https:\/\/www.huntersfriend.eu\/de\/wp-json\/wp\/v2\/product_cat?post=295680"},{"taxonomy":"product_tag","embeddable":true,"href":"https:\/\/www.huntersfriend.eu\/de\/wp-json\/wp\/v2\/product_tag?post=295680"}],"curies":[{"name":"wp","href":"https:\/\/api.w.org\/{rel}","templated":true}]}}