{"id":295666,"date":"2026-04-13T09:17:09","date_gmt":"2026-04-13T07:17:09","guid":{"rendered":"https:\/\/www.huntersfriend.eu\/product\/lowa-zephyr-hi-tf-stiefel-coyote\/"},"modified":"2026-04-14T12:10:37","modified_gmt":"2026-04-14T10:10:37","slug":"lowa-zephyr-hi-tf-stiefel-coyote","status":"publish","type":"product","link":"https:\/\/www.huntersfriend.eu\/de\/produkt\/lowa-zephyr-hi-tf-stiefel-coyote\/","title":{"rendered":"Lowa Zephyr Hi TF Stiefel &#8211; Coyote"},"content":{"rendered":"<h2 data-section-id=\"pdf5x6\" data-start=\"123\" data-end=\"203\">LOWA Zephyr HI TF \u2013 Leichter taktischer High-Cut-Stiefel f\u00fcr warme Bedingungen<\/h2>\n<p data-start=\"205\" data-end=\"496\">Der LOWA Zephyr HI TF ist ein vielseitiger, hoch geschnittener Einsatzstiefel, der f\u00fcr den anspruchsvollen Einsatz in trockenen und warmen Umgebungen entwickelt wurde. Er kombiniert eine leichte Bauweise, hervorragende Kn\u00f6chelunterst\u00fctzung und langanhaltenden Komfort, was ihn ideal f\u00fcr den professionellen Einsatz, das Training und die Bewegung in schwierigem Gel\u00e4nde macht. <\/p>\n<p data-start=\"498\" data-end=\"722\">Als echter Klassiker bietet der Zephyr ein ausgewogenes Verh\u00e4ltnis zwischen Flexibilit\u00e4t und Stabilit\u00e4t. Der hohe Schaft sorgt f\u00fcr starken Halt am Kn\u00f6chel auf unebenem Untergrund, w\u00e4hrend das leichte Design eine schnelle, m\u00fchelose Fortbewegung erm\u00f6glicht \u2013 selbst an langen Tagen auf den Beinen. <\/p>\n<p data-start=\"724\" data-end=\"899\">Das atmungsaktive Textilfutter sorgt f\u00fcr ein angenehmes Fu\u00dfklima bei Hitze, und das strapazierf\u00e4hige Obermaterial aus Veloursleder und Textil bietet eine hervorragende Verschlei\u00dffestigkeit, ohne den Komfort einzuschr\u00e4nken.<\/p>\n<h2 data-section-id=\"5ptua8\" data-start=\"906\" data-end=\"923\">Hauptmerkmale<\/h2>\n<ul data-start=\"925\" data-end=\"1322\">\n<li data-section-id=\"10i42x8\" data-start=\"925\" data-end=\"979\">Hoch geschnittener Einsatzstiefel f\u00fcr trockene und warme Bedingungen<\/li>\n<li data-section-id=\"nadb8c\" data-start=\"980\" data-end=\"1028\">Leicht und flexibel f\u00fcr aktive Bewegung<\/li>\n<li data-section-id=\"1vsz5az\" data-start=\"1029\" data-end=\"1074\">Hervorragende Kn\u00f6chelunterst\u00fctzung in unebenem Gel\u00e4nde<\/li>\n<li data-section-id=\"1qaoyaa\" data-start=\"1075\" data-end=\"1125\">Atmungsaktives Textilfutter f\u00fcr hei\u00dfe Umgebungen<\/li>\n<li data-section-id=\"3o1s5z\" data-start=\"1126\" data-end=\"1161\">Strapazierf\u00e4higes Obermaterial aus Veloursleder und Textil<\/li>\n<li data-section-id=\"1xi4nx5\" data-start=\"1162\" data-end=\"1212\">STABILITY FRAME Konstruktion f\u00fcr zus\u00e4tzliche Unterst\u00fctzung<\/li>\n<li data-section-id=\"oc9i00\" data-start=\"1213\" data-end=\"1268\">DOUBLE INJECTION Zwischensohle f\u00fcr Komfort und Langlebigkeit<\/li>\n<li data-section-id=\"1658l7\" data-start=\"1269\" data-end=\"1322\">Geschlossene Schn\u00fcrhaken f\u00fcr eine sichere und praktische Schn\u00fcrung<\/li>\n<\/ul>\n<h2 data-section-id=\"3y1opx\" data-start=\"1329\" data-end=\"1349\">F\u00fcr wen ist er geeignet?<\/h2>\n<p data-start=\"1351\" data-end=\"1400\">Der LOWA Zephyr HI TF ist eine exzellente Wahl f\u00fcr:<\/p>\n<ul data-start=\"1402\" data-end=\"1605\">\n<li data-section-id=\"1kdt9up\" data-start=\"1402\" data-end=\"1438\">Polizei- und Milit\u00e4reinsatz<\/li>\n<li data-section-id=\"6d6eow\" data-start=\"1439\" data-end=\"1475\">Taktisches Training und Operationen<\/li>\n<li data-section-id=\"1u4jlui\" data-start=\"1476\" data-end=\"1509\">Outdoor-Aktivit\u00e4ten und Wandern<\/li>\n<li data-section-id=\"av8lmc\" data-start=\"1510\" data-end=\"1561\">Nutzer, die einen leichten, aber unterst\u00fctzenden Stiefel ben\u00f6tigen<\/li>\n<li data-section-id=\"1svs0uh\" data-start=\"1562\" data-end=\"1605\">Trockenes Gel\u00e4nde und warme Klimabedingungen<\/li>\n<\/ul>\n<h2 data-section-id=\"1h9ugi6\" data-start=\"1612\" data-end=\"1642\">Technische Spezifikationen<\/h2>\n<ul data-start=\"1644\" data-end=\"2089\">\n<li data-section-id=\"1q2t40n\" data-start=\"1644\" data-end=\"1676\"><strong data-start=\"1646\" data-end=\"1656\">Modell:<\/strong> LOWA Zephyr HI TF<\/li>\n<li data-section-id=\"n19d23\" data-start=\"1677\" data-end=\"1701\"><strong data-start=\"1679\" data-end=\"1689\">Farbe:<\/strong> Coyote OP<\/li>\n<li data-section-id=\"hol9w9\" data-start=\"1702\" data-end=\"1723\"><strong data-start=\"1704\" data-end=\"1714\">Gr\u00f6\u00dfen:<\/strong> 6,5\u201312<\/li>\n<li data-section-id=\"wfnhlg\" data-start=\"1724\" data-end=\"1751\"><strong data-start=\"1726\" data-end=\"1734\">Passform:<\/strong> Standardweite<\/li>\n<li data-section-id=\"1693gtp\" data-start=\"1752\" data-end=\"1793\"><strong data-start=\"1754\" data-end=\"1765\">Futter:<\/strong> Atmungsaktives Textilfutter<\/li>\n<li data-section-id=\"1wxyya3\" data-start=\"1794\" data-end=\"1831\"><strong data-start=\"1796\" data-end=\"1822\">Schafth\u00f6he (innen):<\/strong> 175 mm<\/li>\n<li data-section-id=\"16numoz\" data-start=\"1832\" data-end=\"1866\"><strong data-start=\"1834\" data-end=\"1857\">Schafth\u00f6he (ISO):<\/strong> 200 mm<\/li>\n<li data-section-id=\"1awlkbm\" data-start=\"1867\" data-end=\"1905\"><strong data-start=\"1869\" data-end=\"1896\">Schafth\u00f6he (au\u00dfen):<\/strong> 210 mm<\/li>\n<li data-section-id=\"prcs7h\" data-start=\"1906\" data-end=\"1941\"><strong data-start=\"1908\" data-end=\"1922\">Steifigkeit:<\/strong> Moderat steif<\/li>\n<li data-section-id=\"zysck1\" data-start=\"1942\" data-end=\"1992\"><strong data-start=\"1944\" data-end=\"1956\">Zwischensohle:<\/strong> STABILITY FRAME, DOUBLE INJECTION<\/li>\n<li data-section-id=\"juaxzr\" data-start=\"1993\" data-end=\"2029\"><strong data-start=\"1995\" data-end=\"2007\">Au\u00dfensohle:<\/strong> LOWA Rubber Outsole<\/li>\n<li data-section-id=\"cat4j5\" data-start=\"2030\" data-end=\"2060\"><strong data-start=\"2032\" data-end=\"2049\">Konstruktion:<\/strong> Angespritzt<\/li>\n<li data-section-id=\"14zm67y\" data-start=\"2061\" data-end=\"2089\"><strong data-start=\"2063\" data-end=\"2074\">Schn\u00fcrung:<\/strong> Geschlossene Haken<\/li>\n<\/ul>\n","protected":false},"excerpt":{"rendered":"<p>LOWA Zephyr HI TF \u2013 Leichter taktischer High-Cut-Stiefel f\u00fcr warme Bedingungen Der LOWA Zephyr HI TF ist ein vielseitiger, hoch geschnittener Einsatzstiefel, der f\u00fcr den anspruchsvollen Einsatz in trockenen und warmen Umgebungen entwickelt wurde. Er kombiniert eine leichte Bauweise, hervorragende Kn\u00f6chelunterst\u00fctzung und langanhaltenden Komfort, was ihn ideal f\u00fcr den professionellen Einsatz, das Training und die [&#8230;]\n","protected":false},"featured_media":295561,"comment_status":"open","ping_status":"closed","template":"","meta":[],"product_brand":[],"product_cat":[1383,1129,1222],"product_tag":[],"class_list":{"0":"post-295666","1":"product","2":"type-product","3":"status-publish","4":"has-post-thumbnail","6":"product_cat-wanderschuhe","7":"product_cat-jagd-stiefel","8":"product_cat-sonderangebote","9":"product_shipping_class-medium-de","11":"first","12":"instock","13":"sale","14":"taxable","15":"shipping-taxable","16":"purchasable","17":"product-type-variable"},"composite_virtual":false,"composite_layout":"","composite_add_to_cart_form_location":"","composite_editable_in_cart":false,"composite_sold_individually_context":"","composite_shop_price_calc":"","composite_components":[],"composite_scenarios":[],"group_of_quantity":0,"min_quantity":0,"max_quantity":"","exclude_order_quantity_value_rules":"no","exclude_category_quantity_rules":"no","combine_variations":"no","exclude_global_add_ons":[],"addons":[],"_links":{"self":[{"href":"https:\/\/www.huntersfriend.eu\/de\/wp-json\/wp\/v2\/product\/295666","targetHints":{"allow":["GET"]}}],"collection":[{"href":"https:\/\/www.huntersfriend.eu\/de\/wp-json\/wp\/v2\/product"}],"about":[{"href":"https:\/\/www.huntersfriend.eu\/de\/wp-json\/wp\/v2\/types\/product"}],"replies":[{"embeddable":true,"href":"https:\/\/www.huntersfriend.eu\/de\/wp-json\/wp\/v2\/comments?post=295666"}],"wp:featuredmedia":[{"embeddable":true,"href":"https:\/\/www.huntersfriend.eu\/de\/wp-json\/wp\/v2\/media\/295561"}],"wp:attachment":[{"href":"https:\/\/www.huntersfriend.eu\/de\/wp-json\/wp\/v2\/media?parent=295666"}],"wp:term":[{"taxonomy":"product_brand","embeddable":true,"href":"https:\/\/www.huntersfriend.eu\/de\/wp-json\/wp\/v2\/product_brand?post=295666"},{"taxonomy":"product_cat","embeddable":true,"href":"https:\/\/www.huntersfriend.eu\/de\/wp-json\/wp\/v2\/product_cat?post=295666"},{"taxonomy":"product_tag","embeddable":true,"href":"https:\/\/www.huntersfriend.eu\/de\/wp-json\/wp\/v2\/product_tag?post=295666"}],"curies":[{"name":"wp","href":"https:\/\/api.w.org\/{rel}","templated":true}]}}