{"id":295652,"date":"2026-03-26T13:44:14","date_gmt":"2026-03-26T11:44:14","guid":{"rendered":"https:\/\/www.huntersfriend.eu\/product\/tinks-cedar-cover-scent-zweisprachig\/"},"modified":"2026-04-14T12:10:36","modified_gmt":"2026-04-14T10:10:36","slug":"tinks-cedar-cover-scent-zweisprachig","status":"publish","type":"product","link":"https:\/\/www.huntersfriend.eu\/de\/produkt\/tinks-cedar-cover-scent-zweisprachig\/","title":{"rendered":"Tink&#8217;s Cedar Cover Scent &#8211; Zweisprachig"},"content":{"rendered":"<p>Eine ausgezeichnete Wahl f\u00fcr die Jagd zwischen Zedern. Tink&#8217;s Cedar Cover Scent hilft Ihnen, Ihre Spuren und Geruchssignatur auf dem Hochsitz, im Ansitz oder beim Pirschen zu verbergen. Dieses vielseitige Tarnmittel hilft Ihnen, K\u00f6rperger\u00fcche und andere Fremdger\u00fcche mit wenigen Spr\u00fchst\u00f6\u00dfen auf Ihre Jagdkleidung und Ihren Hochsitz oder Ansitz zu \u00fcberdecken. Die flexible Formel eignet sich auch hervorragend f\u00fcr k\u00fcnstliche Schl\u00e4ge oder Fegespuren oder in Kombination mit Tink&#8217;s Scent Bomb (nicht im Lieferumfang enthalten).  <\/p>\n<p>118-ml-Flasche mit Spr\u00fchkopf.<\/p>\n","protected":false},"excerpt":{"rendered":"<p>Eine ausgezeichnete Wahl f\u00fcr die Jagd zwischen Zedern. Tink&#8217;s Cedar Cover Scent hilft Ihnen, Ihre Spuren und Geruchssignatur auf dem Hochsitz, im Ansitz oder beim Pirschen zu verbergen. Dieses vielseitige Tarnmittel hilft Ihnen, K\u00f6rperger\u00fcche und andere Fremdger\u00fcche mit wenigen Spr\u00fchst\u00f6\u00dfen auf Ihre Jagdkleidung und Ihren Hochsitz oder Ansitz zu \u00fcberdecken. Die flexible Formel eignet sich [&#8230;]\n","protected":false},"featured_media":295612,"comment_status":"open","ping_status":"closed","template":"","meta":[],"product_brand":[],"product_cat":[1355,1222],"product_tag":[],"class_list":{"0":"post-295652","1":"product","2":"type-product","3":"status-publish","4":"has-post-thumbnail","6":"product_cat-geruchsneutralisator","7":"product_cat-sonderangebote","9":"first","10":"instock","11":"sale","12":"taxable","13":"shipping-taxable","14":"purchasable","15":"product-type-simple"},"composite_virtual":false,"composite_layout":"","composite_add_to_cart_form_location":"","composite_editable_in_cart":false,"composite_sold_individually_context":"","composite_shop_price_calc":"","composite_components":[],"composite_scenarios":[],"group_of_quantity":0,"min_quantity":0,"max_quantity":"","exclude_order_quantity_value_rules":"no","exclude_category_quantity_rules":"no","combine_variations":"no","exclude_global_add_ons":[],"addons":[],"_links":{"self":[{"href":"https:\/\/www.huntersfriend.eu\/de\/wp-json\/wp\/v2\/product\/295652","targetHints":{"allow":["GET"]}}],"collection":[{"href":"https:\/\/www.huntersfriend.eu\/de\/wp-json\/wp\/v2\/product"}],"about":[{"href":"https:\/\/www.huntersfriend.eu\/de\/wp-json\/wp\/v2\/types\/product"}],"replies":[{"embeddable":true,"href":"https:\/\/www.huntersfriend.eu\/de\/wp-json\/wp\/v2\/comments?post=295652"}],"wp:featuredmedia":[{"embeddable":true,"href":"https:\/\/www.huntersfriend.eu\/de\/wp-json\/wp\/v2\/media\/295612"}],"wp:attachment":[{"href":"https:\/\/www.huntersfriend.eu\/de\/wp-json\/wp\/v2\/media?parent=295652"}],"wp:term":[{"taxonomy":"product_brand","embeddable":true,"href":"https:\/\/www.huntersfriend.eu\/de\/wp-json\/wp\/v2\/product_brand?post=295652"},{"taxonomy":"product_cat","embeddable":true,"href":"https:\/\/www.huntersfriend.eu\/de\/wp-json\/wp\/v2\/product_cat?post=295652"},{"taxonomy":"product_tag","embeddable":true,"href":"https:\/\/www.huntersfriend.eu\/de\/wp-json\/wp\/v2\/product_tag?post=295652"}],"curies":[{"name":"wp","href":"https:\/\/api.w.org\/{rel}","templated":true}]}}