{"id":295651,"date":"2026-03-26T13:44:04","date_gmt":"2026-03-26T11:44:04","guid":{"rendered":"https:\/\/www.huntersfriend.eu\/product\/rad-peep-selbstausrichtend-1-8\/"},"modified":"2026-04-14T12:10:35","modified_gmt":"2026-04-14T10:10:35","slug":"rad-peep-selbstausrichtend-1-8","status":"publish","type":"product","link":"https:\/\/www.huntersfriend.eu\/de\/produkt\/rad-peep-selbstausrichtend-1-8\/","title":{"rendered":"RAD Peep &#8211; selbstausrichtend 1\/8&#8243;"},"content":{"rendered":"<p>Dies ist ein selbstausrichtendes Peep-Sight, das speziell f\u00fcr die k\u00fcrzeren B\u00f6gen von heute entwickelt wurde. Die um 38 Grad abgewinkelte Blende erm\u00f6glicht selbst Bogensch\u00fctzen mit langem Auszug ein perfekt rundes Sichtfeld bei vollem Auszug, sogar bei B\u00f6gen mit einem Achsabstand von nur 30&#8243;. Das spezielle Geh\u00e4usedesign sch\u00fctzt den Blendenbereich vor Regen und Sonnenlicht. Der Ausrichtungsstift des Maxim 38 ist um 10 Grad von der Blende versetzt, was sicherstellt, dass Sie den Stift oder den Schlauch bei vollem Auszug niemals im Sichtfeld haben.   <\/p>\n","protected":false},"excerpt":{"rendered":"<p>Dies ist ein selbstausrichtendes Peep-Sight, das speziell f\u00fcr die k\u00fcrzeren B\u00f6gen von heute entwickelt wurde. Die um 38 Grad abgewinkelte Blende erm\u00f6glicht selbst Bogensch\u00fctzen mit langem Auszug ein perfekt rundes Sichtfeld bei vollem Auszug, sogar bei B\u00f6gen mit einem Achsabstand von nur 30&#8243;. Das spezielle Geh\u00e4usedesign sch\u00fctzt den Blendenbereich vor Regen und Sonnenlicht. Der Ausrichtungsstift [&#8230;]\n","protected":false},"featured_media":295615,"comment_status":"open","ping_status":"closed","template":"","meta":[],"product_brand":[],"product_cat":[1137],"product_tag":[],"class_list":{"0":"post-295651","1":"product","2":"type-product","3":"status-publish","4":"has-post-thumbnail","6":"product_cat-peeps-nocken-kisserbottons-und-zubehoer","8":"first","9":"instock","10":"taxable","11":"shipping-taxable","12":"purchasable","13":"product-type-simple"},"composite_virtual":false,"composite_layout":"","composite_add_to_cart_form_location":"","composite_editable_in_cart":false,"composite_sold_individually_context":"","composite_shop_price_calc":"","composite_components":[],"composite_scenarios":[],"group_of_quantity":0,"min_quantity":0,"max_quantity":"","exclude_order_quantity_value_rules":"no","exclude_category_quantity_rules":"no","combine_variations":"no","exclude_global_add_ons":[],"addons":[],"_links":{"self":[{"href":"https:\/\/www.huntersfriend.eu\/de\/wp-json\/wp\/v2\/product\/295651","targetHints":{"allow":["GET"]}}],"collection":[{"href":"https:\/\/www.huntersfriend.eu\/de\/wp-json\/wp\/v2\/product"}],"about":[{"href":"https:\/\/www.huntersfriend.eu\/de\/wp-json\/wp\/v2\/types\/product"}],"replies":[{"embeddable":true,"href":"https:\/\/www.huntersfriend.eu\/de\/wp-json\/wp\/v2\/comments?post=295651"}],"wp:featuredmedia":[{"embeddable":true,"href":"https:\/\/www.huntersfriend.eu\/de\/wp-json\/wp\/v2\/media\/295615"}],"wp:attachment":[{"href":"https:\/\/www.huntersfriend.eu\/de\/wp-json\/wp\/v2\/media?parent=295651"}],"wp:term":[{"taxonomy":"product_brand","embeddable":true,"href":"https:\/\/www.huntersfriend.eu\/de\/wp-json\/wp\/v2\/product_brand?post=295651"},{"taxonomy":"product_cat","embeddable":true,"href":"https:\/\/www.huntersfriend.eu\/de\/wp-json\/wp\/v2\/product_cat?post=295651"},{"taxonomy":"product_tag","embeddable":true,"href":"https:\/\/www.huntersfriend.eu\/de\/wp-json\/wp\/v2\/product_tag?post=295651"}],"curies":[{"name":"wp","href":"https:\/\/api.w.org\/{rel}","templated":true}]}}