{"id":295647,"date":"2026-04-10T11:39:55","date_gmt":"2026-04-10T09:39:55","guid":{"rendered":"https:\/\/www.huntersfriend.eu\/product\/hawk-warbird-kletteransitz\/"},"modified":"2026-04-14T12:09:49","modified_gmt":"2026-04-14T10:09:49","slug":"hawk-warbird-kletteransitz","status":"publish","type":"product","link":"https:\/\/www.huntersfriend.eu\/de\/produkt\/hawk-warbird-kletteransitz\/","title":{"rendered":"Hawk Warbird Kletteransitz"},"content":{"rendered":"<p><em>DIE ZUKUNFT DER KLETTERANSITZE<\/em><\/p>\n<p>Leichter &amp; messerscharf d\u00fcnner Rahmen trifft auf h\u00f6chsten Komfort f\u00fcr die n\u00e4chste Generation der Klettertechnologie. Der Sling-Style-Sitz mit dicker Polsterung passt sich dem K\u00f6rper an \u2013 f\u00fcr einen unschlagbaren Komfort, f\u00fcr den HAWK\u00ae bekannt ist. Dank Fold-Flat\u2122-Technologie l\u00e4sst sich der WARBIRD\u2122 f\u00fcr den Transport schnell auf ein ultraflaches Ma\u00df zusammenklappen. Das Auto-Latch\u2122-Kabel macht die sichere Baumanbindung einfach &amp; leise. Tree Digger\u2122-Z\u00e4hne und ein einfacher 1-Schritt-Abbau \u2013 und Sie haben einen extrem vielseitigen Kletteransitz!    <\/p>\n<p><strong>ENTH\u00c4LT<\/strong><\/p>\n<ul>\n<li>[1] Ganzk\u00f6rper-Sicherheitsgurt<\/li>\n<li>Paar Tarn-Rucksackgurte<\/li>\n<li>[2] Baumgurte mit Cam-Schnalle<\/li>\n<li>[1] Zubeh\u00f6rbeutel<\/li>\n<\/ul>\n<p><strong>SPEZIFIKATIONEN<\/strong><\/p>\n<ul>\n<li>Gewicht: 22,5 lb<\/li>\n<li>Plattformgr\u00f6\u00dfe: 21&#8243; x 34&#8243;<\/li>\n<li>Tragkraft: 300 lb<\/li>\n<\/ul>\n","protected":false},"excerpt":{"rendered":"<p>DIE ZUKUNFT DER KLETTERANSITZE Leichter &amp; messerscharf d\u00fcnner Rahmen trifft auf h\u00f6chsten Komfort f\u00fcr die n\u00e4chste Generation der Klettertechnologie. Der Sling-Style-Sitz mit dicker Polsterung passt sich dem K\u00f6rper an \u2013 f\u00fcr einen unschlagbaren Komfort, f\u00fcr den HAWK\u00ae bekannt ist. Dank Fold-Flat\u2122-Technologie l\u00e4sst sich der WARBIRD\u2122 f\u00fcr den Transport schnell auf ein ultraflaches Ma\u00df zusammenklappen. Das [&#8230;]\n","protected":false},"featured_media":295585,"comment_status":"open","ping_status":"closed","template":"","meta":[],"product_brand":[],"product_cat":[1135,1222],"product_tag":[],"class_list":{"0":"post-295647","1":"product","2":"type-product","3":"status-publish","4":"has-post-thumbnail","6":"product_cat-klettersitze","7":"product_cat-sonderangebote","8":"product_shipping_class-big-de","10":"first","11":"instock","12":"sale","13":"featured","14":"taxable","15":"shipping-taxable","16":"purchasable","17":"product-type-simple"},"composite_virtual":false,"composite_layout":"","composite_add_to_cart_form_location":"","composite_editable_in_cart":false,"composite_sold_individually_context":"","composite_shop_price_calc":"","composite_components":[],"composite_scenarios":[],"group_of_quantity":0,"min_quantity":0,"max_quantity":"","exclude_order_quantity_value_rules":"no","exclude_category_quantity_rules":"no","combine_variations":"no","exclude_global_add_ons":[],"addons":[],"_links":{"self":[{"href":"https:\/\/www.huntersfriend.eu\/de\/wp-json\/wp\/v2\/product\/295647","targetHints":{"allow":["GET"]}}],"collection":[{"href":"https:\/\/www.huntersfriend.eu\/de\/wp-json\/wp\/v2\/product"}],"about":[{"href":"https:\/\/www.huntersfriend.eu\/de\/wp-json\/wp\/v2\/types\/product"}],"replies":[{"embeddable":true,"href":"https:\/\/www.huntersfriend.eu\/de\/wp-json\/wp\/v2\/comments?post=295647"}],"wp:featuredmedia":[{"embeddable":true,"href":"https:\/\/www.huntersfriend.eu\/de\/wp-json\/wp\/v2\/media\/295585"}],"wp:attachment":[{"href":"https:\/\/www.huntersfriend.eu\/de\/wp-json\/wp\/v2\/media?parent=295647"}],"wp:term":[{"taxonomy":"product_brand","embeddable":true,"href":"https:\/\/www.huntersfriend.eu\/de\/wp-json\/wp\/v2\/product_brand?post=295647"},{"taxonomy":"product_cat","embeddable":true,"href":"https:\/\/www.huntersfriend.eu\/de\/wp-json\/wp\/v2\/product_cat?post=295647"},{"taxonomy":"product_tag","embeddable":true,"href":"https:\/\/www.huntersfriend.eu\/de\/wp-json\/wp\/v2\/product_tag?post=295647"}],"curies":[{"name":"wp","href":"https:\/\/api.w.org\/{rel}","templated":true}]}}