{"id":295645,"date":"2026-04-10T11:39:56","date_gmt":"2026-04-10T09:39:56","guid":{"rendered":"https:\/\/www.huntersfriend.eu\/product\/hawk-ultra-lite-klettersitz\/"},"modified":"2026-04-14T12:09:35","modified_gmt":"2026-04-14T10:09:35","slug":"hawk-ultra-lite-klettersitz","status":"publish","type":"product","link":"https:\/\/www.huntersfriend.eu\/de\/produkt\/hawk-ultra-lite-klettersitz\/","title":{"rendered":"Hawk Ultra-Lite Klettersitz"},"content":{"rendered":"<p><strong>MERKMALE<\/strong><\/p>\n<ul>\n<li>H\u00e4ngematten-Netz \u2013 druckfreier Komfortsitz<\/li>\n<li>Auto-Latch\u2122 Kabelsystem<\/li>\n<li>Fold-Flat\u2122 Technologie<\/li>\n<li>Gepolsterte Armlehnen<\/li>\n<li>Verstellbare Kabel<\/li>\n<li>Tree Digger\u2122 Haltez\u00e4hne<\/li>\n<li>Vollverschwei\u00dfte, massive Plattform<\/li>\n<li>Ger\u00e4uschlose Teflon\u00ae-Unterlegscheiben<\/li>\n<\/ul>\n<p><strong>SPEZIFIKATIONEN<\/strong><\/p>\n<ul>\n<li>KONSTRUKTION: Aluminium<\/li>\n<li>SITZ: Verstellbar<\/li>\n<li>GEWICHT: 9,1 kg<\/li>\n<li>PLATTFORMGR\u00d6SSE: 51 cm x 69 cm<\/li>\n<li>BAUMDURCHMESSER: min. 20 cm \u2013 max. 51 cm<\/li>\n<li>BELASTBARKEIT: 136 kg<\/li>\n<\/ul>\n<p><strong>INKLUSIVE<\/strong><\/p>\n<ul>\n<li>[1] Ganzk\u00f6rper-Sicherheitsgurt<\/li>\n<li>[1] Paar Neopren-Rucksackgurte<\/li>\n<li>[2] Baumgurte mit Klemmschloss<\/li>\n<\/ul>\n","protected":false},"excerpt":{"rendered":"<p>MERKMALE H\u00e4ngematten-Netz \u2013 druckfreier Komfortsitz Auto-Latch\u2122 Kabelsystem Fold-Flat\u2122 Technologie Gepolsterte Armlehnen Verstellbare Kabel Tree Digger\u2122 Haltez\u00e4hne Vollverschwei\u00dfte, massive Plattform Ger\u00e4uschlose Teflon\u00ae-Unterlegscheiben SPEZIFIKATIONEN KONSTRUKTION: Aluminium SITZ: Verstellbar GEWICHT: 9,1 kg PLATTFORMGR\u00d6SSE: 51 cm x 69 cm BAUMDURCHMESSER: min. 20 cm \u2013 max. 51 cm BELASTBARKEIT: 136 kg INKLUSIVE [1] Ganzk\u00f6rper-Sicherheitsgurt [1] Paar Neopren-Rucksackgurte [2] Baumgurte mit [&#8230;]\n","protected":false},"featured_media":295581,"comment_status":"open","ping_status":"closed","template":"","meta":[],"product_brand":[],"product_cat":[1135,1222],"product_tag":[],"class_list":{"0":"post-295645","1":"product","2":"type-product","3":"status-publish","4":"has-post-thumbnail","6":"product_cat-klettersitze","7":"product_cat-sonderangebote","8":"product_shipping_class-big-de","10":"first","11":"instock","12":"sale","13":"taxable","14":"shipping-taxable","15":"purchasable","16":"product-type-simple"},"composite_virtual":false,"composite_layout":"","composite_add_to_cart_form_location":"","composite_editable_in_cart":false,"composite_sold_individually_context":"","composite_shop_price_calc":"","composite_components":[],"composite_scenarios":[],"group_of_quantity":0,"min_quantity":0,"max_quantity":"","exclude_order_quantity_value_rules":"no","exclude_category_quantity_rules":"no","combine_variations":"no","exclude_global_add_ons":[],"addons":[],"_links":{"self":[{"href":"https:\/\/www.huntersfriend.eu\/de\/wp-json\/wp\/v2\/product\/295645","targetHints":{"allow":["GET"]}}],"collection":[{"href":"https:\/\/www.huntersfriend.eu\/de\/wp-json\/wp\/v2\/product"}],"about":[{"href":"https:\/\/www.huntersfriend.eu\/de\/wp-json\/wp\/v2\/types\/product"}],"replies":[{"embeddable":true,"href":"https:\/\/www.huntersfriend.eu\/de\/wp-json\/wp\/v2\/comments?post=295645"}],"wp:featuredmedia":[{"embeddable":true,"href":"https:\/\/www.huntersfriend.eu\/de\/wp-json\/wp\/v2\/media\/295581"}],"wp:attachment":[{"href":"https:\/\/www.huntersfriend.eu\/de\/wp-json\/wp\/v2\/media?parent=295645"}],"wp:term":[{"taxonomy":"product_brand","embeddable":true,"href":"https:\/\/www.huntersfriend.eu\/de\/wp-json\/wp\/v2\/product_brand?post=295645"},{"taxonomy":"product_cat","embeddable":true,"href":"https:\/\/www.huntersfriend.eu\/de\/wp-json\/wp\/v2\/product_cat?post=295645"},{"taxonomy":"product_tag","embeddable":true,"href":"https:\/\/www.huntersfriend.eu\/de\/wp-json\/wp\/v2\/product_tag?post=295645"}],"curies":[{"name":"wp","href":"https:\/\/api.w.org\/{rel}","templated":true}]}}