{"id":295644,"date":"2026-04-10T11:39:56","date_gmt":"2026-04-10T09:39:56","guid":{"rendered":"https:\/\/www.huntersfriend.eu\/product\/hawk-helium-xl-hang-on-hochsitz\/"},"modified":"2026-04-14T12:09:32","modified_gmt":"2026-04-14T10:09:32","slug":"hawk-helium-xl-hang-on-hochsitz","status":"publish","type":"product","link":"https:\/\/www.huntersfriend.eu\/de\/produkt\/hawk-helium-xl-hang-on-hochsitz\/","title":{"rendered":"Hawk Helium XL Hang-on-Hochsitz"},"content":{"rendered":"<p><strong>LEICHT BLEIBEN, ROBUST BLEIBEN<\/strong><\/p>\n<p>Der ultimative gro\u00dfe &amp; leichte Hochsitz &#8212; Sie m\u00fcssen nicht l\u00e4nger auf Funktionen verzichten, um die gew\u00fcnschte Mobilit\u00e4t zu erhalten. Verf\u00fcgt \u00fcber eine ger\u00e4umige 61 x 76 cm gro\u00dfe Plattform mit rutschfester Oberfl\u00e4che, schwerlastf\u00e4higen Kabeln, hochwertiger Pulverbeschichtung und wiegt dabei nur 5,4 kg. Dieser Hochsitz hat eine Sitzh\u00f6he von 51 cm.  <\/p>\n<p>Mit HAWKs druckentlastendem Ultra Plush Memory Foam-Sitz f\u00fcr zus\u00e4tzliche Polsterung. Umspritzte Befestigungshaken f\u00fcr schnellen &amp; leisen Aufbau. Tree Digger-Z\u00e4hne sorgen f\u00fcr wackelfreie Leistung und die hochwertigen Teflon-Unterlegscheiben sowie das solide, einteilige Plattformdesign verhindern, dass quietschende Ger\u00e4usche Ihre Jagd ruinieren. Rucksackgurte inklusive.   <\/p>\n<p><em>Kompatibel mit <a href=\"https:\/\/shop.hawkhunting.com\/cruzr-tree-bracket\/\" data-uw-rm-brl=\"PR\" data-uw-original-href=\"https:\/\/shop.hawkhunting.com\/cruzr-tree-bracket\/\">Hawk Cruzr Bracket<\/a><\/em><\/p>\n<p>Alle Hawk-Hochsitze sind nach TMA-Standards getestet und enthalten einen Ganzk\u00f6rper-Sicherheitsgurt.<\/p>\n","protected":false},"excerpt":{"rendered":"<p>LEICHT BLEIBEN, ROBUST BLEIBEN Der ultimative gro\u00dfe &amp; leichte Hochsitz &#8212; Sie m\u00fcssen nicht l\u00e4nger auf Funktionen verzichten, um die gew\u00fcnschte Mobilit\u00e4t zu erhalten. Verf\u00fcgt \u00fcber eine ger\u00e4umige 61 x 76 cm gro\u00dfe Plattform mit rutschfester Oberfl\u00e4che, schwerlastf\u00e4higen Kabeln, hochwertiger Pulverbeschichtung und wiegt dabei nur 5,4 kg. Dieser Hochsitz hat eine Sitzh\u00f6he von 51 cm. [&#8230;]\n","protected":false},"featured_media":295599,"comment_status":"open","ping_status":"closed","template":"","meta":[],"product_brand":[],"product_cat":[1170,1222],"product_tag":[],"class_list":{"0":"post-295644","1":"product","2":"type-product","3":"status-publish","4":"has-post-thumbnail","6":"product_cat-haengesitze","7":"product_cat-sonderangebote","8":"product_shipping_class-big-de","10":"first","11":"instock","12":"sale","13":"featured","14":"taxable","15":"shipping-taxable","16":"purchasable","17":"product-type-simple"},"composite_virtual":false,"composite_layout":"","composite_add_to_cart_form_location":"","composite_editable_in_cart":false,"composite_sold_individually_context":"","composite_shop_price_calc":"","composite_components":[],"composite_scenarios":[],"group_of_quantity":0,"min_quantity":0,"max_quantity":"","exclude_order_quantity_value_rules":"no","exclude_category_quantity_rules":"no","combine_variations":"no","exclude_global_add_ons":[],"addons":[],"_links":{"self":[{"href":"https:\/\/www.huntersfriend.eu\/de\/wp-json\/wp\/v2\/product\/295644","targetHints":{"allow":["GET"]}}],"collection":[{"href":"https:\/\/www.huntersfriend.eu\/de\/wp-json\/wp\/v2\/product"}],"about":[{"href":"https:\/\/www.huntersfriend.eu\/de\/wp-json\/wp\/v2\/types\/product"}],"replies":[{"embeddable":true,"href":"https:\/\/www.huntersfriend.eu\/de\/wp-json\/wp\/v2\/comments?post=295644"}],"wp:featuredmedia":[{"embeddable":true,"href":"https:\/\/www.huntersfriend.eu\/de\/wp-json\/wp\/v2\/media\/295599"}],"wp:attachment":[{"href":"https:\/\/www.huntersfriend.eu\/de\/wp-json\/wp\/v2\/media?parent=295644"}],"wp:term":[{"taxonomy":"product_brand","embeddable":true,"href":"https:\/\/www.huntersfriend.eu\/de\/wp-json\/wp\/v2\/product_brand?post=295644"},{"taxonomy":"product_cat","embeddable":true,"href":"https:\/\/www.huntersfriend.eu\/de\/wp-json\/wp\/v2\/product_cat?post=295644"},{"taxonomy":"product_tag","embeddable":true,"href":"https:\/\/www.huntersfriend.eu\/de\/wp-json\/wp\/v2\/product_tag?post=295644"}],"curies":[{"name":"wp","href":"https:\/\/api.w.org\/{rel}","templated":true}]}}