{"id":295284,"date":"2026-03-11T14:37:14","date_gmt":"2026-03-11T12:37:14","guid":{"rendered":"https:\/\/www.huntersfriend.eu\/product\/sitka-stratus-2-0-jacke-elevated\/"},"modified":"2026-03-17T08:25:04","modified_gmt":"2026-03-17T06:25:04","slug":"sitka-stratus-2-0-jacke-elevated","status":"publish","type":"product","link":"https:\/\/www.huntersfriend.eu\/de\/produkt\/sitka-stratus-2-0-jacke-elevated\/","title":{"rendered":"SITKA Stratus 2.0 Jacke \u2013 Elevated"},"content":{"rendered":"<h2 data-section-id=\"pzmnbb\" data-start=\"56\" data-end=\"114\">Sitka Stratus 2.0 Jagdjacke \u2013 Optifade Elevated II<\/h2>\n<p data-start=\"116\" data-end=\"652\">Die Sitka Stratus 2.0 Jagdjacke kombiniert fortschrittliche Technologie und taktische Funktionalit\u00e4t, um Sie im Wald verborgen, warm und konzentriert zu halten. Das vollst\u00e4ndig winddichte <strong data-start=\"288\" data-end=\"321\">WINDSTOPPER\u00ae by GORE-TEX LABS<\/strong> stellt sicher, dass kalter Wind nicht in die Jacke eindringen kann. Das geb\u00fcrstete Polyester-Au\u00dfenmaterial bewegt sich leise durch \u00c4ste und bleibt beim Positionswechsel ger\u00e4uscharm. Ein leichtes <strong data-start=\"499\" data-end=\"520\">LMC-Fleecefutter<\/strong> bietet zus\u00e4tzliche W\u00e4rme ohne \u00fcberm\u00e4\u00dfiges Volumen, w\u00e4hrend die strukturellen Materialien genau dort Strapazierf\u00e4higkeit bieten, wo sie am meisten ben\u00f6tigt wird.   <\/p>\n<p data-start=\"654\" data-end=\"1027\">Die <strong data-start=\"658\" data-end=\"688\">Stratus 2.0 Jagdjacke<\/strong> leistet ihre beste Leistung an k\u00fchlen und windigen Herbsttagen und als Teil eines Schichtsystems in k\u00e4lteren Jahreszeiten. Sie funktioniert gut als eigenst\u00e4ndiges Kleidungsst\u00fcck bei milderen Winterbedingungen und als Schicht bei h\u00e4rteren Wetterbedingungen, beispielsweise unter Au\u00dfenschichten. Das <strong data-start=\"922\" data-end=\"954\">Optifade Elevated II Muster<\/strong> hilft Ihnen, mit der Umgebung zu verschmelzen, besonders bei winterlichen Bedingungen.  <\/p>\n<h3 data-section-id=\"nucr17\" data-start=\"1029\" data-end=\"1057\">Technische Spezifikationen<\/h3>\n<ul data-start=\"1058\" data-end=\"1703\">\n<li data-section-id=\"dr6m04\" data-start=\"1058\" data-end=\"1120\">\n<p data-start=\"1060\" data-end=\"1120\"><strong data-start=\"1060\" data-end=\"1073\">Material:<\/strong> 100 % winddichtes WINDSTOPPER\u00ae by GORE-TEX LABS<\/p>\n<\/li>\n<li data-section-id=\"1p655me\" data-start=\"1121\" data-end=\"1196\">\n<p data-start=\"1123\" data-end=\"1196\"><strong data-start=\"1123\" data-end=\"1140\">Au\u00dfenmaterial:<\/strong> Recyceltes geb\u00fcrstetes Polyester \u2013 weich, leise und strapazierf\u00e4hig<\/p>\n<\/li>\n<li data-section-id=\"1c53lcn\" data-start=\"1197\" data-end=\"1269\">\n<p data-start=\"1199\" data-end=\"1269\"><strong data-start=\"1199\" data-end=\"1210\">Futter:<\/strong> LMC-Fleece f\u00fcr leichte W\u00e4rme ohne \u00fcberm\u00e4\u00dfiges Volumen<\/p>\n<\/li>\n<li data-section-id=\"1lvbh8i\" data-start=\"1270\" data-end=\"1337\">\n<p data-start=\"1272\" data-end=\"1337\"><strong data-start=\"1272\" data-end=\"1284\">Taschen:<\/strong> Brust- und Handtaschen mit Rei\u00dfverschluss f\u00fcr wichtige Ausr\u00fcstung<\/p>\n<\/li>\n<li data-section-id=\"1e8k0q0\" data-start=\"1338\" data-end=\"1396\">\n<p data-start=\"1340\" data-end=\"1396\"><strong data-start=\"1340\" data-end=\"1356\">Locker-Tasche:<\/strong> Kleine Aufbewahrungstasche mit Netzboden<\/p>\n<\/li>\n<li data-section-id=\"1s4s73y\" data-start=\"1397\" data-end=\"1468\">\n<p data-start=\"1399\" data-end=\"1468\"><strong data-start=\"1399\" data-end=\"1422\">Entfernungsmesser-Tasche:<\/strong> Externe Optiktasche mit sicherer Halterung<\/p>\n<\/li>\n<li data-section-id=\"1vpqnqi\" data-start=\"1469\" data-end=\"1582\">\n<p data-start=\"1471\" data-end=\"1582\"><strong data-start=\"1471\" data-end=\"1480\">Kapuze:<\/strong> Abnehmbare Kapuze mit <strong data-start=\"1501\" data-end=\"1518\">H\u00f6r\u00f6ffnungen<\/strong> f\u00fcr verbessertes H\u00f6ren bei gleichzeitigem Wetterschutz<\/p>\n<\/li>\n<li data-section-id=\"sivs2p\" data-start=\"1583\" data-end=\"1644\">\n<p data-start=\"1585\" data-end=\"1644\"><strong data-start=\"1585\" data-end=\"1609\">Sicherheitsgurt-\u00d6ffnung:<\/strong> Erm\u00f6glicht die Verwendung mit einem Sicherheitsgurt<\/p>\n<\/li>\n<li data-section-id=\"dkofv4\" data-start=\"1645\" data-end=\"1682\">\n<p data-start=\"1647\" data-end=\"1682\"><strong data-start=\"1647\" data-end=\"1659\">Muster:<\/strong> Optifade Elevated II<\/p>\n<\/li>\n<li data-section-id=\"1u8kpy4\" data-start=\"1683\" data-end=\"1703\">\n<p data-start=\"1685\" data-end=\"1703\"><strong data-start=\"1685\" data-end=\"1695\">Gr\u00f6\u00dfen:<\/strong> M \u2013 2XL<\/p>\n<\/li>\n<\/ul>\n<h3 data-section-id=\"1a2i7z0\" data-start=\"1705\" data-end=\"1742\">Warum die Stratus Jacke 2.0 w\u00e4hlen<\/h3>\n<p data-start=\"1743\" data-end=\"2246\">Die Stratus Jacke 2.0 ist speziell f\u00fcr Situationen konzipiert, in denen Wind, K\u00e4lte und Ger\u00e4usche gleichzeitig minimiert werden m\u00fcssen. Die <strong data-start=\"1874\" data-end=\"1900\">WINDSTOPPER-Technologie<\/strong> blockiert Wind effektiv, w\u00e4hrend das geb\u00fcrstete und leise Au\u00dfenmaterial Ger\u00e4usche bei Bewegung reduziert. Sorgf\u00e4ltig positionierte Taschen erm\u00f6glichen bequemen Zugriff auf wichtige Ausr\u00fcstung ohne Ablenkung. Die abnehmbare Kapuze erh\u00e4lt ein freies Sichtfeld und beeintr\u00e4chtigt das H\u00f6ren nicht. Das mit Sicherheitsgurt kompatible Design verbessert die Sicherheit im Gel\u00e4nde.   <\/p>\n<p data-start=\"2248\" data-end=\"2466\">Mit all diesen Eigenschaften bietet die <strong data-start=\"2277\" data-end=\"2299\">Stratus Jacke 2.0<\/strong> eine zuverl\u00e4ssige und vielseitige M\u00f6glichkeit, im Wald warm und effizient zu bleiben \u2013 verl\u00e4sslicher Schutz f\u00fcr J\u00e4ger bei sp\u00e4rlicher Deckung und wechselnden Wetterbedingungen.<\/p>\n","protected":false},"excerpt":{"rendered":"<p>Sitka Stratus 2.0 Jagdjacke \u2013 Optifade Elevated II Die Sitka Stratus 2.0 Jagdjacke kombiniert fortschrittliche Technologie und taktische Funktionalit\u00e4t, um Sie im Wald verborgen, warm und konzentriert zu halten. Das vollst\u00e4ndig winddichte WINDSTOPPER\u00ae by GORE-TEX LABS stellt sicher, dass kalter Wind nicht in die Jacke eindringen kann. Das geb\u00fcrstete Polyester-Au\u00dfenmaterial bewegt sich leise durch \u00c4ste [&#8230;]\n","protected":false},"featured_media":295201,"comment_status":"open","ping_status":"closed","template":"","meta":[],"product_brand":[],"product_cat":[1384],"product_tag":[],"class_list":{"0":"post-295284","1":"product","2":"type-product","3":"status-publish","4":"has-post-thumbnail","6":"product_cat-jacken","8":"first","9":"instock","10":"taxable","11":"shipping-taxable","12":"purchasable","13":"product-type-variable"},"composite_virtual":false,"composite_layout":"","composite_add_to_cart_form_location":"","composite_editable_in_cart":false,"composite_sold_individually_context":"","composite_shop_price_calc":"","composite_components":[],"composite_scenarios":[],"group_of_quantity":0,"min_quantity":0,"max_quantity":"","exclude_order_quantity_value_rules":"no","exclude_category_quantity_rules":"no","combine_variations":"no","exclude_global_add_ons":[],"addons":[],"_links":{"self":[{"href":"https:\/\/www.huntersfriend.eu\/de\/wp-json\/wp\/v2\/product\/295284","targetHints":{"allow":["GET"]}}],"collection":[{"href":"https:\/\/www.huntersfriend.eu\/de\/wp-json\/wp\/v2\/product"}],"about":[{"href":"https:\/\/www.huntersfriend.eu\/de\/wp-json\/wp\/v2\/types\/product"}],"replies":[{"embeddable":true,"href":"https:\/\/www.huntersfriend.eu\/de\/wp-json\/wp\/v2\/comments?post=295284"}],"wp:featuredmedia":[{"embeddable":true,"href":"https:\/\/www.huntersfriend.eu\/de\/wp-json\/wp\/v2\/media\/295201"}],"wp:attachment":[{"href":"https:\/\/www.huntersfriend.eu\/de\/wp-json\/wp\/v2\/media?parent=295284"}],"wp:term":[{"taxonomy":"product_brand","embeddable":true,"href":"https:\/\/www.huntersfriend.eu\/de\/wp-json\/wp\/v2\/product_brand?post=295284"},{"taxonomy":"product_cat","embeddable":true,"href":"https:\/\/www.huntersfriend.eu\/de\/wp-json\/wp\/v2\/product_cat?post=295284"},{"taxonomy":"product_tag","embeddable":true,"href":"https:\/\/www.huntersfriend.eu\/de\/wp-json\/wp\/v2\/product_tag?post=295284"}],"curies":[{"name":"wp","href":"https:\/\/api.w.org\/{rel}","templated":true}]}}