{"id":295283,"date":"2026-03-11T14:37:15","date_gmt":"2026-03-11T12:37:15","guid":{"rendered":"https:\/\/www.huntersfriend.eu\/product\/stealthcam-fusion-max-2-wildkamera\/"},"modified":"2026-03-17T08:25:02","modified_gmt":"2026-03-17T06:25:02","slug":"stealthcam-fusion-max-2-wildkamera","status":"publish","type":"product","link":"https:\/\/www.huntersfriend.eu\/de\/produkt\/stealthcam-fusion-max-2-wildkamera\/","title":{"rendered":"Stealthcam Fusion Max 2 Wildkamera"},"content":{"rendered":"<p>Die Fusion\u2122 MAX 2.0 Mobilfunk-Wildkamera \u2013 eine weitere Evolution der Fusion X-Wildkamera-Serie von Stealth Cam \u2013 bietet Nutzern dieselben Kernfunktionen, erg\u00e4nzt um einen fortschrittlichen PIR-Sensor f\u00fcr eine gr\u00f6\u00dfere Reichweite, 16 GB sicheren internen Speicher und die doppelte Batterielaufzeit mit insgesamt 16 AA-Batterien. Diese Kamera liefert nun auch 1080p-Videos mit Ton und ist kompatibel mit dem FieldMAX-Sortiment von Stealth Cam an wiederaufladbaren Lithium-Akkupacks und Solarpanels*, die eine alternative Stromversorgung an jedem Standort erm\u00f6glichen. Sie verf\u00fcgt \u00fcber zwei vorinstallierte SIM-Karten und unsere \u201eAutomatic Network Coverage\u201c-Funktion, die kontinuierlich die Signalst\u00e4rke von AT&amp;T und Verizon \u00fcberwacht. Dies garantiert eine automatische Verbindung zum st\u00e4rksten Netz f\u00fcr eine zuverl\u00e4ssige Konnektivit\u00e4t \u00fcber die Command Pro App. Die \u201eOn Demand\u201c-Foto- und Videoaufnahme erstellt und versendet kristallklare Bilder und Videos mit Ton in Echtzeit, w\u00e4hrend die Erfassungs- und Infrarot-Blitzreichweite von 24 m bei einer Ausl\u00f6segeschwindigkeit von 0,4 Sekunden ein bis sechs Bilder im Serienbildmodus aufnimmt.   <\/p>\n","protected":false},"excerpt":{"rendered":"<p>Die Fusion\u2122 MAX 2.0 Mobilfunk-Wildkamera \u2013 eine weitere Evolution der Fusion X-Wildkamera-Serie von Stealth Cam \u2013 bietet Nutzern dieselben Kernfunktionen, erg\u00e4nzt um einen fortschrittlichen PIR-Sensor f\u00fcr eine gr\u00f6\u00dfere Reichweite, 16 GB sicheren internen Speicher und die doppelte Batterielaufzeit mit insgesamt 16 AA-Batterien. Diese Kamera liefert nun auch 1080p-Videos mit Ton und ist kompatibel mit dem [&#8230;]\n","protected":false},"featured_media":295223,"comment_status":"open","ping_status":"closed","template":"","meta":[],"product_brand":[],"product_cat":[1198],"product_tag":[],"class_list":{"0":"post-295283","1":"product","2":"type-product","3":"status-publish","4":"has-post-thumbnail","6":"product_cat-wildkameras","8":"first","9":"instock","10":"taxable","11":"shipping-taxable","12":"purchasable","13":"product-type-simple"},"composite_virtual":false,"composite_layout":"","composite_add_to_cart_form_location":"","composite_editable_in_cart":false,"composite_sold_individually_context":"","composite_shop_price_calc":"","composite_components":[],"composite_scenarios":[],"group_of_quantity":0,"min_quantity":0,"max_quantity":"","exclude_order_quantity_value_rules":"no","exclude_category_quantity_rules":"no","combine_variations":"no","exclude_global_add_ons":[],"addons":[],"_links":{"self":[{"href":"https:\/\/www.huntersfriend.eu\/de\/wp-json\/wp\/v2\/product\/295283","targetHints":{"allow":["GET"]}}],"collection":[{"href":"https:\/\/www.huntersfriend.eu\/de\/wp-json\/wp\/v2\/product"}],"about":[{"href":"https:\/\/www.huntersfriend.eu\/de\/wp-json\/wp\/v2\/types\/product"}],"replies":[{"embeddable":true,"href":"https:\/\/www.huntersfriend.eu\/de\/wp-json\/wp\/v2\/comments?post=295283"}],"wp:featuredmedia":[{"embeddable":true,"href":"https:\/\/www.huntersfriend.eu\/de\/wp-json\/wp\/v2\/media\/295223"}],"wp:attachment":[{"href":"https:\/\/www.huntersfriend.eu\/de\/wp-json\/wp\/v2\/media?parent=295283"}],"wp:term":[{"taxonomy":"product_brand","embeddable":true,"href":"https:\/\/www.huntersfriend.eu\/de\/wp-json\/wp\/v2\/product_brand?post=295283"},{"taxonomy":"product_cat","embeddable":true,"href":"https:\/\/www.huntersfriend.eu\/de\/wp-json\/wp\/v2\/product_cat?post=295283"},{"taxonomy":"product_tag","embeddable":true,"href":"https:\/\/www.huntersfriend.eu\/de\/wp-json\/wp\/v2\/product_tag?post=295283"}],"curies":[{"name":"wp","href":"https:\/\/api.w.org\/{rel}","templated":true}]}}