{"id":295121,"date":"2026-02-25T08:58:21","date_gmt":"2026-02-25T06:58:21","guid":{"rendered":"https:\/\/www.huntersfriend.eu\/product\/jetboil-trailcook-12-l-carbon-gaskocher\/"},"modified":"2026-03-04T13:24:34","modified_gmt":"2026-03-04T11:24:34","slug":"jetboil-trailcook-12-l-carbon-gaskocher","status":"publish","type":"product","link":"https:\/\/www.huntersfriend.eu\/de\/produkt\/jetboil-trailcook-12-l-carbon-gaskocher\/","title":{"rendered":"Jetboil TrailCook 1,2 L Carbon Gaskocher"},"content":{"rendered":"<p data-start=\"0\" data-end=\"37\"><strong data-start=\"0\" data-end=\"35\">TrailCook Kompakter Campingkocher<\/strong><\/p>\n<p data-start=\"39\" data-end=\"276\">Schnell, kompakt und zuverl\u00e4ssig \u2013 der TrailCook ist ein Campingkocher, der sich leicht transportieren l\u00e4sst und unter wechselnden Bedingungen zuverl\u00e4ssig funktioniert. Wenn Sie drau\u00dfen schnell Wasser kochen oder m\u00fchelos Essen zubereiten m\u00f6chten, ist dieser Kocher daf\u00fcr gemacht. <\/p>\n<h3 data-start=\"278\" data-end=\"294\">Hauptmerkmale<\/h3>\n<ul data-start=\"295\" data-end=\"621\">\n<li data-start=\"295\" data-end=\"373\">\n<p data-start=\"297\" data-end=\"373\">Regulierter Konstantdruckbrenner sorgt f\u00fcr gleichbleibende Leistung und spart Gas<\/p>\n<\/li>\n<li data-start=\"374\" data-end=\"439\">\n<p data-start=\"376\" data-end=\"439\">Leicht und kompakt ineinander stapelbar \u2013 einfach im Rucksack zu transportieren<\/p>\n<\/li>\n<li data-start=\"440\" data-end=\"483\">\n<p data-start=\"442\" data-end=\"483\">Kocht 0,5 L Wasser in nur 2 min 15 s<\/p>\n<\/li>\n<li data-start=\"484\" data-end=\"559\">\n<p data-start=\"486\" data-end=\"559\">Arbeitet effizient bei Temperaturen bis \u20136,5 \u00b0C und in gro\u00dfen H\u00f6hen<\/p>\n<\/li>\n<li data-start=\"560\" data-end=\"621\">\n<p data-start=\"562\" data-end=\"621\">Integrierte Piezoz\u00fcndung erh\u00f6ht Sicherheit und Bedienkomfort<\/p>\n<\/li>\n<\/ul>\n<h3 data-start=\"623\" data-end=\"664\">Zus\u00e4tzliche Informationen &amp; Verwendungszweck<\/h3>\n<p data-start=\"665\" data-end=\"1016\">Der TrailCook ist f\u00fcr aktive Wander-, Trekking- und Angelausfl\u00fcge konzipiert, bei denen die Ausr\u00fcstung funktional und zugleich kompakt sein muss. Der Konstantdruckbrenner liefert auch bei K\u00e4lte gleichm\u00e4\u00dfige Hitze und macht Kochen und Simmern pr\u00e4zise und komfortabel. Der Gasverbrauch ist effizient: Mit 100 g Jetpower-Gas k\u00f6nnen Sie bis zu 10 Liter Wasser zum Kochen bringen.  <\/p>\n<p data-start=\"1018\" data-end=\"1328\">Praktische Details sind \u00fcberall integriert. Der isolierte Kochbecher dient zugleich als Trinkgef\u00e4\u00df, der transparente Deckel erm\u00f6glicht eine einfache Kontrolle, und der feste Griff sorgt f\u00fcr sicheres Handling. Der flache Topf erlaubt es, direkt daraus zu essen \u2013 das reduziert zus\u00e4tzliches Geschirr und h\u00e4lt Ihre Ausr\u00fcstung leicht.  <\/p>\n<h3 data-start=\"1330\" data-end=\"1358\">Technische Daten<\/h3>\n<ul data-start=\"1359\" data-end=\"1853\" data-is-last-node=\"\" data-is-only-node=\"\">\n<li data-start=\"1359\" data-end=\"1378\">\n<p data-start=\"1361\" data-end=\"1378\">Fassungsverm\u00f6gen: 1,2 L<\/p>\n<\/li>\n<li data-start=\"1379\" data-end=\"1424\">\n<p data-start=\"1381\" data-end=\"1424\">Gewicht: 550 g (ohne Gas und Gaskartuschen-Standfu\u00df)<\/p>\n<\/li>\n<li data-start=\"1425\" data-end=\"1461\">\n<p data-start=\"1427\" data-end=\"1461\">Kochzeit: 0,5 L \/ 2 min 15 s<\/p>\n<\/li>\n<li data-start=\"1462\" data-end=\"1508\">\n<p data-start=\"1464\" data-end=\"1508\">Brenner: regulierter Konstantdruckbrenner<\/p>\n<\/li>\n<li data-start=\"1509\" data-end=\"1539\">\n<p data-start=\"1511\" data-end=\"1539\">Z\u00fcndung: integrierte Piezoz\u00fcndung<\/p>\n<\/li>\n<li data-start=\"1540\" data-end=\"1594\">\n<p data-start=\"1542\" data-end=\"1594\">Brennstoff: Standard-Campinggaskartusche (nicht enthalten)<\/p>\n<\/li>\n<li data-start=\"1595\" data-end=\"1648\">\n<p data-start=\"1597\" data-end=\"1648\">Packma\u00df: H\u00f6he 127 mm, Durchmesser 152 mm<\/p>\n<\/li>\n<li data-start=\"1649\" data-end=\"1700\">\n<p data-start=\"1651\" data-end=\"1700\">W\u00e4rme\u00fcbertragung: patentierter FluxRing-W\u00e4rmetauscher<\/p>\n<\/li>\n<li data-start=\"1701\" data-end=\"1795\">\n<p data-start=\"1703\" data-end=\"1795\">Lieferumfang: Brenner, Becher, Trinkdeckel, Isolierh\u00fclle, Standfu\u00df f\u00fcr Gaskartusche<\/p>\n<\/li>\n<li data-start=\"1796\" data-end=\"1853\" data-is-last-node=\"\">\n<p data-start=\"1798\" data-end=\"1853\" data-is-last-node=\"\">Garantie: 2 Jahre (Material- und Herstellungsfehler)<\/p>\n<\/li>\n<\/ul>\n","protected":false},"excerpt":{"rendered":"<p>TrailCook Kompakter Campingkocher Schnell, kompakt und zuverl\u00e4ssig \u2013 der TrailCook ist ein Campingkocher, der sich leicht transportieren l\u00e4sst und unter wechselnden Bedingungen zuverl\u00e4ssig funktioniert. Wenn Sie drau\u00dfen schnell Wasser kochen oder m\u00fchelos Essen zubereiten m\u00f6chten, ist dieser Kocher daf\u00fcr gemacht. Hauptmerkmale Regulierter Konstantdruckbrenner sorgt f\u00fcr gleichbleibende Leistung und spart Gas Leicht und kompakt ineinander stapelbar [&#8230;]\n","protected":false},"featured_media":294702,"comment_status":"open","ping_status":"closed","template":"","meta":[],"product_brand":[],"product_cat":[2050],"product_tag":[],"class_list":{"0":"post-295121","1":"product","2":"type-product","3":"status-publish","4":"has-post-thumbnail","6":"product_cat-campingzubehor","8":"first","9":"instock","10":"taxable","11":"shipping-taxable","12":"purchasable","13":"product-type-simple"},"composite_virtual":false,"composite_layout":"","composite_add_to_cart_form_location":"","composite_editable_in_cart":false,"composite_sold_individually_context":"","composite_shop_price_calc":"","composite_components":[],"composite_scenarios":[],"group_of_quantity":0,"min_quantity":0,"max_quantity":"","exclude_order_quantity_value_rules":"no","exclude_category_quantity_rules":"no","combine_variations":"no","exclude_global_add_ons":[],"addons":[],"_links":{"self":[{"href":"https:\/\/www.huntersfriend.eu\/de\/wp-json\/wp\/v2\/product\/295121","targetHints":{"allow":["GET"]}}],"collection":[{"href":"https:\/\/www.huntersfriend.eu\/de\/wp-json\/wp\/v2\/product"}],"about":[{"href":"https:\/\/www.huntersfriend.eu\/de\/wp-json\/wp\/v2\/types\/product"}],"replies":[{"embeddable":true,"href":"https:\/\/www.huntersfriend.eu\/de\/wp-json\/wp\/v2\/comments?post=295121"}],"wp:featuredmedia":[{"embeddable":true,"href":"https:\/\/www.huntersfriend.eu\/de\/wp-json\/wp\/v2\/media\/294702"}],"wp:attachment":[{"href":"https:\/\/www.huntersfriend.eu\/de\/wp-json\/wp\/v2\/media?parent=295121"}],"wp:term":[{"taxonomy":"product_brand","embeddable":true,"href":"https:\/\/www.huntersfriend.eu\/de\/wp-json\/wp\/v2\/product_brand?post=295121"},{"taxonomy":"product_cat","embeddable":true,"href":"https:\/\/www.huntersfriend.eu\/de\/wp-json\/wp\/v2\/product_cat?post=295121"},{"taxonomy":"product_tag","embeddable":true,"href":"https:\/\/www.huntersfriend.eu\/de\/wp-json\/wp\/v2\/product_tag?post=295121"}],"curies":[{"name":"wp","href":"https:\/\/api.w.org\/{rel}","templated":true}]}}