{"id":295120,"date":"2026-03-04T08:35:44","date_gmt":"2026-03-04T06:35:44","guid":{"rendered":"https:\/\/www.huntersfriend.eu\/product\/shocq-bow-digitalwaage\/"},"modified":"2026-03-19T08:29:30","modified_gmt":"2026-03-19T06:29:30","slug":"shocq-bow-digitalwaage","status":"publish","type":"product","link":"https:\/\/www.huntersfriend.eu\/de\/produkt\/shocq-bow-digitalwaage\/","title":{"rendered":"Shocq Bow Digitalwaage"},"content":{"rendered":"<p class=\"lead\">Die Shocq Bowscale Digital misst pr\u00e4zise das Zuggewicht von B\u00f6gen und verf\u00fcgt \u00fcber Peak- und Hold-Funktionen f\u00fcr eine umfassende Analyse.<\/p>\n<ul>\n<li>Einfach zu bedienen<\/li>\n<li>Hochpr\u00e4zise Sensoren<\/li>\n<li>\u00dcberlastanzeige<\/li>\n<li>Digitalwaage zur Messung des Bogenzuggewichts bis zu 50 kg (110 lbs).<\/li>\n<li>Verf\u00fcgt \u00fcber Peak- und Hold-Funktionen zur Erfassung des maximalen Zuggewichts.<\/li>\n<li>Einheiten k\u00f6nnen zwischen Kilogramm und Pfund umgeschaltet werden.<\/li>\n<li>Gut lesbares Digitaldisplay sorgt f\u00fcr klare Sichtbarkeit der Messwerte.<\/li>\n<li>Kompaktes und tragbares Design f\u00fcr bequeme Nutzung in verschiedenen Umgebungen.<\/li>\n<\/ul>\n","protected":false},"excerpt":{"rendered":"<p>Die Shocq Bowscale Digital misst pr\u00e4zise das Zuggewicht von B\u00f6gen und verf\u00fcgt \u00fcber Peak- und Hold-Funktionen f\u00fcr eine umfassende Analyse. Einfach zu bedienen Hochpr\u00e4zise Sensoren \u00dcberlastanzeige Digitalwaage zur Messung des Bogenzuggewichts bis zu 50 kg (110 lbs). Verf\u00fcgt \u00fcber Peak- und Hold-Funktionen zur Erfassung des maximalen Zuggewichts. Einheiten k\u00f6nnen zwischen Kilogramm und Pfund umgeschaltet werden. [&#8230;]\n","protected":false},"featured_media":294881,"comment_status":"open","ping_status":"closed","template":"","meta":[],"product_brand":[],"product_cat":[2633,2631,2632,829,1256,827],"product_tag":[],"class_list":{"0":"post-295120","1":"product","2":"type-product","3":"status-publish","4":"has-post-thumbnail","6":"product_cat-diverse-bagskytte","7":"product_cat-trimningsverktyg-bagskytte","8":"product_cat-vagar-och-kronografer","9":"product_cat-miscellaneous","10":"product_cat-verschiedenes-bogenschiessen","11":"product_cat-scales-and-chronographs","13":"first","14":"onbackorder","15":"taxable","16":"shipping-taxable","17":"purchasable","18":"product-type-simple"},"composite_virtual":false,"composite_layout":"","composite_add_to_cart_form_location":"","composite_editable_in_cart":false,"composite_sold_individually_context":"","composite_shop_price_calc":"","composite_components":[],"composite_scenarios":[],"group_of_quantity":0,"min_quantity":0,"max_quantity":"","exclude_order_quantity_value_rules":"no","exclude_category_quantity_rules":"no","combine_variations":"no","exclude_global_add_ons":[],"addons":[],"_links":{"self":[{"href":"https:\/\/www.huntersfriend.eu\/de\/wp-json\/wp\/v2\/product\/295120","targetHints":{"allow":["GET"]}}],"collection":[{"href":"https:\/\/www.huntersfriend.eu\/de\/wp-json\/wp\/v2\/product"}],"about":[{"href":"https:\/\/www.huntersfriend.eu\/de\/wp-json\/wp\/v2\/types\/product"}],"replies":[{"embeddable":true,"href":"https:\/\/www.huntersfriend.eu\/de\/wp-json\/wp\/v2\/comments?post=295120"}],"wp:featuredmedia":[{"embeddable":true,"href":"https:\/\/www.huntersfriend.eu\/de\/wp-json\/wp\/v2\/media\/294881"}],"wp:attachment":[{"href":"https:\/\/www.huntersfriend.eu\/de\/wp-json\/wp\/v2\/media?parent=295120"}],"wp:term":[{"taxonomy":"product_brand","embeddable":true,"href":"https:\/\/www.huntersfriend.eu\/de\/wp-json\/wp\/v2\/product_brand?post=295120"},{"taxonomy":"product_cat","embeddable":true,"href":"https:\/\/www.huntersfriend.eu\/de\/wp-json\/wp\/v2\/product_cat?post=295120"},{"taxonomy":"product_tag","embeddable":true,"href":"https:\/\/www.huntersfriend.eu\/de\/wp-json\/wp\/v2\/product_tag?post=295120"}],"curies":[{"name":"wp","href":"https:\/\/api.w.org\/{rel}","templated":true}]}}