{"id":295116,"date":"2026-02-25T08:58:16","date_gmt":"2026-02-25T06:58:16","guid":{"rendered":"https:\/\/www.huntersfriend.eu\/product\/armytek-elf-c1-usb-c-pcb-weiss\/"},"modified":"2026-03-04T13:23:57","modified_gmt":"2026-03-04T11:23:57","slug":"armytek-elf-c1-usb-c-pcb-weiss","status":"publish","type":"product","link":"https:\/\/www.huntersfriend.eu\/de\/produkt\/armytek-elf-c1-usb-c-pcb-weiss\/","title":{"rendered":"Armytek Elf C1 USB-C PCB Wei\u00df"},"content":{"rendered":"<p data-start=\"0\" data-end=\"519\"><strong data-start=\"0\" data-end=\"70\">Armytek Elf C1 Mehrzweck-Taschenlampe mit Micro-USB-Anschluss.<\/strong> Sie kombiniert erstklassige Lichtleistung, einfache Bedienung und rekordverd\u00e4chtige Akkulaufzeit. Eine vielseitige und kompakte Leuchte f\u00fcr jeden Haushalt sowie f\u00fcr Outdoor-Aktivit\u00e4ten. Ausgestattet mit einem 18650 900-mAh-Akku bietet die Leuchte bis zu 200 Tage Laufzeit in der niedrigsten Helligkeitsstufe. Die praktische Micro-USB-Ladefunktion erm\u00f6glicht das Aufladen fast \u00fcberall. Und \u00fcber Micro-USB angeschlossen, k\u00f6nnen Sie die Leuchte wie eine Lampe verwenden, ohne den Akku zu belasten.    <\/p>\n<p data-start=\"521\" data-end=\"690\">Der Lieferumfang enth\u00e4lt (unabh\u00e4ngig vom Modell): die Taschenlampe, Micro-USB-Ladekabel, 18650 900-mAh-Lithium-Ionen-Akku, G\u00fcrtelclip, Stirnband, 2 O-Ringe und Bedienungsanleitung.<\/p>\n<p data-start=\"521\" data-end=\"690\">6 Betriebsmodi<\/p>\n<p data-start=\"692\" data-end=\"877\" data-is-last-node=\"\" data-is-only-node=\"\"><strong data-start=\"692\" data-end=\"707\">Helligkeit:<\/strong> Wei\u00df 1000 lm<br data-start=\"736\" data-end=\"739\"><strong data-start=\"739\" data-end=\"757\" data-is-only-node=\"\">Leuchtweite:<\/strong> 103 m<br data-start=\"825\" data-end=\"828\"><strong data-start=\"828\" data-end=\"850\">Sto\u00dffestigkeit:<\/strong> h\u00e4lt St\u00fcrzen aus 10 m stand<\/p>\n","protected":false},"excerpt":{"rendered":"<p>Armytek Elf C1 Mehrzweck-Taschenlampe mit Micro-USB-Anschluss. Sie kombiniert erstklassige Lichtleistung, einfache Bedienung und rekordverd\u00e4chtige Akkulaufzeit. Eine vielseitige und kompakte Leuchte f\u00fcr jeden Haushalt sowie f\u00fcr Outdoor-Aktivit\u00e4ten. Ausgestattet mit einem 18650 900-mAh-Akku bietet die Leuchte bis zu 200 Tage Laufzeit in der niedrigsten Helligkeitsstufe. Die praktische Micro-USB-Ladefunktion erm\u00f6glicht das Aufladen fast \u00fcberall. Und \u00fcber Micro-USB angeschlossen, [&#8230;]\n","protected":false},"featured_media":294576,"comment_status":"open","ping_status":"closed","template":"","meta":[],"product_brand":[],"product_cat":[1408],"product_tag":[],"class_list":{"0":"post-295116","1":"product","2":"type-product","3":"status-publish","4":"has-post-thumbnail","6":"product_cat-jagdlampen","8":"first","9":"instock","10":"taxable","11":"shipping-taxable","12":"purchasable","13":"product-type-simple"},"composite_virtual":false,"composite_layout":"","composite_add_to_cart_form_location":"","composite_editable_in_cart":false,"composite_sold_individually_context":"","composite_shop_price_calc":"","composite_components":[],"composite_scenarios":[],"group_of_quantity":0,"min_quantity":0,"max_quantity":"","exclude_order_quantity_value_rules":"no","exclude_category_quantity_rules":"no","combine_variations":"no","exclude_global_add_ons":[],"addons":[],"_links":{"self":[{"href":"https:\/\/www.huntersfriend.eu\/de\/wp-json\/wp\/v2\/product\/295116","targetHints":{"allow":["GET"]}}],"collection":[{"href":"https:\/\/www.huntersfriend.eu\/de\/wp-json\/wp\/v2\/product"}],"about":[{"href":"https:\/\/www.huntersfriend.eu\/de\/wp-json\/wp\/v2\/types\/product"}],"replies":[{"embeddable":true,"href":"https:\/\/www.huntersfriend.eu\/de\/wp-json\/wp\/v2\/comments?post=295116"}],"wp:featuredmedia":[{"embeddable":true,"href":"https:\/\/www.huntersfriend.eu\/de\/wp-json\/wp\/v2\/media\/294576"}],"wp:attachment":[{"href":"https:\/\/www.huntersfriend.eu\/de\/wp-json\/wp\/v2\/media?parent=295116"}],"wp:term":[{"taxonomy":"product_brand","embeddable":true,"href":"https:\/\/www.huntersfriend.eu\/de\/wp-json\/wp\/v2\/product_brand?post=295116"},{"taxonomy":"product_cat","embeddable":true,"href":"https:\/\/www.huntersfriend.eu\/de\/wp-json\/wp\/v2\/product_cat?post=295116"},{"taxonomy":"product_tag","embeddable":true,"href":"https:\/\/www.huntersfriend.eu\/de\/wp-json\/wp\/v2\/product_tag?post=295116"}],"curies":[{"name":"wp","href":"https:\/\/api.w.org\/{rel}","templated":true}]}}