{"id":295114,"date":"2026-02-25T08:58:16","date_gmt":"2026-02-25T06:58:16","guid":{"rendered":"https:\/\/www.huntersfriend.eu\/product\/final-approach-knockout-hundetarnschirm\/"},"modified":"2026-03-04T13:23:38","modified_gmt":"2026-03-04T11:23:38","slug":"final-approach-knockout-hundetarnschirm","status":"publish","type":"product","link":"https:\/\/www.huntersfriend.eu\/de\/produkt\/final-approach-knockout-hundetarnschirm\/","title":{"rendered":"Final Approach Knockout \u2013 Hundetarnschirm"},"content":{"rendered":"<p>Der Final Approach Knockout Hundetarnschirm wurde f\u00fcr die Wasserwildjagd entwickelt, bei der es auf Schnelligkeit, Tarnung und zuverl\u00e4ssige Leistung ankommt. Basierend auf dem gleichen Quick-Deploy-Konzept wie das Knockout Layout Blind, erm\u00f6glicht dieser Hundeschirm einen extrem schnellen Auf- und Abbau, was Ihnen wertvolle Zeit im Revier spart. <\/p>\n<p>Das abgewinkelte Dachdesign f\u00f6rdert eine nat\u00fcrliche Sitzposition \u2013 genau so, wie es ausgebildeten Retrievern beigebracht wird. Das integrierte Steady-Guard-System h\u00e4lt Ihren Hund ruhig und verhindert ein Vorprellen vor dem Apportieren. Gefertigt aus strapazierf\u00e4higem, wasserabweisendem 600D-Gewebe, h\u00e4lt dieser Schirm nassen, schlammigen und kalten Jagdbedingungen stand. Eine formbare Tarnklappe am Dach und zahlreiche Schlaufen f\u00fcr Tarnmaterial garantieren perfekte Tarnung in jeder Umgebung. Das flach zusammenklappbare Design mit einem Gurtband und einer Schnalle macht den Transport einfach. Im Design Mossy Oak Original Shadow Grass gehalten, ist der Knockout Hundetarnschirm f\u00fcr maximale Vielseitigkeit mit einer optionalen Schneehaube (separat erh\u00e4ltlich) kompatibel.   <\/p>\n<h2>Merkmale<\/h2>\n<ul>\n<li>Extrem schneller Auf- und Abbau<\/li>\n<li>Abgewinkeltes Dach f\u00f6rdert nat\u00fcrliche Sitzposition<\/li>\n<li>Integriertes Steady-Guard-System verhindert Vorprellen<\/li>\n<li>Strapazierf\u00e4higes, wasserabweisendes 600D-Gewebe<\/li>\n<li>Formbare Tarnklappe am Dach f\u00fcr individuelle Tarnung<\/li>\n<li>Zahlreiche Schlaufen f\u00fcr Tarnmaterial zum Verblenden<\/li>\n<li>Flach zusammenklappbar und mit Gurtband und Schnalle gesichert<\/li>\n<li>Optionale Schneehaube erh\u00e4ltlich (separat erh\u00e4ltlich)<\/li>\n<li>Ma\u00dfe: Boden \u2013 27&#8243; B x 37&#8243; L | H\u00f6he \u2013 23&#8243; (vorne), 10&#8243; (hinten)<\/li>\n<li>Tarnmuster: Mossy Oak Original Shadow Grass<\/li>\n<\/ul>\n","protected":false},"excerpt":{"rendered":"<p>Der Final Approach Knockout Hundetarnschirm wurde f\u00fcr die Wasserwildjagd entwickelt, bei der es auf Schnelligkeit, Tarnung und zuverl\u00e4ssige Leistung ankommt. Basierend auf dem gleichen Quick-Deploy-Konzept wie das Knockout Layout Blind, erm\u00f6glicht dieser Hundeschirm einen extrem schnellen Auf- und Abbau, was Ihnen wertvolle Zeit im Revier spart. Das abgewinkelte Dachdesign f\u00f6rdert eine nat\u00fcrliche Sitzposition \u2013 genau [&#8230;]\n","protected":false},"featured_media":294677,"comment_status":"open","ping_status":"closed","template":"","meta":[],"product_brand":[],"product_cat":[1389,1169],"product_tag":[],"class_list":{"0":"post-295114","1":"product","2":"type-product","3":"status-publish","4":"has-post-thumbnail","6":"product_cat-tarnschirme-fur-hunde","7":"product_cat-schirm","8":"product_shipping_class-medium-de","10":"first","11":"outofstock","12":"taxable","13":"shipping-taxable","14":"purchasable","15":"product-type-simple"},"composite_virtual":false,"composite_layout":"","composite_add_to_cart_form_location":"","composite_editable_in_cart":false,"composite_sold_individually_context":"","composite_shop_price_calc":"","composite_components":[],"composite_scenarios":[],"group_of_quantity":0,"min_quantity":0,"max_quantity":"","exclude_order_quantity_value_rules":"no","exclude_category_quantity_rules":"no","combine_variations":"no","exclude_global_add_ons":[],"addons":[],"_links":{"self":[{"href":"https:\/\/www.huntersfriend.eu\/de\/wp-json\/wp\/v2\/product\/295114","targetHints":{"allow":["GET"]}}],"collection":[{"href":"https:\/\/www.huntersfriend.eu\/de\/wp-json\/wp\/v2\/product"}],"about":[{"href":"https:\/\/www.huntersfriend.eu\/de\/wp-json\/wp\/v2\/types\/product"}],"replies":[{"embeddable":true,"href":"https:\/\/www.huntersfriend.eu\/de\/wp-json\/wp\/v2\/comments?post=295114"}],"wp:featuredmedia":[{"embeddable":true,"href":"https:\/\/www.huntersfriend.eu\/de\/wp-json\/wp\/v2\/media\/294677"}],"wp:attachment":[{"href":"https:\/\/www.huntersfriend.eu\/de\/wp-json\/wp\/v2\/media?parent=295114"}],"wp:term":[{"taxonomy":"product_brand","embeddable":true,"href":"https:\/\/www.huntersfriend.eu\/de\/wp-json\/wp\/v2\/product_brand?post=295114"},{"taxonomy":"product_cat","embeddable":true,"href":"https:\/\/www.huntersfriend.eu\/de\/wp-json\/wp\/v2\/product_cat?post=295114"},{"taxonomy":"product_tag","embeddable":true,"href":"https:\/\/www.huntersfriend.eu\/de\/wp-json\/wp\/v2\/product_tag?post=295114"}],"curies":[{"name":"wp","href":"https:\/\/api.w.org\/{rel}","templated":true}]}}