{"id":295102,"date":"2026-02-25T08:58:20","date_gmt":"2026-02-25T06:58:20","guid":{"rendered":"https:\/\/www.huntersfriend.eu\/product\/jetboil-stash-08-l-titan-gaskocher\/"},"modified":"2026-03-04T13:23:08","modified_gmt":"2026-03-04T11:23:08","slug":"jetboil-stash-08-l-titan-gaskocher","status":"publish","type":"product","link":"https:\/\/www.huntersfriend.eu\/de\/produkt\/jetboil-stash-08-l-titan-gaskocher\/","title":{"rendered":"Jetboil Stash 0,8 L Titan-Gaskocher"},"content":{"rendered":"<p data-start=\"0\" data-end=\"49\"><strong data-start=\"0\" data-end=\"47\">Ultraleichtes All-in-One-Campingkocher-System<\/strong><\/p>\n<p data-start=\"51\" data-end=\"331\">Dieses ultraleichte und au\u00dfergew\u00f6hnlich kompakte Kochersystem ist f\u00fcr Wanderer und Outdoor-Enthusiasten konzipiert, die maximale Leistung bei minimalem Gewicht wollen. Das All-in-One-Design macht es zur einfachen Wahl f\u00fcr Backpacking, Bikepacking und jede Art von leichtem Outdoor-Travel. <\/p>\n<h3 data-start=\"333\" data-end=\"349\">Hauptmerkmale<\/h3>\n<ul data-start=\"350\" data-end=\"638\">\n<li data-start=\"350\" data-end=\"421\">\n<p data-start=\"352\" data-end=\"421\">Ultraleichtes System \u2013 einsatzbereit mit nur 201 g (ohne Gas)<\/p>\n<\/li>\n<li data-start=\"422\" data-end=\"466\">\n<p data-start=\"424\" data-end=\"466\">Alle Komponenten passen in den 0,8-L-Topf<\/p>\n<\/li>\n<li data-start=\"467\" data-end=\"538\">\n<p data-start=\"469\" data-end=\"538\">Effiziente FluxRing-W\u00e4rme\u00fcbertragung bringt 0,5 L Wasser in 2 min 30 s zum Kochen<\/p>\n<\/li>\n<li data-start=\"539\" data-end=\"595\">\n<p data-start=\"541\" data-end=\"595\">Windgesch\u00fctzter, zuverl\u00e4ssiger Brenner f\u00fcr effizientes Kochen<\/p>\n<\/li>\n<li data-start=\"596\" data-end=\"638\">\n<p data-start=\"598\" data-end=\"638\">Kompaktes Packma\u00df: nur 112 \u00d7 130 mm<\/p>\n<\/li>\n<\/ul>\n<h3 data-start=\"640\" data-end=\"681\">Zus\u00e4tzliche Informationen &amp; Verwendungszweck<\/h3>\n<p data-start=\"682\" data-end=\"1070\">Dieser All-in-One-Kocher ist f\u00fcr minimalistisches Trekking gebaut, bei dem jedes Gramm und jeder Zentimeter z\u00e4hlt. Der Titanbrenner in Kombination mit dem hartanodisierten Aluminiumtopf bietet ein hervorragendes Verh\u00e4ltnis von Stabilit\u00e4t zu Gewicht. Der patentierte FluxRing-Boden \u00fcbertr\u00e4gt W\u00e4rme effizient und gleichm\u00e4\u00dfig auf das Kochgef\u00e4\u00df, verbessert die Energieeffizienz und beschleunigt das Wasserkochen selbst bei wechselhaften Wetterbedingungen.  <\/p>\n<p data-start=\"1072\" data-end=\"1486\">Praxistauglichkeit bis ins kleinste Detail: Alle Teile passen in den Topf, und der Deckel hat eine Halterung f\u00fcr eine 100-g-Gaskartusche. Das leichte Setup wiegt nur 201 g, aber auch eine 230-g-Gaskartusche passt in den Topf, wenn andere Komponenten entfernt werden. Der isolierte, drehbare Griff sch\u00fctzt Ihre H\u00e4nde vor Hitze und macht die Nutzung sicherer, und der Kocher l\u00e4sst sich einfach mit einem Streichholz oder Feuerstarter entz\u00fcnden.  <\/p>\n<h3 data-start=\"1488\" data-end=\"1516\">Technische Daten<\/h3>\n<ul data-start=\"1517\" data-end=\"1981\">\n<li data-start=\"1517\" data-end=\"1540\">\n<p data-start=\"1519\" data-end=\"1540\">Topfvolumen: 0,8 L<\/p>\n<\/li>\n<li data-start=\"1541\" data-end=\"1576\">\n<p data-start=\"1543\" data-end=\"1576\">Packma\u00df: 112 \u00d7 130 mm<\/p>\n<\/li>\n<li data-start=\"1577\" data-end=\"1634\">\n<p data-start=\"1579\" data-end=\"1634\">Gewicht einsatzbereit: 201 g (Kocher + Topf, ohne Gas)<\/p>\n<\/li>\n<li data-start=\"1635\" data-end=\"1676\">\n<p data-start=\"1637\" data-end=\"1676\">Gewicht mit Gaskartuschen-Standfu\u00df: 232 g<\/p>\n<\/li>\n<li data-start=\"1677\" data-end=\"1700\">\n<p data-start=\"1679\" data-end=\"1700\">Brennergewicht: 80 g<\/p>\n<\/li>\n<li data-start=\"1701\" data-end=\"1748\">\n<p data-start=\"1703\" data-end=\"1748\">W\u00e4rmeleistung: 4.500 BTU \/ 1,32 kW<\/p>\n<\/li>\n<li data-start=\"1749\" data-end=\"1811\">\n<p data-start=\"1751\" data-end=\"1811\">Kochzeit: 0,5 L Wasser \/ 2 min 30 s (mit Jetpower-Gas)<\/p>\n<\/li>\n<li data-start=\"1812\" data-end=\"1866\">\n<p data-start=\"1814\" data-end=\"1866\">Brennstoff: Standard-Schraubkartuschen-Campinggas (nicht enthalten)<\/p>\n<\/li>\n<li data-start=\"1867\" data-end=\"1920\">\n<p data-start=\"1869\" data-end=\"1920\">Materialien: Titanbrenner, hartanodisierter Aluminiumtopf<\/p>\n<\/li>\n<li data-start=\"1921\" data-end=\"1981\">\n<p data-start=\"1923\" data-end=\"1981\">Gasverbrauch: bis zu 12 L Wasser pro 100 g Jetpower-Gas<\/p>\n<\/li>\n<\/ul>\n<h3 data-start=\"1983\" data-end=\"2003\">Lieferumfang<\/h3>\n<ul data-start=\"2004\" data-end=\"2087\" data-is-last-node=\"\" data-is-only-node=\"\">\n<li data-start=\"2004\" data-end=\"2023\">\n<p data-start=\"2006\" data-end=\"2023\">Titanbrenner<\/p>\n<\/li>\n<li data-start=\"2024\" data-end=\"2044\">\n<p data-start=\"2026\" data-end=\"2044\">Schutztasche<\/p>\n<\/li>\n<li data-start=\"2045\" data-end=\"2058\">\n<p data-start=\"2047\" data-end=\"2058\">0,8-L-Topf<\/p>\n<\/li>\n<li data-start=\"2059\" data-end=\"2066\">\n<p data-start=\"2061\" data-end=\"2066\">Deckel<\/p>\n<\/li>\n<li data-start=\"2067\" data-end=\"2087\" data-is-last-node=\"\">\n<p data-start=\"2069\" data-end=\"2087\" data-is-last-node=\"\">Gaskartuschen-Standfu\u00df<\/p>\n<\/li>\n<li data-start=\"2067\" data-end=\"2087\" data-is-last-node=\"\">Gaskartusche separat erh\u00e4ltlich<\/li>\n<\/ul>\n","protected":false},"excerpt":{"rendered":"<p>Ultraleichtes All-in-One-Campingkocher-System Dieses ultraleichte und au\u00dfergew\u00f6hnlich kompakte Kochersystem ist f\u00fcr Wanderer und Outdoor-Enthusiasten konzipiert, die maximale Leistung bei minimalem Gewicht wollen. Das All-in-One-Design macht es zur einfachen Wahl f\u00fcr Backpacking, Bikepacking und jede Art von leichtem Outdoor-Travel. Hauptmerkmale Ultraleichtes System \u2013 einsatzbereit mit nur 201 g (ohne Gas) Alle Komponenten passen in den 0,8-L-Topf Effiziente [&#8230;]\n","protected":false},"featured_media":294661,"comment_status":"open","ping_status":"closed","template":"","meta":[],"product_brand":[],"product_cat":[2050],"product_tag":[],"class_list":{"0":"post-295102","1":"product","2":"type-product","3":"status-publish","4":"has-post-thumbnail","6":"product_cat-campingzubehor","8":"first","9":"instock","10":"taxable","11":"shipping-taxable","12":"purchasable","13":"product-type-simple"},"composite_virtual":false,"composite_layout":"","composite_add_to_cart_form_location":"","composite_editable_in_cart":false,"composite_sold_individually_context":"","composite_shop_price_calc":"","composite_components":[],"composite_scenarios":[],"group_of_quantity":0,"min_quantity":0,"max_quantity":"","exclude_order_quantity_value_rules":"no","exclude_category_quantity_rules":"no","combine_variations":"no","exclude_global_add_ons":[],"addons":[],"_links":{"self":[{"href":"https:\/\/www.huntersfriend.eu\/de\/wp-json\/wp\/v2\/product\/295102","targetHints":{"allow":["GET"]}}],"collection":[{"href":"https:\/\/www.huntersfriend.eu\/de\/wp-json\/wp\/v2\/product"}],"about":[{"href":"https:\/\/www.huntersfriend.eu\/de\/wp-json\/wp\/v2\/types\/product"}],"replies":[{"embeddable":true,"href":"https:\/\/www.huntersfriend.eu\/de\/wp-json\/wp\/v2\/comments?post=295102"}],"wp:featuredmedia":[{"embeddable":true,"href":"https:\/\/www.huntersfriend.eu\/de\/wp-json\/wp\/v2\/media\/294661"}],"wp:attachment":[{"href":"https:\/\/www.huntersfriend.eu\/de\/wp-json\/wp\/v2\/media?parent=295102"}],"wp:term":[{"taxonomy":"product_brand","embeddable":true,"href":"https:\/\/www.huntersfriend.eu\/de\/wp-json\/wp\/v2\/product_brand?post=295102"},{"taxonomy":"product_cat","embeddable":true,"href":"https:\/\/www.huntersfriend.eu\/de\/wp-json\/wp\/v2\/product_cat?post=295102"},{"taxonomy":"product_tag","embeddable":true,"href":"https:\/\/www.huntersfriend.eu\/de\/wp-json\/wp\/v2\/product_tag?post=295102"}],"curies":[{"name":"wp","href":"https:\/\/api.w.org\/{rel}","templated":true}]}}