{"id":295099,"date":"2026-02-25T08:58:20","date_gmt":"2026-02-25T06:58:20","guid":{"rendered":"https:\/\/www.huntersfriend.eu\/product\/jetboil-micromo-08-l-carbon-gaskocher\/"},"modified":"2026-03-04T13:22:56","modified_gmt":"2026-03-04T11:22:56","slug":"jetboil-micromo-08-l-carbon-gaskocher","status":"publish","type":"product","link":"https:\/\/www.huntersfriend.eu\/de\/produkt\/jetboil-micromo-08-l-carbon-gaskocher\/","title":{"rendered":"Jetboil MicroMo 0,8 L Carbon Gaskocher"},"content":{"rendered":"<p data-start=\"0\" data-end=\"52\"><strong data-start=\"0\" data-end=\"50\">MicroMo Kompakter Hochleistungs-Campingkocher<\/strong><\/p>\n<p data-start=\"54\" data-end=\"304\">Der MicroMo ist ein kleiner, aber leistungsstarker Campingkocher, der f\u00fcr mobiles Wandern und leichte Ausr\u00fcstung entwickelt wurde. Wenn Sie einen schnellen, zuverl\u00e4ssigen und leicht zu bedienenden Kocher f\u00fcr 1\u20132 Personen ben\u00f6tigen, kocht dieser Kocher m\u00fchelos Wasser, k\u00f6chelt Speisen und schmilzt Schnee. <\/p>\n<h3 data-start=\"306\" data-end=\"322\">Hauptmerkmale<\/h3>\n<ul data-start=\"323\" data-end=\"667\">\n<li data-start=\"323\" data-end=\"376\">\n<p data-start=\"325\" data-end=\"376\">Extrem leichtes System \u2013 nur 340 g<\/p>\n<\/li>\n<li data-start=\"377\" data-end=\"461\">\n<p data-start=\"379\" data-end=\"461\">Thermo-Regulate Konstantdruckbrenner sorgt f\u00fcr gleichbleibende Leistung und spart Gas<\/p>\n<\/li>\n<li data-start=\"462\" data-end=\"541\">\n<p data-start=\"464\" data-end=\"541\">Kocht 1 L Wasser in etwa 2 Minuten dank des FluxRing W\u00e4rmetauschers<\/p>\n<\/li>\n<li data-start=\"542\" data-end=\"602\">\n<p data-start=\"544\" data-end=\"602\">Kompaktes Design: Alle Komponenten lassen sich zur Aufbewahrung ineinanderstecken<\/p>\n<\/li>\n<li data-start=\"603\" data-end=\"667\">\n<p data-start=\"605\" data-end=\"667\">Integrierte Piezo-Druckknopfz\u00fcndung f\u00fcr sichere und schnelle Nutzung<\/p>\n<\/li>\n<\/ul>\n<h3 data-start=\"669\" data-end=\"710\">Zus\u00e4tzliche Informationen &amp; Verwendungszweck<\/h3>\n<p data-start=\"711\" data-end=\"1211\">Der MicroMo wurde f\u00fcr Wanderer entwickelt, die Wert auf geringes Gewicht legen, aber keine Kompromisse bei der Kocherleistung eingehen m\u00f6chten. Der Thermo-Regulate Konstantdruckbrenner liefert auch bei kalten Bedingungen bis \u20136,5 \u00b0C gleichm\u00e4\u00dfige W\u00e4rme und funktioniert zuverl\u00e4ssig in gro\u00dfen H\u00f6hen. Die regulierte Flamme erm\u00f6glicht eine pr\u00e4zise Steuerung, wodurch nicht nur Wasser schnell gekocht, sondern auch Speisen ohne st\u00e4ndige Flammenanpassung gek\u00f6cheelt werden k\u00f6nnen. Der effiziente Gasverbrauch reduziert die mitzuf\u00fchrende Brennstoffmenge und unterst\u00fctzt so eine leichtere Ausr\u00fcstung.   <\/p>\n<p data-start=\"1213\" data-end=\"1618\">Praktikabilit\u00e4t ist in jedem Detail integriert. Der isolierte Kochbecher dient gleichzeitig als Trinkgef\u00e4\u00df, und der transparente Deckel mit Trink\u00f6ffnung erleichtert die Nutzung unterwegs. Der Stauraum im Deckel h\u00e4lt das Gaskartuschen-Stativ organisiert, und der feste Griff sorgt f\u00fcr eine sichere Handhabung. Der flache Topf erm\u00f6glicht es Ihnen zudem, direkt daraus zu essen, wodurch weniger zus\u00e4tzliches Geschirr auf Ihrer Reise ben\u00f6tigt wird.   <\/p>\n<h3 data-start=\"1620\" data-end=\"1648\">Technische Daten<\/h3>\n<ul data-start=\"1649\" data-end=\"2302\" data-is-last-node=\"\" data-is-only-node=\"\">\n<li data-start=\"1649\" data-end=\"1672\">\n<p data-start=\"1651\" data-end=\"1672\">Topfkapazit\u00e4t: 0,8 L<\/p>\n<\/li>\n<li data-start=\"1673\" data-end=\"1703\">\n<p data-start=\"1675\" data-end=\"1703\">Gewicht: nur 340 g<\/p>\n<\/li>\n<li data-start=\"1704\" data-end=\"1748\">\n<p data-start=\"1706\" data-end=\"1748\">Kochzeit: 1 L Wasser in ca. 2 Min. <\/p>\n<\/li>\n<li data-start=\"1749\" data-end=\"1809\">\n<p data-start=\"1751\" data-end=\"1809\">Brenner: Jetboil Thermo-Regulate Konstantdruckbrenner<\/p>\n<\/li>\n<li data-start=\"1810\" data-end=\"1852\">\n<p data-start=\"1812\" data-end=\"1852\">Z\u00fcndung: integrierter Piezo-Druckknopf<\/p>\n<\/li>\n<li data-start=\"1853\" data-end=\"1918\">\n<p data-start=\"1855\" data-end=\"1918\">Betriebstemperatur: gleichbleibende Leistung bis \u20136,5 \u00b0C<\/p>\n<\/li>\n<li data-start=\"1919\" data-end=\"1982\">\n<p data-start=\"1921\" data-end=\"1982\">Brennstoff: Standard-Schraubgewinde-Campinggaskartusche (nicht im Lieferumfang enthalten)<\/p>\n<\/li>\n<li data-start=\"1983\" data-end=\"2036\">\n<p data-start=\"1985\" data-end=\"2036\">Packma\u00df: H\u00f6he 165 mm, Durchmesser 104 mm<\/p>\n<\/li>\n<li data-start=\"2037\" data-end=\"2088\">\n<p data-start=\"2039\" data-end=\"2088\">W\u00e4rme\u00fcbertragung: patentierter FluxRing W\u00e4rmetauscher<\/p>\n<\/li>\n<li data-start=\"2089\" data-end=\"2183\">\n<p data-start=\"2091\" data-end=\"2183\">Lieferumfang: Brenner, Becher, Trinkdeckel, Isolierh\u00fclle, Gaskartuschen-St\u00fctzfu\u00df (Gaskartusche nicht enthalten)<\/p>\n<\/li>\n<li data-start=\"2184\" data-end=\"2243\">\n<p data-start=\"2186\" data-end=\"2243\">Garantie: 2 Jahre (Material- und Herstellungsfehler)<\/p>\n<\/li>\n<li data-start=\"2244\" data-end=\"2302\" data-is-last-node=\"\">\n<p data-start=\"2246\" data-end=\"2302\" data-is-last-node=\"\">Gasverbrauch: bis zu 24 L Wasser pro 230 g Jetpower Gas<\/p>\n<\/li>\n<\/ul>\n","protected":false},"excerpt":{"rendered":"<p>MicroMo Kompakter Hochleistungs-Campingkocher Der MicroMo ist ein kleiner, aber leistungsstarker Campingkocher, der f\u00fcr mobiles Wandern und leichte Ausr\u00fcstung entwickelt wurde. Wenn Sie einen schnellen, zuverl\u00e4ssigen und leicht zu bedienenden Kocher f\u00fcr 1\u20132 Personen ben\u00f6tigen, kocht dieser Kocher m\u00fchelos Wasser, k\u00f6chelt Speisen und schmilzt Schnee. Hauptmerkmale Extrem leichtes System \u2013 nur 340 g Thermo-Regulate Konstantdruckbrenner sorgt [&#8230;]\n","protected":false},"featured_media":294696,"comment_status":"open","ping_status":"closed","template":"","meta":[],"product_brand":[],"product_cat":[2050],"product_tag":[],"class_list":{"0":"post-295099","1":"product","2":"type-product","3":"status-publish","4":"has-post-thumbnail","6":"product_cat-campingzubehor","8":"first","9":"instock","10":"taxable","11":"shipping-taxable","12":"purchasable","13":"product-type-simple"},"composite_virtual":false,"composite_layout":"","composite_add_to_cart_form_location":"","composite_editable_in_cart":false,"composite_sold_individually_context":"","composite_shop_price_calc":"","composite_components":[],"composite_scenarios":[],"group_of_quantity":0,"min_quantity":0,"max_quantity":"","exclude_order_quantity_value_rules":"no","exclude_category_quantity_rules":"no","combine_variations":"no","exclude_global_add_ons":[],"addons":[],"_links":{"self":[{"href":"https:\/\/www.huntersfriend.eu\/de\/wp-json\/wp\/v2\/product\/295099","targetHints":{"allow":["GET"]}}],"collection":[{"href":"https:\/\/www.huntersfriend.eu\/de\/wp-json\/wp\/v2\/product"}],"about":[{"href":"https:\/\/www.huntersfriend.eu\/de\/wp-json\/wp\/v2\/types\/product"}],"replies":[{"embeddable":true,"href":"https:\/\/www.huntersfriend.eu\/de\/wp-json\/wp\/v2\/comments?post=295099"}],"wp:featuredmedia":[{"embeddable":true,"href":"https:\/\/www.huntersfriend.eu\/de\/wp-json\/wp\/v2\/media\/294696"}],"wp:attachment":[{"href":"https:\/\/www.huntersfriend.eu\/de\/wp-json\/wp\/v2\/media?parent=295099"}],"wp:term":[{"taxonomy":"product_brand","embeddable":true,"href":"https:\/\/www.huntersfriend.eu\/de\/wp-json\/wp\/v2\/product_brand?post=295099"},{"taxonomy":"product_cat","embeddable":true,"href":"https:\/\/www.huntersfriend.eu\/de\/wp-json\/wp\/v2\/product_cat?post=295099"},{"taxonomy":"product_tag","embeddable":true,"href":"https:\/\/www.huntersfriend.eu\/de\/wp-json\/wp\/v2\/product_tag?post=295099"}],"curies":[{"name":"wp","href":"https:\/\/api.w.org\/{rel}","templated":true}]}}