{"id":295050,"date":"2026-03-04T08:35:23","date_gmt":"2026-03-04T06:35:23","guid":{"rendered":"https:\/\/www.huntersfriend.eu\/product\/lowa-zephyr-gtx-mid-tf-jagdstiefel\/"},"modified":"2026-03-11T14:36:50","modified_gmt":"2026-03-11T12:36:50","slug":"lowa-zephyr-gtx-mid-tf-jagdstiefel","status":"publish","type":"product","link":"https:\/\/www.huntersfriend.eu\/de\/produkt\/lowa-zephyr-gtx-mid-tf-jagdstiefel\/","title":{"rendered":"Lowa Zephyr GTX Mid TF Jagdstiefel"},"content":{"rendered":"<div class=\"flex flex-col text-sm\">\n<article class=\"text-token-text-primary w-full focus:outline-none [--shadow-height:45px] has-data-writing-block:pointer-events-none has-data-writing-block:-mt-(--shadow-height) has-data-writing-block:pt-(--shadow-height) [&amp;:has([data-writing-block])&gt;*]:pointer-events-auto scroll-mt-[calc(var(--header-height)+min(200px,max(70px,20svh)))]\" dir=\"auto\" tabindex=\"-1\" data-turn-id=\"request-WEB:fe18f480-f2ad-4dc8-93ff-d1ee66428b4a-5\" data-testid=\"conversation-turn-12\" data-scroll-anchor=\"true\" data-turn=\"assistant\">\n<div class=\"text-base my-auto mx-auto pb-10 [--thread-content-margin:--spacing(4)] @w-sm\/main:[--thread-content-margin:--spacing(6)] @w-lg\/main:[--thread-content-margin:--spacing(16)] px-(--thread-content-margin)\">\n<div class=\"[--thread-content-max-width:40rem] @w-lg\/main:[--thread-content-max-width:48rem] mx-auto max-w-(--thread-content-max-width) flex-1 group\/turn-messages focus-visible:outline-hidden relative flex w-full min-w-0 flex-col agent-turn\" tabindex=\"-1\">\n<div class=\"flex max-w-full flex-col grow\">\n<div class=\"min-h-8 text-message relative flex w-full flex-col items-end gap-2 text-start break-words whitespace-normal [.text-message+&amp;]:mt-1\" dir=\"auto\" data-message-author-role=\"assistant\" data-message-id=\"c6a3b8aa-52f7-48ab-b0e0-988f95372eab\" data-message-model-slug=\"gpt-5-2\">\n<div class=\"flex w-full flex-col gap-1 empty:hidden first:pt-[1px]\">\n<div class=\"markdown prose dark:prose-invert w-full wrap-break-word light markdown-new-styling\">\n<p data-start=\"0\" data-end=\"63\"><strong data-start=\"0\" data-end=\"61\">Zephyr GTX Mid TF \u2013 Agilit\u00e4t und Schutz in einem Paket<\/strong><\/p>\n<p data-start=\"0\" data-end=\"63\"><span data-text-color=\"alert\"><strong>GR\u00d6SSEN sind UK-Gr\u00f6\u00dfen<\/strong><\/span><\/p>\n<p data-start=\"0\" data-end=\"63\">Die Zephyr GTX Mid TF Stiefel sind f\u00fcr alle konzipiert, die eine Kombination aus Leichtigkeit, Langlebigkeit und zuverl\u00e4ssigem Schutz unter wechselnden Bedingungen ben\u00f6tigen. Dieses Modell bietet die gleiche hohe Performance wie andere in der Serie, doch der mittelhohe Schaft sorgt f\u00fcr mehr Agilit\u00e4t und Bewegungsfreiheit, ohne Komfort oder Sicherheit zu beeintr\u00e4chtigen. <\/p>\n<h3 data-start=\"393\" data-end=\"411\">Hauptmerkmale<\/h3>\n<ul data-start=\"412\" data-end=\"680\">\n<li data-start=\"412\" data-end=\"461\">\n<p data-start=\"414\" data-end=\"461\">Wasserdichte und atmungsaktive Gore-Tex\u00ae-Membran.<\/p>\n<\/li>\n<li data-start=\"462\" data-end=\"521\">\n<p data-start=\"464\" data-end=\"521\">Leichte, zugleich st\u00fctzende Konstruktion f\u00fcr den aktiven Einsatz.<\/p>\n<\/li>\n<li data-start=\"522\" data-end=\"564\">\n<p data-start=\"524\" data-end=\"564\">Herausnehmbare Einlegesohle f\u00fcr eine individuelle Passform.<\/p>\n<\/li>\n<li data-start=\"565\" data-end=\"612\">\n<p data-start=\"567\" data-end=\"612\">Au\u00dfensohle mit hoher Traktion f\u00fcr verschiedenes Terrain.<\/p>\n<\/li>\n<li data-start=\"613\" data-end=\"661\">\n<p data-start=\"615\" data-end=\"661\">Ausgezeichnete Balance aus Komfort und Langlebigkeit.<\/p>\n<\/li>\n<li data-start=\"662\" data-end=\"680\">\n<p data-start=\"664\" data-end=\"680\">Farbe: Desert.<\/p>\n<\/li>\n<\/ul>\n<h3 data-start=\"682\" data-end=\"708\">Einsatzbereiche und Leistung<\/h3>\n<p data-start=\"709\" data-end=\"1019\">Der Zephyr GTX Mid TF ist die ideale Wahl f\u00fcr Beh\u00f6rden, Sicherheitskr\u00e4fte und aktive Wanderer, die lange Stunden in anspruchsvollem Gel\u00e4nde unterwegs sind. Die wasserdichte Gore-Tex\u00ae-Membran h\u00e4lt die F\u00fc\u00dfe bei jedem Wetter trocken und komfortabel, w\u00e4hrend die leichte Konstruktion den Stiefel f\u00fcr langes Tragen pr\u00e4destiniert. <\/p>\n<p data-start=\"1021\" data-end=\"1317\">Die robuste, griffige Au\u00dfensohle sorgt f\u00fcr sicheren Halt auf felsigen Pfaden und rutschigen Untergr\u00fcnden. Der mittelhohe Schaft erh\u00f6ht Mobilit\u00e4t und Agilit\u00e4t und bietet dennoch ausreichend Kn\u00f6chelst\u00fctze und Schutz. Die herausnehmbare Einlegesohle erm\u00f6glicht individuelle Passform-Anpassungen und steigert den Komfort zus\u00e4tzlich.  <\/p>\n<p data-start=\"1319\" data-end=\"1457\">Die Kombination aus Nubukleder und technischen Materialien sorgt f\u00fcr langlebige Haltbarkeit und zuverl\u00e4ssige Performance auch bei intensiver Nutzung.<\/p>\n<h3 data-start=\"1459\" data-end=\"1493\">Warum Zephyr GTX Mid TF<\/h3>\n<p data-start=\"1494\" data-end=\"1736\">Wenn Sie einen leichten, wasserdichten und vielseitigen Stiefel suchen, der sowohl Bewegungsfreiheit als auch zuverl\u00e4ssigen Grip bietet, ist der Zephyr GTX Mid TF eine ausgezeichnete Wahl. Er eignet sich perfekt f\u00fcr wechselnde Bedingungen und den ganzj\u00e4hrigen aktiven Einsatz. <\/p>\n<h3 data-start=\"1738\" data-end=\"1768\">Technische Spezifikationen<\/h3>\n<p data-start=\"1770\" data-end=\"1789\"><strong data-start=\"1770\" data-end=\"1787\">Ma\u00dfe:<\/strong><\/p>\n<ul data-start=\"1790\" data-end=\"1935\">\n<li data-start=\"1790\" data-end=\"1822\">\n<p data-start=\"1792\" data-end=\"1822\">Gewicht: 1.000 g\/Paar (UK 8).<\/p>\n<\/li>\n<li data-start=\"1823\" data-end=\"1873\">\n<p data-start=\"1825\" data-end=\"1873\">Schaft H\u00f6he: 150 mm (au\u00dfen) \/ 120 mm (innen).<\/p>\n<\/li>\n<li data-start=\"1874\" data-end=\"1935\">\n<p data-start=\"1876\" data-end=\"1935\">Design: Mittelhoch, f\u00fcr den professionellen Einsatz und den Feldeinsatz vorgesehen.<\/p>\n<\/li>\n<\/ul>\n<p data-start=\"1937\" data-end=\"1953\"><strong data-start=\"1937\" data-end=\"1951\">Materialien:<\/strong><\/p>\n<ul data-start=\"1954\" data-end=\"2103\">\n<li data-start=\"1954\" data-end=\"1992\">\n<p data-start=\"1956\" data-end=\"1992\">Obermaterial: Nubukleder und Textil.<\/p>\n<\/li>\n<li data-start=\"1993\" data-end=\"2024\">\n<p data-start=\"1995\" data-end=\"2024\">Zwischensohle: Polyurethan (PU).<\/p>\n<\/li>\n<li data-start=\"2025\" data-end=\"2103\">\n<p data-start=\"2027\" data-end=\"2103\">Au\u00dfensohle: Gummimischung mit ausgezeichnetem Grip und hoher Abriebfestigkeit.<\/p>\n<\/li>\n<\/ul>\n<p data-start=\"2105\" data-end=\"2139\"><strong data-start=\"2105\" data-end=\"2137\">Merkmale und Zertifizierungen:<\/strong><\/p>\n<ul data-start=\"2140\" data-end=\"2325\" data-is-last-node=\"\" data-is-only-node=\"\">\n<li data-start=\"2140\" data-end=\"2174\">\n<p data-start=\"2142\" data-end=\"2174\">Wasserdichte Gore-Tex\u00ae-Membran.<\/p>\n<\/li>\n<li data-start=\"2175\" data-end=\"2217\">\n<p data-start=\"2177\" data-end=\"2217\">Herausnehmbare Einlegesohle f\u00fcr individuelle Passform.<\/p>\n<\/li>\n<li data-start=\"2218\" data-end=\"2273\">\n<p data-start=\"2220\" data-end=\"2273\">Leichte und stabile Konstruktion f\u00fcr den aktiven Einsatz.<\/p>\n<\/li>\n<li data-start=\"2274\" data-end=\"2325\" data-is-last-node=\"\">\n<p data-start=\"2276\" data-end=\"2325\" data-is-last-node=\"\">Langlebige Haltbarkeit f\u00fcr unterschiedliche Umgebungen.<\/p>\n<\/li>\n<\/ul>\n<\/div>\n<\/div>\n<\/div>\n<\/div>\n<div class=\"z-0 flex min-h-[46px] justify-start\"><\/div>\n<\/div>\n<\/div>\n<\/article>\n<\/div>\n<div class=\"pointer-events-none h-px w-px absolute bottom-0\" aria-hidden=\"true\" data-edge=\"true\"><\/div>\n","protected":false},"excerpt":{"rendered":"<p>Zephyr GTX Mid TF \u2013 Agilit\u00e4t und Schutz in einem Paket GR\u00d6SSEN sind UK-Gr\u00f6\u00dfen Die Zephyr GTX Mid TF Stiefel sind f\u00fcr alle konzipiert, die eine Kombination aus Leichtigkeit, Langlebigkeit und zuverl\u00e4ssigem Schutz unter wechselnden Bedingungen ben\u00f6tigen. Dieses Modell bietet die gleiche hohe Performance wie andere in der Serie, doch der mittelhohe Schaft sorgt f\u00fcr [&#8230;]\n","protected":false},"featured_media":294909,"comment_status":"open","ping_status":"closed","template":"","meta":[],"product_brand":[],"product_cat":[2835,1129],"product_tag":[],"class_list":{"0":"post-295050","1":"product","2":"type-product","3":"status-publish","4":"has-post-thumbnail","6":"product_cat-jaktkangor","7":"product_cat-jagd-stiefel","8":"product_shipping_class-medium-de","10":"first","11":"instock","12":"taxable","13":"shipping-taxable","14":"purchasable","15":"product-type-variable"},"composite_virtual":false,"composite_layout":"","composite_add_to_cart_form_location":"","composite_editable_in_cart":false,"composite_sold_individually_context":"","composite_shop_price_calc":"","composite_components":[],"composite_scenarios":[],"group_of_quantity":0,"min_quantity":0,"max_quantity":"","exclude_order_quantity_value_rules":"no","exclude_category_quantity_rules":"no","combine_variations":"no","exclude_global_add_ons":[],"addons":[],"_links":{"self":[{"href":"https:\/\/www.huntersfriend.eu\/de\/wp-json\/wp\/v2\/product\/295050","targetHints":{"allow":["GET"]}}],"collection":[{"href":"https:\/\/www.huntersfriend.eu\/de\/wp-json\/wp\/v2\/product"}],"about":[{"href":"https:\/\/www.huntersfriend.eu\/de\/wp-json\/wp\/v2\/types\/product"}],"replies":[{"embeddable":true,"href":"https:\/\/www.huntersfriend.eu\/de\/wp-json\/wp\/v2\/comments?post=295050"}],"wp:featuredmedia":[{"embeddable":true,"href":"https:\/\/www.huntersfriend.eu\/de\/wp-json\/wp\/v2\/media\/294909"}],"wp:attachment":[{"href":"https:\/\/www.huntersfriend.eu\/de\/wp-json\/wp\/v2\/media?parent=295050"}],"wp:term":[{"taxonomy":"product_brand","embeddable":true,"href":"https:\/\/www.huntersfriend.eu\/de\/wp-json\/wp\/v2\/product_brand?post=295050"},{"taxonomy":"product_cat","embeddable":true,"href":"https:\/\/www.huntersfriend.eu\/de\/wp-json\/wp\/v2\/product_cat?post=295050"},{"taxonomy":"product_tag","embeddable":true,"href":"https:\/\/www.huntersfriend.eu\/de\/wp-json\/wp\/v2\/product_tag?post=295050"}],"curies":[{"name":"wp","href":"https:\/\/api.w.org\/{rel}","templated":true}]}}