{"id":295024,"date":"2026-02-25T09:42:14","date_gmt":"2026-02-25T07:42:14","guid":{"rendered":"https:\/\/www.huntersfriend.eu\/product\/sordin-supreme-t2-gehoerschutz-mit-lederbebandung\/"},"modified":"2026-03-04T13:21:14","modified_gmt":"2026-03-04T11:21:14","slug":"sordin-supreme-t2-gehoerschutz-mit-lederbebandung","status":"publish","type":"product","link":"https:\/\/www.huntersfriend.eu\/de\/produkt\/sordin-supreme-t2-gehoerschutz-mit-lederbebandung\/","title":{"rendered":"Sordin Supreme T2 Geh\u00f6rschutz mit Lederbebandung"},"content":{"rendered":"<p data-start=\"0\" data-end=\"68\"><strong data-start=\"0\" data-end=\"68\">Sordin Supreme T2 Geh\u00f6rschutz mit Lederbebandung \u2013 F\u00fcr den harten Einsatz<\/strong><\/p>\n<p data-start=\"70\" data-end=\"624\">Die aktiven Geh\u00f6rsch\u00fctzer <strong data-start=\"74\" data-end=\"95\">Sordin Supreme T2<\/strong> wurden speziell f\u00fcr den Einsatz bei Milit\u00e4r und Polizei entwickelt, wo unter allen Bedingungen sowohl exzellenter Schutz als auch zuverl\u00e4ssiges H\u00f6rverm\u00f6gen erforderlich sind. Das flache Design erm\u00f6glicht die Verwendung mit einem Gewehr, und das Lederkopfband erh\u00f6ht sowohl den Komfort als auch die Haltbarkeit. Die Sch\u00fctzer reduzieren sch\u00e4dliche L\u00e4rmpegel von Sch\u00fcssen und anderen lauten Ger\u00e4uschen, w\u00e4hrend sie wichtige Umgebungsger\u00e4usche nat\u00fcrlich durchlassen \u2013 dies erm\u00f6glicht eine sichere Kommunikation, das Erkennen von Warnsignalen und das Situationsbewusstsein.  <\/p>\n<p data-start=\"626\" data-end=\"1168\">Wasserdichte Mikrofone und hochwertige Lautsprecher in beiden Kapseln gew\u00e4hrleisten ein hervorragendes Richtungsh\u00f6ren und klare Kommunikation selbst unter extremen Bedingungen. Mit den Sordin Hear2-Audioprofilen k\u00f6nnen Benutzer zwischen vier verschiedenen Modi w\u00e4hlen: einer allgemeinen Tactical-Einstellung, dem verst\u00e4rkenden Dual-Profil f\u00fcr leise Umgebungen, dem Comfort-Modus f\u00fcr laute Umgebungen oder dem vollpassiven Ambient Off-Modus. Die Geh\u00f6rsch\u00fctzer unterst\u00fctzen zudem das Sordin T2 Flex Com CC Kommunikationssystem, was die Integration in anspruchsvolle Team-Kommunikationsl\u00f6sungen erm\u00f6glicht.  <\/p>\n<hr data-start=\"1170\" data-end=\"1173\">\n<h3 data-start=\"1175\" data-end=\"1203\">Technische Spezifikationen<\/h3>\n<ul data-start=\"1205\" data-end=\"1941\">\n<li data-start=\"1205\" data-end=\"1258\">\n<p data-start=\"1207\" data-end=\"1258\">Flaches Design, geeignet f\u00fcr die Verwendung mit einem Gewehr<\/p>\n<\/li>\n<li data-start=\"1259\" data-end=\"1333\">\n<p data-start=\"1261\" data-end=\"1333\">Wasserdichte Mikrofone auf beiden Seiten f\u00fcr hervorragendes Richtungsh\u00f6ren<\/p>\n<\/li>\n<li data-start=\"1334\" data-end=\"1395\">\n<p data-start=\"1336\" data-end=\"1395\">Vier Audioprofile: Tactical, Dual, Comfort, Ambient Off<\/p>\n<\/li>\n<li data-start=\"1396\" data-end=\"1458\">\n<p data-start=\"1398\" data-end=\"1458\">Einfach zu bedienende Tasten, zwei AUX-3,5-mm-Anschl\u00fcsse (rechts und links)<\/p>\n<\/li>\n<li data-start=\"1459\" data-end=\"1539\">\n<p data-start=\"1461\" data-end=\"1539\">Zwei Lautsprecher in jeder Kapsel: einer f\u00fcr Umgebungsger\u00e4usche, einer f\u00fcr Funkkommunikation<\/p>\n<\/li>\n<li data-start=\"1540\" data-end=\"1608\">\n<p data-start=\"1542\" data-end=\"1608\">Funk- und Kommunikationsfunktionen funktionieren auch ohne Batterien<\/p>\n<\/li>\n<li data-start=\"1609\" data-end=\"1711\">\n<p data-start=\"1611\" data-end=\"1711\">Wasserbest\u00e4ndige Konstruktion (bis zu 2 m), Elektronik mit Lack- und Polymerschichten gekapselt<\/p>\n<\/li>\n<li data-start=\"1712\" data-end=\"1773\">\n<p data-start=\"1714\" data-end=\"1773\">Automatische Abschaltung nach 4 Stunden, Batteriesparfunktion<\/p>\n<\/li>\n<li data-start=\"1774\" data-end=\"1857\">\n<p data-start=\"1776\" data-end=\"1857\">Batterie: 1 \u00d7 AA\/LR06 (enthalten) oder wiederaufladbarer 14500 Li-Ionen-Akku (optional)<\/p>\n<\/li>\n<li data-start=\"1858\" data-end=\"1906\">\n<p data-start=\"1860\" data-end=\"1906\">Batterielaufzeit: \u00fcber 70 Stunden bei normaler Lautst\u00e4rke<\/p>\n<\/li>\n<li data-start=\"1907\" data-end=\"1924\">\n<p data-start=\"1909\" data-end=\"1924\">Gewicht: 308 g<\/p>\n<\/li>\n<li data-start=\"1925\" data-end=\"1941\">\n<p data-start=\"1927\" data-end=\"1941\">Farbe: Schwarz<\/p>\n<\/li>\n<\/ul>\n<p data-start=\"1943\" data-end=\"2006\"><strong data-start=\"1943\" data-end=\"2004\">D\u00e4mmwerte (mit Memory-Schaum-Dichtungsringen):<\/strong><\/p>\n<ul data-start=\"2007\" data-end=\"2061\">\n<li data-start=\"2007\" data-end=\"2031\">\n<p data-start=\"2009\" data-end=\"2031\">SNR 29 dB, NRR 23 dB<\/p>\n<\/li>\n<li data-start=\"2032\" data-end=\"2061\">\n<p data-start=\"2034\" data-end=\"2061\">H=32 dB, M=27 dB, L=20 dB<\/p>\n<\/li>\n<\/ul>\n<p data-start=\"2063\" data-end=\"2101\"><strong data-start=\"2063\" data-end=\"2099\">Doppelter Schutz (mit Ohrst\u00f6pseln):<\/strong><\/p>\n<ul data-start=\"2102\" data-end=\"2347\">\n<li data-start=\"2102\" data-end=\"2126\">\n<p data-start=\"2104\" data-end=\"2126\">SNR 40 dB, NRR 35 dB<\/p>\n<\/li>\n<li data-start=\"2127\" data-end=\"2156\">\n<p data-start=\"2129\" data-end=\"2156\">H=38 dB, M=38 dB, L=36 dB<\/p>\n<\/li>\n<li data-start=\"2158\" data-end=\"2201\">\n<p data-start=\"2160\" data-end=\"2201\">Betriebstemperatur: \u201340 \u00b0C bis +55 \u00b0C<\/p>\n<\/li>\n<li data-start=\"2202\" data-end=\"2271\">\n<p data-start=\"2204\" data-end=\"2271\">Zertifizierungen: EN 352-Serie, MIL-STD-810H, EMC-MIL-STD-461G, CE<\/p>\n<\/li>\n<li data-start=\"2272\" data-end=\"2312\">\n<p data-start=\"2274\" data-end=\"2312\">Umweltrichtlinien: RoHS, WEEE<\/p>\n<\/li>\n<li data-start=\"2313\" data-end=\"2347\">\n<p data-start=\"2315\" data-end=\"2347\">Herstellungsland: Schweden<\/p>\n<\/li>\n<\/ul>\n<p data-start=\"2349\" data-end=\"2826\" data-is-last-node=\"\" data-is-only-node=\"\">Die <strong data-start=\"2353\" data-end=\"2374\">Sordin Supreme T2<\/strong> Geh\u00f6rsch\u00fctzer bieten die perfekte Kombination aus Schutz, Anpassungsf\u00e4higkeit und Kommunikationsfunktionen. Ihr modulares FLEX-Design erm\u00f6glicht mehrere Montageoptionen, vom traditionellen Kopfband bis hin zu Helmbefestigungen, und eine breite Palette an Zubeh\u00f6r gew\u00e4hrleistet die Anpassung an spezifische Anforderungen. Dies macht sie zu einer zuverl\u00e4ssigen und langlebigen L\u00f6sung f\u00fcr anspruchsvollste Aufgaben, bei denen Geh\u00f6rschutz und Situationsbewusstsein nicht beeintr\u00e4chtigt werden d\u00fcrfen.  <\/p>\n","protected":false},"excerpt":{"rendered":"<p>Sordin Supreme T2 Geh\u00f6rschutz mit Lederbebandung \u2013 F\u00fcr den harten Einsatz Die aktiven Geh\u00f6rsch\u00fctzer Sordin Supreme T2 wurden speziell f\u00fcr den Einsatz bei Milit\u00e4r und Polizei entwickelt, wo unter allen Bedingungen sowohl exzellenter Schutz als auch zuverl\u00e4ssiges H\u00f6rverm\u00f6gen erforderlich sind. Das flache Design erm\u00f6glicht die Verwendung mit einem Gewehr, und das Lederkopfband erh\u00f6ht sowohl den [&#8230;]\n","protected":false},"featured_media":294604,"comment_status":"open","ping_status":"closed","template":"","meta":[],"product_brand":[],"product_cat":[1424],"product_tag":[],"class_list":{"0":"post-295024","1":"product","2":"type-product","3":"status-publish","4":"has-post-thumbnail","6":"product_cat-augen-und-gehorschutz","8":"first","9":"instock","10":"taxable","11":"shipping-taxable","12":"purchasable","13":"product-type-variable"},"composite_virtual":false,"composite_layout":"","composite_add_to_cart_form_location":"","composite_editable_in_cart":false,"composite_sold_individually_context":"","composite_shop_price_calc":"","composite_components":[],"composite_scenarios":[],"group_of_quantity":0,"min_quantity":0,"max_quantity":"","exclude_order_quantity_value_rules":"no","exclude_category_quantity_rules":"no","combine_variations":"no","exclude_global_add_ons":[],"addons":[],"_links":{"self":[{"href":"https:\/\/www.huntersfriend.eu\/de\/wp-json\/wp\/v2\/product\/295024","targetHints":{"allow":["GET"]}}],"collection":[{"href":"https:\/\/www.huntersfriend.eu\/de\/wp-json\/wp\/v2\/product"}],"about":[{"href":"https:\/\/www.huntersfriend.eu\/de\/wp-json\/wp\/v2\/types\/product"}],"replies":[{"embeddable":true,"href":"https:\/\/www.huntersfriend.eu\/de\/wp-json\/wp\/v2\/comments?post=295024"}],"wp:featuredmedia":[{"embeddable":true,"href":"https:\/\/www.huntersfriend.eu\/de\/wp-json\/wp\/v2\/media\/294604"}],"wp:attachment":[{"href":"https:\/\/www.huntersfriend.eu\/de\/wp-json\/wp\/v2\/media?parent=295024"}],"wp:term":[{"taxonomy":"product_brand","embeddable":true,"href":"https:\/\/www.huntersfriend.eu\/de\/wp-json\/wp\/v2\/product_brand?post=295024"},{"taxonomy":"product_cat","embeddable":true,"href":"https:\/\/www.huntersfriend.eu\/de\/wp-json\/wp\/v2\/product_cat?post=295024"},{"taxonomy":"product_tag","embeddable":true,"href":"https:\/\/www.huntersfriend.eu\/de\/wp-json\/wp\/v2\/product_tag?post=295024"}],"curies":[{"name":"wp","href":"https:\/\/api.w.org\/{rel}","templated":true}]}}