{"id":294979,"date":"2026-03-04T08:33:55","date_gmt":"2026-03-04T06:33:55","guid":{"rendered":"https:\/\/www.huntersfriend.eu\/product\/lucky-hd-receiver-2-0-fuer-fernbedienung\/"},"modified":"2026-03-04T13:20:19","modified_gmt":"2026-03-04T11:20:19","slug":"lucky-hd-receiver-2-0-fuer-fernbedienung","status":"publish","type":"product","link":"https:\/\/www.huntersfriend.eu\/de\/produkt\/lucky-hd-receiver-2-0-fuer-fernbedienung\/","title":{"rendered":"Lucky HD Receiver 2.0 f\u00fcr Fernbedienung"},"content":{"rendered":"<p data-start=\"0\" data-end=\"284\">Lucky HD Receiver 2.0 ist ein Zubeh\u00f6r f\u00fcr das Lucky Duck HD 2.0-Fernbedienungsset. Der Empf\u00e4nger wird mit der Lucky Duck Robo Duck verbunden, danach k\u00f6nnen Sie die Robo Duck mit der Lucky Duck HD 2.0-Fernbedienung steuern. F\u00fcr jede zu steuernde Robo Duck wird ein eigener Empf\u00e4nger ben\u00f6tigt.  <\/p>\n<p data-start=\"286\" data-end=\"352\" data-is-last-node=\"\" data-is-only-node=\"\">Lucky HD Receiver 2.0 ist nur mit Lucky Duck Produkten kompatibel.<\/p>\n","protected":false},"excerpt":{"rendered":"<p>Lucky HD Receiver 2.0 ist ein Zubeh\u00f6r f\u00fcr das Lucky Duck HD 2.0-Fernbedienungsset. Der Empf\u00e4nger wird mit der Lucky Duck Robo Duck verbunden, danach k\u00f6nnen Sie die Robo Duck mit der Lucky Duck HD 2.0-Fernbedienung steuern. F\u00fcr jede zu steuernde Robo Duck wird ein eigener Empf\u00e4nger ben\u00f6tigt. Lucky HD Receiver 2.0 ist nur mit Lucky [&#8230;]\n","protected":false},"featured_media":294885,"comment_status":"open","ping_status":"closed","template":"","meta":[],"product_brand":[],"product_cat":[1395],"product_tag":[],"class_list":{"0":"post-294979","1":"product","2":"type-product","3":"status-publish","4":"has-post-thumbnail","6":"product_cat-lockvogel-mit-bewegung","8":"first","9":"instock","10":"taxable","11":"shipping-taxable","12":"purchasable","13":"product-type-simple"},"composite_virtual":false,"composite_layout":"","composite_add_to_cart_form_location":"","composite_editable_in_cart":false,"composite_sold_individually_context":"","composite_shop_price_calc":"","composite_components":[],"composite_scenarios":[],"group_of_quantity":0,"min_quantity":0,"max_quantity":"","exclude_order_quantity_value_rules":"no","exclude_category_quantity_rules":"no","combine_variations":"no","exclude_global_add_ons":[],"addons":[],"_links":{"self":[{"href":"https:\/\/www.huntersfriend.eu\/de\/wp-json\/wp\/v2\/product\/294979","targetHints":{"allow":["GET"]}}],"collection":[{"href":"https:\/\/www.huntersfriend.eu\/de\/wp-json\/wp\/v2\/product"}],"about":[{"href":"https:\/\/www.huntersfriend.eu\/de\/wp-json\/wp\/v2\/types\/product"}],"replies":[{"embeddable":true,"href":"https:\/\/www.huntersfriend.eu\/de\/wp-json\/wp\/v2\/comments?post=294979"}],"wp:featuredmedia":[{"embeddable":true,"href":"https:\/\/www.huntersfriend.eu\/de\/wp-json\/wp\/v2\/media\/294885"}],"wp:attachment":[{"href":"https:\/\/www.huntersfriend.eu\/de\/wp-json\/wp\/v2\/media?parent=294979"}],"wp:term":[{"taxonomy":"product_brand","embeddable":true,"href":"https:\/\/www.huntersfriend.eu\/de\/wp-json\/wp\/v2\/product_brand?post=294979"},{"taxonomy":"product_cat","embeddable":true,"href":"https:\/\/www.huntersfriend.eu\/de\/wp-json\/wp\/v2\/product_cat?post=294979"},{"taxonomy":"product_tag","embeddable":true,"href":"https:\/\/www.huntersfriend.eu\/de\/wp-json\/wp\/v2\/product_tag?post=294979"}],"curies":[{"name":"wp","href":"https:\/\/api.w.org\/{rel}","templated":true}]}}