{"id":294957,"date":"2026-03-04T08:35:25","date_gmt":"2026-03-04T06:35:25","guid":{"rendered":"https:\/\/www.huntersfriend.eu\/product\/lowa-renegade-gtx-mid-jagdstiefel\/"},"modified":"2026-03-04T13:20:31","modified_gmt":"2026-03-04T11:20:31","slug":"lowa-renegade-gtx-mid-jagdstiefel","status":"publish","type":"product","link":"https:\/\/www.huntersfriend.eu\/de\/produkt\/lowa-renegade-gtx-mid-jagdstiefel\/","title":{"rendered":"Lowa Renegade GTX Mid Jagdstiefel"},"content":{"rendered":"<div class=\"flex flex-col text-sm\">\n<article class=\"text-token-text-primary w-full focus:outline-none [--shadow-height:45px] has-data-writing-block:pointer-events-none has-data-writing-block:-mt-(--shadow-height) has-data-writing-block:pt-(--shadow-height) [&amp;:has([data-writing-block])&gt;*]:pointer-events-auto scroll-mt-[calc(var(--header-height)+min(200px,max(70px,20svh)))]\" dir=\"auto\" tabindex=\"-1\" data-turn-id=\"request-WEB:fe18f480-f2ad-4dc8-93ff-d1ee66428b4a-2\" data-testid=\"conversation-turn-6\" data-scroll-anchor=\"true\" data-turn=\"assistant\">\n<div class=\"text-base my-auto mx-auto pb-10 [--thread-content-margin:--spacing(4)] @w-sm\/main:[--thread-content-margin:--spacing(6)] @w-lg\/main:[--thread-content-margin:--spacing(16)] px-(--thread-content-margin)\">\n<div class=\"[--thread-content-max-width:40rem] @w-lg\/main:[--thread-content-max-width:48rem] mx-auto max-w-(--thread-content-max-width) flex-1 group\/turn-messages focus-visible:outline-hidden relative flex w-full min-w-0 flex-col agent-turn\" tabindex=\"-1\">\n<div class=\"flex max-w-full flex-col grow\">\n<div class=\"min-h-8 text-message relative flex w-full flex-col items-end gap-2 text-start break-words whitespace-normal [.text-message+&amp;]:mt-1\" dir=\"auto\" data-message-author-role=\"assistant\" data-message-id=\"510c8589-6d86-4c94-a9a4-bf8d1a027fb1\" data-message-model-slug=\"gpt-5-2\">\n<div class=\"flex w-full flex-col gap-1 empty:hidden first:pt-[1px]\">\n<div class=\"markdown prose dark:prose-invert w-full wrap-break-word light markdown-new-styling\">\n<p data-start=\"0\" data-end=\"76\"><strong data-start=\"0\" data-end=\"74\">Renegade GTX Mid \u2013 Der perfekte Wanderstiefel mit legend\u00e4rem Ruf<\/strong><\/p>\n<p data-start=\"0\" data-end=\"76\"><span data-text-color=\"alert\"><strong>GR\u00d6SSEN sind UK-Gr\u00f6\u00dfen<\/strong><\/span><\/p>\n<p data-start=\"78\" data-end=\"415\">Der Renegade GTX Mid ist einer der beliebtesten Wanderstiefel der Welt \u2013 und das aus gutem Grund. Dieses Modell vereint hervorragende Passform, Langlebigkeit und Komfort auf eine Weise, die es zu einem zuverl\u00e4ssigen Begleiter f\u00fcr Tageswanderungen sowie l\u00e4ngere Trekkingtouren macht. Seine leichte und dennoch stabile Konstruktion sorgt f\u00fcr sicheren Halt in jedem Gel\u00e4nde und bei allen Wetterbedingungen.  <\/p>\n<h3 data-start=\"417\" data-end=\"435\">Hauptmerkmale<\/h3>\n<ul data-start=\"436\" data-end=\"824\">\n<li data-start=\"436\" data-end=\"485\">\n<p data-start=\"438\" data-end=\"485\">Wasserdichte und atmungsaktive Gore-Tex\u00ae-Membran.<\/p>\n<\/li>\n<li data-start=\"486\" data-end=\"554\">\n<p data-start=\"488\" data-end=\"554\">1,6 mm dickes Nubukleder-Obermaterial f\u00fcr Langlebigkeit und Schutz.<\/p>\n<\/li>\n<li data-start=\"555\" data-end=\"610\">\n<p data-start=\"557\" data-end=\"610\">DuraPU\u00ae-Zwischensohle f\u00fcr Stabilit\u00e4t und D\u00e4mpfung.<\/p>\n<\/li>\n<li data-start=\"611\" data-end=\"654\">\n<p data-start=\"613\" data-end=\"654\">Vibram\u00ae EVO-Au\u00dfensohle f\u00fcr hervorragenden Grip.<\/p>\n<\/li>\n<li data-start=\"655\" data-end=\"729\">\n<p data-start=\"657\" data-end=\"729\">MONOWRAP\u00ae-Rahmenkonstruktion f\u00fcr verbesserte Fu\u00dfst\u00fctze und Schutz.<\/p>\n<\/li>\n<li data-start=\"730\" data-end=\"798\">\n<p data-start=\"732\" data-end=\"798\">Flexibler und dennoch st\u00fctzender 7\/8-TPU-Stabilisator f\u00fcr optimale Bewegung.<\/p>\n<\/li>\n<li data-start=\"799\" data-end=\"824\">\n<p data-start=\"801\" data-end=\"824\">Farbe: Olive\/Senf.<\/p>\n<\/li>\n<\/ul>\n<h3 data-start=\"826\" data-end=\"852\">Einsatz und Leistung<\/h3>\n<p data-start=\"853\" data-end=\"1421\">Der Renegade GTX Mid ist f\u00fcr vielseitige Eins\u00e4tze konzipiert \u2013 geeignet f\u00fcr Outdoor-Aktivit\u00e4ten, Trekking und Wandern in abwechslungsreichem Gel\u00e4nde. Die Gore-Tex\u00ae-Membran h\u00e4lt Ihre F\u00fc\u00dfe trocken, w\u00e4hrend die Atmungsaktivit\u00e4t bei allen Wetterbedingungen f\u00fcr Komfort sorgt. Die MONOWRAP\u00ae-Konstruktion st\u00fctzt den Fu\u00df auf unebenem Untergrund, und die DuraPU\u00ae-Zwischensohle absorbiert St\u00f6\u00dfe auch auf l\u00e4ngeren Touren. Die Vibram\u00ae EVO-Au\u00dfensohle bietet zuverl\u00e4ssige Traktion auf felsigen Pfaden, Waldwegen und nassen Oberfl\u00e4chen. Der Renegade GTX Mid ist auch f\u00fcr seine herausragende Passform bekannt, die ihn vom ersten Tragen an bequem macht.    <\/p>\n<h3 data-start=\"1423\" data-end=\"1456\">Warum den Renegade GTX Mid w\u00e4hlen<\/h3>\n<p data-start=\"1457\" data-end=\"1695\">Wenn Sie einen Stiefel suchen, der die Langlebigkeit und Unterst\u00fctzung eines Wanderstiefels mit dem Komfort eines Sneakers vereint, ist der Renegade GTX Mid die richtige Wahl. Er ist zuverl\u00e4ssig, vielseitig und das ganze Jahr \u00fcber unter allen Bedingungen angenehm zu tragen. <\/p>\n<h3 data-start=\"1697\" data-end=\"1727\">Technische Spezifikationen<\/h3>\n<p data-start=\"1729\" data-end=\"1748\"><strong data-start=\"1729\" data-end=\"1746\">Ma\u00dfe:<\/strong><\/p>\n<ul data-start=\"1749\" data-end=\"1861\">\n<li data-start=\"1749\" data-end=\"1781\">\n<p data-start=\"1751\" data-end=\"1781\">Gewicht: 1.110 g\/Paar (UK 8).<\/p>\n<\/li>\n<li data-start=\"1782\" data-end=\"1861\">\n<p data-start=\"1784\" data-end=\"1861\">Schafth\u00f6he: Mid-Cut, bietet eine optimale Balance aus Halt und Beweglichkeit.<\/p>\n<\/li>\n<\/ul>\n<p data-start=\"1863\" data-end=\"1879\"><strong data-start=\"1863\" data-end=\"1877\">Materialien:<\/strong><\/p>\n<ul data-start=\"1880\" data-end=\"1982\">\n<li data-start=\"1880\" data-end=\"1911\">\n<p data-start=\"1882\" data-end=\"1911\">Obermaterial: 100 % Nubukleder.<\/p>\n<\/li>\n<li data-start=\"1912\" data-end=\"1948\">\n<p data-start=\"1914\" data-end=\"1948\">Zwischensohle: 100 % Polyurethan (PU).<\/p>\n<\/li>\n<li data-start=\"1949\" data-end=\"1982\">\n<p data-start=\"1951\" data-end=\"1982\">Au\u00dfensohle: Vibram\u00ae EVO, Gummi.<\/p>\n<\/li>\n<\/ul>\n<p data-start=\"1984\" data-end=\"2016\"><strong data-start=\"1984\" data-end=\"2014\">Merkmale und Technologien:<\/strong><\/p>\n<ul data-start=\"2017\" data-end=\"2207\" data-is-last-node=\"\" data-is-only-node=\"\">\n<li data-start=\"2017\" data-end=\"2076\">\n<p data-start=\"2019\" data-end=\"2076\">Gore-Tex\u00ae-Membran f\u00fcr Wasserdichtigkeit und Atmungsaktivit\u00e4t.<\/p>\n<\/li>\n<li data-start=\"2077\" data-end=\"2118\">\n<p data-start=\"2079\" data-end=\"2118\">DuraPU\u00ae-Zwischensohle f\u00fcr Sto\u00dfd\u00e4mpfung.<\/p>\n<\/li>\n<li data-start=\"2119\" data-end=\"2164\">\n<p data-start=\"2121\" data-end=\"2164\">MONOWRAP\u00ae-Konstruktion f\u00fcr zus\u00e4tzliche Unterst\u00fctzung.<\/p>\n<\/li>\n<li data-start=\"2165\" data-end=\"2207\" data-is-last-node=\"\">\n<p data-start=\"2167\" data-end=\"2207\" data-is-last-node=\"\">7\/8-TPU-Stabilisator f\u00fcr optimale Bewegung.<\/p>\n<\/li>\n<\/ul>\n<\/div>\n<\/div>\n<\/div>\n<\/div>\n<div class=\"z-0 flex min-h-[46px] justify-start\"><\/div>\n<\/div>\n<\/div>\n<\/article>\n<\/div>\n<div class=\"pointer-events-none h-px w-px absolute bottom-0\" aria-hidden=\"true\" data-edge=\"true\"><\/div>\n","protected":false},"excerpt":{"rendered":"<p>Renegade GTX Mid \u2013 Der perfekte Wanderstiefel mit legend\u00e4rem Ruf GR\u00d6SSEN sind UK-Gr\u00f6\u00dfen Der Renegade GTX Mid ist einer der beliebtesten Wanderstiefel der Welt \u2013 und das aus gutem Grund. Dieses Modell vereint hervorragende Passform, Langlebigkeit und Komfort auf eine Weise, die es zu einem zuverl\u00e4ssigen Begleiter f\u00fcr Tageswanderungen sowie l\u00e4ngere Trekkingtouren macht. Seine leichte [&#8230;]\n","protected":false},"featured_media":294893,"comment_status":"open","ping_status":"closed","template":"","meta":[],"product_brand":[],"product_cat":[1129],"product_tag":[],"class_list":{"0":"post-294957","1":"product","2":"type-product","3":"status-publish","4":"has-post-thumbnail","6":"product_cat-jagd-stiefel","7":"product_shipping_class-medium-de","9":"first","10":"instock","11":"sale","12":"taxable","13":"shipping-taxable","14":"purchasable","15":"product-type-variable"},"composite_virtual":false,"composite_layout":"","composite_add_to_cart_form_location":"","composite_editable_in_cart":false,"composite_sold_individually_context":"","composite_shop_price_calc":"","composite_components":[],"composite_scenarios":[],"group_of_quantity":0,"min_quantity":0,"max_quantity":"","exclude_order_quantity_value_rules":"no","exclude_category_quantity_rules":"no","combine_variations":"no","exclude_global_add_ons":[],"addons":[],"_links":{"self":[{"href":"https:\/\/www.huntersfriend.eu\/de\/wp-json\/wp\/v2\/product\/294957","targetHints":{"allow":["GET"]}}],"collection":[{"href":"https:\/\/www.huntersfriend.eu\/de\/wp-json\/wp\/v2\/product"}],"about":[{"href":"https:\/\/www.huntersfriend.eu\/de\/wp-json\/wp\/v2\/types\/product"}],"replies":[{"embeddable":true,"href":"https:\/\/www.huntersfriend.eu\/de\/wp-json\/wp\/v2\/comments?post=294957"}],"wp:featuredmedia":[{"embeddable":true,"href":"https:\/\/www.huntersfriend.eu\/de\/wp-json\/wp\/v2\/media\/294893"}],"wp:attachment":[{"href":"https:\/\/www.huntersfriend.eu\/de\/wp-json\/wp\/v2\/media?parent=294957"}],"wp:term":[{"taxonomy":"product_brand","embeddable":true,"href":"https:\/\/www.huntersfriend.eu\/de\/wp-json\/wp\/v2\/product_brand?post=294957"},{"taxonomy":"product_cat","embeddable":true,"href":"https:\/\/www.huntersfriend.eu\/de\/wp-json\/wp\/v2\/product_cat?post=294957"},{"taxonomy":"product_tag","embeddable":true,"href":"https:\/\/www.huntersfriend.eu\/de\/wp-json\/wp\/v2\/product_tag?post=294957"}],"curies":[{"name":"wp","href":"https:\/\/api.w.org\/{rel}","templated":true}]}}