{"id":294945,"date":"2026-03-04T08:35:36","date_gmt":"2026-03-04T06:35:36","guid":{"rendered":"https:\/\/www.huntersfriend.eu\/product\/duke-body-trap-155-2\/"},"modified":"2026-03-04T13:20:18","modified_gmt":"2026-03-04T11:20:18","slug":"duke-body-trap-155-2","status":"publish","type":"product","link":"https:\/\/www.huntersfriend.eu\/de\/produkt\/duke-body-trap-155-2\/","title":{"rendered":"Duke Body Trap 155-2"},"content":{"rendered":"<h3>Spannweite der Backen: 5&#8243; \/ 12,7 cm<br \/>\nZiel: Marder, Murmeltier, Waschb\u00e4r oder \u00e4hnliche Gr\u00f6\u00dfe<\/h3>\n","protected":false},"excerpt":{"rendered":"<p>Spannweite der Backen: 5&#8243; \/ 12,7 cm Ziel: Marder, Murmeltier, Waschb\u00e4r oder \u00e4hnliche Gr\u00f6\u00dfe<\/p>\n","protected":false},"featured_media":294850,"comment_status":"open","ping_status":"closed","template":"","meta":[],"product_brand":[],"product_cat":[1410],"product_tag":[],"class_list":{"0":"post-294945","1":"product","2":"type-product","3":"status-publish","4":"has-post-thumbnail","6":"product_cat-fallen-und-fallenzubehor","8":"first","9":"instock","10":"taxable","11":"shipping-taxable","12":"purchasable","13":"product-type-simple"},"composite_virtual":false,"composite_layout":"","composite_add_to_cart_form_location":"","composite_editable_in_cart":false,"composite_sold_individually_context":"","composite_shop_price_calc":"","composite_components":[],"composite_scenarios":[],"group_of_quantity":0,"min_quantity":0,"max_quantity":"","exclude_order_quantity_value_rules":"no","exclude_category_quantity_rules":"no","combine_variations":"no","exclude_global_add_ons":[],"addons":[],"_links":{"self":[{"href":"https:\/\/www.huntersfriend.eu\/de\/wp-json\/wp\/v2\/product\/294945","targetHints":{"allow":["GET"]}}],"collection":[{"href":"https:\/\/www.huntersfriend.eu\/de\/wp-json\/wp\/v2\/product"}],"about":[{"href":"https:\/\/www.huntersfriend.eu\/de\/wp-json\/wp\/v2\/types\/product"}],"replies":[{"embeddable":true,"href":"https:\/\/www.huntersfriend.eu\/de\/wp-json\/wp\/v2\/comments?post=294945"}],"wp:featuredmedia":[{"embeddable":true,"href":"https:\/\/www.huntersfriend.eu\/de\/wp-json\/wp\/v2\/media\/294850"}],"wp:attachment":[{"href":"https:\/\/www.huntersfriend.eu\/de\/wp-json\/wp\/v2\/media?parent=294945"}],"wp:term":[{"taxonomy":"product_brand","embeddable":true,"href":"https:\/\/www.huntersfriend.eu\/de\/wp-json\/wp\/v2\/product_brand?post=294945"},{"taxonomy":"product_cat","embeddable":true,"href":"https:\/\/www.huntersfriend.eu\/de\/wp-json\/wp\/v2\/product_cat?post=294945"},{"taxonomy":"product_tag","embeddable":true,"href":"https:\/\/www.huntersfriend.eu\/de\/wp-json\/wp\/v2\/product_tag?post=294945"}],"curies":[{"name":"wp","href":"https:\/\/api.w.org\/{rel}","templated":true}]}}