{"id":294342,"date":"2026-01-14T15:20:58","date_gmt":"2026-01-14T13:20:58","guid":{"rendered":"https:\/\/www.huntersfriend.eu\/product\/alpen-optics-creston-xp-7x24-oled-entfernungsmesser\/"},"modified":"2026-02-02T13:24:19","modified_gmt":"2026-02-02T11:24:19","slug":"alpen-optics-creston-xp-7x24-oled-entfernungsmesser","status":"publish","type":"product","link":"https:\/\/www.huntersfriend.eu\/de\/produkt\/alpen-optics-creston-xp-7x24-oled-entfernungsmesser\/","title":{"rendered":"Alpen Optics Creston XP 7&#215;24 OLED Entfernungsmesser"},"content":{"rendered":"<h1 id=\"description\">Funktionen<\/h1>\n<ul>\n<li>OLED-projizierte rote Anzeige mit einstellbarer Helligkeit<\/li>\n<li>LOS- und HCD-Scan-Modi<\/li>\n<li>Kompaktes und konturiertes Design f\u00fcr beste Handhabung und Griffigkeit<\/li>\n<li>7-fache Vergr\u00f6\u00dferung mit einem 24-mm-Objektiv<\/li>\n<li>Hartzielmessung bis zu 2500 Yards (1828 Meter)<\/li>\n<li>Weichzielmessung bis zu 700 Yards (640 Meter)<\/li>\n<li>Das Fadenkreuz kann f\u00fcr schlechte Lichtverh\u00e4ltnisse und helle Bedingungen in 6 verschiedene Stufen gedimmt\/aufgehellt werden<\/li>\n<li>W\u00e4hlen Sie zwischen Yards oder Metern<\/li>\n<li>Wasserdicht gem\u00e4\u00df IPX4<\/li>\n<li>Mehrfach verg\u00fctete Linse<\/li>\n<li>Etui und Trageband enthalten<\/li>\n<li>(1) CR2-Batterie enthalten<\/li>\n<\/ul>\n","protected":false},"excerpt":{"rendered":"<p>Funktionen OLED-projizierte rote Anzeige mit einstellbarer Helligkeit LOS- und HCD-Scan-Modi Kompaktes und konturiertes Design f\u00fcr beste Handhabung und Griffigkeit 7-fache Vergr\u00f6\u00dferung mit einem 24-mm-Objektiv Hartzielmessung bis zu 2500 Yards (1828 Meter) Weichzielmessung bis zu 700 Yards (640 Meter) Das Fadenkreuz kann f\u00fcr schlechte Lichtverh\u00e4ltnisse und helle Bedingungen in 6 verschiedene Stufen gedimmt\/aufgehellt werden W\u00e4hlen Sie [&#8230;]\n","protected":false},"featured_media":294308,"comment_status":"open","ping_status":"closed","template":"","meta":[],"product_brand":[],"product_cat":[1131],"product_tag":[],"class_list":{"0":"post-294342","1":"product","2":"type-product","3":"status-publish","4":"has-post-thumbnail","6":"product_cat-entfernungsmesser","8":"first","9":"instock","10":"taxable","11":"shipping-taxable","12":"purchasable","13":"product-type-simple"},"composite_virtual":false,"composite_layout":"","composite_add_to_cart_form_location":"","composite_editable_in_cart":false,"composite_sold_individually_context":"","composite_shop_price_calc":"","composite_components":[],"composite_scenarios":[],"group_of_quantity":0,"min_quantity":0,"max_quantity":"","exclude_order_quantity_value_rules":"no","exclude_category_quantity_rules":"no","combine_variations":"no","exclude_global_add_ons":[],"addons":[],"_links":{"self":[{"href":"https:\/\/www.huntersfriend.eu\/de\/wp-json\/wp\/v2\/product\/294342","targetHints":{"allow":["GET"]}}],"collection":[{"href":"https:\/\/www.huntersfriend.eu\/de\/wp-json\/wp\/v2\/product"}],"about":[{"href":"https:\/\/www.huntersfriend.eu\/de\/wp-json\/wp\/v2\/types\/product"}],"replies":[{"embeddable":true,"href":"https:\/\/www.huntersfriend.eu\/de\/wp-json\/wp\/v2\/comments?post=294342"}],"wp:featuredmedia":[{"embeddable":true,"href":"https:\/\/www.huntersfriend.eu\/de\/wp-json\/wp\/v2\/media\/294308"}],"wp:attachment":[{"href":"https:\/\/www.huntersfriend.eu\/de\/wp-json\/wp\/v2\/media?parent=294342"}],"wp:term":[{"taxonomy":"product_brand","embeddable":true,"href":"https:\/\/www.huntersfriend.eu\/de\/wp-json\/wp\/v2\/product_brand?post=294342"},{"taxonomy":"product_cat","embeddable":true,"href":"https:\/\/www.huntersfriend.eu\/de\/wp-json\/wp\/v2\/product_cat?post=294342"},{"taxonomy":"product_tag","embeddable":true,"href":"https:\/\/www.huntersfriend.eu\/de\/wp-json\/wp\/v2\/product_tag?post=294342"}],"curies":[{"name":"wp","href":"https:\/\/api.w.org\/{rel}","templated":true}]}}