{"id":294332,"date":"2026-01-14T15:20:57","date_gmt":"2026-01-14T13:20:57","guid":{"rendered":"https:\/\/www.huntersfriend.eu\/product\/kamik-canuck-winterstiefel\/"},"modified":"2026-02-25T10:38:17","modified_gmt":"2026-02-25T08:38:17","slug":"kamik-canuck-winterstiefel","status":"publish","type":"product","link":"https:\/\/www.huntersfriend.eu\/de\/produkt\/kamik-canuck-winterstiefel\/","title":{"rendered":"Kamik Canuck Winterstiefel"},"content":{"rendered":"<p>Bereit, den Winter zu erobern? Schl\u00fcpfen Sie in die Canuck Winterstiefel und das Abenteuer kann beginnen! Gefertigt mit einem nahtversiegelten, wasserdichten Nylon, einem verstellbaren Schneekragen und Mittelfu\u00dfbereich mit Schn\u00fcrsenkel-Arretierung sowie einer Synthetik-Gummischale, bleiben Ihre F\u00fc\u00dfe trocken, egal wie tief der Schnee ist. Dieses leistungsstarke Paar verf\u00fcgt \u00fcber eine Zylex\u00ae-W\u00e4rmeisolierung zusammen mit einem feuchtigkeitsableitenden Futter, das Ihre F\u00fc\u00dfe warm h\u00e4lt, sodass Sie sich auf die anstehende Aufgabe konzentrieren k\u00f6nnen und nicht auf die K\u00e4lte unter Ihnen. Schneesturm? Kein Problem: Tiefe, selbstreinigende Profile bieten hervorragende Traktion, sodass Sie sich auch bei schneebedeckten Bedingungen sicher fortbewegen k\u00f6nnen.     <\/p>\n<ul>\n<li><strong>Nahtversiegeltes, wasserdichtes 1000 Denier Nylon-Obermaterial:<\/strong> Ein veganfreundliches und rei\u00dffestes Material.<\/li>\n<li><strong>Verstellbarer Schneekragen mit Schn\u00fcrsenkel-Arretierung:<\/strong> H\u00e4lt den Schnee drau\u00dfen.<\/li>\n<li><strong>8 mm Zylex\u00ae-Herausnehmbarer Innenschuh (97 % recycelter Inhalt):<\/strong> Bietet Schutz vor K\u00e4lte bis zu -40 \u00b0C.<\/li>\n<li><strong>Feuchtigkeitsableitendes Futter:<\/strong> H\u00e4lt die F\u00fc\u00dfe besonders trocken.<\/li>\n<li><strong>Verstellbare Mittelfu\u00dfschn\u00fcrung mit Schn\u00fcrsenkel-Arretierung:<\/strong> Damit Ihre Stiefel bei jeder Aktivit\u00e4t an Ort und Stelle bleiben.<\/li>\n<li><strong>Wasserdichte und recycelbare, leichte GROUND-CTRL Rubber\u2122-Synthetikschale:<\/strong> H\u00e4lt die N\u00e4sse drau\u00dfen.<\/li>\n<li><strong>Die Au\u00dfensohle bietet Halt bei schneebedeckten Bedingungen.<\/strong><\/li>\n<li><strong>H\u00f6he:<\/strong> 38,5 cm<\/li>\n<li><strong>Gewicht:<\/strong> 1724 g pro Paar<\/li>\n<li><strong>Umfang:<\/strong> 42,5 cm (Gr\u00f6\u00dfe 9)<\/li>\n<\/ul>\n<p>Passen Sie unsere Stiefel an Ihre W\u00e4rmebed\u00fcrfnisse an, abh\u00e4ngig von Ihren Aktivit\u00e4tsleveln und Wetterbedingungen.<\/p>\n<p>Alle Materialien und N\u00e4hte (sichtbar und unsichtbar) sind speziell mit wasserdichten B\u00e4ndern und Dichtstoffen behandelt, um Feuchtigkeit abzuhalten und die F\u00fc\u00dfe vollkommen trocken zu halten.<\/p>\n<p>Leicht und stark, unsere firmeneigene Technologie bietet hervorragende Traktion und Flexibilit\u00e4t und ist zu 100 % recycelbar.<\/p>\n<p>Herausnehmbare Innenschuhe: Gew\u00e4hrleisten optimale W\u00e4rme. Nachhaltig und hergestellt aus bis zu 100 % recycelten Materialien. <\/p>\n","protected":false},"excerpt":{"rendered":"<p>Bereit, den Winter zu erobern? Schl\u00fcpfen Sie in die Canuck Winterstiefel und das Abenteuer kann beginnen! Gefertigt mit einem nahtversiegelten, wasserdichten Nylon, einem verstellbaren Schneekragen und Mittelfu\u00dfbereich mit Schn\u00fcrsenkel-Arretierung sowie einer Synthetik-Gummischale, bleiben Ihre F\u00fc\u00dfe trocken, egal wie tief der Schnee ist. Dieses leistungsstarke Paar verf\u00fcgt \u00fcber eine Zylex\u00ae-W\u00e4rmeisolierung zusammen mit einem feuchtigkeitsableitenden Futter, das [&#8230;]\n","protected":false},"featured_media":294298,"comment_status":"open","ping_status":"closed","template":"","meta":[],"product_brand":[],"product_cat":[2666,1207],"product_tag":[],"class_list":{"0":"post-294332","1":"product","2":"type-product","3":"status-publish","4":"has-post-thumbnail","6":"product_cat-vinterjaktkangor","7":"product_cat-winter-jagd-stiefel","9":"first","10":"instock","11":"taxable","12":"shipping-taxable","13":"purchasable","14":"product-type-variable"},"composite_virtual":false,"composite_layout":"","composite_add_to_cart_form_location":"","composite_editable_in_cart":false,"composite_sold_individually_context":"","composite_shop_price_calc":"","composite_components":[],"composite_scenarios":[],"group_of_quantity":0,"min_quantity":0,"max_quantity":"","exclude_order_quantity_value_rules":"no","exclude_category_quantity_rules":"no","combine_variations":"no","exclude_global_add_ons":[],"addons":[],"_links":{"self":[{"href":"https:\/\/www.huntersfriend.eu\/de\/wp-json\/wp\/v2\/product\/294332","targetHints":{"allow":["GET"]}}],"collection":[{"href":"https:\/\/www.huntersfriend.eu\/de\/wp-json\/wp\/v2\/product"}],"about":[{"href":"https:\/\/www.huntersfriend.eu\/de\/wp-json\/wp\/v2\/types\/product"}],"replies":[{"embeddable":true,"href":"https:\/\/www.huntersfriend.eu\/de\/wp-json\/wp\/v2\/comments?post=294332"}],"wp:featuredmedia":[{"embeddable":true,"href":"https:\/\/www.huntersfriend.eu\/de\/wp-json\/wp\/v2\/media\/294298"}],"wp:attachment":[{"href":"https:\/\/www.huntersfriend.eu\/de\/wp-json\/wp\/v2\/media?parent=294332"}],"wp:term":[{"taxonomy":"product_brand","embeddable":true,"href":"https:\/\/www.huntersfriend.eu\/de\/wp-json\/wp\/v2\/product_brand?post=294332"},{"taxonomy":"product_cat","embeddable":true,"href":"https:\/\/www.huntersfriend.eu\/de\/wp-json\/wp\/v2\/product_cat?post=294332"},{"taxonomy":"product_tag","embeddable":true,"href":"https:\/\/www.huntersfriend.eu\/de\/wp-json\/wp\/v2\/product_tag?post=294332"}],"curies":[{"name":"wp","href":"https:\/\/api.w.org\/{rel}","templated":true}]}}