{"id":294286,"date":"2026-01-29T12:13:31","date_gmt":"2026-01-29T10:13:31","guid":{"rendered":"https:\/\/www.huntersfriend.eu\/product\/sitka-stratus-bib-2-0-elevated\/"},"modified":"2026-03-11T14:37:00","modified_gmt":"2026-03-11T12:37:00","slug":"sitka-stratus-bib-2-0-elevated","status":"publish","type":"product","link":"https:\/\/www.huntersfriend.eu\/de\/produkt\/sitka-stratus-bib-2-0-elevated\/","title":{"rendered":"SITKA Stratus Bib 2.0 \u2013 Elevated"},"content":{"rendered":"<p data-start=\"0\" data-end=\"68\"><strong data-start=\"0\" data-end=\"68\">Sitka Stratus Bib 2.0 Insulated \u2013 Optifade Elevated II<\/strong><\/p>\n<p data-start=\"70\" data-end=\"576\">Die isolierte Sitka Stratus Bib 2.0 bietet eine leistungsstarke Kombination aus Windschutz, W\u00e4rme und Funktionalit\u00e4t \u2013 was sie zu einem perfekten Begleiter f\u00fcr kalte, windige Bedingungen macht. Das Optifade Elevated II-Tarnmuster hilft Ihnen, sich in eine Vielzahl von Gel\u00e4nden einzuf\u00fcgen, insbesondere in schneereichen Umgebungen, w\u00e4hrend sorgf\u00e4ltig ausgew\u00e4hlte Materialien Komfort und Haltbarkeit verbessern. Die Stratus Bib 2.0 eignet sich sowohl f\u00fcr aktive Bewegung als auch f\u00fcr die Standjagd, wo Beweglichkeit, W\u00e4rme und leise Leistung entscheidend sind.  <\/p>\n<p data-start=\"578\" data-end=\"1378\">Die Stratus Bib 2.0 h\u00e4lt in Situationen stand, in denen Sie zwischen Bewegung und Stille wechseln. Sie ist eine ausgezeichnete Wahl als Winterausr\u00fcstung f\u00fcr die Standjagd und eignet sich besonders gut f\u00fcr die Treibjagd und die Elchjagd. Die WINDSTOPPER\u00ae-Technologie blockiert das Eindringen von Wind, w\u00e4hrend das geb\u00fcrstete Recycling-Polyester-Obermaterial und das LMC-Fleecefutter ein leises, weiches und warmes Gef\u00fchl vermitteln. Das Anti-Pilling-Gewebe an den Unterschenkeln widersteht Abnutzung und gew\u00e4hrleistet eine lange Lebensdauer in stark beanspruchten Bereichen. Mehrere Taschenl\u00f6sungen \u2013 wie offene Handw\u00e4rmertaschen und Oberschenkeltaschen mit Druckknopfverschluss \u2013 erm\u00f6glichen eine organisierte, ger\u00e4uschlose Aufbewahrung der Ausr\u00fcstung. Ein mittiger Frontrei\u00dfverschluss und 7\/8-lange Seitenrei\u00dfverschl\u00fcsse erleichtern das An- und Ausziehen der Latzhose, auch mit Stiefeln. Verstellbare Hosentr\u00e4ger sorgen f\u00fcr einen sicheren, bequemen Sitz beim Tragen mehrerer Schichten.      <\/p>\n<h3 data-start=\"1380\" data-end=\"1408\">Technische Daten<\/h3>\n<ul data-start=\"1409\" data-end=\"1991\">\n<li data-start=\"1409\" data-end=\"1471\">\n<p data-start=\"1411\" data-end=\"1471\"><strong data-start=\"1411\" data-end=\"1424\">Material:<\/strong> 100 % winddichtes WINDSTOPPER\u00ae von GORE-TEX LABS<\/p>\n<\/li>\n<li data-start=\"1472\" data-end=\"1546\">\n<p data-start=\"1474\" data-end=\"1546\"><strong data-start=\"1474\" data-end=\"1490\">Obermaterial:<\/strong> Recyceltes, geb\u00fcrstetes Polyester \u2013 leise, weich und strapazierf\u00e4hig<\/p>\n<\/li>\n<li data-start=\"1547\" data-end=\"1605\">\n<p data-start=\"1549\" data-end=\"1605\"><strong data-start=\"1549\" data-end=\"1560\">Futter:<\/strong> Recyceltes LMC-Fleece f\u00fcr leichte W\u00e4rme<\/p>\n<\/li>\n<li data-start=\"1606\" data-end=\"1697\">\n<p data-start=\"1608\" data-end=\"1697\"><strong data-start=\"1608\" data-end=\"1629\">Unterschenkelpartien:<\/strong> Anti-Pilling-Recycling-Polyester f\u00fcr erh\u00f6hte Abriebfestigkeit<\/p>\n<\/li>\n<li data-start=\"1698\" data-end=\"1769\">\n<p data-start=\"1700\" data-end=\"1769\"><strong data-start=\"1700\" data-end=\"1712\">Taschen:<\/strong> Offene Handw\u00e4rmertaschen und leise Oberschenkeltaschen mit Druckknopfverschluss<\/p>\n<\/li>\n<li data-start=\"1770\" data-end=\"1853\">\n<p data-start=\"1772\" data-end=\"1853\"><strong data-start=\"1772\" data-end=\"1784\">Rei\u00dfverschl\u00fcsse:<\/strong> Mittiger Frontrei\u00dfverschluss plus 7\/8-lange Seitenrei\u00dfverschl\u00fcsse f\u00fcr einfaches Anziehen<\/p>\n<\/li>\n<li data-start=\"1854\" data-end=\"1929\">\n<p data-start=\"1856\" data-end=\"1929\"><strong data-start=\"1856\" data-end=\"1871\">Hosentr\u00e4ger:<\/strong> Verstellbare Hosentr\u00e4ger f\u00fcr eine individuelle, bequeme Passform<\/p>\n<\/li>\n<li data-start=\"1930\" data-end=\"1970\">\n<p data-start=\"1932\" data-end=\"1970\"><strong data-start=\"1932\" data-end=\"1947\">Tarnmuster:<\/strong> Optifade Elevated II<\/p>\n<\/li>\n<li data-start=\"1971\" data-end=\"1991\">\n<p data-start=\"1973\" data-end=\"1991\"><strong data-start=\"1973\" data-end=\"1983\">Gr\u00f6\u00dfen:<\/strong> M\u20132XL<\/p>\n<\/li>\n<\/ul>\n<h3 data-start=\"1993\" data-end=\"2027\">Warum die Stratus Bib 2.0 w\u00e4hlen?<\/h3>\n<p data-start=\"2028\" data-end=\"2610\" data-is-last-node=\"\" data-is-only-node=\"\">Die isolierte Stratus Bib 2.0 bietet hervorragenden Windschutz kombiniert mit W\u00e4rme und Bewegungsfreiheit. Die WINDSTOPPER\u00ae-Technologie verhindert das Eindringen kalter Luft, w\u00e4hrend das Fleecefutter hilft, die K\u00f6rperw\u00e4rme zu regulieren. Leise Materialien und Druckknopfverschl\u00fcsse minimieren Ger\u00e4usche im Feld. Praktische Taschenanordnungen, leichtg\u00e4ngige Rei\u00dfverschl\u00fcsse und verstellbare Hosentr\u00e4ger machen diese Latzhose zu einer hochfunktionellen Wahl, egal ob Sie sich durch das Gel\u00e4nde bewegen oder auf dem Stand warten. Das Optifade Elevated II-Tarnmuster sorgt f\u00fcr eine effektive visuelle Tarnung in schneebedeckten und erh\u00f6hten Waldumgebungen.    <\/p>\n","protected":false},"excerpt":{"rendered":"<p>Sitka Stratus Bib 2.0 Insulated \u2013 Optifade Elevated II Die isolierte Sitka Stratus Bib 2.0 bietet eine leistungsstarke Kombination aus Windschutz, W\u00e4rme und Funktionalit\u00e4t \u2013 was sie zu einem perfekten Begleiter f\u00fcr kalte, windige Bedingungen macht. Das Optifade Elevated II-Tarnmuster hilft Ihnen, sich in eine Vielzahl von Gel\u00e4nden einzuf\u00fcgen, insbesondere in schneereichen Umgebungen, w\u00e4hrend sorgf\u00e4ltig [&#8230;]\n","protected":false},"featured_media":294201,"comment_status":"open","ping_status":"closed","template":"","meta":[],"product_brand":[],"product_cat":[2814,2230],"product_tag":[],"class_list":{"0":"post-294286","1":"product","2":"type-product","3":"status-publish","4":"has-post-thumbnail","6":"product_cat-byxor-sv","7":"product_cat-latzhosen","9":"first","10":"instock","11":"taxable","12":"shipping-taxable","13":"purchasable","14":"product-type-variable"},"composite_virtual":false,"composite_layout":"","composite_add_to_cart_form_location":"","composite_editable_in_cart":false,"composite_sold_individually_context":"","composite_shop_price_calc":"","composite_components":[],"composite_scenarios":[],"group_of_quantity":0,"min_quantity":0,"max_quantity":"","exclude_order_quantity_value_rules":"no","exclude_category_quantity_rules":"no","combine_variations":"no","exclude_global_add_ons":[],"addons":[],"_links":{"self":[{"href":"https:\/\/www.huntersfriend.eu\/de\/wp-json\/wp\/v2\/product\/294286","targetHints":{"allow":["GET"]}}],"collection":[{"href":"https:\/\/www.huntersfriend.eu\/de\/wp-json\/wp\/v2\/product"}],"about":[{"href":"https:\/\/www.huntersfriend.eu\/de\/wp-json\/wp\/v2\/types\/product"}],"replies":[{"embeddable":true,"href":"https:\/\/www.huntersfriend.eu\/de\/wp-json\/wp\/v2\/comments?post=294286"}],"wp:featuredmedia":[{"embeddable":true,"href":"https:\/\/www.huntersfriend.eu\/de\/wp-json\/wp\/v2\/media\/294201"}],"wp:attachment":[{"href":"https:\/\/www.huntersfriend.eu\/de\/wp-json\/wp\/v2\/media?parent=294286"}],"wp:term":[{"taxonomy":"product_brand","embeddable":true,"href":"https:\/\/www.huntersfriend.eu\/de\/wp-json\/wp\/v2\/product_brand?post=294286"},{"taxonomy":"product_cat","embeddable":true,"href":"https:\/\/www.huntersfriend.eu\/de\/wp-json\/wp\/v2\/product_cat?post=294286"},{"taxonomy":"product_tag","embeddable":true,"href":"https:\/\/www.huntersfriend.eu\/de\/wp-json\/wp\/v2\/product_tag?post=294286"}],"curies":[{"name":"wp","href":"https:\/\/api.w.org\/{rel}","templated":true}]}}