{"id":294276,"date":"2026-01-29T12:13:30","date_gmt":"2026-01-29T10:13:30","guid":{"rendered":"https:\/\/www.huntersfriend.eu\/product\/sitka-jetstream-ws-handschuhe-elevated\/"},"modified":"2026-03-11T14:36:57","modified_gmt":"2026-03-11T12:36:57","slug":"sitka-jetstream-ws-handschuhe-elevated","status":"publish","type":"product","link":"https:\/\/www.huntersfriend.eu\/de\/produkt\/sitka-jetstream-ws-handschuhe-elevated\/","title":{"rendered":"SITKA Jetstream WS Handschuhe \u2013 Elevated"},"content":{"rendered":"<p data-start=\"0\" data-end=\"51\"><strong data-start=\"0\" data-end=\"51\">Sitka Jetstream WS Handschuh \u2013 Optifade Elevated II<\/strong><\/p>\n<p data-start=\"53\" data-end=\"612\">Der Sitka Jetstream WS Handschuh wurde f\u00fcr J\u00e4ger und Outdoor-Enthusiasten entwickelt, die einen Handschuh ben\u00f6tigen, der vor Wind und Feuchtigkeit sch\u00fctzt und gleichzeitig Pr\u00e4zision und taktile Sensibilit\u00e4t bewahrt. Er bietet eine ausgewogene Kombination aus W\u00e4rme, Fingerfertigkeit und Funktionalit\u00e4t, sodass Sie auch unter wechselnden Bedingungen effizient agieren k\u00f6nnen. Das Optifade Elevated II-Tarnmuster wurde speziell f\u00fcr bewaldetes Gel\u00e4nde und erh\u00f6hte Standorte entwickelt, wo es wichtig ist, mit der Umgebung zu verschmelzen. Das Elevated II-Muster funktioniert besonders gut in verschneiten Umgebungen.   <\/p>\n<h3 data-start=\"614\" data-end=\"637\">Verwendung und Eignung<\/h3>\n<p data-start=\"638\" data-end=\"1170\">Der Jetstream WS Handschuh zeichnet sich besonders bei k\u00fchlem, windigem Herbstwetter bis in den fr\u00fchen Winter aus. Er eignet sich gut f\u00fcr die aktive Jagd, die Bewegung im Gel\u00e4nde und Situationen, in denen sowohl Schutz als auch Fingerfertigkeit erforderlich sind. Die WINDSTOPPER\u00ae-Membran sorgt daf\u00fcr, dass der Wind Ihre H\u00e4nde nicht ausk\u00fchlt, w\u00e4hrend das Fleecefutter W\u00e4rme und Komfort bietet. Die flexible Konstruktion des Handschuhs bewahrt die Bewegungsfreiheit. Silikonpunkte verbessern die Handhabung, und die Touchscreen-Kompatibilit\u00e4t erm\u00f6glicht die Nutzung von Ger\u00e4ten, ohne die Handschuhe auszuziehen.    <\/p>\n<h3 data-start=\"1172\" data-end=\"1200\">Technische Daten<\/h3>\n<ul data-start=\"1201\" data-end=\"1624\">\n<li data-start=\"1201\" data-end=\"1221\">\n<p data-start=\"1203\" data-end=\"1221\"><strong data-start=\"1203\" data-end=\"1214\">Gewicht:<\/strong> 80 g<\/p>\n<\/li>\n<li data-start=\"1222\" data-end=\"1242\">\n<p data-start=\"1224\" data-end=\"1242\"><strong data-start=\"1224\" data-end=\"1234\">Gr\u00f6\u00dfen:<\/strong> M\u20132XL<\/p>\n<\/li>\n<li data-start=\"1243\" data-end=\"1334\">\n<p data-start=\"1245\" data-end=\"1334\"><strong data-start=\"1245\" data-end=\"1279\">WINDSTOPPER\u00ae von GORE-TEX Labs:<\/strong> Winddicht und wasserabweisend gegen leichte Feuchtigkeit<\/p>\n<\/li>\n<li data-start=\"1335\" data-end=\"1390\">\n<p data-start=\"1337\" data-end=\"1390\"><strong data-start=\"1337\" data-end=\"1362\">Stretch-Obermaterial:<\/strong> Verbessert die Fingerfertigkeit<\/p>\n<\/li>\n<li data-start=\"1391\" data-end=\"1442\">\n<p data-start=\"1393\" data-end=\"1442\"><strong data-start=\"1393\" data-end=\"1416\">Weiches Fleecefutter:<\/strong> Sorgt f\u00fcr W\u00e4rme und Komfort<\/p>\n<\/li>\n<li data-start=\"1443\" data-end=\"1517\">\n<p data-start=\"1445\" data-end=\"1517\"><strong data-start=\"1445\" data-end=\"1494\">Verst\u00e4rkung der Handfl\u00e4che aus synthetischem Digitalleder:<\/strong> Erh\u00f6ht die Haltbarkeit<\/p>\n<\/li>\n<li data-start=\"1518\" data-end=\"1572\">\n<p data-start=\"1520\" data-end=\"1572\"><strong data-start=\"1520\" data-end=\"1556\">Silikonpunktmuster auf den Fingern:<\/strong> Verbessert den Grip<\/p>\n<\/li>\n<li data-start=\"1573\" data-end=\"1624\">\n<p data-start=\"1575\" data-end=\"1624\"><strong data-start=\"1575\" data-end=\"1624\">Touchscreen-kompatibler Daumen und Zeigefinger<\/strong><\/p>\n<\/li>\n<\/ul>\n<h3 data-start=\"1626\" data-end=\"1637\">Zusammenfassung<\/h3>\n<p data-start=\"1638\" data-end=\"1968\" data-is-last-node=\"\" data-is-only-node=\"\">Der Sitka Jetstream WS Handschuh kombiniert fortschrittliche Materialien, zuverl\u00e4ssigen Schutz und hervorragende Benutzerfreundlichkeit. Er ist eine ideale Wahl f\u00fcr J\u00e4ger, die einen Handschuh f\u00fcr die Herbst- und Fr\u00fchwinterjagd ben\u00f6tigen. Dieser Handschuh sch\u00fctzt vor den Elementen, h\u00e4lt Ihre H\u00e4nde warm und erm\u00f6glicht eine pr\u00e4zise Handhabung unter kalten, windigen Bedingungen \u2013 ohne Kompromisse.  <\/p>\n","protected":false},"excerpt":{"rendered":"<p>Sitka Jetstream WS Handschuh \u2013 Optifade Elevated II Der Sitka Jetstream WS Handschuh wurde f\u00fcr J\u00e4ger und Outdoor-Enthusiasten entwickelt, die einen Handschuh ben\u00f6tigen, der vor Wind und Feuchtigkeit sch\u00fctzt und gleichzeitig Pr\u00e4zision und taktile Sensibilit\u00e4t bewahrt. Er bietet eine ausgewogene Kombination aus W\u00e4rme, Fingerfertigkeit und Funktionalit\u00e4t, sodass Sie auch unter wechselnden Bedingungen effizient agieren k\u00f6nnen. [&#8230;]\n","protected":false},"featured_media":294204,"comment_status":"open","ping_status":"closed","template":"","meta":[],"product_brand":[],"product_cat":[2809,1382],"product_tag":[],"class_list":{"0":"post-294276","1":"product","2":"type-product","3":"status-publish","4":"has-post-thumbnail","6":"product_cat-handskar","7":"product_cat-handschuhe","9":"first","10":"instock","11":"taxable","12":"shipping-taxable","13":"purchasable","14":"product-type-variable"},"composite_virtual":false,"composite_layout":"","composite_add_to_cart_form_location":"","composite_editable_in_cart":false,"composite_sold_individually_context":"","composite_shop_price_calc":"","composite_components":[],"composite_scenarios":[],"group_of_quantity":0,"min_quantity":0,"max_quantity":"","exclude_order_quantity_value_rules":"no","exclude_category_quantity_rules":"no","combine_variations":"no","exclude_global_add_ons":[],"addons":[],"_links":{"self":[{"href":"https:\/\/www.huntersfriend.eu\/de\/wp-json\/wp\/v2\/product\/294276","targetHints":{"allow":["GET"]}}],"collection":[{"href":"https:\/\/www.huntersfriend.eu\/de\/wp-json\/wp\/v2\/product"}],"about":[{"href":"https:\/\/www.huntersfriend.eu\/de\/wp-json\/wp\/v2\/types\/product"}],"replies":[{"embeddable":true,"href":"https:\/\/www.huntersfriend.eu\/de\/wp-json\/wp\/v2\/comments?post=294276"}],"wp:featuredmedia":[{"embeddable":true,"href":"https:\/\/www.huntersfriend.eu\/de\/wp-json\/wp\/v2\/media\/294204"}],"wp:attachment":[{"href":"https:\/\/www.huntersfriend.eu\/de\/wp-json\/wp\/v2\/media?parent=294276"}],"wp:term":[{"taxonomy":"product_brand","embeddable":true,"href":"https:\/\/www.huntersfriend.eu\/de\/wp-json\/wp\/v2\/product_brand?post=294276"},{"taxonomy":"product_cat","embeddable":true,"href":"https:\/\/www.huntersfriend.eu\/de\/wp-json\/wp\/v2\/product_cat?post=294276"},{"taxonomy":"product_tag","embeddable":true,"href":"https:\/\/www.huntersfriend.eu\/de\/wp-json\/wp\/v2\/product_tag?post=294276"}],"curies":[{"name":"wp","href":"https:\/\/api.w.org\/{rel}","templated":true}]}}