{"id":294266,"date":"2026-01-29T12:13:44","date_gmt":"2026-01-29T10:13:44","guid":{"rendered":"https:\/\/www.huntersfriend.eu\/product\/sitka-stratus-hose-2-0-elevated\/"},"modified":"2026-02-02T11:26:53","modified_gmt":"2026-02-02T09:26:53","slug":"sitka-stratus-hose-2-0-elevated","status":"publish","type":"product","link":"https:\/\/www.huntersfriend.eu\/de\/produkt\/sitka-stratus-hose-2-0-elevated\/","title":{"rendered":"SITKA Stratus Hose 2.0 \u2013 Elevated"},"content":{"rendered":"<p data-start=\"0\" data-end=\"49\"><strong data-start=\"0\" data-end=\"49\">Sitka Stratus Hose 2.0 \u2013 Optifade Elevated II<\/strong><\/p>\n<p data-start=\"51\" data-end=\"481\">Die Sitka Stratus Hose 2.0 wurde entwickelt, um eine ausgewogene Kombination aus Windschutz, Isolation und Bewegungsfreiheit unter anspruchsvollen Bedingungen zu bieten. Sie ist eine ausgezeichnete Wahl f\u00fcr J\u00e4ger und Outdoor-Enthusiasten, die Schutz vor kaltem Wind ben\u00f6tigen, ohne die Masse oder Steifheit schwerer Kleidungsst\u00fccke. Das Optifade Elevated II-Tarnmuster hilft Ihnen, sich in erh\u00f6htes, bewaldetes Gel\u00e4nde einzuf\u00fcgen und eignet sich auch gut f\u00fcr verschneite Umgebungen.  <\/p>\n<p data-start=\"483\" data-end=\"953\">Die Stratus 2.0 Hose eignet sich besonders f\u00fcr kalte Herbstbedingungen und den fr\u00fchen Winter, wenn der Wind beginnt, den Komfort erheblich zu beeintr\u00e4chtigen. Sie eignet sich gut als Teil eines Schichtsystems bei anspruchsvollerem Wetter. Diese Jagdhose ist besonders effektiv f\u00fcr die Standjagd, eignet sich aber auch hervorragend f\u00fcr Situationen, die zwischen aktiver Bewegung und langen Phasen der Stille wechseln. Sie ist beispielsweise eine hervorragende Option f\u00fcr die winterliche Jagd mit St\u00f6berhunden.   <\/p>\n<h3 data-start=\"955\" data-end=\"983\">Technische Daten<\/h3>\n<ul data-start=\"984\" data-end=\"1560\">\n<li data-start=\"984\" data-end=\"1046\">\n<p data-start=\"986\" data-end=\"1046\"><strong data-start=\"986\" data-end=\"999\">Material:<\/strong> 100 % winddichtes WINDSTOPPER\u00ae von GORE-TEX LABS<\/p>\n<\/li>\n<li data-start=\"1047\" data-end=\"1121\">\n<p data-start=\"1049\" data-end=\"1121\"><strong data-start=\"1049\" data-end=\"1065\">Obermaterial:<\/strong> Recyceltes, geb\u00fcrstetes Polyester \u2013 leise, weich und strapazierf\u00e4hig<\/p>\n<\/li>\n<li data-start=\"1122\" data-end=\"1197\">\n<p data-start=\"1124\" data-end=\"1197\"><strong data-start=\"1124\" data-end=\"1135\">Futter:<\/strong> Recyceltes LMC-Fleece (Light Mid-Core) f\u00fcr leichte W\u00e4rme<\/p>\n<\/li>\n<li data-start=\"1198\" data-end=\"1286\">\n<p data-start=\"1200\" data-end=\"1286\"><strong data-start=\"1200\" data-end=\"1221\">Eins\u00e4tze am Unterschenkel:<\/strong> Recyceltes, kn\u00f6tchenarmes Polyestergewebe f\u00fcr erh\u00f6hte Strapazierf\u00e4higkeit<\/p>\n<\/li>\n<li data-start=\"1287\" data-end=\"1337\">\n<p data-start=\"1289\" data-end=\"1337\"><strong data-start=\"1289\" data-end=\"1301\">Taschen:<\/strong> Offene Eingrifftaschen f\u00fcr einfachen Zugriff<\/p>\n<\/li>\n<li data-start=\"1338\" data-end=\"1417\">\n<p data-start=\"1340\" data-end=\"1417\"><strong data-start=\"1340\" data-end=\"1363\">Zus\u00e4tzliche Taschen:<\/strong> Leise Oberschenkeltaschen mit Druckknopfverschluss und eine Messertasche<\/p>\n<\/li>\n<li data-start=\"1418\" data-end=\"1498\">\n<p data-start=\"1420\" data-end=\"1498\"><strong data-start=\"1420\" data-end=\"1437\">Seitliche Rei\u00dfverschl\u00fcsse:<\/strong> Weit zu \u00f6ffnende seitliche Rei\u00dfverschl\u00fcsse f\u00fcr einfaches An- und Ausziehen, auch \u00fcber Stiefeln<\/p>\n<\/li>\n<li data-start=\"1499\" data-end=\"1539\">\n<p data-start=\"1501\" data-end=\"1539\"><strong data-start=\"1501\" data-end=\"1516\">Tarnmuster:<\/strong> Optifade Elevated II<\/p>\n<\/li>\n<li data-start=\"1540\" data-end=\"1560\">\n<p data-start=\"1542\" data-end=\"1560\"><strong data-start=\"1542\" data-end=\"1552\">Gr\u00f6\u00dfen:<\/strong> M\u20132XL<\/p>\n<\/li>\n<\/ul>\n<h3 data-start=\"1562\" data-end=\"1597\">Warum die Stratus Hose 2.0 w\u00e4hlen?<\/h3>\n<p data-start=\"1598\" data-end=\"2255\" data-is-last-node=\"\" data-is-only-node=\"\">Die Sitka Stratus Hose 2.0 bietet ein optimales Gleichgewicht zwischen Schutz und Funktionalit\u00e4t. Das WINDSTOPPER\u00ae-Material blockt k\u00fchlenden Wind ab, w\u00e4hrend das geb\u00fcrstete, leise Polyester-Obermaterial f\u00fcr ger\u00e4uschlose Bewegungen im Wald sorgt. Das Fleece-Futter bietet zuverl\u00e4ssige W\u00e4rme bei kalten Bedingungen. Praktische Taschen sorgen daf\u00fcr, dass Ihre wichtigsten Ausr\u00fcstungsgegenst\u00e4nde organisiert und leicht zug\u00e4nglich sind, ohne unn\u00f6tige Ger\u00e4usche zu verursachen. Die durchgehenden Seitenrei\u00dfverschl\u00fcsse erleichtern das An- und Ausziehen, auch wenn Sie Stiefel tragen. Insgesamt ist die Stratus Hose 2.0 eine ausgezeichnete Wahl f\u00fcr alle, die eine technische, praktische und gut getarnte Jagdhose f\u00fcr den Outdoor-Einsatz und die Jagd suchen.     <\/p>\n","protected":false},"excerpt":{"rendered":"<p>Sitka Stratus Hose 2.0 \u2013 Optifade Elevated II Die Sitka Stratus Hose 2.0 wurde entwickelt, um eine ausgewogene Kombination aus Windschutz, Isolation und Bewegungsfreiheit unter anspruchsvollen Bedingungen zu bieten. Sie ist eine ausgezeichnete Wahl f\u00fcr J\u00e4ger und Outdoor-Enthusiasten, die Schutz vor kaltem Wind ben\u00f6tigen, ohne die Masse oder Steifheit schwerer Kleidungsst\u00fccke. Das Optifade Elevated II-Tarnmuster [&#8230;]\n","protected":false},"featured_media":294199,"comment_status":"open","ping_status":"closed","template":"","meta":[],"product_brand":[],"product_cat":[1128],"product_tag":[],"class_list":{"0":"post-294266","1":"product","2":"type-product","3":"status-publish","4":"has-post-thumbnail","6":"product_cat-hosen","8":"first","9":"instock","10":"taxable","11":"shipping-taxable","12":"purchasable","13":"product-type-variable"},"composite_virtual":false,"composite_layout":"","composite_add_to_cart_form_location":"","composite_editable_in_cart":false,"composite_sold_individually_context":"","composite_shop_price_calc":"","composite_components":[],"composite_scenarios":[],"group_of_quantity":0,"min_quantity":0,"max_quantity":"","exclude_order_quantity_value_rules":"no","exclude_category_quantity_rules":"no","combine_variations":"no","exclude_global_add_ons":[],"addons":[],"_links":{"self":[{"href":"https:\/\/www.huntersfriend.eu\/de\/wp-json\/wp\/v2\/product\/294266","targetHints":{"allow":["GET"]}}],"collection":[{"href":"https:\/\/www.huntersfriend.eu\/de\/wp-json\/wp\/v2\/product"}],"about":[{"href":"https:\/\/www.huntersfriend.eu\/de\/wp-json\/wp\/v2\/types\/product"}],"replies":[{"embeddable":true,"href":"https:\/\/www.huntersfriend.eu\/de\/wp-json\/wp\/v2\/comments?post=294266"}],"wp:featuredmedia":[{"embeddable":true,"href":"https:\/\/www.huntersfriend.eu\/de\/wp-json\/wp\/v2\/media\/294199"}],"wp:attachment":[{"href":"https:\/\/www.huntersfriend.eu\/de\/wp-json\/wp\/v2\/media?parent=294266"}],"wp:term":[{"taxonomy":"product_brand","embeddable":true,"href":"https:\/\/www.huntersfriend.eu\/de\/wp-json\/wp\/v2\/product_brand?post=294266"},{"taxonomy":"product_cat","embeddable":true,"href":"https:\/\/www.huntersfriend.eu\/de\/wp-json\/wp\/v2\/product_cat?post=294266"},{"taxonomy":"product_tag","embeddable":true,"href":"https:\/\/www.huntersfriend.eu\/de\/wp-json\/wp\/v2\/product_tag?post=294266"}],"curies":[{"name":"wp","href":"https:\/\/api.w.org\/{rel}","templated":true}]}}