{"id":294265,"date":"2026-01-29T12:13:29","date_gmt":"2026-01-29T10:13:29","guid":{"rendered":"https:\/\/www.huntersfriend.eu\/product\/sitka-jetstream-insulated-ws-muetze-elevated\/"},"modified":"2026-02-02T11:26:51","modified_gmt":"2026-02-02T09:26:51","slug":"sitka-jetstream-insulated-ws-muetze-elevated","status":"publish","type":"product","link":"https:\/\/www.huntersfriend.eu\/de\/produkt\/sitka-jetstream-insulated-ws-muetze-elevated\/","title":{"rendered":"SITKA Jetstream Insulated WS M\u00fctze &#8211; Elevated"},"content":{"rendered":"<p data-start=\"0\" data-end=\"72\"><strong data-start=\"0\" data-end=\"72\">Sitka Jetstream Insulated WS M\u00fctze \u2013 Warme, hoch atmungsaktive M\u00fctze<\/strong><\/p>\n<p data-start=\"74\" data-end=\"581\">Die Sitka Jetstream Insulated WS M\u00fctze wurde entwickelt, um Ihren Kopf vor Wind und K\u00e4lte zu sch\u00fctzen, ohne das Geh\u00f6r oder den Komfort zu beeintr\u00e4chtigen. Diese M\u00fctze ist eine ideale Wahl f\u00fcr Situationen, in denen Sie sich zwischen unterschiedlichen Bedingungen bewegen \u2013 z. B. beim Ansitz oder beim Durchqueren von Gel\u00e4nde. Sie leistet von Herbst bis Winter, auch bei kaltem Wetter, hervorragende Dienste. Farboptionen wie Optifade Subalpine, Optifade Elevated II und Blaze Orange gew\u00e4hrleisten die Eignung f\u00fcr verschiedene Gel\u00e4nde und Jagdanforderungen.   <\/p>\n<h3 data-start=\"583\" data-end=\"606\">Verwendung und Eignung<\/h3>\n<p data-start=\"607\" data-end=\"1261\">Die Jetstream Insulated WS M\u00fctze wurde entwickelt, um effektiven Schutz vor Wind und K\u00e4lte zu bieten und gleichzeitig die Funktionalit\u00e4t zu erhalten. Die WINDSTOPPER\u00ae-Membran blockiert das Eindringen von Wind und weist leichte Feuchtigkeit ab. Primaloft\u00ae Silver-Isolierung spendet W\u00e4rme, ohne die M\u00fctze sperrig oder schwer zu machen. Das Geh\u00f6r wird nicht beeintr\u00e4chtigt: Die Ohrenpartien bestehen aus schallpermeablem Material, sodass Sie Ihre Umgebung wahrnehmen k\u00f6nnen. Ein Stretch-Strick-Einsatz auf der R\u00fcckseite sorgt f\u00fcr einen passgenauen, bequemen Sitz und verhindert, dass die M\u00fctze verrutscht. Die M\u00fctze eignet sich am besten f\u00fcr k\u00fchle Herbstbedingungen und den fr\u00fchen Winter; bei extremer K\u00e4lte kann sie als Teil eines Schichtsystems verwendet werden.     <\/p>\n<ul data-start=\"1263\" data-end=\"1568\">\n<li data-start=\"1263\" data-end=\"1343\">\n<p data-start=\"1265\" data-end=\"1343\"><strong data-start=\"1265\" data-end=\"1287\">Optifade Subalpine<\/strong> f\u00fcgt sich gut in dichtes Waldgel\u00e4nde und Unterholz ein<\/p>\n<\/li>\n<li data-start=\"1344\" data-end=\"1479\">\n<p data-start=\"1346\" data-end=\"1479\"><strong data-start=\"1346\" data-end=\"1370\">Optifade Elevated II<\/strong> ist optimal f\u00fcr offeneres Gel\u00e4nde und erh\u00f6hte Positionen und leistet besonders in winterlichen Bedingungen gute Dienste<\/p>\n<\/li>\n<li data-start=\"1480\" data-end=\"1568\">\n<p data-start=\"1482\" data-end=\"1568\"><strong data-start=\"1482\" data-end=\"1498\">Blaze Orange<\/strong> bietet hohe Sichtbarkeit f\u00fcr besondere Situationen wie z. B. Gruppenjagden<\/p>\n<\/li>\n<\/ul>\n<h3 data-start=\"1570\" data-end=\"1598\">Technische Daten<\/h3>\n<ul data-start=\"1599\" data-end=\"1888\" data-is-last-node=\"\" data-is-only-node=\"\">\n<li data-start=\"1599\" data-end=\"1688\">\n<p data-start=\"1601\" data-end=\"1688\"><strong data-start=\"1601\" data-end=\"1644\">WINDSTOPPER\u00ae by GORE-TEX Labs Membran:<\/strong> Winddicht und resistent gegen leichte Feuchtigkeit<\/p>\n<\/li>\n<li data-start=\"1689\" data-end=\"1745\">\n<p data-start=\"1691\" data-end=\"1745\"><strong data-start=\"1691\" data-end=\"1724\">Primaloft\u00ae Silver Isolierung:<\/strong> Leichte W\u00e4rme<\/p>\n<\/li>\n<li data-start=\"1746\" data-end=\"1814\">\n<p data-start=\"1748\" data-end=\"1814\"><strong data-start=\"1748\" data-end=\"1779\">Schallpermeable Ohrenpartien:<\/strong> Erhalten die Wahrnehmung der Umgebung<\/p>\n<\/li>\n<li data-start=\"1815\" data-end=\"1888\" data-is-last-node=\"\">\n<p data-start=\"1817\" data-end=\"1888\" data-is-last-node=\"\"><strong data-start=\"1817\" data-end=\"1855\">\u00be-langer Stretch-Strick auf der R\u00fcckseite:<\/strong> Verbessert die Passform und den Gesamtkomfort<\/p>\n<\/li>\n<\/ul>\n","protected":false},"excerpt":{"rendered":"<p>Sitka Jetstream Insulated WS M\u00fctze \u2013 Warme, hoch atmungsaktive M\u00fctze Die Sitka Jetstream Insulated WS M\u00fctze wurde entwickelt, um Ihren Kopf vor Wind und K\u00e4lte zu sch\u00fctzen, ohne das Geh\u00f6r oder den Komfort zu beeintr\u00e4chtigen. Diese M\u00fctze ist eine ideale Wahl f\u00fcr Situationen, in denen Sie sich zwischen unterschiedlichen Bedingungen bewegen \u2013 z. B. beim [&#8230;]\n","protected":false},"featured_media":294215,"comment_status":"open","ping_status":"closed","template":"","meta":[],"product_brand":[],"product_cat":[1215],"product_tag":[],"class_list":{"0":"post-294265","1":"product","2":"type-product","3":"status-publish","4":"has-post-thumbnail","6":"product_cat-handschuh-socken-und-kopfbedeckung","8":"first","9":"instock","10":"taxable","11":"shipping-taxable","12":"purchasable","13":"product-type-simple"},"composite_virtual":false,"composite_layout":"","composite_add_to_cart_form_location":"","composite_editable_in_cart":false,"composite_sold_individually_context":"","composite_shop_price_calc":"","composite_components":[],"composite_scenarios":[],"group_of_quantity":0,"min_quantity":0,"max_quantity":"","exclude_order_quantity_value_rules":"no","exclude_category_quantity_rules":"no","combine_variations":"no","exclude_global_add_ons":[],"addons":[],"_links":{"self":[{"href":"https:\/\/www.huntersfriend.eu\/de\/wp-json\/wp\/v2\/product\/294265","targetHints":{"allow":["GET"]}}],"collection":[{"href":"https:\/\/www.huntersfriend.eu\/de\/wp-json\/wp\/v2\/product"}],"about":[{"href":"https:\/\/www.huntersfriend.eu\/de\/wp-json\/wp\/v2\/types\/product"}],"replies":[{"embeddable":true,"href":"https:\/\/www.huntersfriend.eu\/de\/wp-json\/wp\/v2\/comments?post=294265"}],"wp:featuredmedia":[{"embeddable":true,"href":"https:\/\/www.huntersfriend.eu\/de\/wp-json\/wp\/v2\/media\/294215"}],"wp:attachment":[{"href":"https:\/\/www.huntersfriend.eu\/de\/wp-json\/wp\/v2\/media?parent=294265"}],"wp:term":[{"taxonomy":"product_brand","embeddable":true,"href":"https:\/\/www.huntersfriend.eu\/de\/wp-json\/wp\/v2\/product_brand?post=294265"},{"taxonomy":"product_cat","embeddable":true,"href":"https:\/\/www.huntersfriend.eu\/de\/wp-json\/wp\/v2\/product_cat?post=294265"},{"taxonomy":"product_tag","embeddable":true,"href":"https:\/\/www.huntersfriend.eu\/de\/wp-json\/wp\/v2\/product_tag?post=294265"}],"curies":[{"name":"wp","href":"https:\/\/api.w.org\/{rel}","templated":true}]}}