{"id":294254,"date":"2026-01-29T12:13:22","date_gmt":"2026-01-29T10:13:22","guid":{"rendered":"https:\/\/www.huntersfriend.eu\/product\/sitka-endure-hose-elevated\/"},"modified":"2026-02-02T11:26:48","modified_gmt":"2026-02-02T09:26:48","slug":"sitka-endure-hose-elevated","status":"publish","type":"product","link":"https:\/\/www.huntersfriend.eu\/de\/produkt\/sitka-endure-hose-elevated\/","title":{"rendered":"SITKA Endure Hose \u2013 Elevated"},"content":{"rendered":"<div class=\"flex flex-col text-sm pb-25\">\n<article class=\"text-token-text-primary w-full focus:outline-none [--shadow-height:45px] has-data-writing-block:pointer-events-none has-data-writing-block:-mt-(--shadow-height) has-data-writing-block:pt-(--shadow-height) [&amp;:has([data-writing-block])&gt;*]:pointer-events-auto scroll-mt-[calc(var(--header-height)+min(200px,max(70px,20svh)))]\" dir=\"auto\" tabindex=\"-1\" data-turn-id=\"request-WEB:1ff1f7e6-7714-4b08-8da7-f9b1d93011f3-2\" data-testid=\"conversation-turn-6\" data-scroll-anchor=\"true\" data-turn=\"assistant\">\n<div class=\"text-base my-auto mx-auto pb-10 [--thread-content-margin:--spacing(4)] @w-sm\/main:[--thread-content-margin:--spacing(6)] @w-lg\/main:[--thread-content-margin:--spacing(16)] px-(--thread-content-margin)\">\n<div class=\"[--thread-content-max-width:40rem] @w-lg\/main:[--thread-content-max-width:48rem] mx-auto max-w-(--thread-content-max-width) flex-1 group\/turn-messages focus-visible:outline-hidden relative flex w-full min-w-0 flex-col agent-turn\" tabindex=\"-1\">\n<div class=\"flex max-w-full flex-col grow\">\n<div class=\"min-h-8 text-message relative flex w-full flex-col items-end gap-2 text-start break-words whitespace-normal [.text-message+&amp;]:mt-1\" dir=\"auto\" data-message-author-role=\"assistant\" data-message-id=\"9b1f16e2-b6a2-4295-a828-0360dbbd99c9\" data-message-model-slug=\"gpt-5-2\">\n<div class=\"flex w-full flex-col gap-1 empty:hidden first:pt-[1px]\">\n<div class=\"markdown prose dark:prose-invert w-full wrap-break-word light markdown-new-styling\">\n<p data-start=\"0\" data-end=\"48\"><strong data-start=\"0\" data-end=\"48\">Sitka Endure Hose \u2013 Allgemeine Jagdhose<\/strong><\/p>\n<p data-start=\"50\" data-end=\"439\">Die Sitka Endure Hose wurde f\u00fcr J\u00e4ger entwickelt, die effektive Tarnung mit Strapazierf\u00e4higkeit auch unter anspruchsvollen Bedingungen kombinieren m\u00f6chten. Das Elevated II-Muster betont Schatten, Baumst\u00e4mme und die Texturen von Rinde und \u00c4sten und eignet sich daher besonders gut f\u00fcr die Jagd im sp\u00e4ten Herbst und Winter. Dar\u00fcber hinaus bietet diese Hose vielseitige Funktionen f\u00fcr die aktive Jagd und den Einsatz in unwegsamem Gel\u00e4nde.  <\/p>\n<h3 data-start=\"441\" data-end=\"456\">Eignung<\/h3>\n<p data-start=\"457\" data-end=\"798\">Die Endure Hose in Optifade Elevated II eignet sich besonders gut f\u00fcr Situationen, in denen die Kleidung in schattenreichen, von Baumst\u00e4mmen dominierten Waldumgebungen funktionieren muss. Sie ist eine ausgezeichnete Wahl f\u00fcr die Standjagd, Beobachtungsposten, die Bewegung durch dichte Deckung und Situationen, in denen Tarnleistung und Haltbarkeit gleicherma\u00dfen wichtig sind. <\/p>\n<h3 data-start=\"800\" data-end=\"828\">Technische Daten<\/h3>\n<ul data-start=\"829\" data-end=\"1415\">\n<li data-start=\"829\" data-end=\"914\">\n<p data-start=\"831\" data-end=\"914\"><strong data-start=\"831\" data-end=\"844\">Material:<\/strong> Doppelgewebe-Polyester (eine gute Balance zwischen Ger\u00e4uscharmut und Haltbarkeit)<\/p>\n<\/li>\n<li data-start=\"915\" data-end=\"955\">\n<p data-start=\"917\" data-end=\"955\"><strong data-start=\"917\" data-end=\"932\">Tarnmuster:<\/strong> Optifade Elevated II<\/p>\n<\/li>\n<li data-start=\"956\" data-end=\"1012\">\n<p data-start=\"958\" data-end=\"1012\"><strong data-start=\"958\" data-end=\"970\">Aufbewahrung:<\/strong> Hand- und Oberschenkeltaschen mit Rei\u00dfverschluss<\/p>\n<\/li>\n<li data-start=\"1013\" data-end=\"1095\">\n<p data-start=\"1015\" data-end=\"1095\"><strong data-start=\"1015\" data-end=\"1037\">Zus\u00e4tzliche Tasche:<\/strong> Innere Zubeh\u00f6rtasche in der rechten Oberschenkeltasche<\/p>\n<\/li>\n<li data-start=\"1096\" data-end=\"1167\">\n<p data-start=\"1098\" data-end=\"1167\"><strong data-start=\"1098\" data-end=\"1118\">Knieschutz:<\/strong> Innere Netztaschen an den Knien f\u00fcr Polsterung<\/p>\n<\/li>\n<li data-start=\"1168\" data-end=\"1224\">\n<p data-start=\"1170\" data-end=\"1224\"><strong data-start=\"1170\" data-end=\"1197\">Verst\u00e4rkte Messertasche<\/strong> f\u00fcr erh\u00f6hte Haltbarkeit<\/p>\n<\/li>\n<li data-start=\"1225\" data-end=\"1279\">\n<p data-start=\"1227\" data-end=\"1279\"><strong data-start=\"1227\" data-end=\"1243\">Bel\u00fcftung:<\/strong> H\u00fcftbel\u00fcftungsrei\u00dfverschl\u00fcsse zur W\u00e4rmeableitung<\/p>\n<\/li>\n<li data-start=\"1280\" data-end=\"1339\">\n<p data-start=\"1282\" data-end=\"1339\"><strong data-start=\"1282\" data-end=\"1300\">Kompatibilit\u00e4t:<\/strong> Funktioniert mit G\u00fcrtelschlaufen und Hosentr\u00e4gern<\/p>\n<\/li>\n<li data-start=\"1340\" data-end=\"1364\">\n<p data-start=\"1342\" data-end=\"1364\"><strong data-start=\"1342\" data-end=\"1352\">Gr\u00f6\u00dfen:<\/strong> 30R \u2013 42R<\/p>\n<\/li>\n<li data-start=\"1365\" data-end=\"1415\">\n<p data-start=\"1367\" data-end=\"1415\"><strong data-start=\"1367\" data-end=\"1389\">Gewicht (Gr\u00f6\u00dfe 32R):<\/strong> ca. 499 g <\/p>\n<\/li>\n<\/ul>\n<p data-start=\"1417\" data-end=\"1609\" data-is-last-node=\"\" data-is-only-node=\"\">W\u00e4hlen Sie die Sitka Endure Hose \u2013 Optifade Elevated II, wenn Sie eine Hose suchen, die fortschrittliche Tarntechnologie, Strapazierf\u00e4higkeit f\u00fcr schwieriges Gel\u00e4nde und funktionelle Eigenschaften f\u00fcr anspruchsvolle Eins\u00e4tze vereint.<\/p>\n<\/div>\n<\/div>\n<\/div>\n<\/div>\n<div class=\"z-0 flex min-h-[46px] justify-start\"><\/div>\n<\/div>\n<\/div>\n<\/article>\n<\/div>\n<div class=\"pointer-events-none h-px w-px absolute bottom-0\" aria-hidden=\"true\" data-edge=\"true\"><\/div>\n","protected":false},"excerpt":{"rendered":"<p>Sitka Endure Hose \u2013 Allgemeine Jagdhose Die Sitka Endure Hose wurde f\u00fcr J\u00e4ger entwickelt, die effektive Tarnung mit Strapazierf\u00e4higkeit auch unter anspruchsvollen Bedingungen kombinieren m\u00f6chten. Das Elevated II-Muster betont Schatten, Baumst\u00e4mme und die Texturen von Rinde und \u00c4sten und eignet sich daher besonders gut f\u00fcr die Jagd im sp\u00e4ten Herbst und Winter. Dar\u00fcber hinaus bietet [&#8230;]\n","protected":false},"featured_media":294159,"comment_status":"open","ping_status":"closed","template":"","meta":[],"product_brand":[],"product_cat":[1128],"product_tag":[],"class_list":{"0":"post-294254","1":"product","2":"type-product","3":"status-publish","4":"has-post-thumbnail","6":"product_cat-hosen","8":"first","9":"instock","10":"taxable","11":"shipping-taxable","12":"purchasable","13":"product-type-variable"},"composite_virtual":false,"composite_layout":"","composite_add_to_cart_form_location":"","composite_editable_in_cart":false,"composite_sold_individually_context":"","composite_shop_price_calc":"","composite_components":[],"composite_scenarios":[],"group_of_quantity":0,"min_quantity":0,"max_quantity":"","exclude_order_quantity_value_rules":"no","exclude_category_quantity_rules":"no","combine_variations":"no","exclude_global_add_ons":[],"addons":[],"_links":{"self":[{"href":"https:\/\/www.huntersfriend.eu\/de\/wp-json\/wp\/v2\/product\/294254","targetHints":{"allow":["GET"]}}],"collection":[{"href":"https:\/\/www.huntersfriend.eu\/de\/wp-json\/wp\/v2\/product"}],"about":[{"href":"https:\/\/www.huntersfriend.eu\/de\/wp-json\/wp\/v2\/types\/product"}],"replies":[{"embeddable":true,"href":"https:\/\/www.huntersfriend.eu\/de\/wp-json\/wp\/v2\/comments?post=294254"}],"wp:featuredmedia":[{"embeddable":true,"href":"https:\/\/www.huntersfriend.eu\/de\/wp-json\/wp\/v2\/media\/294159"}],"wp:attachment":[{"href":"https:\/\/www.huntersfriend.eu\/de\/wp-json\/wp\/v2\/media?parent=294254"}],"wp:term":[{"taxonomy":"product_brand","embeddable":true,"href":"https:\/\/www.huntersfriend.eu\/de\/wp-json\/wp\/v2\/product_brand?post=294254"},{"taxonomy":"product_cat","embeddable":true,"href":"https:\/\/www.huntersfriend.eu\/de\/wp-json\/wp\/v2\/product_cat?post=294254"},{"taxonomy":"product_tag","embeddable":true,"href":"https:\/\/www.huntersfriend.eu\/de\/wp-json\/wp\/v2\/product_tag?post=294254"}],"curies":[{"name":"wp","href":"https:\/\/api.w.org\/{rel}","templated":true}]}}