{"id":294238,"date":"2026-01-29T12:13:46","date_gmt":"2026-01-29T10:13:46","guid":{"rendered":"https:\/\/www.huntersfriend.eu\/product\/sitka-damen-cadence-hose-cover\/"},"modified":"2026-02-02T11:26:45","modified_gmt":"2026-02-02T09:26:45","slug":"sitka-damen-cadence-hose-cover","status":"publish","type":"product","link":"https:\/\/www.huntersfriend.eu\/de\/produkt\/sitka-damen-cadence-hose-cover\/","title":{"rendered":"SITKA Damen Cadence Hose &#8211; Cover"},"content":{"rendered":"<p data-start=\"0\" data-end=\"47\"><strong data-start=\"0\" data-end=\"47\">Sitka Damen Cadence Hose \u2013 Optifade Cover<\/strong><\/p>\n<p data-start=\"49\" data-end=\"464\">Die Sitka Damen Cadence Hose wurde f\u00fcr Frauen entwickelt, die leichte Leistung, Strapazierf\u00e4higkeit und eine ausgezeichnete Passform von ihrer Jagdhose erwarten. Das Vier-Wege-Stretchmaterial macht jede Bewegung mit und macht diese Hose zu einem idealen Begleiter f\u00fcr die aktive Jagd. Die Optifade Cover-Tarnung f\u00fcgt sich nahtlos in dichte gr\u00fcne Vegetation und schattige Waldumgebungen ein und sorgt daf\u00fcr, dass Ihre Bewegungen unbemerkt bleiben.  <\/p>\n<p data-start=\"466\" data-end=\"754\">Die Sitka Cadence Hose wurde speziell f\u00fcr die Jagd in der fr\u00fchen Saison und im Sp\u00e4therbst entwickelt. Sie funktioniert bei warmem Wetter sowohl solo als auch als Teil eines Schichtsystems an k\u00e4lteren Tagen. Diese Hose ist au\u00dfergew\u00f6hnlich bequem und bietet eine gro\u00dfartige Passform ohne jegliche Klemm- oder Druckstellen.  <\/p>\n<h3 data-start=\"756\" data-end=\"772\">Hauptmerkmale<\/h3>\n<ul data-start=\"773\" data-end=\"1159\">\n<li data-start=\"773\" data-end=\"846\">\n<p data-start=\"775\" data-end=\"846\">Leichtes Vier-Wege-Stretchmaterial f\u00fcr maximale Bewegungsfreiheit und Komfort<\/p>\n<\/li>\n<li data-start=\"847\" data-end=\"905\">\n<p data-start=\"849\" data-end=\"905\">Damenspezifischer Schnitt mit einem flachen Bunddesign<\/p>\n<\/li>\n<li data-start=\"906\" data-end=\"981\">\n<p data-start=\"908\" data-end=\"981\">Die robuste, spezielle Messertasche h\u00e4lt wichtige Werkzeuge in Reichweite<\/p>\n<\/li>\n<li data-start=\"982\" data-end=\"1070\">\n<p data-start=\"984\" data-end=\"1070\">Diagonale Oberschenkeltaschen mit Rei\u00dfverschluss und Mesh-Futter f\u00fcr atmungsaktive, funktionelle Aufbewahrung<\/p>\n<\/li>\n<li data-start=\"1071\" data-end=\"1159\">\n<p data-start=\"1073\" data-end=\"1159\">Optifade Cover-Tarnung f\u00fcgt sich in gr\u00fcnes, dichtes Gel\u00e4nde und schattige Umgebungen ein<\/p>\n<\/li>\n<\/ul>\n<h3 data-start=\"1161\" data-end=\"1190\">Verwendungszweck und Vorteile<\/h3>\n<p data-start=\"1191\" data-end=\"1927\">Die Cadence Hose ist eine vielseitige Wahl f\u00fcr Frauen, die sich aktiv im Wald bewegen. Das Vier-Wege-Stretch-Doppelgewebe erm\u00f6glicht uneingeschr\u00e4nkte Bewegungsfreiheit beim Hocken, Pirschen oder Klettern \u00fcber Hindernisse. Die Taschenplatzierung ist auf Praktikabilit\u00e4t ausgelegt: Diagonale Oberschenkeltaschen sind leicht zug\u00e4nglich und ihr Mesh-Futter hilft, Feuchtigkeitsansammlungen zu vermeiden. Eine robuste, separate Messertasche sorgt f\u00fcr Sicherheit und schnellen Zugriff. Der flache Bund ist auf die weibliche Form zugeschnitten, verhindert Scheuern und sorgt f\u00fcr Komfort an langen Tagen im Feld. Das Optifade Cover-Muster bietet einen Vorteil in Umgebungen, die von gr\u00fcnem Unterholz und schattigen Waldgebieten dominiert werden, wodurch es besonders gut f\u00fcr nordische Waldlandschaften geeignet ist.     <\/p>\n<h3 data-start=\"1929\" data-end=\"1957\">Technische Daten<\/h3>\n<ul data-start=\"1958\" data-end=\"2475\">\n<li data-start=\"1958\" data-end=\"2037\">\n<p data-start=\"1960\" data-end=\"2037\"><strong data-start=\"1960\" data-end=\"1971\">Material:<\/strong> Vier-Wege-Stretch-Doppelgewebe (92 % Polyester, 8 % Elasthan)<\/p>\n<\/li>\n<li data-start=\"2038\" data-end=\"2072\">\n<p data-start=\"2040\" data-end=\"2072\"><strong data-start=\"2040\" data-end=\"2055\">Tarnmuster:<\/strong> Optifade Cover<\/p>\n<\/li>\n<li data-start=\"2073\" data-end=\"2093\">\n<p data-start=\"2075\" data-end=\"2093\"><strong data-start=\"2075\" data-end=\"2085\">Gr\u00f6\u00dfen:<\/strong> 26\u201334<\/p>\n<\/li>\n<li data-start=\"2094\" data-end=\"2175\">\n<p data-start=\"2096\" data-end=\"2175\"><strong data-start=\"2096\" data-end=\"2110\">Bund:<\/strong> Flaches, damenspezifisches Design f\u00fcr Komfort bei langen Ausfl\u00fcgen<\/p>\n<\/li>\n<li data-start=\"2176\" data-end=\"2242\">\n<p data-start=\"2178\" data-end=\"2242\"><strong data-start=\"2178\" data-end=\"2190\">Taschen:<\/strong> Diagonale Oberschenkeltaschen mit Rei\u00dfverschluss und Mesh-Futter<\/p>\n<\/li>\n<li data-start=\"2243\" data-end=\"2312\">\n<p data-start=\"2245\" data-end=\"2312\"><strong data-start=\"2245\" data-end=\"2262\">Messertasche:<\/strong> Robuste, separate Messertasche f\u00fcr schnellen Zugriff<\/p>\n<\/li>\n<li data-start=\"2313\" data-end=\"2409\">\n<p data-start=\"2315\" data-end=\"2409\"><strong data-start=\"2315\" data-end=\"2333\">Knie und Schnitt:<\/strong> Vorgeformte Konstruktion f\u00fcr verbesserte Bewegungsfreiheit und reduzierte Stoffspannung<\/p>\n<\/li>\n<li data-start=\"2410\" data-end=\"2475\">\n<p data-start=\"2412\" data-end=\"2475\"><strong data-start=\"2412\" data-end=\"2420\">Verwendung:<\/strong> Leichte Au\u00dfenschicht oder Teil eines Schichtsystems<\/p>\n<\/li>\n<\/ul>\n<p data-start=\"2477\" data-end=\"2772\" data-is-last-node=\"\" data-is-only-node=\"\">Die Sitka Damen Cadence Hose ist eine zuverl\u00e4ssige und stilvolle Wahl f\u00fcr Frauen, die Wert auf Funktionalit\u00e4t, Komfort und Diskretion im Feld legen. Diese Hose vereint Leichtigkeit, Stretch und Strapazierf\u00e4higkeit in einer Weise, die sie zu einem ausgezeichneten Begleiter w\u00e4hrend der gesamten Jagdsaison macht. <\/p>\n","protected":false},"excerpt":{"rendered":"<p>Sitka Damen Cadence Hose \u2013 Optifade Cover Die Sitka Damen Cadence Hose wurde f\u00fcr Frauen entwickelt, die leichte Leistung, Strapazierf\u00e4higkeit und eine ausgezeichnete Passform von ihrer Jagdhose erwarten. Das Vier-Wege-Stretchmaterial macht jede Bewegung mit und macht diese Hose zu einem idealen Begleiter f\u00fcr die aktive Jagd. Die Optifade Cover-Tarnung f\u00fcgt sich nahtlos in dichte gr\u00fcne [&#8230;]\n","protected":false},"featured_media":294185,"comment_status":"open","ping_status":"closed","template":"","meta":[],"product_brand":[],"product_cat":[2117],"product_tag":[],"class_list":{"0":"post-294238","1":"product","2":"type-product","3":"status-publish","4":"has-post-thumbnail","6":"product_cat-jagdbekleidung-fur-damen","8":"first","9":"instock","10":"taxable","11":"shipping-taxable","12":"purchasable","13":"product-type-variable"},"composite_virtual":false,"composite_layout":"","composite_add_to_cart_form_location":"","composite_editable_in_cart":false,"composite_sold_individually_context":"","composite_shop_price_calc":"","composite_components":[],"composite_scenarios":[],"group_of_quantity":0,"min_quantity":0,"max_quantity":"","exclude_order_quantity_value_rules":"no","exclude_category_quantity_rules":"no","combine_variations":"no","exclude_global_add_ons":[],"addons":[],"_links":{"self":[{"href":"https:\/\/www.huntersfriend.eu\/de\/wp-json\/wp\/v2\/product\/294238","targetHints":{"allow":["GET"]}}],"collection":[{"href":"https:\/\/www.huntersfriend.eu\/de\/wp-json\/wp\/v2\/product"}],"about":[{"href":"https:\/\/www.huntersfriend.eu\/de\/wp-json\/wp\/v2\/types\/product"}],"replies":[{"embeddable":true,"href":"https:\/\/www.huntersfriend.eu\/de\/wp-json\/wp\/v2\/comments?post=294238"}],"wp:featuredmedia":[{"embeddable":true,"href":"https:\/\/www.huntersfriend.eu\/de\/wp-json\/wp\/v2\/media\/294185"}],"wp:attachment":[{"href":"https:\/\/www.huntersfriend.eu\/de\/wp-json\/wp\/v2\/media?parent=294238"}],"wp:term":[{"taxonomy":"product_brand","embeddable":true,"href":"https:\/\/www.huntersfriend.eu\/de\/wp-json\/wp\/v2\/product_brand?post=294238"},{"taxonomy":"product_cat","embeddable":true,"href":"https:\/\/www.huntersfriend.eu\/de\/wp-json\/wp\/v2\/product_cat?post=294238"},{"taxonomy":"product_tag","embeddable":true,"href":"https:\/\/www.huntersfriend.eu\/de\/wp-json\/wp\/v2\/product_tag?post=294238"}],"curies":[{"name":"wp","href":"https:\/\/api.w.org\/{rel}","templated":true}]}}