{"id":294046,"date":"2026-01-14T15:20:47","date_gmt":"2026-01-14T13:20:47","guid":{"rendered":"https:\/\/www.huntersfriend.eu\/product\/accusharp-filetiermesser-schaerfer\/"},"modified":"2026-01-30T10:06:26","modified_gmt":"2026-01-30T08:06:26","slug":"accusharp-filetiermesser-schaerfer","status":"publish","type":"product","link":"https:\/\/www.huntersfriend.eu\/de\/produkt\/accusharp-filetiermesser-schaerfer\/","title":{"rendered":"AccuSharp Filetiermesser-Sch\u00e4rfer"},"content":{"rendered":"<p data-start=\"0\" data-end=\"52\"><strong data-start=\"0\" data-end=\"52\">AccuSharp Filetiermesser-Sch\u00e4rfer \u2013 Schnell und einfach<\/strong><\/p>\n<p data-start=\"54\" data-end=\"542\">Der AccuSharp-Sch\u00e4rfer ist eine kluge Wahl, wenn Sie Ihre Messer und andere Werkzeuge einfach und schnell scharf halten m\u00f6chten. Sein intuitives Design und die einfache Bedienung machen das Sch\u00e4rfen schnell \u2013 oft in nur etwa 10 Sekunden. Der ergonomische Griff liegt bequem in jeder Hand, und der durchgehende Fingerschutz sch\u00fctzt Ihre H\u00e4nde w\u00e4hrend des Gebrauchs. Die diamantbeschichteten Wolfram-V-Nuten gew\u00e4hrleisten eine lange, rostfreie Leistung, und der Sch\u00e4rfer kann leicht mit Seife oder in der Sp\u00fclmaschine gereinigt werden.   <\/p>\n<p data-start=\"544\" data-end=\"569\"><strong data-start=\"544\" data-end=\"569\">Merkmale und Vorteile<\/strong><\/p>\n<ul data-start=\"571\" data-end=\"1014\">\n<li data-start=\"571\" data-end=\"617\">\n<p data-start=\"573\" data-end=\"617\">Sch\u00e4rft Filetiermesser schnell und sicher.<\/p>\n<\/li>\n<li data-start=\"618\" data-end=\"695\">\n<p data-start=\"620\" data-end=\"695\">Diamantbeschichtete Wolfram-V-Nuten sorgen f\u00fcr pr\u00e4zises und dauerhaftes Sch\u00e4rfen.<\/p>\n<\/li>\n<li data-start=\"696\" data-end=\"752\">\n<p data-start=\"698\" data-end=\"752\">Wendbare Klingen verdoppeln die Lebensdauer des Produkts.<\/p>\n<\/li>\n<li data-start=\"753\" data-end=\"814\">\n<p data-start=\"755\" data-end=\"814\">Rostfreies Design, geeignet f\u00fcr den Einsatz in feuchten Umgebungen.<\/p>\n<\/li>\n<li data-start=\"815\" data-end=\"874\">\n<p data-start=\"817\" data-end=\"874\">Ergonomischer Griff f\u00fcr Rechts- und Linksh\u00e4nder.<\/p>\n<\/li>\n<li data-start=\"875\" data-end=\"938\">\n<p data-start=\"877\" data-end=\"938\">Der durchgehende Fingerschutz sch\u00fctzt die H\u00e4nde bei der Handhabung scharfer Klingen.<\/p>\n<\/li>\n<li data-start=\"939\" data-end=\"1014\">\n<p data-start=\"941\" data-end=\"1014\">Einfache Wartung \u2013 kann mit Wasser und Seife oder in der Sp\u00fclmaschine gereinigt werden.<\/p>\n<\/li>\n<\/ul>\n<p data-start=\"1016\" data-end=\"1041\"><strong data-start=\"1016\" data-end=\"1041\">Warum AccuSharp w\u00e4hlen?<\/strong><\/p>\n<p data-start=\"1043\" data-end=\"1453\" data-is-last-node=\"\" data-is-only-node=\"\">Wenn Sie sicherstellen m\u00f6chten, dass Ihre Klingen praktisch und einsatzbereit bleiben, ohne separate Sch\u00e4rfsteine oder komplizierte Schritte, kombiniert AccuSharp Benutzerfreundlichkeit mit Effizienz. Er ist ideal f\u00fcr anspruchsvolle K\u00fcchenarbeiten, die Wartung von Outdoor-Ausr\u00fcstung und das Sch\u00e4rfen von Jagd- und Angelausr\u00fcstung. Dank seiner schnellen Bedienung werden Sie nicht ausgebremst \u2013 nur ein paar Z\u00fcge und Ihre Klinge ist wieder scharf und einsatzbereit.  <\/p>\n","protected":false},"excerpt":{"rendered":"<p>AccuSharp Filetiermesser-Sch\u00e4rfer \u2013 Schnell und einfach Der AccuSharp-Sch\u00e4rfer ist eine kluge Wahl, wenn Sie Ihre Messer und andere Werkzeuge einfach und schnell scharf halten m\u00f6chten. Sein intuitives Design und die einfache Bedienung machen das Sch\u00e4rfen schnell \u2013 oft in nur etwa 10 Sekunden. Der ergonomische Griff liegt bequem in jeder Hand, und der durchgehende Fingerschutz [&#8230;]\n","protected":false},"featured_media":293800,"comment_status":"open","ping_status":"closed","template":"","meta":[],"product_brand":[],"product_cat":[1134],"product_tag":[],"class_list":{"0":"post-294046","1":"product","2":"type-product","3":"status-publish","4":"has-post-thumbnail","6":"product_cat-messer-aexte-und-schaerfer","8":"first","9":"instock","10":"taxable","11":"shipping-taxable","12":"purchasable","13":"product-type-simple"},"composite_virtual":false,"composite_layout":"","composite_add_to_cart_form_location":"","composite_editable_in_cart":false,"composite_sold_individually_context":"","composite_shop_price_calc":"","composite_components":[],"composite_scenarios":[],"group_of_quantity":0,"min_quantity":0,"max_quantity":"","exclude_order_quantity_value_rules":"no","exclude_category_quantity_rules":"no","combine_variations":"no","exclude_global_add_ons":[],"addons":[],"_links":{"self":[{"href":"https:\/\/www.huntersfriend.eu\/de\/wp-json\/wp\/v2\/product\/294046","targetHints":{"allow":["GET"]}}],"collection":[{"href":"https:\/\/www.huntersfriend.eu\/de\/wp-json\/wp\/v2\/product"}],"about":[{"href":"https:\/\/www.huntersfriend.eu\/de\/wp-json\/wp\/v2\/types\/product"}],"replies":[{"embeddable":true,"href":"https:\/\/www.huntersfriend.eu\/de\/wp-json\/wp\/v2\/comments?post=294046"}],"wp:featuredmedia":[{"embeddable":true,"href":"https:\/\/www.huntersfriend.eu\/de\/wp-json\/wp\/v2\/media\/293800"}],"wp:attachment":[{"href":"https:\/\/www.huntersfriend.eu\/de\/wp-json\/wp\/v2\/media?parent=294046"}],"wp:term":[{"taxonomy":"product_brand","embeddable":true,"href":"https:\/\/www.huntersfriend.eu\/de\/wp-json\/wp\/v2\/product_brand?post=294046"},{"taxonomy":"product_cat","embeddable":true,"href":"https:\/\/www.huntersfriend.eu\/de\/wp-json\/wp\/v2\/product_cat?post=294046"},{"taxonomy":"product_tag","embeddable":true,"href":"https:\/\/www.huntersfriend.eu\/de\/wp-json\/wp\/v2\/product_tag?post=294046"}],"curies":[{"name":"wp","href":"https:\/\/api.w.org\/{rel}","templated":true}]}}