{"id":294040,"date":"2026-01-14T15:20:47","date_gmt":"2026-01-14T13:20:47","guid":{"rendered":"https:\/\/www.huntersfriend.eu\/product\/accusharp-gartengeraeteschaerfer\/"},"modified":"2026-01-30T10:05:14","modified_gmt":"2026-01-30T08:05:14","slug":"accusharp-gartengeraeteschaerfer","status":"publish","type":"product","link":"https:\/\/www.huntersfriend.eu\/de\/produkt\/accusharp-gartengeraeteschaerfer\/","title":{"rendered":"AccuSharp Gartenger\u00e4tesch\u00e4rfer"},"content":{"rendered":"<p data-start=\"0\" data-end=\"47\"><strong data-start=\"0\" data-end=\"47\">AccuSharp Gartenger\u00e4tesch\u00e4rfer \u2013 Vielseitig<\/strong><\/p>\n<p data-start=\"49\" data-end=\"418\">Wenn Sie Ihre Gartenger\u00e4te scharf halten m\u00f6chten, ohne komplizierte Schleifsteine, bietet AccuSharp eine effiziente und benutzerfreundliche L\u00f6sung. Dieser Sch\u00e4rfer wurde speziell f\u00fcr Gartenger\u00e4te wie Gartenscheren, Schaufeln, Hacken und mehr entwickelt. Er ist eine ideale Wahl sowohl f\u00fcr den Garten als auch f\u00fcr die Werkstatt, wenn Sie sicherstellen m\u00f6chten, dass Ihre Werkzeuge scharf und einsatzbereit bleiben.  <\/p>\n<p data-start=\"420\" data-end=\"434\"><strong data-start=\"420\" data-end=\"434\">Wesentliche Punkte<\/strong><\/p>\n<ul data-start=\"436\" data-end=\"720\">\n<li data-start=\"436\" data-end=\"507\">\n<p data-start=\"438\" data-end=\"507\">Einfaches Sch\u00e4rfen mit einem einzigen Zug, keine Winkeleinstellung erforderlich.<\/p>\n<\/li>\n<li data-start=\"508\" data-end=\"560\">\n<p data-start=\"510\" data-end=\"560\">Wolframkarbidklinge \u2013 langlebig und strapazierf\u00e4hig.<\/p>\n<\/li>\n<li data-start=\"561\" data-end=\"612\">\n<p data-start=\"563\" data-end=\"612\">Vielseitige Verwendung f\u00fcr eine breite Palette von Gartenger\u00e4ten.<\/p>\n<\/li>\n<li data-start=\"613\" data-end=\"671\">\n<p data-start=\"615\" data-end=\"671\">Sicheres Design mit ergonomischem Griff und Fingerschutz.<\/p>\n<\/li>\n<li data-start=\"672\" data-end=\"720\">\n<p data-start=\"674\" data-end=\"720\">Kompakte Gr\u00f6\u00dfe f\u00fcr einfachen Transport und Lagerung.<\/p>\n<\/li>\n<\/ul>\n<p data-start=\"722\" data-end=\"1351\" data-is-last-node=\"\" data-is-only-node=\"\">Der AccuSharp Gartenger\u00e4tesch\u00e4rfer wurde entwickelt, um das Sch\u00e4rfen von Werkzeugen m\u00fchelos zu gestalten. Legen Sie die zu sch\u00e4rfende Klinge einfach in den Sch\u00e4rfer und ziehen Sie sie vorsichtig durch \u2013 ein Zug erzeugt bereits eine sp\u00fcrbare Sch\u00e4rfung, die bei Bedarf mit einigen zus\u00e4tzlichen Durchg\u00e4ngen verst\u00e4rkt werden kann. Der ergonomische Griff bietet einen sicheren Halt und der Fingerschutz sch\u00fctzt Ihre H\u00e4nde. Die Wolframkarbidklingen gew\u00e4hrleisten eine lange Lebensdauer und rosten nicht, was diesen Sch\u00e4rfer zu einem zuverl\u00e4ssigen Helfer f\u00fcr den Heimgebrauch und f\u00fcr Hobbyanwendungen macht. Er ist besonders geeignet f\u00fcr diejenigen, die ihre Werkzeuge schnell und einfach ohne spezielle Ausr\u00fcstung scharf halten m\u00f6chten.    <\/p>\n","protected":false},"excerpt":{"rendered":"<p>AccuSharp Gartenger\u00e4tesch\u00e4rfer \u2013 Vielseitig Wenn Sie Ihre Gartenger\u00e4te scharf halten m\u00f6chten, ohne komplizierte Schleifsteine, bietet AccuSharp eine effiziente und benutzerfreundliche L\u00f6sung. Dieser Sch\u00e4rfer wurde speziell f\u00fcr Gartenger\u00e4te wie Gartenscheren, Schaufeln, Hacken und mehr entwickelt. Er ist eine ideale Wahl sowohl f\u00fcr den Garten als auch f\u00fcr die Werkstatt, wenn Sie sicherstellen m\u00f6chten, dass Ihre Werkzeuge [&#8230;]\n","protected":false},"featured_media":293803,"comment_status":"open","ping_status":"closed","template":"","meta":[],"product_brand":[],"product_cat":[1134],"product_tag":[],"class_list":{"0":"post-294040","1":"product","2":"type-product","3":"status-publish","4":"has-post-thumbnail","6":"product_cat-messer-aexte-und-schaerfer","8":"first","9":"instock","10":"taxable","11":"shipping-taxable","12":"purchasable","13":"product-type-simple"},"composite_virtual":false,"composite_layout":"","composite_add_to_cart_form_location":"","composite_editable_in_cart":false,"composite_sold_individually_context":"","composite_shop_price_calc":"","composite_components":[],"composite_scenarios":[],"group_of_quantity":0,"min_quantity":0,"max_quantity":"","exclude_order_quantity_value_rules":"no","exclude_category_quantity_rules":"no","combine_variations":"no","exclude_global_add_ons":[],"addons":[],"_links":{"self":[{"href":"https:\/\/www.huntersfriend.eu\/de\/wp-json\/wp\/v2\/product\/294040","targetHints":{"allow":["GET"]}}],"collection":[{"href":"https:\/\/www.huntersfriend.eu\/de\/wp-json\/wp\/v2\/product"}],"about":[{"href":"https:\/\/www.huntersfriend.eu\/de\/wp-json\/wp\/v2\/types\/product"}],"replies":[{"embeddable":true,"href":"https:\/\/www.huntersfriend.eu\/de\/wp-json\/wp\/v2\/comments?post=294040"}],"wp:featuredmedia":[{"embeddable":true,"href":"https:\/\/www.huntersfriend.eu\/de\/wp-json\/wp\/v2\/media\/293803"}],"wp:attachment":[{"href":"https:\/\/www.huntersfriend.eu\/de\/wp-json\/wp\/v2\/media?parent=294040"}],"wp:term":[{"taxonomy":"product_brand","embeddable":true,"href":"https:\/\/www.huntersfriend.eu\/de\/wp-json\/wp\/v2\/product_brand?post=294040"},{"taxonomy":"product_cat","embeddable":true,"href":"https:\/\/www.huntersfriend.eu\/de\/wp-json\/wp\/v2\/product_cat?post=294040"},{"taxonomy":"product_tag","embeddable":true,"href":"https:\/\/www.huntersfriend.eu\/de\/wp-json\/wp\/v2\/product_tag?post=294040"}],"curies":[{"name":"wp","href":"https:\/\/api.w.org\/{rel}","templated":true}]}}