{"id":294039,"date":"2025-11-19T10:43:53","date_gmt":"2025-11-19T08:43:53","guid":{"rendered":"https:\/\/www.huntersfriend.eu\/product\/sitka-downpour-jacke-elevated\/"},"modified":"2026-01-30T10:05:28","modified_gmt":"2026-01-30T08:05:28","slug":"sitka-downpour-jacke-elevated","status":"publish","type":"product","link":"https:\/\/www.huntersfriend.eu\/de\/produkt\/sitka-downpour-jacke-elevated\/","title":{"rendered":"SITKA Downpour Jacke \u2013 Elevated"},"content":{"rendered":"<p>Die Downpour Jacke l\u00f6st das uralte Problem lauter Regenkleidung. Ein 100 % wasserdichtes und atmungsaktives 3-Lagen-GORE-TEX-Gewebe in Kombination mit einem weichen, angerauten Obermaterial sorgt daf\u00fcr, dass Sie auf dem Hochsitz absolut ger\u00e4uschlos sind. Zu den speziell auf Wei\u00dfwedel zugeschnittenen Merkmalen geh\u00f6rt eine wasserdichte \u00d6ffnung f\u00fcr den Sicherheitsgurt, mit der Sie Ihre Jacke \u00fcber einem Gurt tragen k\u00f6nnen, ohne die Kapuze zu beeintr\u00e4chtigen. Unterarmrei\u00dfverschl\u00fcsse sorgen f\u00fcr eine verbesserte Temperaturregulierung bei w\u00e4rmeren St\u00fcrmen in der fr\u00fchen Saison oder l\u00e4ngeren Wanderungen zum Stand. Keine knisternden \u00c4rmel, die die Stille brechen, keine durchn\u00e4ssten Basisschichten, die den Ausflug verk\u00fcrzen \u2013 dies ist ein hochmodernes Design, das in einem der wichtigsten Teile Ihres Systems steckt.    <\/p>\n<div class=\"feature_item\">Atmungsaktives, 100 % wasserdichtes GORE-TEX-Gewebe garantiert, dass Sie trocken bleiben<\/div>\n<div class=\"feature_item\">GORE\u00ae C-Knit-Futter bietet eine verbesserte Passform und Atmungsaktivit\u00e4t<\/div>\n<div class=\"feature_item\">Das angeraute Polyester-Obermaterial ist leicht und extrem leise<\/div>\n<div class=\"feature_item\">Die Sicherheitsgurt-Durchf\u00fchrung macht es \u00fcberfl\u00fcssig, den Gurt zu l\u00f6sen, wenn Sie Schichten hinzuf\u00fcgen oder entfernen<\/div>\n<div class=\"feature_item\">Handw\u00e4rmertaschen mit Rei\u00dfverschluss bieten sicheren und zug\u00e4nglichen Stauraum beim Tragen eines Gurtes<\/div>\n<div class=\"feature_item\">Unterarmrei\u00dfverschl\u00fcsse erm\u00f6glichen eine bessere Temperaturregulierung bei hoher Anstrengung<\/div>\n<div class=\"feature_item\">Die Rei\u00dfverschlusstasche verstaut sicher ein Telefon oder andere wichtige Dinge<\/div>\n<div class=\"feature_item\">Klettverschl\u00fcsse an den Handgelenken halten Wind und Wasser ab<\/div>\n<div class=\"feature_item\">Hergestellt mit nachhaltigem GORE\u00ae EPE-Laminat<\/div>\n","protected":false},"excerpt":{"rendered":"<p>Die Downpour Jacke l\u00f6st das uralte Problem lauter Regenkleidung. Ein 100 % wasserdichtes und atmungsaktives 3-Lagen-GORE-TEX-Gewebe in Kombination mit einem weichen, angerauten Obermaterial sorgt daf\u00fcr, dass Sie auf dem Hochsitz absolut ger\u00e4uschlos sind. Zu den speziell auf Wei\u00dfwedel zugeschnittenen Merkmalen geh\u00f6rt eine wasserdichte \u00d6ffnung f\u00fcr den Sicherheitsgurt, mit der Sie Ihre Jacke \u00fcber einem Gurt [&#8230;]\n","protected":false},"featured_media":292258,"comment_status":"open","ping_status":"closed","template":"","meta":[],"product_brand":[],"product_cat":[1384],"product_tag":[],"class_list":{"0":"post-294039","1":"product","2":"type-product","3":"status-publish","4":"has-post-thumbnail","6":"product_cat-jacken","8":"first","9":"instock","10":"taxable","11":"shipping-taxable","12":"purchasable","13":"product-type-variable"},"composite_virtual":false,"composite_layout":"","composite_add_to_cart_form_location":"","composite_editable_in_cart":false,"composite_sold_individually_context":"","composite_shop_price_calc":"","composite_components":[],"composite_scenarios":[],"group_of_quantity":0,"min_quantity":0,"max_quantity":"","exclude_order_quantity_value_rules":"no","exclude_category_quantity_rules":"no","combine_variations":"no","exclude_global_add_ons":[],"addons":[],"_links":{"self":[{"href":"https:\/\/www.huntersfriend.eu\/de\/wp-json\/wp\/v2\/product\/294039","targetHints":{"allow":["GET"]}}],"collection":[{"href":"https:\/\/www.huntersfriend.eu\/de\/wp-json\/wp\/v2\/product"}],"about":[{"href":"https:\/\/www.huntersfriend.eu\/de\/wp-json\/wp\/v2\/types\/product"}],"replies":[{"embeddable":true,"href":"https:\/\/www.huntersfriend.eu\/de\/wp-json\/wp\/v2\/comments?post=294039"}],"wp:featuredmedia":[{"embeddable":true,"href":"https:\/\/www.huntersfriend.eu\/de\/wp-json\/wp\/v2\/media\/292258"}],"wp:attachment":[{"href":"https:\/\/www.huntersfriend.eu\/de\/wp-json\/wp\/v2\/media?parent=294039"}],"wp:term":[{"taxonomy":"product_brand","embeddable":true,"href":"https:\/\/www.huntersfriend.eu\/de\/wp-json\/wp\/v2\/product_brand?post=294039"},{"taxonomy":"product_cat","embeddable":true,"href":"https:\/\/www.huntersfriend.eu\/de\/wp-json\/wp\/v2\/product_cat?post=294039"},{"taxonomy":"product_tag","embeddable":true,"href":"https:\/\/www.huntersfriend.eu\/de\/wp-json\/wp\/v2\/product_tag?post=294039"}],"curies":[{"name":"wp","href":"https:\/\/api.w.org\/{rel}","templated":true}]}}