{"id":294028,"date":"2026-01-14T15:20:46","date_gmt":"2026-01-14T13:20:46","guid":{"rendered":"https:\/\/www.huntersfriend.eu\/product\/accusharp-messer-und-axtschaerfer\/"},"modified":"2026-01-30T10:04:52","modified_gmt":"2026-01-30T08:04:52","slug":"accusharp-messer-und-axtschaerfer","status":"publish","type":"product","link":"https:\/\/www.huntersfriend.eu\/de\/produkt\/accusharp-messer-und-axtschaerfer\/","title":{"rendered":"AccuSharp Messer- und Axtsch\u00e4rfer"},"content":{"rendered":"<p data-start=\"0\" data-end=\"60\"><strong data-start=\"0\" data-end=\"60\">AccuSharp Messer- und Axtsch\u00e4rfer \u2013 Pr\u00e4zision in Sekunden<\/strong><\/p>\n<p data-start=\"62\" data-end=\"673\">Der AccuSharp Sch\u00e4rfer ist eine kluge Wahl, wenn Sie Ihre Messer und andere Werkzeuge einfach und schnell scharf halten m\u00f6chten. Sein intuitives Design und die einfache Bedienung beschleunigen das Sch\u00e4rfen \u2013 oft in nur etwa 10 Sekunden. Dieses Werkzeug eignet sich hervorragend f\u00fcr sowohl glatte als auch gezahnte Klingen sowie f\u00fcr \u00c4xte, Macheten und andere Schneidwerkzeuge. Der ergonomische Griff liegt bequem in jeder Hand, und der durchgehende Fingerschutz sch\u00fctzt Ihre H\u00e4nde w\u00e4hrend des Gebrauchs. Die diamantbeschichteten Wolfram-V-Nuten gew\u00e4hrleisten eine lange Lebensdauer ohne Rost, und der Sch\u00e4rfer kann leicht mit Seife oder in der Sp\u00fclmaschine gereinigt werden.    <\/p>\n<p data-start=\"675\" data-end=\"700\"><strong data-start=\"675\" data-end=\"700\">Merkmale und Vorteile<\/strong><\/p>\n<ul data-start=\"702\" data-end=\"1174\">\n<li data-start=\"702\" data-end=\"773\">\n<p data-start=\"704\" data-end=\"773\">Sch\u00e4rft Messer und andere Schneidwerkzeuge in nur 10 Sekunden.<\/p>\n<\/li>\n<li data-start=\"774\" data-end=\"851\">\n<p data-start=\"776\" data-end=\"851\">Diamantbeschichtete Wolfram-V-Nuten sorgen f\u00fcr pr\u00e4zises und dauerhaftes Sch\u00e4rfen.<\/p>\n<\/li>\n<li data-start=\"852\" data-end=\"908\">\n<p data-start=\"854\" data-end=\"908\">Wendbare Klingen verdoppeln die Lebensdauer des Produkts.<\/p>\n<\/li>\n<li data-start=\"909\" data-end=\"970\">\n<p data-start=\"911\" data-end=\"970\">Rostfreies Design, geeignet f\u00fcr den Einsatz in feuchten Umgebungen.<\/p>\n<\/li>\n<li data-start=\"971\" data-end=\"1030\">\n<p data-start=\"973\" data-end=\"1030\">Ergonomischer Griff f\u00fcr Rechts- und Linksh\u00e4nder.<\/p>\n<\/li>\n<li data-start=\"1031\" data-end=\"1098\">\n<p data-start=\"1033\" data-end=\"1098\">Vollst\u00e4ndiger Fingerschutz sch\u00fctzt die H\u00e4nde bei der Arbeit mit scharfen Kanten.<\/p>\n<\/li>\n<li data-start=\"1099\" data-end=\"1174\">\n<p data-start=\"1101\" data-end=\"1174\">Einfache Wartung \u2013 kann mit Wasser und Seife oder in der Sp\u00fclmaschine gereinigt werden.<\/p>\n<\/li>\n<\/ul>\n<p data-start=\"1176\" data-end=\"1201\"><strong data-start=\"1176\" data-end=\"1201\">Warum AccuSharp w\u00e4hlen?<\/strong><\/p>\n<p data-start=\"1203\" data-end=\"1594\" data-is-last-node=\"\" data-is-only-node=\"\">Wenn Sie sicherstellen m\u00f6chten, dass Ihre Klingen funktionsf\u00e4hig bleiben, ohne separate Sch\u00e4rfsteine oder komplizierte Schritte, kombiniert AccuSharp Benutzerfreundlichkeit mit Effizienz. Es ist ideal f\u00fcr anspruchsvolle K\u00fcchenarbeiten, die Wartung von Outdoor-Ausr\u00fcstung und das Sch\u00e4rfen von Jagd- und Angelausr\u00fcstung. Dank seiner schnellen Bedienung werden Sie nicht ausgebremst \u2013 nur ein paar Z\u00fcge und Ihre Klinge ist scharf und wieder einsatzbereit.  <\/p>\n","protected":false},"excerpt":{"rendered":"<p>AccuSharp Messer- und Axtsch\u00e4rfer \u2013 Pr\u00e4zision in Sekunden Der AccuSharp Sch\u00e4rfer ist eine kluge Wahl, wenn Sie Ihre Messer und andere Werkzeuge einfach und schnell scharf halten m\u00f6chten. Sein intuitives Design und die einfache Bedienung beschleunigen das Sch\u00e4rfen \u2013 oft in nur etwa 10 Sekunden. Dieses Werkzeug eignet sich hervorragend f\u00fcr sowohl glatte als auch [&#8230;]\n","protected":false},"featured_media":293796,"comment_status":"open","ping_status":"closed","template":"","meta":[],"product_brand":[],"product_cat":[1134],"product_tag":[],"class_list":{"0":"post-294028","1":"product","2":"type-product","3":"status-publish","4":"has-post-thumbnail","6":"product_cat-messer-aexte-und-schaerfer","8":"first","9":"instock","10":"taxable","11":"shipping-taxable","12":"purchasable","13":"product-type-simple"},"composite_virtual":false,"composite_layout":"","composite_add_to_cart_form_location":"","composite_editable_in_cart":false,"composite_sold_individually_context":"","composite_shop_price_calc":"","composite_components":[],"composite_scenarios":[],"group_of_quantity":0,"min_quantity":0,"max_quantity":"","exclude_order_quantity_value_rules":"no","exclude_category_quantity_rules":"no","combine_variations":"no","exclude_global_add_ons":[],"addons":[],"_links":{"self":[{"href":"https:\/\/www.huntersfriend.eu\/de\/wp-json\/wp\/v2\/product\/294028","targetHints":{"allow":["GET"]}}],"collection":[{"href":"https:\/\/www.huntersfriend.eu\/de\/wp-json\/wp\/v2\/product"}],"about":[{"href":"https:\/\/www.huntersfriend.eu\/de\/wp-json\/wp\/v2\/types\/product"}],"replies":[{"embeddable":true,"href":"https:\/\/www.huntersfriend.eu\/de\/wp-json\/wp\/v2\/comments?post=294028"}],"wp:featuredmedia":[{"embeddable":true,"href":"https:\/\/www.huntersfriend.eu\/de\/wp-json\/wp\/v2\/media\/293796"}],"wp:attachment":[{"href":"https:\/\/www.huntersfriend.eu\/de\/wp-json\/wp\/v2\/media?parent=294028"}],"wp:term":[{"taxonomy":"product_brand","embeddable":true,"href":"https:\/\/www.huntersfriend.eu\/de\/wp-json\/wp\/v2\/product_brand?post=294028"},{"taxonomy":"product_cat","embeddable":true,"href":"https:\/\/www.huntersfriend.eu\/de\/wp-json\/wp\/v2\/product_cat?post=294028"},{"taxonomy":"product_tag","embeddable":true,"href":"https:\/\/www.huntersfriend.eu\/de\/wp-json\/wp\/v2\/product_tag?post=294028"}],"curies":[{"name":"wp","href":"https:\/\/api.w.org\/{rel}","templated":true}]}}