{"id":294027,"date":"2026-01-12T08:25:14","date_gmt":"2026-01-12T06:25:14","guid":{"rendered":"https:\/\/www.huntersfriend.eu\/product\/sitka-endure-pant-hose-cover\/"},"modified":"2026-01-30T10:04:57","modified_gmt":"2026-01-30T08:04:57","slug":"sitka-endure-pant-hose-cover","status":"publish","type":"product","link":"https:\/\/www.huntersfriend.eu\/de\/produkt\/sitka-endure-pant-hose-cover\/","title":{"rendered":"SITKA Endure Pant Hose &#8211; Cover"},"content":{"rendered":"<p>Die Endure Pant wurde f\u00fcr ganzj\u00e4hrigen Komfort und Leistung entwickelt und ist der Ma\u00dfstab f\u00fcr vielseitige Strapazierf\u00e4higkeit. Diese Hose wurde aus einem extrem strapazierf\u00e4higen Doppelgewebe aus Polyester gefertigt und bietet enorme Robustheit ohne zus\u00e4tzliche Reibung und Ger\u00e4uschentwicklung. \u00d6ffnen Sie die H\u00fcftbel\u00fcftungs\u00f6ffnungen mit Rei\u00dfverschluss, um W\u00e4rme abzuleiten, wenn Sie an H\u00f6he gewinnen, und verwenden Sie die internen Netztaschen f\u00fcr Knieschoner, wenn die Jagd auf allen Vieren stattfindet. Das innovative Taschensystem sorgt daf\u00fcr, dass Sie jederzeit schnellen Zugriff auf Wertsachen und kleinere Ausr\u00fcstungsgegenst\u00e4nde haben. Die Kombination aus strapazierf\u00e4higem Komfort und umfassender Funktionalit\u00e4t macht die Endure Pant zum Multitool Ihres Systems.    <\/p>\n<div class=\"flex gap-x-4 items-center cursor-pointer border-transparent\" role=\"tab\">\n<div class=\"flex-1\">\n<h2 class=\"typo-h4\">Funktionen<\/h2>\n<\/div>\n<p><button class=\"h-6 w-6 focus:outline-system-accent transition-all\" type=\"button\" aria-expanded=\"true\"><span class=\"sr-only\">Zusammenklappen<\/span><\/button><\/div>\n<div class=\"overflow-hidden\" role=\"tabpanel\">\n<div class=\"pt-4\">\n<ul class=\"list-disc list-inside space-y-2\">\n<li><span class=\"typo-main text-grayscale-600\">Doppelgewebtes Polyestergewebe vereint Tarnung und Strapazierf\u00e4higkeit<\/span><\/li>\n<li><span class=\"typo-main text-grayscale-600\">Hand- und Cargotaschen mit Rei\u00dfverschluss bieten sichere Aufbewahrung wichtiger Dinge<\/span><\/li>\n<li><span class=\"typo-main text-grayscale-600\">Innentasche in der rechten Cargotasche sorgt daf\u00fcr, dass die Ausr\u00fcstung in Reichweite ist<\/span><\/li>\n<li><span class=\"typo-main text-grayscale-600\">Interne Netztaschen f\u00fcr Knieschoner bieten die M\u00f6glichkeit f\u00fcr zus\u00e4tzlichen Komfort beim Krabbeln<\/span><\/li>\n<li><span class=\"typo-main text-grayscale-600\">Die verst\u00e4rkte Messertasche bietet eine dauerhafte L\u00f6sung f\u00fcr die Aufbewahrung von Messern<\/span><\/li>\n<li><span class=\"typo-main text-grayscale-600\">H\u00fcftbel\u00fcftungs\u00f6ffnungen mit Rei\u00dfverschluss erm\u00f6glichen es Ihnen, bei anstrengenden Anstiegen W\u00e4rme abzuleiten<\/span><\/li>\n<li><span class=\"typo-main text-grayscale-600\">Hosentr\u00e4gerkompatible G\u00fcrtelschlaufen sorgen f\u00fcr die perfekte Passform<\/span><\/li>\n<li><span class=\"typo-main text-grayscale-600\">Gesamtgewicht 32R: 499 g<\/span><\/li>\n<\/ul>\n<\/div>\n<\/div>\n","protected":false},"excerpt":{"rendered":"<p>Die Endure Pant wurde f\u00fcr ganzj\u00e4hrigen Komfort und Leistung entwickelt und ist der Ma\u00dfstab f\u00fcr vielseitige Strapazierf\u00e4higkeit. Diese Hose wurde aus einem extrem strapazierf\u00e4higen Doppelgewebe aus Polyester gefertigt und bietet enorme Robustheit ohne zus\u00e4tzliche Reibung und Ger\u00e4uschentwicklung. \u00d6ffnen Sie die H\u00fcftbel\u00fcftungs\u00f6ffnungen mit Rei\u00dfverschluss, um W\u00e4rme abzuleiten, wenn Sie an H\u00f6he gewinnen, und verwenden Sie die [&#8230;]\n","protected":false},"featured_media":293705,"comment_status":"open","ping_status":"closed","template":"","meta":[],"product_brand":[],"product_cat":[1128],"product_tag":[],"class_list":{"0":"post-294027","1":"product","2":"type-product","3":"status-publish","4":"has-post-thumbnail","6":"product_cat-hosen","8":"first","9":"instock","10":"taxable","11":"shipping-taxable","12":"purchasable","13":"product-type-variable"},"composite_virtual":false,"composite_layout":"","composite_add_to_cart_form_location":"","composite_editable_in_cart":false,"composite_sold_individually_context":"","composite_shop_price_calc":"","composite_components":[],"composite_scenarios":[],"group_of_quantity":0,"min_quantity":0,"max_quantity":"","exclude_order_quantity_value_rules":"no","exclude_category_quantity_rules":"no","combine_variations":"no","exclude_global_add_ons":[],"addons":[],"_links":{"self":[{"href":"https:\/\/www.huntersfriend.eu\/de\/wp-json\/wp\/v2\/product\/294027","targetHints":{"allow":["GET"]}}],"collection":[{"href":"https:\/\/www.huntersfriend.eu\/de\/wp-json\/wp\/v2\/product"}],"about":[{"href":"https:\/\/www.huntersfriend.eu\/de\/wp-json\/wp\/v2\/types\/product"}],"replies":[{"embeddable":true,"href":"https:\/\/www.huntersfriend.eu\/de\/wp-json\/wp\/v2\/comments?post=294027"}],"wp:featuredmedia":[{"embeddable":true,"href":"https:\/\/www.huntersfriend.eu\/de\/wp-json\/wp\/v2\/media\/293705"}],"wp:attachment":[{"href":"https:\/\/www.huntersfriend.eu\/de\/wp-json\/wp\/v2\/media?parent=294027"}],"wp:term":[{"taxonomy":"product_brand","embeddable":true,"href":"https:\/\/www.huntersfriend.eu\/de\/wp-json\/wp\/v2\/product_brand?post=294027"},{"taxonomy":"product_cat","embeddable":true,"href":"https:\/\/www.huntersfriend.eu\/de\/wp-json\/wp\/v2\/product_cat?post=294027"},{"taxonomy":"product_tag","embeddable":true,"href":"https:\/\/www.huntersfriend.eu\/de\/wp-json\/wp\/v2\/product_tag?post=294027"}],"curies":[{"name":"wp","href":"https:\/\/api.w.org\/{rel}","templated":true}]}}