{"id":294026,"date":"2026-01-14T15:20:46","date_gmt":"2026-01-14T13:20:46","guid":{"rendered":"https:\/\/www.huntersfriend.eu\/product\/augersharp-werkzeugschaerfer-eisbohrer\/"},"modified":"2026-01-30T10:04:28","modified_gmt":"2026-01-30T08:04:28","slug":"augersharp-werkzeugschaerfer-eisbohrer","status":"publish","type":"product","link":"https:\/\/www.huntersfriend.eu\/de\/produkt\/augersharp-werkzeugschaerfer-eisbohrer\/","title":{"rendered":"AugerSharp Werkzeugsch\u00e4rfer (Eisbohrer)"},"content":{"rendered":"<p data-start=\"0\" data-end=\"75\"><strong data-start=\"0\" data-end=\"75\">AccuSharp AugerSharp \u2013 Eine effiziente L\u00f6sung zum Sch\u00e4rfen von Eisbohrerklingen<\/strong><\/p>\n<p data-start=\"77\" data-end=\"369\">Der AccuSharp AugerSharp wurde speziell f\u00fcr die Wartung von Eisbohrerklingen entwickelt, sodass Sie diese schnell und pr\u00e4zise scharf halten k\u00f6nnen, ohne komplizierte Verfahren. Dieser kompakte Sch\u00e4rfer ist das perfekte Zubeh\u00f6r f\u00fcr Angler, die sicherstellen m\u00f6chten, dass ihr Bohrer reibungslos durch das Eis schneidet. <\/p>\n<p data-start=\"371\" data-end=\"396\"><strong data-start=\"371\" data-end=\"396\">Merkmale und Vorteile<\/strong><\/p>\n<ul data-start=\"398\" data-end=\"771\">\n<li data-start=\"398\" data-end=\"486\">\n<p data-start=\"400\" data-end=\"486\">Wolframsch\u00e4rfer bietet eine pr\u00e4zise und langlebige Schneide f\u00fcr Ihre Bohrerklinge.<\/p>\n<\/li>\n<li data-start=\"487\" data-end=\"542\">\n<p data-start=\"489\" data-end=\"542\">Durchgehender Fingerschutz sch\u00fctzt die H\u00e4nde w\u00e4hrend des Gebrauchs.<\/p>\n<\/li>\n<li data-start=\"543\" data-end=\"630\">\n<p data-start=\"545\" data-end=\"630\">Rostfreies Design \u2013 geeignet f\u00fcr nasse Bedingungen und leicht mit Wasser und Seife zu reinigen.<\/p>\n<\/li>\n<li data-start=\"631\" data-end=\"695\">\n<p data-start=\"633\" data-end=\"695\">Kompakte und leichte Bauweise erleichtert den Transport.<\/p>\n<\/li>\n<li data-start=\"696\" data-end=\"771\">\n<p data-start=\"698\" data-end=\"771\">Besonders geeignet zum Sch\u00e4rfen von Eisbohrerklingen, auch direkt auf dem Eis.<\/p>\n<\/li>\n<\/ul>\n<p data-start=\"773\" data-end=\"801\"><strong data-start=\"773\" data-end=\"801\">Warum dieses Produkt w\u00e4hlen?<\/strong><\/p>\n<p data-start=\"803\" data-end=\"1152\" data-is-last-node=\"\" data-is-only-node=\"\">Wenn Sie Ihre Bohrerklingen scharf halten m\u00f6chten, ohne teure oder sperrige Sch\u00e4rfger\u00e4te, bietet der AccuSharp AugerSharp eine unkomplizierte und effektive L\u00f6sung. Er hilft, die Sch\u00e4rfe unter Feldbedingungen einfach aufrechtzuerhalten und die Leistung auf dem Eis deutlich zu verbessern. Dieser Sch\u00e4rfer ist f\u00fcr den harten Einsatz und anspruchsvolle Umgebungen gebaut.  <\/p>\n","protected":false},"excerpt":{"rendered":"<p>AccuSharp AugerSharp \u2013 Eine effiziente L\u00f6sung zum Sch\u00e4rfen von Eisbohrerklingen Der AccuSharp AugerSharp wurde speziell f\u00fcr die Wartung von Eisbohrerklingen entwickelt, sodass Sie diese schnell und pr\u00e4zise scharf halten k\u00f6nnen, ohne komplizierte Verfahren. Dieser kompakte Sch\u00e4rfer ist das perfekte Zubeh\u00f6r f\u00fcr Angler, die sicherstellen m\u00f6chten, dass ihr Bohrer reibungslos durch das Eis schneidet. Merkmale und [&#8230;]\n","protected":false},"featured_media":293806,"comment_status":"open","ping_status":"closed","template":"","meta":[],"product_brand":[],"product_cat":[1134],"product_tag":[],"class_list":{"0":"post-294026","1":"product","2":"type-product","3":"status-publish","4":"has-post-thumbnail","6":"product_cat-messer-aexte-und-schaerfer","8":"first","9":"instock","10":"taxable","11":"shipping-taxable","12":"purchasable","13":"product-type-simple"},"composite_virtual":false,"composite_layout":"","composite_add_to_cart_form_location":"","composite_editable_in_cart":false,"composite_sold_individually_context":"","composite_shop_price_calc":"","composite_components":[],"composite_scenarios":[],"group_of_quantity":0,"min_quantity":0,"max_quantity":"","exclude_order_quantity_value_rules":"no","exclude_category_quantity_rules":"no","combine_variations":"no","exclude_global_add_ons":[],"addons":[],"_links":{"self":[{"href":"https:\/\/www.huntersfriend.eu\/de\/wp-json\/wp\/v2\/product\/294026","targetHints":{"allow":["GET"]}}],"collection":[{"href":"https:\/\/www.huntersfriend.eu\/de\/wp-json\/wp\/v2\/product"}],"about":[{"href":"https:\/\/www.huntersfriend.eu\/de\/wp-json\/wp\/v2\/types\/product"}],"replies":[{"embeddable":true,"href":"https:\/\/www.huntersfriend.eu\/de\/wp-json\/wp\/v2\/comments?post=294026"}],"wp:featuredmedia":[{"embeddable":true,"href":"https:\/\/www.huntersfriend.eu\/de\/wp-json\/wp\/v2\/media\/293806"}],"wp:attachment":[{"href":"https:\/\/www.huntersfriend.eu\/de\/wp-json\/wp\/v2\/media?parent=294026"}],"wp:term":[{"taxonomy":"product_brand","embeddable":true,"href":"https:\/\/www.huntersfriend.eu\/de\/wp-json\/wp\/v2\/product_brand?post=294026"},{"taxonomy":"product_cat","embeddable":true,"href":"https:\/\/www.huntersfriend.eu\/de\/wp-json\/wp\/v2\/product_cat?post=294026"},{"taxonomy":"product_tag","embeddable":true,"href":"https:\/\/www.huntersfriend.eu\/de\/wp-json\/wp\/v2\/product_tag?post=294026"}],"curies":[{"name":"wp","href":"https:\/\/api.w.org\/{rel}","templated":true}]}}