{"id":293298,"date":"2025-11-19T10:43:53","date_gmt":"2025-11-19T08:43:53","guid":{"rendered":"https:\/\/www.huntersfriend.eu\/product\/mathews-arc-30-custom-bogen\/"},"modified":"2026-05-04T06:22:24","modified_gmt":"2026-05-04T04:22:24","slug":"mathews-arc-30-custom-bogen","status":"publish","type":"product","link":"https:\/\/www.huntersfriend.eu\/de\/produkt\/mathews-arc-30-custom-bogen\/","title":{"rendered":"Mathews Arc 30 Custom Bogen"},"content":{"rendered":"<p><span data-text-color=\"alert\"><strong>Bitte pr\u00fcfen Sie unsere Mathews Arc 30 Lagerseite, um zu sehen, ob wir den Bogen vor der Bestellung hier haben. Sie k\u00f6nnen uns auch direkt kontaktieren, um weitere Informationen \u00fcber Verf\u00fcgbarkeit und Lieferzeiten zu erhalten. <\/strong><\/span><\/p>\n<p>Der 2026 ARC\u2122 wurde f\u00fcr Geschwindigkeit entwickelt und f\u00fcr Bogensch\u00fctzen verfeinert, die mehr verlangen. Er kombiniert verbesserte Stabilit\u00e4t, Effizienz und Vielseitigkeit in einer leichten, leistungsstarken Plattform. Aufbauend auf unserem bisher fortschrittlichsten Wurfarmdesign, der neuen SWX-2 Cam mit Perimeter-Weight-Technologie und einer neu gestalteten Wurfarmaufnahme und Wurfarmgeometrie wurde jedes System innerhalb der ARC-Plattform genauestens gepr\u00fcft, um die Geschwindigkeit \u00fcber Jagd-Setups hinweg beizubehalten. <\/p>\n<p>Standh\u00f6he: 6&#8243;<\/p>\n<p>IBO-Bewertung: Bis zu 348 FPS<\/p>\n<p>Achse zu Achse: 30&#8243;<\/p>\n<p>Zuggewicht: 55, 60, 65, 70, 75 &amp; 80<\/p>\n<p>Auszugsl\u00e4ngen: 25&#8243;-30.5&#8243;<\/p>\n<p>Let-Off: 80 oder 85 %<\/p>\n<p>Physisches Gewicht: 3,99 LBS<\/p>\n<p>CAM: SWX-2<\/p>\n<h2>Neu gestaltete SWX-2 Cam<\/h2>\n<p>Eine SWX Cam der zweiten Generation mit Perimeter Weight Technology arbeitet mit dem Rest dieses leistungsstarken Systems zusammen, um den gef\u00fchlten R\u00fccksto\u00df zu reduzieren und gleichzeitig die Geschwindigkeit beizubehalten, selbst wenn sie vollst\u00e4ndig mit einem Peep Sight und einer D-Schlaufe ausgestattet ist, die traditionell die Leistung reduzieren. In direkten Vergleichen behalten Jagd-Setups, die fr\u00fchere Modelle typischerweise viel Geschwindigkeit gekostet haben, mit dem ARC ihre Leistung bei \u2013 was J\u00e4gern flachere Flugbahnen und mehr Fehlertoleranz im Feld erm\u00f6glicht. <\/p>\n<h2>Verst\u00e4rktes Wurfarmdesign<\/h2>\n<p>Das verst\u00e4rkte Chassis des ARC bietet zus\u00e4tzliche Festigkeit und Steifigkeit, wo es am wichtigsten ist, und beh\u00e4lt gleichzeitig eine ultraleichte und agile Plattform bei. Der ARC-Wurfarm ist jetzt funktionsreicher als je zuvor und verf\u00fcgt \u00fcber einen gefr\u00e4sten Silent Connect-Anker sowie einen neuen, vollst\u00e4ndig integrierten V-Bar-Montageanschluss. <\/p>\n<h2>Neu gestaltete Wurfarmbaugruppe<\/h2>\n<p>Optimiert das Wurfarmgleichgewicht und erzeugt einen perfekt parallelen Wurfarmweg, um das Gef\u00fchl zu verbessern, die Effizienz zu steigern und die Vibrationen nach dem Schuss zu reduzieren. Die neu gestaltete Wurfarmaufnahme reduziert das Gewicht und erh\u00f6ht gleichzeitig die Stabilit\u00e4t. <\/p>\n<h2>SWX-Z Mod<\/h2>\n<p>Diese neue Mod-Option bietet eine gro\u00dfz\u00fcgigere Kurve, um einen ultraweichen Auszug mit einem bescheidenen Kompromiss bei den H\u00f6chstgeschwindigkeitswerten zu erzielen. (Kontaktieren Sie uns diesbez\u00fcglich!) <\/p>\n","protected":false},"excerpt":{"rendered":"<p>Bitte pr\u00fcfen Sie unsere Mathews Arc 30 Lagerseite, um zu sehen, ob wir den Bogen vor der Bestellung hier haben. Sie k\u00f6nnen uns auch direkt kontaktieren, um weitere Informationen \u00fcber Verf\u00fcgbarkeit und Lieferzeiten zu erhalten. Der 2026 ARC\u2122 wurde f\u00fcr Geschwindigkeit entwickelt und f\u00fcr Bogensch\u00fctzen verfeinert, die mehr verlangen. Er kombiniert verbesserte Stabilit\u00e4t, Effizienz und [&#8230;]\n","protected":false},"featured_media":292240,"comment_status":"open","ping_status":"closed","template":"","meta":[],"product_brand":[],"product_cat":[1125],"product_tag":[],"class_list":{"0":"post-293298","1":"product","2":"type-product","3":"status-publish","4":"has-post-thumbnail","6":"product_cat-compoundbogen-blank","7":"product_shipping_class-big-de","9":"first","10":"onbackorder","11":"taxable","12":"shipping-taxable","13":"purchasable","14":"product-type-simple"},"composite_virtual":false,"composite_layout":"","composite_add_to_cart_form_location":"","composite_editable_in_cart":false,"composite_sold_individually_context":"","composite_shop_price_calc":"","composite_components":[],"composite_scenarios":[],"group_of_quantity":0,"min_quantity":0,"max_quantity":"","exclude_order_quantity_value_rules":"no","exclude_category_quantity_rules":"no","combine_variations":"no","exclude_global_add_ons":false,"addons":[{"name":"Bogenhand","type":"multiple_choice","position":0,"required":true,"title_format":"label","default":"0","description_enable":false,"description":null,"placeholder_enable":false,"placeholder":null,"display":"select","restrictions_type":"any_text","adjust_price":false,"price":"","price_type":"flat_fee","restrictions":false,"min":"0","max":"0","options":[{"label":"Rechte Hand","price":"","price_type":"flat_fee","image":0,"visibility":true},{"label":"Linke Hand","price":"","price_type":"flat_fee","image":0,"visibility":true}],"id":1763554445},{"name":"Auszugsl\u00e4nge","type":"multiple_choice","position":1,"required":true,"title_format":"label","default":"9","description_enable":false,"description":null,"placeholder_enable":false,"placeholder":null,"display":"select","restrictions_type":"any_text","adjust_price":false,"price":"","price_type":"flat_fee","restrictions":false,"min":"0","max":"0","options":[{"label":"24,5\" - Nicht verf\u00fcgbar","price":"","price_type":"flat_fee","image":0,"visibility":true},{"label":"25\" - Modul L","price":"","price_type":"flat_fee","image":0,"visibility":true},{"label":"25,5\" - Modul K","price":"","price_type":"flat_fee","image":0,"visibility":true},{"label":"26\" - Modul J","price":"","price_type":"flat_fee","image":0,"visibility":true},{"label":"26,5\" - Modul I","price":"","price_type":"flat_fee","image":0,"visibility":true},{"label":"27\" - Modul H","price":"","price_type":"flat_fee","image":0,"visibility":true},{"label":"27,5\" - Modul G","price":"","price_type":"flat_fee","image":0,"visibility":true},{"label":"28\" - Modul F","price":"","price_type":"flat_fee","image":0,"visibility":true},{"label":"28,5\" - Modul E","price":"","price_type":"flat_fee","image":0,"visibility":true},{"label":"29\" - Modul D","price":"","price_type":"flat_fee","image":0,"visibility":true},{"label":"29,5\" - Modul C","price":"","price_type":"flat_fee","image":0,"visibility":true},{"label":"30\" - Modul B","price":"","price_type":"flat_fee","image":0,"visibility":true},{"label":"30.5\" Modul A","price":"","price_type":"flat_fee","image":0,"visibility":true}],"id":1763554448},{"name":"Zuggewicht","type":"multiple_choice","position":2,"required":true,"title_format":"label","default":"0","description_enable":false,"description":null,"placeholder_enable":false,"placeholder":null,"display":"select","restrictions_type":"any_text","adjust_price":false,"price":"","price_type":"flat_fee","restrictions":false,"min":"0","max":"0","options":[{"label":"45-55","price":"","price_type":"flat_fee","image":0,"visibility":true},{"label":"50-60","price":"","price_type":"flat_fee","image":0,"visibility":true},{"label":"55-65","price":"","price_type":"flat_fee","image":0,"visibility":true},{"label":"60-70","price":"","price_type":"flat_fee","image":0,"visibility":true},{"label":"65-75","price":"","price_type":"flat_fee","image":0,"visibility":true},{"label":"70-80","price":"","price_type":"flat_fee","image":0,"visibility":true}],"id":1763554447},{"name":"Farbe","type":"multiple_choice","position":3,"required":true,"title_format":"label","default":"0","description_enable":false,"description":null,"placeholder_enable":false,"placeholder":null,"display":"select","restrictions_type":"any_text","adjust_price":false,"price":"","price_type":"flat_fee","restrictions":false,"min":"0","max":"0","options":[{"label":"Schwarz","price":"","price_type":"flat_fee","image":0,"visibility":true},{"label":"Kodiak Braun","price":"","price_type":"flat_fee","image":0,"visibility":true},{"label":"Green Ambush","price":"","price_type":"flat_fee","image":0,"visibility":true},{"label":"Erde","price":"","price_type":"flat_fee","image":0,"visibility":true},{"label":"Schiefer","price":"","price_type":"flat_fee","image":0,"visibility":true},{"label":"Mossy Oak Bottomland","price":"","price_type":"flat_fee","image":0,"visibility":true},{"label":"Kuiu Verde","price":"","price_type":"flat_fee","image":0,"visibility":true},{"label":"First Lite Spectre","price":"","price_type":"flat_fee","image":0,"visibility":true},{"label":"Optifade Subalpine","price":"","price_type":"flat_fee","image":0,"visibility":true},{"label":"Shale Fade to Black","price":"","price_type":"flat_fee","image":0,"visibility":true},{"label":"Earth Fade to Black","price":"","price_type":"flat_fee","image":0,"visibility":true},{"label":"Green Ambush Fade to Black","price":"","price_type":"flat_fee","image":0,"visibility":true},{"label":"Kodiak Brown Fade to Black","price":"","price_type":"flat_fee","image":0,"visibility":true}],"id":1763554446}],"_links":{"self":[{"href":"https:\/\/www.huntersfriend.eu\/de\/wp-json\/wp\/v2\/product\/293298","targetHints":{"allow":["GET"]}}],"collection":[{"href":"https:\/\/www.huntersfriend.eu\/de\/wp-json\/wp\/v2\/product"}],"about":[{"href":"https:\/\/www.huntersfriend.eu\/de\/wp-json\/wp\/v2\/types\/product"}],"replies":[{"embeddable":true,"href":"https:\/\/www.huntersfriend.eu\/de\/wp-json\/wp\/v2\/comments?post=293298"}],"wp:featuredmedia":[{"embeddable":true,"href":"https:\/\/www.huntersfriend.eu\/de\/wp-json\/wp\/v2\/media\/292240"}],"wp:attachment":[{"href":"https:\/\/www.huntersfriend.eu\/de\/wp-json\/wp\/v2\/media?parent=293298"}],"wp:term":[{"taxonomy":"product_brand","embeddable":true,"href":"https:\/\/www.huntersfriend.eu\/de\/wp-json\/wp\/v2\/product_brand?post=293298"},{"taxonomy":"product_cat","embeddable":true,"href":"https:\/\/www.huntersfriend.eu\/de\/wp-json\/wp\/v2\/product_cat?post=293298"},{"taxonomy":"product_tag","embeddable":true,"href":"https:\/\/www.huntersfriend.eu\/de\/wp-json\/wp\/v2\/product_tag?post=293298"}],"curies":[{"name":"wp","href":"https:\/\/api.w.org\/{rel}","templated":true}]}}