{"id":293297,"date":"2025-11-19T10:43:54","date_gmt":"2025-11-19T08:43:54","guid":{"rendered":"https:\/\/www.huntersfriend.eu\/product\/hoyt-carbon-rx-10-ultra-custom-bogen\/"},"modified":"2025-12-16T15:17:42","modified_gmt":"2025-12-16T13:17:42","slug":"hoyt-carbon-rx-10-ultra-custom-bogen","status":"publish","type":"product","link":"https:\/\/www.huntersfriend.eu\/de\/produkt\/hoyt-carbon-rx-10-ultra-custom-bogen\/","title":{"rendered":"Hoyt Carbon RX-10 Ultra Custom Bogen"},"content":{"rendered":"<p><span data-text-color=\"alert\"><strong>Bitte pr\u00fcfen Sie unsere Hoyt RX-10 Ultra Lagerseite, um zu sehen, ob wir den Bogen vor der Bestellung von hier haben. Die Lieferzeiten betragen ca. 1-2 Wochen f\u00fcr B\u00f6gen ab Lager Hoyt Europe und 8-10 Wochen f\u00fcr Sondermodelle von Hoyt USA. Bitte kontaktieren Sie uns direkt f\u00fcr genauere Informationen zur Verf\u00fcgbarkeit.  <\/strong><\/span><\/p>\n<p>Die Carbon REDWRX-Linie erhielt f\u00fcr 2026 ein gro\u00dfes Upgrade mit dem zum Patent angemeldeten XTS Tuning System\u2122. Das Tuning Ihres Bogens war noch nie so einfach oder pr\u00e4zise. Der RX-10 ist in vier Modellvarianten erh\u00e4ltlich: RX-10, RX-10 Ultra, RX-10 Ultra LD (Long Draw) und RX-10 SD (Short Draw). Mit dieser Linie, die mit der HBX Gen 4 Cam ausgestattet ist, k\u00f6nnen Sie einfacher denn je tunen, schie\u00dfen und Ihr Ziel erreichen. Nichts schie\u00dft sich wie ein Hoyt Carbon REDWRX Bogen, und nichts \u00fcbertrifft den neuen RX-10.    <\/p>\n<p><strong>Technische Daten<\/strong><\/p>\n<ul>\n<li>Achsenabstand: 33,5 Zoll<\/li>\n<li>Standh\u00f6he: 6 3\/8 Zoll<\/li>\n<li>Let-Off: 75 %, 80 %, 85 %<\/li>\n<li>IBO Geschwindigkeit: 340 FPS<\/li>\n<li>Gewicht: 4,3 lbs<\/li>\n<li>Auszugsl\u00e4nge: 26\u201331 Zoll (einstellbar in \u00bc-Zoll-Schritten)<\/li>\n<li>Zuggewicht: 40-50, 50-60, 55-65, 60-70, 65-75, 70-80 lbs<\/li>\n<li>H\u00e4ndigkeit: Erh\u00e4ltlich f\u00fcr Rechts- und Linksh\u00e4nder<\/li>\n<li>Standardfarben: Georgia Clay, Sandstorm, Tombstone, Wilderness, Blackout<\/li>\n<li>Jagdfarben: Realtree APX, Mossy Oak Bottomland, Optifade Subalpine, Kuiu Verde, Black Out Bone Collector, Black Out Keep Hammering<\/li>\n<\/ul>\n<h2 role=\"heading\" aria-level=\"1\" data-uw-rm-heading=\"level\">Wenn Sie einen Schraubenschl\u00fcssel drehen k\u00f6nnen, k\u00f6nnen Sie diesen Bogen tunen.<\/h2>\n<p>Das zum Patent angemeldete XTS Tuning System erm\u00f6glicht ein schnelles, einfaches und pr\u00e4zises Tuning ohne Bogenpresse. Im Gegensatz zu den meisten Systemen, die nur Links- und Rechtstendenzen korrigieren, korrigiert XTS auch Hoch- und Tieftendenzen und ist somit eine Komplettl\u00f6sung. Neben dem Papiertuning ist es ideal f\u00fcr das Tuning mit Blankwellen, das Tuning mit Broadheads und sogar f\u00fcr kleine Anpassungen des Zuggewichts. Das Tuning Ihres Bogens war noch nie so einfach \u2013 oder so pr\u00e4zise.   <\/p>\n<h2>Ausgekl\u00fcgelte Technik, die einfach zu bedienen ist.<\/h2>\n<p>Unsere Ingenieure haben nicht nur ein weiteres Tuning-System entwickelt, sondern das beste und pr\u00e4ziseste Tuning-System \u00fcberhaupt, und sie haben es so einfach zu bedienen gemacht, dass es sogar Ihr Schwager k\u00f6nnte.<\/p>\n<h2>So sieht vollst\u00e4ndig aus.<\/h2>\n<p>Die meisten anderen Tuning-Systeme k\u00f6nnen nur eine laterale Papierabweichung korrigieren, aber XTS kann laterale und vertikale Abweichungen korrigieren und ist damit das vollst\u00e4ndigste verf\u00fcgbare Tuning-System.<\/p>\n<h2>Carbon nimmt der Jagd bei kaltem Wetter die Sch\u00e4rfe.<\/h2>\n<p>Die meisten Bogen-Mittelst\u00fccke sind aus Aluminium gefertigt. Leider hat Aluminium eine sehr hohe W\u00e4rmeleitf\u00e4higkeit, so dass es bei K\u00e4lte schnell W\u00e4rme von Ihrer Hand ableitet. Carbon hat eine viel geringere W\u00e4rmeleitf\u00e4higkeit, so dass es sich w\u00e4rmer anf\u00fchlt. Wenn Sie es einmal gef\u00fchlt haben, gibt es kein Zur\u00fcck mehr.   <\/p>\n<h2>Er ist noch robuster, als Sie denken.<\/h2>\n<p>Die Hoyt Carbon Technologie hat ein Festigkeits-Gewichts-Verh\u00e4ltnis, das kein anderer Bogen der Welt aufweist. Das ist einer der Gr\u00fcnde, warum REDWRX den Ruf hat, den es hat. Weder Backcountry-Eskapaden noch Airline-Gep\u00e4ckabfertiger k\u00f6nnen diesen Ger\u00e4ten etwas anhaben.  <\/p>\n<h2>HBX Gen 4: So sanft, dass sich 70 lbs wie 60 lbs anf\u00fchlen. <\/h2>\n<p>Die sanfteste Cam, die wir je hatten, ist auch die am besten anpassbare. Sie k\u00f6nnen die Auszugsl\u00e4nge auf einen Viertelzoll genau einstellen, sowie den Let-off und das Gef\u00fchl der Back Wall. Das ist ein Teil dessen, was diesen Bogen so einfach zu schie\u00dfen macht.  <\/p>\n<p>&nbsp;<\/p>\n","protected":false},"excerpt":{"rendered":"<p>Bitte pr\u00fcfen Sie unsere Hoyt RX-10 Ultra Lagerseite, um zu sehen, ob wir den Bogen vor der Bestellung von hier haben. Die Lieferzeiten betragen ca. 1-2 Wochen f\u00fcr B\u00f6gen ab Lager Hoyt Europe und 8-10 Wochen f\u00fcr Sondermodelle von Hoyt USA. Bitte kontaktieren Sie uns direkt f\u00fcr genauere Informationen zur Verf\u00fcgbarkeit. Die Carbon REDWRX-Linie erhielt [&#8230;]\n","protected":false},"featured_media":292428,"comment_status":"open","ping_status":"closed","template":"","meta":[],"product_brand":[],"product_cat":[1125],"product_tag":[],"class_list":{"0":"post-293297","1":"product","2":"type-product","3":"status-publish","4":"has-post-thumbnail","6":"product_cat-compoundbogen-blank","8":"first","9":"onbackorder","10":"taxable","11":"shipping-taxable","12":"purchasable","13":"product-type-simple"},"composite_virtual":false,"composite_layout":"","composite_add_to_cart_form_location":"","composite_editable_in_cart":false,"composite_sold_individually_context":"","composite_shop_price_calc":"","composite_components":[],"composite_scenarios":[],"group_of_quantity":0,"min_quantity":0,"max_quantity":"","exclude_order_quantity_value_rules":"no","exclude_category_quantity_rules":"no","combine_variations":"no","exclude_global_add_ons":false,"addons":[{"name":"Bogenhand","type":"multiple_choice","position":0,"required":true,"title_format":"label","default":"0","description_enable":false,"description":null,"placeholder_enable":false,"placeholder":null,"display":"select","restrictions_type":"any_text","adjust_price":false,"price":"","price_type":"flat_fee","restrictions":false,"min":"0","max":"0","options":[{"label":"Rechte Hand","price":"","price_type":"flat_fee","image":0,"visibility":true},{"label":"Linke Hand","price":"","price_type":"flat_fee","image":0,"visibility":true}],"id":1764079173},{"name":"Farbe","type":"multiple_choice","position":1,"required":true,"title_format":"label","default":"0","description_enable":false,"description":null,"placeholder_enable":false,"placeholder":null,"display":"select","restrictions_type":"any_text","adjust_price":false,"price":"","price_type":"flat_fee","restrictions":false,"min":"0","max":"0","options":[{"label":"Black Out","price":"","price_type":"flat_fee","image":0,"visibility":true},{"label":"Wilderness","price":"","price_type":"flat_fee","image":0,"visibility":true},{"label":"Georgia Clay","price":"","price_type":"flat_fee","image":0,"visibility":true},{"label":"Sandstorm","price":"","price_type":"flat_fee","image":0,"visibility":true},{"label":"Tombstone","price":"","price_type":"flat_fee","image":0,"visibility":true},{"label":"Realtree APX","price":"60","price_type":"flat_fee","image":0,"visibility":true},{"label":"Kuiu Verde","price":"60","price_type":"flat_fee","image":0,"visibility":true},{"label":"Optifade Subalpine","price":"60","price_type":"flat_fee","image":0,"visibility":true},{"label":"Mossy Oak Bottomland","price":"60","price_type":"flat_fee","image":0,"visibility":false},{"label":"Black Out Bone Collector","price":"60","price_type":"flat_fee","image":0,"visibility":false},{"label":"Black Out Keep Hammering","price":"60","price_type":"flat_fee","image":0,"visibility":true}],"id":1764079176},{"name":"Auszugsl\u00e4nge","type":"multiple_choice","position":2,"required":true,"title_format":"label","default":"0","description_enable":false,"description":null,"placeholder_enable":false,"placeholder":null,"display":"select","restrictions_type":"any_text","adjust_price":false,"price":"","price_type":"flat_fee","restrictions":false,"min":"0","max":"0","options":[{"label":"26-27\" Mod 1","price":"","price_type":"flat_fee","image":0,"visibility":true},{"label":"27.25-28\" Mod 2","price":"","price_type":"flat_fee","image":0,"visibility":true},{"label":"28.25-29\" Mod 3","price":"","price_type":"flat_fee","image":0,"visibility":true},{"label":"29.25-30\" Mod 4","price":"","price_type":"flat_fee","image":0,"visibility":true},{"label":"30.25-31\" Mod 5","price":"","price_type":"flat_fee","image":0,"visibility":true},{"label":"31.25-32\" Mod 6","price":"","price_type":"flat_fee","image":0,"visibility":true}],"id":1764079174},{"name":"Zuggewicht","type":"multiple_choice","position":3,"required":true,"title_format":"label","default":"0","description_enable":false,"description":null,"placeholder_enable":false,"placeholder":null,"display":"select","restrictions_type":"any_text","adjust_price":false,"price":"","price_type":"flat_fee","restrictions":false,"min":"0","max":"0","options":[{"label":"40-50#","price":"","price_type":"flat_fee","image":0,"visibility":true},{"label":"50-60#","price":"","price_type":"flat_fee","image":0,"visibility":true},{"label":"55-65#","price":"","price_type":"flat_fee","image":0,"visibility":true},{"label":"60-70#","price":"","price_type":"flat_fee","image":0,"visibility":true},{"label":"65-75#","price":"","price_type":"flat_fee","image":0,"visibility":true},{"label":"70-80#","price":"","price_type":"flat_fee","image":0,"visibility":true}],"id":1764079175}],"_links":{"self":[{"href":"https:\/\/www.huntersfriend.eu\/de\/wp-json\/wp\/v2\/product\/293297","targetHints":{"allow":["GET"]}}],"collection":[{"href":"https:\/\/www.huntersfriend.eu\/de\/wp-json\/wp\/v2\/product"}],"about":[{"href":"https:\/\/www.huntersfriend.eu\/de\/wp-json\/wp\/v2\/types\/product"}],"replies":[{"embeddable":true,"href":"https:\/\/www.huntersfriend.eu\/de\/wp-json\/wp\/v2\/comments?post=293297"}],"wp:featuredmedia":[{"embeddable":true,"href":"https:\/\/www.huntersfriend.eu\/de\/wp-json\/wp\/v2\/media\/292428"}],"wp:attachment":[{"href":"https:\/\/www.huntersfriend.eu\/de\/wp-json\/wp\/v2\/media?parent=293297"}],"wp:term":[{"taxonomy":"product_brand","embeddable":true,"href":"https:\/\/www.huntersfriend.eu\/de\/wp-json\/wp\/v2\/product_brand?post=293297"},{"taxonomy":"product_cat","embeddable":true,"href":"https:\/\/www.huntersfriend.eu\/de\/wp-json\/wp\/v2\/product_cat?post=293297"},{"taxonomy":"product_tag","embeddable":true,"href":"https:\/\/www.huntersfriend.eu\/de\/wp-json\/wp\/v2\/product_tag?post=293297"}],"curies":[{"name":"wp","href":"https:\/\/api.w.org\/{rel}","templated":true}]}}