{"id":293296,"date":"2025-11-25T10:20:25","date_gmt":"2025-11-25T08:20:25","guid":{"rendered":"https:\/\/www.huntersfriend.eu\/product\/pni-h13-abzugssperre\/"},"modified":"2026-03-08T14:23:19","modified_gmt":"2026-03-08T12:23:19","slug":"pni-h13-abzugssperre","status":"publish","type":"product","link":"https:\/\/www.huntersfriend.eu\/de\/produkt\/pni-h13-abzugssperre\/","title":{"rendered":"PNI H13 Abzugssperre"},"content":{"rendered":"<h3 class=\"h-dr\">Hochwertige Abzugssperre<\/h3>\n<p class=\"detalii\">Die PNI Hunting H13 Abzugssperre ist eine ausgezeichnete L\u00f6sung f\u00fcr Waffenbesitzer und bietet zus\u00e4tzliche Kontrolle \u00fcber deren Verwendung. Mit einem Design, das auf einem widerstandsf\u00e4higen Stahlmaterial basiert, gew\u00e4hrleistet dieses Ger\u00e4t einen zuverl\u00e4ssigen Betrieb und eine lange Lebensdauer. Benutzer k\u00f6nnen ein effektives Sicherheitssystem genie\u00dfen, das \u00fcber eine Chiffre f\u00fcr erh\u00f6hten Schutz verf\u00fcgt. Diese Funktion ist unerl\u00e4sslich, um die unbefugte Verwendung von Waffen zu verhindern.   <\/p>\n<h3 class=\"h-st\">Fortschrittliche Sicherheit mit Verschl\u00fcsselung<\/h3>\n<p class=\"detalii\">Das Codesystem des PNI Hunting H13 Schlosses bietet zus\u00e4tzlichen Schutz und erm\u00f6glicht es Benutzern, ihre Waffen einfach zu sichern. Dies macht das Produkt ideal f\u00fcr Personen, die ihre Waffen in einer sicheren Umgebung aufbewahren m\u00f6chten, wodurch das Risiko von Unf\u00e4llen oder unbefugter Verwendung verringert wird. Der mitgelieferte Reset-Schl\u00fcssel gew\u00e4hrleistet einen einfachen Entsperrvorgang, falls Sie die Zahlenkombination \u00e4ndern m\u00fcssen.  <\/p>\n<h3 class=\"h-dr\">Robustes und funktionales Design<\/h3>\n<p class=\"detalii\">Der PNI Hunting H13 Abzugsblocker aus Stahl zeichnet sich durch sein robustes Design aus und ist somit ideal f\u00fcr den Innen- und Au\u00dfenbereich. Das korrosions- und verschlei\u00dffeste Material gew\u00e4hrleistet eine lange Nutzungsdauer, selbst unter schwierigsten Bedingungen. Diese Haltbarkeit ist unerl\u00e4sslich f\u00fcr Jagdbegeisterte oder diejenigen, die Waffen h\u00e4ufig benutzen.  <\/p>\n<h3 class=\"h-st\">Vielseitige Verwendungsm\u00f6glichkeiten f\u00fcr die Waffensicherheit<\/h3>\n<p class=\"detalii\">Das PNI Hunting H13 Waffenschloss ist ideal f\u00fcr Besitzer von Langwaffen wie Gewehren, Flinten oder Karabinern. Es kann in verschiedenen Szenarien eingesetzt werden, z. B. bei der Aufbewahrung von Waffen zu Hause, der Erleichterung des sicheren Transports oder der Sicherung der Waffe w\u00e4hrend des Gebrauchs durch einen J\u00e4ger. Unabh\u00e4ngig vom Kontext gibt dieses Ger\u00e4t Waffenbesitzern ein beruhigendes Gef\u00fchl.  <\/p>\n","protected":false},"excerpt":{"rendered":"<p>Hochwertige Abzugssperre Die PNI Hunting H13 Abzugssperre ist eine ausgezeichnete L\u00f6sung f\u00fcr Waffenbesitzer und bietet zus\u00e4tzliche Kontrolle \u00fcber deren Verwendung. Mit einem Design, das auf einem widerstandsf\u00e4higen Stahlmaterial basiert, gew\u00e4hrleistet dieses Ger\u00e4t einen zuverl\u00e4ssigen Betrieb und eine lange Lebensdauer. Benutzer k\u00f6nnen ein effektives Sicherheitssystem genie\u00dfen, das \u00fcber eine Chiffre f\u00fcr erh\u00f6hten Schutz verf\u00fcgt. Diese Funktion [&#8230;]\n","protected":false},"featured_media":292350,"comment_status":"open","ping_status":"closed","template":"","meta":[],"product_brand":[],"product_cat":[1404,1418,1416,1359],"product_tag":[],"class_list":{"0":"post-293296","1":"product","2":"type-product","3":"status-publish","4":"has-post-thumbnail","6":"product_cat-jagdzubehor","7":"product_cat-lagerung-von-waffen-munition","8":"product_cat-schieszubehor","9":"product_cat-slings-accessories-de","11":"first","12":"instock","13":"featured","14":"taxable","15":"shipping-taxable","16":"purchasable","17":"product-type-simple"},"composite_virtual":false,"composite_layout":"","composite_add_to_cart_form_location":"","composite_editable_in_cart":false,"composite_sold_individually_context":"","composite_shop_price_calc":"","composite_components":[],"composite_scenarios":[],"group_of_quantity":0,"min_quantity":0,"max_quantity":"","exclude_order_quantity_value_rules":"no","exclude_category_quantity_rules":"no","combine_variations":"no","exclude_global_add_ons":[],"addons":[],"_links":{"self":[{"href":"https:\/\/www.huntersfriend.eu\/de\/wp-json\/wp\/v2\/product\/293296","targetHints":{"allow":["GET"]}}],"collection":[{"href":"https:\/\/www.huntersfriend.eu\/de\/wp-json\/wp\/v2\/product"}],"about":[{"href":"https:\/\/www.huntersfriend.eu\/de\/wp-json\/wp\/v2\/types\/product"}],"replies":[{"embeddable":true,"href":"https:\/\/www.huntersfriend.eu\/de\/wp-json\/wp\/v2\/comments?post=293296"}],"wp:featuredmedia":[{"embeddable":true,"href":"https:\/\/www.huntersfriend.eu\/de\/wp-json\/wp\/v2\/media\/292350"}],"wp:attachment":[{"href":"https:\/\/www.huntersfriend.eu\/de\/wp-json\/wp\/v2\/media?parent=293296"}],"wp:term":[{"taxonomy":"product_brand","embeddable":true,"href":"https:\/\/www.huntersfriend.eu\/de\/wp-json\/wp\/v2\/product_brand?post=293296"},{"taxonomy":"product_cat","embeddable":true,"href":"https:\/\/www.huntersfriend.eu\/de\/wp-json\/wp\/v2\/product_cat?post=293296"},{"taxonomy":"product_tag","embeddable":true,"href":"https:\/\/www.huntersfriend.eu\/de\/wp-json\/wp\/v2\/product_tag?post=293296"}],"curies":[{"name":"wp","href":"https:\/\/api.w.org\/{rel}","templated":true}]}}