{"id":293294,"date":"2025-11-14T12:47:29","date_gmt":"2025-11-14T10:47:29","guid":{"rendered":"https:\/\/www.huntersfriend.eu\/product\/core-zeal-junior-kompakt-compound-paket\/"},"modified":"2026-03-18T22:00:34","modified_gmt":"2026-03-18T20:00:34","slug":"core-zeal-junior-kompakt-compound-paket","status":"publish","type":"product","link":"https:\/\/www.huntersfriend.eu\/de\/produkt\/core-zeal-junior-kompakt-compound-paket\/","title":{"rendered":"CORE Zeal Junior Kompakt Compound-Paket"},"content":{"rendered":"<p><strong>Kompaktes und verstellbares Compound-Paket f\u00fcr junge Bogensch\u00fctzen<\/strong><\/p>\n<p>Der <strong>CORE Zeal Junior<\/strong> ist ein kompakter Compoundbogen, der auf junge oder angehende Bogensch\u00fctzen zugeschnitten ist. Mit einer einstellbaren Auszugsl\u00e4nge von 16\u201328 Zoll und einem breiten Zuggewichtsbereich von 10\u201340 lbs ist er so gebaut, dass er mit dem Sch\u00fctzen mitw\u00e4chst. Die leichte Konstruktion und das leichtg\u00e4ngige Nockensystem machen ihn einfach zu handhaben und bieten gleichzeitig eine solide Leistung f\u00fcr fr\u00fches Training und Freizeitaktivit\u00e4ten. Das Paket enth\u00e4lt wichtiges Zubeh\u00f6r und ist somit sofort einsatzbereit.   <\/p>\n<h3>Hauptmerkmale<\/h3>\n<ul>\n<li><strong>Sofort einsatzbereites Paket<\/strong> \u2013 Inklusive Visier, Stabilisator und Pfeilauflage<\/li>\n<li><strong>Leicht und kompakt<\/strong> \u2013 Ideal f\u00fcr Jugendliche oder Bogensch\u00fctzen mit kleinerem K\u00f6rperbau<\/li>\n<li><strong>Einstellbare Konfiguration<\/strong> \u2013 W\u00e4chst mit dem Bogensch\u00fctzen durch Anpassung von Zuggewicht und -l\u00e4nge<\/li>\n<li><strong>Leichtg\u00e4ngiger Zugzyklus<\/strong> \u2013 Doppelte Nocken erm\u00f6glichen ein gleichm\u00e4\u00dfiges und kontrolliertes Schie\u00dfen<\/li>\n<li><strong>Leistungsstark f\u00fcr mehr Selbstvertrauen<\/strong> \u2013 Entwickelt f\u00fcr die Entwicklung der richtigen Technik<\/li>\n<\/ul>\n<h3>Spezifikationen<\/h3>\n<ul>\n<li><strong>L\u00e4nge:<\/strong> 26 Zoll Achse zu Achse<\/li>\n<li><strong>Gewicht:<\/strong> 1,95 lbs<\/li>\n<li><strong>Zuggewicht:<\/strong> 10\u201340 lbs<\/li>\n<li><strong>Auszugsl\u00e4nge:<\/strong> 16\u201328 Zoll (1-Zoll-Schritte)<\/li>\n<li><strong>Standh\u00f6he:<\/strong> 5,9 Zoll<\/li>\n<li><strong>Let-Off:<\/strong> 75 %<\/li>\n<li><strong>Nocken:<\/strong> Dual \/ Einstellbar<\/li>\n<li><strong>IBO-Geschwindigkeit:<\/strong> Bis zu 290 fps<\/li>\n<\/ul>\n","protected":false},"excerpt":{"rendered":"<p>Kompaktes und verstellbares Compound-Paket f\u00fcr junge Bogensch\u00fctzen Der CORE Zeal Junior ist ein kompakter Compoundbogen, der auf junge oder angehende Bogensch\u00fctzen zugeschnitten ist. Mit einer einstellbaren Auszugsl\u00e4nge von 16\u201328 Zoll und einem breiten Zuggewichtsbereich von 10\u201340 lbs ist er so gebaut, dass er mit dem Sch\u00fctzen mitw\u00e4chst. Die leichte Konstruktion und das leichtg\u00e4ngige Nockensystem machen [&#8230;]\n","protected":false},"featured_media":292168,"comment_status":"open","ping_status":"closed","template":"","meta":[],"product_brand":[],"product_cat":[1145],"product_tag":[],"class_list":{"0":"post-293294","1":"product","2":"type-product","3":"status-publish","4":"has-post-thumbnail","6":"product_cat-sonstiges","7":"product_shipping_class-big-de","9":"first","10":"outofstock","11":"taxable","12":"shipping-taxable","13":"purchasable","14":"product-type-simple"},"composite_virtual":false,"composite_layout":"","composite_add_to_cart_form_location":"","composite_editable_in_cart":false,"composite_sold_individually_context":"","composite_shop_price_calc":"","composite_components":[],"composite_scenarios":[],"group_of_quantity":0,"min_quantity":0,"max_quantity":"","exclude_order_quantity_value_rules":"no","exclude_category_quantity_rules":"no","combine_variations":"no","exclude_global_add_ons":[],"addons":[],"_links":{"self":[{"href":"https:\/\/www.huntersfriend.eu\/de\/wp-json\/wp\/v2\/product\/293294","targetHints":{"allow":["GET"]}}],"collection":[{"href":"https:\/\/www.huntersfriend.eu\/de\/wp-json\/wp\/v2\/product"}],"about":[{"href":"https:\/\/www.huntersfriend.eu\/de\/wp-json\/wp\/v2\/types\/product"}],"replies":[{"embeddable":true,"href":"https:\/\/www.huntersfriend.eu\/de\/wp-json\/wp\/v2\/comments?post=293294"}],"wp:featuredmedia":[{"embeddable":true,"href":"https:\/\/www.huntersfriend.eu\/de\/wp-json\/wp\/v2\/media\/292168"}],"wp:attachment":[{"href":"https:\/\/www.huntersfriend.eu\/de\/wp-json\/wp\/v2\/media?parent=293294"}],"wp:term":[{"taxonomy":"product_brand","embeddable":true,"href":"https:\/\/www.huntersfriend.eu\/de\/wp-json\/wp\/v2\/product_brand?post=293294"},{"taxonomy":"product_cat","embeddable":true,"href":"https:\/\/www.huntersfriend.eu\/de\/wp-json\/wp\/v2\/product_cat?post=293294"},{"taxonomy":"product_tag","embeddable":true,"href":"https:\/\/www.huntersfriend.eu\/de\/wp-json\/wp\/v2\/product_tag?post=293294"}],"curies":[{"name":"wp","href":"https:\/\/api.w.org\/{rel}","templated":true}]}}