{"id":293292,"date":"2025-11-25T10:20:24","date_gmt":"2025-11-25T08:20:24","guid":{"rendered":"https:\/\/www.huntersfriend.eu\/product\/pni-hunting-751-16mp-wildkamera-mit-solarpanel\/"},"modified":"2025-12-16T15:16:55","modified_gmt":"2025-12-16T13:16:55","slug":"pni-hunting-751-16mp-wildkamera-mit-solarpanel","status":"publish","type":"product","link":"https:\/\/www.huntersfriend.eu\/de\/produkt\/pni-hunting-751-16mp-wildkamera-mit-solarpanel\/","title":{"rendered":"PNI Hunting 751 16MP Wildkamera mit Solarpanel"},"content":{"rendered":"<h3 class=\"h-dr\">Getarnte \u00dcberwachungskamera<\/h3>\n<p class=\"detalii\">Die PNI Hunting 751 PRO \u00dcberwachungskamera kann die richtige L\u00f6sung f\u00fcr die Wildtier\u00fcberwachung oder die Sicherung von Eigentum in abgelegenen Gebieten sein und bietet KI-Funktionen, hochwertige Bilder und mobile Konnektivit\u00e4t.<\/p>\n<h3 class=\"h-st\">GSM 4G-Konnektivit\u00e4t<\/h3>\n<p class=\"detalii\">Die PNI Hunting 751 PRO \u00dcberwachungskamera bietet Unterst\u00fctzung f\u00fcr Nano-SIM, wodurch der Zugriff auf die Kamera und die Remote-Daten\u00fcbertragung \u00fcber mobile Netzwerke erm\u00f6glicht wird.<\/p>\n<h3 class=\"h-dr\">Vielseitige Verwendung<\/h3>\n<p class=\"detalii\">Diese Kamera eignet sich sowohl f\u00fcr die Wildtierbeobachtung als auch f\u00fcr die \u00dcberwachung abgelegener Standorte (Ferienh\u00e4user, Ackerland, W\u00e4lder usw.) und ist ideal f\u00fcr Jagdbegeisterte, Forscher und Hausbesitzer, die eine erh\u00f6hte Sicherheit w\u00fcnschen.<\/p>\n<h3 class=\"h-st\">Eingebautes Mikrofon und Lautsprecher \u2013 Zwei-Wege-Kommunikation<\/h3>\n<p class=\"detalii\">Die Kamera erm\u00f6glicht die Aufnahme von Umgebungsger\u00e4uschen und die Zwei-Wege-Kommunikation in Echtzeit. \u00dcber die Ucon-App kann der Benutzer Personen oder Tieren, die von der Kamera erkannt werden, zuh\u00f6ren und mit ihnen sprechen. <\/p>\n<table>\n<tbody>\n<tr class=\"new-template\">\n<td>\n<h3 class=\"h-dr\">Funktionen auf einen Blick<\/h3>\n<p class=\"detalii\">Die PNI Hunting 751 PRO \u00dcberwachungskamera liefert klare und detaillierte Bilder sowohl im Foto- als auch im Videomodus.<\/p>\n<p class=\"detalii\">Ausgestattet mit einem PIR-Bewegungssensor erkennt sie effektiv Bewegungen und reduziert Fehlalarme.<\/p>\n<p class=\"detalii\">Die Konnektivit\u00e4t \u00fcber das GSM-Netzwerk erm\u00f6glicht die Fern\u00fcberwachung und -konfiguration der Kamera.<\/p>\n<p class=\"detalii\">F\u00fcr eine optimale Sicht bei Nacht verf\u00fcgt die Kamera \u00fcber 6 IR-LEDs, und die Stromversorgung erfolgt \u00fcber das Solarpanel und 18650 7800 mAh-Akkus, die eine lange Autonomie bieten.<\/p>\n<table>\n<tbody>\n<tr>\n<td colspan=\"2\"><strong>Produktidentifikation<\/strong><\/td>\n<\/tr>\n<tr>\n<td>Produktcode<\/td>\n<td>PNI-HU751<\/td>\n<\/tr>\n<tr>\n<td>Farbe<\/td>\n<td>Tarnung<\/td>\n<\/tr>\n<tr>\n<td>Hersteller<\/td>\n<td>NIP<\/td>\n<\/tr>\n<tr>\n<td colspan=\"2\"><strong>Funktionen<\/strong><\/td>\n<\/tr>\n<tr>\n<td>Bildsensor<\/td>\n<td>1\/2.7&#8243; GC4653<\/td>\n<\/tr>\n<tr>\n<td>Nachtsicht<\/td>\n<td>bis zu 25 m<\/td>\n<\/tr>\n<tr>\n<td>Objektive<\/td>\n<td>3,6 mm<\/td>\n<\/tr>\n<tr>\n<td>LED IR<\/td>\n<td>6 LEDs 940 nm<\/td>\n<\/tr>\n<tr>\n<td>Betriebstemperatur<\/td>\n<td>-26 \u00b0C ~ +80 \u00b0C<\/td>\n<\/tr>\n<tr>\n<td>Lagertemperatur<\/td>\n<td>-30 \u00b0C bis 70 \u00b0C<\/td>\n<\/tr>\n<tr>\n<td>Abmessungen<\/td>\n<td>75 x 45 x 120 mm<\/td>\n<\/tr>\n<tr>\n<td>Gewicht<\/td>\n<td>447 g<\/td>\n<\/tr>\n<tr>\n<td>Stromversorgung<\/td>\n<td>Blockbatterien 18650 7800 mAh 3,7 V<\/td>\n<\/tr>\n<tr>\n<td>Wasserdicht<\/td>\n<td>IP66<\/td>\n<\/tr>\n<tr>\n<td>Bewegungssensor<\/td>\n<td>Ja<\/td>\n<\/tr>\n<tr>\n<td>Fotoaufl\u00f6sung<\/td>\n<td>4M\/8M\/16M<\/td>\n<\/tr>\n<tr>\n<td>Videoaufl\u00f6sung<\/td>\n<td>2560 x 1440 px<\/td>\n<\/tr>\n<tr>\n<td>Bilder sofort senden<\/td>\n<td>Ja, \u00fcber die App<\/td>\n<\/tr>\n<tr>\n<td>Betrieb<\/td>\n<td>Foto \/ Video<\/td>\n<\/tr>\n<tr>\n<td>Tag\/Nacht-Sensor<\/td>\n<td>Ja<\/td>\n<\/tr>\n<tr>\n<td>PIR-Abstand<\/td>\n<td>0-12 m<\/td>\n<\/tr>\n<tr>\n<td>PIR-Winkel<\/td>\n<td>95&#8242;<\/td>\n<\/tr>\n<tr>\n<td>GSM-Frequenzen<\/td>\n<td>4G TD-LTE,TD-LTE \/ LTE FDD TD-LTE \/ LTE-FDD<\/td>\n<\/tr>\n<tr>\n<td>Fernkonfiguration<\/td>\n<td>Ja, \u00fcber die UCon-App<\/td>\n<\/tr>\n<tr>\n<td>Dedizierte App<\/td>\n<td>UCon<\/td>\n<\/tr>\n<tr>\n<td>Betrachtungswinkel<\/td>\n<td>85 \u00b0<\/td>\n<\/tr>\n<tr>\n<td>Standby-Stromverbrauch<\/td>\n<td>3mA<\/td>\n<\/tr>\n<tr>\n<td colspan=\"2\"><strong>Konnektivit\u00e4t<\/strong><\/td>\n<\/tr>\n<tr>\n<td>USB<\/td>\n<td>Ja, Typ C<\/td>\n<\/tr>\n<tr>\n<td>Slotkarte<\/td>\n<td>Ja, microSD<\/td>\n<\/tr>\n<tr>\n<td>SIM-Kartensteckplatz<\/td>\n<td>Ja<\/td>\n<\/tr>\n<tr>\n<td colspan=\"2\"><strong>Das Paket enth\u00e4lt<\/strong><\/td>\n<\/tr>\n<tr>\n<td>Jagdzimmer<\/td>\n<td>Ja<\/td>\n<\/tr>\n<tr>\n<td>USB-zu-USB-C-Kabel<\/td>\n<td>Ja<\/td>\n<\/tr>\n<tr>\n<td>Befestigungskordel<\/td>\n<td><\/td>\n<\/tr>\n<tr>\n<td>GPRS-Antenne<\/td>\n<td>Ja<\/td>\n<\/tr>\n<tr>\n<td>Befestigungsband<\/td>\n<td>Ja<\/td>\n<\/tr>\n<tr>\n<td>Akkumulator<\/td>\n<td>Ja<\/td>\n<\/tr>\n<tr>\n<td>SIM 4G<\/td>\n<td>Ja<\/td>\n<\/tr>\n<tr>\n<td>Solarpanel<\/td>\n<td>Ja, 4 W<\/td>\n<\/tr>\n<\/tbody>\n<\/table>\n<p>&nbsp;<\/td>\n<\/tr>\n<\/tbody>\n<\/table>\n","protected":false},"excerpt":{"rendered":"<p>Getarnte \u00dcberwachungskamera Die PNI Hunting 751 PRO \u00dcberwachungskamera kann die richtige L\u00f6sung f\u00fcr die Wildtier\u00fcberwachung oder die Sicherung von Eigentum in abgelegenen Gebieten sein und bietet KI-Funktionen, hochwertige Bilder und mobile Konnektivit\u00e4t. GSM 4G-Konnektivit\u00e4t Die PNI Hunting 751 PRO \u00dcberwachungskamera bietet Unterst\u00fctzung f\u00fcr Nano-SIM, wodurch der Zugriff auf die Kamera und die Remote-Daten\u00fcbertragung \u00fcber mobile [&#8230;]\n","protected":false},"featured_media":292381,"comment_status":"open","ping_status":"closed","template":"","meta":[],"product_brand":[],"product_cat":[1198],"product_tag":[],"class_list":{"0":"post-293292","1":"product","2":"type-product","3":"status-publish","4":"has-post-thumbnail","6":"product_cat-wildkameras","8":"first","9":"instock","10":"featured","11":"taxable","12":"shipping-taxable","13":"purchasable","14":"product-type-simple"},"composite_virtual":false,"composite_layout":"","composite_add_to_cart_form_location":"","composite_editable_in_cart":false,"composite_sold_individually_context":"","composite_shop_price_calc":"","composite_components":[],"composite_scenarios":[],"group_of_quantity":0,"min_quantity":0,"max_quantity":"","exclude_order_quantity_value_rules":"no","exclude_category_quantity_rules":"no","combine_variations":"no","exclude_global_add_ons":[],"addons":[],"_links":{"self":[{"href":"https:\/\/www.huntersfriend.eu\/de\/wp-json\/wp\/v2\/product\/293292","targetHints":{"allow":["GET"]}}],"collection":[{"href":"https:\/\/www.huntersfriend.eu\/de\/wp-json\/wp\/v2\/product"}],"about":[{"href":"https:\/\/www.huntersfriend.eu\/de\/wp-json\/wp\/v2\/types\/product"}],"replies":[{"embeddable":true,"href":"https:\/\/www.huntersfriend.eu\/de\/wp-json\/wp\/v2\/comments?post=293292"}],"wp:featuredmedia":[{"embeddable":true,"href":"https:\/\/www.huntersfriend.eu\/de\/wp-json\/wp\/v2\/media\/292381"}],"wp:attachment":[{"href":"https:\/\/www.huntersfriend.eu\/de\/wp-json\/wp\/v2\/media?parent=293292"}],"wp:term":[{"taxonomy":"product_brand","embeddable":true,"href":"https:\/\/www.huntersfriend.eu\/de\/wp-json\/wp\/v2\/product_brand?post=293292"},{"taxonomy":"product_cat","embeddable":true,"href":"https:\/\/www.huntersfriend.eu\/de\/wp-json\/wp\/v2\/product_cat?post=293292"},{"taxonomy":"product_tag","embeddable":true,"href":"https:\/\/www.huntersfriend.eu\/de\/wp-json\/wp\/v2\/product_tag?post=293292"}],"curies":[{"name":"wp","href":"https:\/\/api.w.org\/{rel}","templated":true}]}}