{"id":293289,"date":"2025-11-25T10:20:24","date_gmt":"2025-11-25T08:20:24","guid":{"rendered":"https:\/\/www.huntersfriend.eu\/product\/pni-hunting-tl700-entfernungsmesser\/"},"modified":"2025-12-16T15:16:25","modified_gmt":"2025-12-16T13:16:25","slug":"pni-hunting-tl700-entfernungsmesser","status":"publish","type":"product","link":"https:\/\/www.huntersfriend.eu\/de\/produkt\/pni-hunting-tl700-entfernungsmesser\/","title":{"rendered":"PNI Hunting TL700 Entfernungsmesser"},"content":{"rendered":"<h3 class=\"h-dr\">Top Preis-Leistungs-Verh\u00e4ltnis!!<\/h3>\n<h3 class=\"h-dr\">Laser-Entfernungsmesser f\u00fcr Jagd oder Golf<\/h3>\n<div class=\"flex flex-grow flex-col gap-3\">\n<div class=\"min-h-[20px] flex flex-col items-start gap-4 whitespace-pre-wrap break-words\">\n<div class=\"markdown prose w-full break-words dark:prose-invert light\">\n<p>Der PNI Hunting TL700 ist ein kosteng\u00fcnstiger Laser-Entfernungsmesser, der sich lohnt.<\/p>\n<p>Der PNI Hunting TL700 misst mit Lasertechnologie die Zielbewegungsgeschwindigkeit und Entfernungen bis zu 1100 Meter (1200 Yards), f\u00fchrt eine schnelle und hochpr\u00e4zise Messung durch (\u00b10,45 m \/ \u00b10,5 y), ist mit 7-fach-Zoom ausgestattet und erm\u00f6glicht die Auswahl der Entfernungseinheit (Yards oder Meter).<\/p>\n<p>Der Entfernungsmesser ist f\u00fcr den Einsatz in verschiedenen Bereichen wie Bauwesen, Architektur, Vermessung und Outdoor-Aktivit\u00e4ten, Jagd oder Golf konzipiert.<\/p>\n<h3 class=\"h-st\">Entfernungen messen<\/h3>\n<p>Die Messentfernung zwischen 4,6 &#8211; 1100 Metern (5 &#8211; 1200 Yards) kann durch folgende Faktoren beeinflusst werden: Objektfarbe, Wetterbedingungen, Objektgr\u00f6\u00dfe und -form.<\/p>\n<p>Der PNI Hunting TL700 misst die geradlinige Entfernung, die vertikale Entfernung, die horizontale Entfernung und den Winkel.<\/p>\n<p>Richten Sie das Fadenkreuz in der Mitte des Bildschirms auf ein Ziel in mindestens 4,6 Metern (5 Yards) Entfernung und dr\u00fccken Sie die Taste am Ger\u00e4t, um die Entfernung zum Ziel zu messen. Die gemessenen Daten werden auf dem Bildschirm angezeigt: geradlinige Entfernung, H\u00f6he und Winkel. <\/p>\n<table>\n<tbody>\n<tr class=\"new-template\">\n<td>\n<h3 class=\"h-dr\">Die Bewegungsgeschwindigkeit des Ziels messen<\/h3>\n<p class=\"detalii\">Richten Sie das Fadenkreuz in der Mitte des Bildschirms auf das sich bewegende Objekt und bewegen Sie sich leicht, w\u00e4hrend Sie das Objekt verfolgen. Die Geschwindigkeit des Objekts wird auf dem Bildschirm angezeigt. <\/p>\n<h3 class=\"h-st\">Kontinuierlicher Scan-Modus<\/h3>\n<p class=\"detalii\">Halten Sie die Taste am Ger\u00e4t gedr\u00fcckt, um kontinuierlich die Entfernung zu verschiedenen Zielen zu messen. Die gemessenen Entfernungen werden kontinuierlich auf dem Bildschirm angezeigt. <\/p>\n<h3 class=\"h-dr\">IP54 Wasserdichtigkeit, eingebauter Akku, magnetische Oberfl\u00e4che<\/h3>\n<p>Ein bemerkenswertes Merkmal dieses Entfernungsmessers ist das Vorhandensein einer magnetischen Oberfl\u00e4che, die es erm\u00f6glicht, das Ger\u00e4t einfach auf Metalloberfl\u00e4chen zu befestigen und so eine pr\u00e4zise Messung zu gew\u00e4hrleisten.<\/p>\n<p>Der PNI Hunting TL700 Laser-Entfernungsmesser wird von einem eingebauten Li-Ion-Akku mit einer Kapazit\u00e4t von 750 mAh gespeist, der eine ausreichend lange Betriebszeit (bis zu 30.000 Messungen) bietet, um den Entfernungsmesser in verschiedenen Situationen einzusetzen.<\/p>\n<p>Die IP54 Wasserdichtigkeit stellt sicher, dass das Ger\u00e4t vor Wasserspritzern und Staub gesch\u00fctzt ist und eine zuverl\u00e4ssige Leistung unter Outdoor-Bedingungen bietet.<\/td>\n<\/tr>\n<\/tbody>\n<\/table>\n<\/div>\n<\/div>\n<\/div>\n","protected":false},"excerpt":{"rendered":"<p>Top Preis-Leistungs-Verh\u00e4ltnis!! Laser-Entfernungsmesser f\u00fcr Jagd oder Golf Der PNI Hunting TL700 ist ein kosteng\u00fcnstiger Laser-Entfernungsmesser, der sich lohnt. Der PNI Hunting TL700 misst mit Lasertechnologie die Zielbewegungsgeschwindigkeit und Entfernungen bis zu 1100 Meter (1200 Yards), f\u00fchrt eine schnelle und hochpr\u00e4zise Messung durch (\u00b10,45 m \/ \u00b10,5 y), ist mit 7-fach-Zoom ausgestattet und erm\u00f6glicht die Auswahl [&#8230;]\n","protected":false},"featured_media":292360,"comment_status":"open","ping_status":"closed","template":"","meta":[],"product_brand":[],"product_cat":[1131,1222],"product_tag":[],"class_list":{"0":"post-293289","1":"product","2":"type-product","3":"status-publish","4":"has-post-thumbnail","6":"product_cat-entfernungsmesser","7":"product_cat-sonderangebote","9":"first","10":"instock","11":"sale","12":"taxable","13":"shipping-taxable","14":"purchasable","15":"product-type-simple"},"composite_virtual":false,"composite_layout":"","composite_add_to_cart_form_location":"","composite_editable_in_cart":false,"composite_sold_individually_context":"","composite_shop_price_calc":"","composite_components":[],"composite_scenarios":[],"group_of_quantity":0,"min_quantity":0,"max_quantity":"","exclude_order_quantity_value_rules":"no","exclude_category_quantity_rules":"no","combine_variations":"no","exclude_global_add_ons":[],"addons":[],"_links":{"self":[{"href":"https:\/\/www.huntersfriend.eu\/de\/wp-json\/wp\/v2\/product\/293289","targetHints":{"allow":["GET"]}}],"collection":[{"href":"https:\/\/www.huntersfriend.eu\/de\/wp-json\/wp\/v2\/product"}],"about":[{"href":"https:\/\/www.huntersfriend.eu\/de\/wp-json\/wp\/v2\/types\/product"}],"replies":[{"embeddable":true,"href":"https:\/\/www.huntersfriend.eu\/de\/wp-json\/wp\/v2\/comments?post=293289"}],"wp:featuredmedia":[{"embeddable":true,"href":"https:\/\/www.huntersfriend.eu\/de\/wp-json\/wp\/v2\/media\/292360"}],"wp:attachment":[{"href":"https:\/\/www.huntersfriend.eu\/de\/wp-json\/wp\/v2\/media?parent=293289"}],"wp:term":[{"taxonomy":"product_brand","embeddable":true,"href":"https:\/\/www.huntersfriend.eu\/de\/wp-json\/wp\/v2\/product_brand?post=293289"},{"taxonomy":"product_cat","embeddable":true,"href":"https:\/\/www.huntersfriend.eu\/de\/wp-json\/wp\/v2\/product_cat?post=293289"},{"taxonomy":"product_tag","embeddable":true,"href":"https:\/\/www.huntersfriend.eu\/de\/wp-json\/wp\/v2\/product_tag?post=293289"}],"curies":[{"name":"wp","href":"https:\/\/api.w.org\/{rel}","templated":true}]}}