{"id":293279,"date":"2025-11-13T14:34:59","date_gmt":"2025-11-13T12:34:59","guid":{"rendered":"https:\/\/www.huntersfriend.eu\/product\/sitka-stratus-bib-2-0-cover\/"},"modified":"2026-03-11T14:36:58","modified_gmt":"2026-03-11T12:36:58","slug":"sitka-stratus-bib-2-0-cover","status":"publish","type":"product","link":"https:\/\/www.huntersfriend.eu\/de\/produkt\/sitka-stratus-bib-2-0-cover\/","title":{"rendered":"SITKA Stratus Bib 2.0 \u2013 Cover"},"content":{"rendered":"<p>Die Stratus Bib 2.0 ist leise, winddicht und anpassungsf\u00e4hig und somit die Komplettl\u00f6sung f\u00fcr die Jagd vom Hochsitz aus. Die Stratus Bib 2.0 wurde mit WINDSTOPPER\u00ae von GORE-TEX Labs entwickelt, um Wind aufzuhalten. Sie ist bequem genug, um sie in der milderen \u00dcbergangszeit solo zu tragen oder mit einer Isolationsschicht f\u00fcr die K\u00e4lteperioden der sp\u00e4ten Saison zu kombinieren. Wir haben diese fortschrittliche, winddichte Technologie mit einem Anti-Pilling-Obermaterial kombiniert, das nicht nur extrem leise, sondern auch widerstandsf\u00e4hig gegen Kletten ist, wenn Sie im Feld unterwegs sind. Sie ist au\u00dferdem mit 7\/8-langen Seitenrei\u00dfverschl\u00fcssen ausgestattet, mit denen Sie Ihre Beine bei langen Wanderungen zum Stand schnell bel\u00fcften k\u00f6nnen und die ein einfaches An- und Ausziehen erm\u00f6glichen, ohne dass Sie Ihre Stiefel ausziehen m\u00fcssen. Die Stratus Bib 2.0 ist fein abgestimmt auf die wechselnden Bedingungen einer langen Wei\u00dfwedelsaison und ist das wirkungsvollste Teil des Systems eines jeden Hirschj\u00e4gers.<\/p>\n<ul class=\"jsx-1027194987 space-y-4 list-disc\">\n<li class=\"jsx-1027194987 remove-marker mt-[24px] md:mt-[60px]\">\n<div class=\"feature_item\">100 % winddichtes Design mit WINDSTOPPER\u00ae von GORE-TEX LABS<\/div>\n<div class=\"feature_item\">Das Anti-Pilling-Obermaterial an den Unterschenkeln ist strapazierf\u00e4hig und klettenabweisend<\/div>\n<div class=\"feature_item\">7\/8-lange Seitenrei\u00dfverschl\u00fcsse erm\u00f6glichen die Bel\u00fcftung der Beine bei langen Wanderungen und ein einfaches An- und Ausziehen ohne Ausziehen der Stiefel<\/div>\n<div class=\"feature_item\">Ger\u00e4uschlose Cargo-Taschen mit Druckknopfverschluss bieten eine sichere und ger\u00e4uscharme Aufbewahrung von M\u00fctzen, Handschuhen und kleinerer Ausr\u00fcstung<\/div>\n<div class=\"feature_item\">Hohe Eingrifftaschen erm\u00f6glichen eine bequeme Handhaltung<\/div>\n<div class=\"feature_item\">Offene Einschubtaschen an den Oberschenkeln erm\u00f6glichen einen schnellen Zugriff auf Werkzeuge<\/div>\n<div class=\"feature_item\">Das Design der Einschubtaschen umfasst eine zus\u00e4tzliche Messertasche auf der rechten Seite<\/div>\n<div class=\"feature_item\">Das geb\u00fcrstete Polyester-Obermaterial ist leise, weich und strapazierf\u00e4hig<\/div>\n<div class=\"feature_item\">Das Polyester-LMC-Fleecefutter bietet leichte W\u00e4rme<\/div>\n<div class=\"feature_item\">Die stromlinienf\u00f6rmige, verstellbare Aufh\u00e4ngung eliminiert umst\u00e4ndliche Schnallen und bietet eine einfach zu bedienende, individuelle Passform<\/div>\n<\/li>\n<\/ul>\n","protected":false},"excerpt":{"rendered":"<p>Die Stratus Bib 2.0 ist leise, winddicht und anpassungsf\u00e4hig und somit die Komplettl\u00f6sung f\u00fcr die Jagd vom Hochsitz aus. Die Stratus Bib 2.0 wurde mit WINDSTOPPER\u00ae von GORE-TEX Labs entwickelt, um Wind aufzuhalten. Sie ist bequem genug, um sie in der milderen \u00dcbergangszeit solo zu tragen oder mit einer Isolationsschicht f\u00fcr die K\u00e4lteperioden der sp\u00e4ten [&#8230;]\n","protected":false},"featured_media":292110,"comment_status":"open","ping_status":"closed","template":"","meta":[],"product_brand":[],"product_cat":[2814,2230],"product_tag":[],"class_list":{"0":"post-293279","1":"product","2":"type-product","3":"status-publish","4":"has-post-thumbnail","6":"product_cat-byxor-sv","7":"product_cat-latzhosen","9":"first","10":"instock","11":"taxable","12":"shipping-taxable","13":"purchasable","14":"product-type-variable"},"composite_virtual":false,"composite_layout":"","composite_add_to_cart_form_location":"","composite_editable_in_cart":false,"composite_sold_individually_context":"","composite_shop_price_calc":"","composite_components":[],"composite_scenarios":[],"group_of_quantity":0,"min_quantity":0,"max_quantity":"","exclude_order_quantity_value_rules":"no","exclude_category_quantity_rules":"no","combine_variations":"no","exclude_global_add_ons":[],"addons":[],"_links":{"self":[{"href":"https:\/\/www.huntersfriend.eu\/de\/wp-json\/wp\/v2\/product\/293279","targetHints":{"allow":["GET"]}}],"collection":[{"href":"https:\/\/www.huntersfriend.eu\/de\/wp-json\/wp\/v2\/product"}],"about":[{"href":"https:\/\/www.huntersfriend.eu\/de\/wp-json\/wp\/v2\/types\/product"}],"replies":[{"embeddable":true,"href":"https:\/\/www.huntersfriend.eu\/de\/wp-json\/wp\/v2\/comments?post=293279"}],"wp:featuredmedia":[{"embeddable":true,"href":"https:\/\/www.huntersfriend.eu\/de\/wp-json\/wp\/v2\/media\/292110"}],"wp:attachment":[{"href":"https:\/\/www.huntersfriend.eu\/de\/wp-json\/wp\/v2\/media?parent=293279"}],"wp:term":[{"taxonomy":"product_brand","embeddable":true,"href":"https:\/\/www.huntersfriend.eu\/de\/wp-json\/wp\/v2\/product_brand?post=293279"},{"taxonomy":"product_cat","embeddable":true,"href":"https:\/\/www.huntersfriend.eu\/de\/wp-json\/wp\/v2\/product_cat?post=293279"},{"taxonomy":"product_tag","embeddable":true,"href":"https:\/\/www.huntersfriend.eu\/de\/wp-json\/wp\/v2\/product_tag?post=293279"}],"curies":[{"name":"wp","href":"https:\/\/api.w.org\/{rel}","templated":true}]}}