{"id":293266,"date":"2025-12-02T08:44:57","date_gmt":"2025-12-02T06:44:57","guid":{"rendered":"https:\/\/www.huntersfriend.eu\/product\/grundens-forecast-isolierte-jacke-anchor\/"},"modified":"2025-12-16T15:15:41","modified_gmt":"2025-12-16T13:15:41","slug":"grundens-forecast-isolierte-jacke-anchor","status":"publish","type":"product","link":"https:\/\/www.huntersfriend.eu\/de\/produkt\/grundens-forecast-isolierte-jacke-anchor\/","title":{"rendered":"Grundens Forecast Isolierte Jacke Anchor"},"content":{"rendered":"<p data-start=\"39\" data-end=\"464\"><strong data-start=\"39\" data-end=\"51\">Forecast<\/strong> ist eine warme PrimaLoft-Jacke mit einer leichteren Struktur als traditionelle synthetische Isolierungen. Sie ist die perfekte Wahl f\u00fcr die \u00dcbergangszeit, wenn die Temperaturen zu sinken beginnen. Dank ihrer praktischen technischen Eigenschaften und der PrimaLoft\u00ae-Isolierung bietet die Forecast-Jacke eine erstklassige Alternative zu nat\u00fcrlichen Daunen. Ihre geringe Wasseraufnahme erm\u00f6glicht es ihr, auch bei N\u00e4sse W\u00e4rme zu speichern und so die K\u00f6rperw\u00e4rme unter allen Bedingungen zu erhalten.   <\/p>\n<p data-start=\"466\" data-end=\"495\"><strong data-start=\"466\" data-end=\"495\">Technische Daten:<\/strong><\/p>\n<ul data-start=\"497\" data-end=\"851\">\n<li data-start=\"497\" data-end=\"566\">\n<p data-start=\"499\" data-end=\"566\">100 % recyceltes Nylon mit wasser- und schmutzabweisender DWR-Behandlung<\/p>\n<\/li>\n<li data-start=\"567\" data-end=\"625\">\n<p data-start=\"569\" data-end=\"625\">PrimaLoft\u00ae-Isolierung f\u00fcr ausgezeichnete W\u00e4rme und Komfort<\/p>\n<\/li>\n<li data-start=\"626\" data-end=\"669\">\n<p data-start=\"628\" data-end=\"669\">Robuste, korrosionsbest\u00e4ndige Rei\u00dfverschl\u00fcsse<\/p>\n<\/li>\n<li data-start=\"670\" data-end=\"703\">\n<p data-start=\"672\" data-end=\"703\">Interne Steppung sorgt f\u00fcr zus\u00e4tzliche W\u00e4rme<\/p>\n<\/li>\n<li data-start=\"704\" data-end=\"754\">\n<p data-start=\"706\" data-end=\"754\">Brusttasche mit Rei\u00dfverschluss und Handw\u00e4rmertaschen<\/p>\n<\/li>\n<li data-start=\"755\" data-end=\"796\">\n<p data-start=\"757\" data-end=\"796\">Feste Kapuze mit einstellbarer Sichtbarkeit<\/p>\n<\/li>\n<li data-start=\"797\" data-end=\"851\">\n<p data-start=\"799\" data-end=\"851\">Innentaschen und Zwei-Wege-Saumverstellung<\/p>\n<\/li>\n<\/ul>\n","protected":false},"excerpt":{"rendered":"<p>Forecast ist eine warme PrimaLoft-Jacke mit einer leichteren Struktur als traditionelle synthetische Isolierungen. Sie ist die perfekte Wahl f\u00fcr die \u00dcbergangszeit, wenn die Temperaturen zu sinken beginnen. Dank ihrer praktischen technischen Eigenschaften und der PrimaLoft\u00ae-Isolierung bietet die Forecast-Jacke eine erstklassige Alternative zu nat\u00fcrlichen Daunen. Ihre geringe Wasseraufnahme erm\u00f6glicht es ihr, auch bei N\u00e4sse W\u00e4rme zu [&#8230;]\n","protected":false},"featured_media":292809,"comment_status":"open","ping_status":"closed","template":"","meta":[],"product_brand":[],"product_cat":[1384],"product_tag":[],"class_list":{"0":"post-293266","1":"product","2":"type-product","3":"status-publish","4":"has-post-thumbnail","6":"product_cat-jacken","8":"first","9":"instock","10":"taxable","11":"shipping-taxable","12":"purchasable","13":"product-type-variable"},"composite_virtual":false,"composite_layout":"","composite_add_to_cart_form_location":"","composite_editable_in_cart":false,"composite_sold_individually_context":"","composite_shop_price_calc":"","composite_components":[],"composite_scenarios":[],"group_of_quantity":0,"min_quantity":0,"max_quantity":"","exclude_order_quantity_value_rules":"no","exclude_category_quantity_rules":"no","combine_variations":"no","exclude_global_add_ons":[],"addons":[],"_links":{"self":[{"href":"https:\/\/www.huntersfriend.eu\/de\/wp-json\/wp\/v2\/product\/293266","targetHints":{"allow":["GET"]}}],"collection":[{"href":"https:\/\/www.huntersfriend.eu\/de\/wp-json\/wp\/v2\/product"}],"about":[{"href":"https:\/\/www.huntersfriend.eu\/de\/wp-json\/wp\/v2\/types\/product"}],"replies":[{"embeddable":true,"href":"https:\/\/www.huntersfriend.eu\/de\/wp-json\/wp\/v2\/comments?post=293266"}],"wp:featuredmedia":[{"embeddable":true,"href":"https:\/\/www.huntersfriend.eu\/de\/wp-json\/wp\/v2\/media\/292809"}],"wp:attachment":[{"href":"https:\/\/www.huntersfriend.eu\/de\/wp-json\/wp\/v2\/media?parent=293266"}],"wp:term":[{"taxonomy":"product_brand","embeddable":true,"href":"https:\/\/www.huntersfriend.eu\/de\/wp-json\/wp\/v2\/product_brand?post=293266"},{"taxonomy":"product_cat","embeddable":true,"href":"https:\/\/www.huntersfriend.eu\/de\/wp-json\/wp\/v2\/product_cat?post=293266"},{"taxonomy":"product_tag","embeddable":true,"href":"https:\/\/www.huntersfriend.eu\/de\/wp-json\/wp\/v2\/product_tag?post=293266"}],"curies":[{"name":"wp","href":"https:\/\/api.w.org\/{rel}","templated":true}]}}