{"id":293265,"date":"2025-12-02T08:44:58","date_gmt":"2025-12-02T06:44:58","guid":{"rendered":"https:\/\/www.huntersfriend.eu\/product\/grundens-sunnan-regenbekleidung-set-111\/"},"modified":"2025-12-16T15:16:03","modified_gmt":"2025-12-16T13:16:03","slug":"grundens-sunnan-regenbekleidung-set-111","status":"publish","type":"product","link":"https:\/\/www.huntersfriend.eu\/de\/produkt\/grundens-sunnan-regenbekleidung-set-111\/","title":{"rendered":"Grundens Sunnan Regenbekleidung Set 111"},"content":{"rendered":"<p data-start=\"39\" data-end=\"227\"><strong data-start=\"39\" data-end=\"71\">Grund\u00e9ns Sunnan Regenbekleidungsset<\/strong> \u2013 ein strapazierf\u00e4higes, kompromissloses Arbeitskleidungsensemble in der Tradition von Grund\u00e9ns. Dieses Set ist so konzipiert, dass es harter Arbeit und rauen Wetterbedingungen standh\u00e4lt. <\/p>\n<p data-start=\"229\" data-end=\"584\">Die <strong data-start=\"233\" data-end=\"250\">Sunnan Jacke<\/strong> ist ganz auf Funktionalit\u00e4t ausgelegt. Sie verf\u00fcgt \u00fcber eine abnehmbare und verstellbare Kapuze. Der robuste Rei\u00dfverschluss ist durch eine Sturmklappe gesch\u00fctzt, die die Elemente abh\u00e4lt, w\u00e4hrend die bel\u00fcftete R\u00fcckenpasse f\u00fcr K\u00fchlung unter Druck sorgt. Der Kragen ist mit Cord gef\u00fcttert, um einen Hauch von Komfort zu bieten \u2013 kleine Details, die an langen Arbeitstagen wichtig sind.   <\/p>\n<p data-start=\"586\" data-end=\"765\">Die <strong data-start=\"590\" data-end=\"606\">Sunnan Hose<\/strong> verf\u00fcgt \u00fcber einen Kordelzug und einen elastischen Bund, um sie sicher an Ort und Stelle zu halten, sowie \u00fcber verstellbare Bein\u00f6ffnungen, um zu verhindern, dass Schmutz und Wasser eindringen.<\/p>\n<p data-start=\"767\" data-end=\"862\">Beide Kleidungsst\u00fccke erf\u00fcllen die Norm <strong data-start=\"790\" data-end=\"813\">EN 343:2003+A1:2007<\/strong> f\u00fcr Schutzkleidung gegen Regen.<\/p>\n<ul data-start=\"864\" data-end=\"1042\">\n<li data-start=\"864\" data-end=\"893\">\n<p data-start=\"866\" data-end=\"893\">PFAS-freies PU-beschichtetes Nylon<\/p>\n<\/li>\n<li data-start=\"894\" data-end=\"930\">\n<p data-start=\"896\" data-end=\"930\">100 % wasserdicht, EN343-zertifiziert<\/p>\n<\/li>\n<li data-start=\"931\" data-end=\"979\">\n<p data-start=\"933\" data-end=\"979\">Verstellbare und abnehmbare Kapuze an der Jacke<\/p>\n<\/li>\n<li data-start=\"980\" data-end=\"1042\">\n<p data-start=\"982\" data-end=\"1042\">Elastischer Bund und verstellbare Bein\u00f6ffnungen an der Hose<\/p>\n<\/li>\n<\/ul>\n","protected":false},"excerpt":{"rendered":"<p>Grund\u00e9ns Sunnan Regenbekleidungsset \u2013 ein strapazierf\u00e4higes, kompromissloses Arbeitskleidungsensemble in der Tradition von Grund\u00e9ns. Dieses Set ist so konzipiert, dass es harter Arbeit und rauen Wetterbedingungen standh\u00e4lt. Die Sunnan Jacke ist ganz auf Funktionalit\u00e4t ausgelegt. Sie verf\u00fcgt \u00fcber eine abnehmbare und verstellbare Kapuze. Der robuste Rei\u00dfverschluss ist durch eine Sturmklappe gesch\u00fctzt, die die Elemente abh\u00e4lt, w\u00e4hrend [&#8230;]\n","protected":false},"featured_media":292827,"comment_status":"open","ping_status":"closed","template":"","meta":[],"product_brand":[],"product_cat":[2261,1380],"product_tag":[],"class_list":{"0":"post-293265","1":"product","2":"type-product","3":"status-publish","4":"has-post-thumbnail","6":"product_cat-overalls","7":"product_cat-zubehor","9":"first","10":"instock","11":"taxable","12":"shipping-taxable","13":"purchasable","14":"product-type-variable"},"composite_virtual":false,"composite_layout":"","composite_add_to_cart_form_location":"","composite_editable_in_cart":false,"composite_sold_individually_context":"","composite_shop_price_calc":"","composite_components":[],"composite_scenarios":[],"group_of_quantity":0,"min_quantity":0,"max_quantity":"","exclude_order_quantity_value_rules":"no","exclude_category_quantity_rules":"no","combine_variations":"no","exclude_global_add_ons":[],"addons":[],"_links":{"self":[{"href":"https:\/\/www.huntersfriend.eu\/de\/wp-json\/wp\/v2\/product\/293265","targetHints":{"allow":["GET"]}}],"collection":[{"href":"https:\/\/www.huntersfriend.eu\/de\/wp-json\/wp\/v2\/product"}],"about":[{"href":"https:\/\/www.huntersfriend.eu\/de\/wp-json\/wp\/v2\/types\/product"}],"replies":[{"embeddable":true,"href":"https:\/\/www.huntersfriend.eu\/de\/wp-json\/wp\/v2\/comments?post=293265"}],"wp:featuredmedia":[{"embeddable":true,"href":"https:\/\/www.huntersfriend.eu\/de\/wp-json\/wp\/v2\/media\/292827"}],"wp:attachment":[{"href":"https:\/\/www.huntersfriend.eu\/de\/wp-json\/wp\/v2\/media?parent=293265"}],"wp:term":[{"taxonomy":"product_brand","embeddable":true,"href":"https:\/\/www.huntersfriend.eu\/de\/wp-json\/wp\/v2\/product_brand?post=293265"},{"taxonomy":"product_cat","embeddable":true,"href":"https:\/\/www.huntersfriend.eu\/de\/wp-json\/wp\/v2\/product_cat?post=293265"},{"taxonomy":"product_tag","embeddable":true,"href":"https:\/\/www.huntersfriend.eu\/de\/wp-json\/wp\/v2\/product_tag?post=293265"}],"curies":[{"name":"wp","href":"https:\/\/api.w.org\/{rel}","templated":true}]}}