{"id":293254,"date":"2025-11-13T14:34:32","date_gmt":"2025-11-13T12:34:32","guid":{"rendered":"https:\/\/www.huntersfriend.eu\/product\/foxpro-bowfire-jagdlampe\/"},"modified":"2026-03-04T12:55:18","modified_gmt":"2026-03-04T10:55:18","slug":"foxpro-bowfire-jagdlampe","status":"publish","type":"product","link":"https:\/\/www.huntersfriend.eu\/de\/produkt\/foxpro-bowfire-jagdlampe\/","title":{"rendered":"FoxPro Bowfire Jagdlampe"},"content":{"rendered":"<p data-start=\"39\" data-end=\"92\"><strong data-start=\"39\" data-end=\"92\">FOXPRO Bowfire \u2013 Fortschrittliche Beleuchtung f\u00fcr das Bogenschie\u00dfen und die Jagd<\/strong><\/p>\n<p data-start=\"94\" data-end=\"706\">Die FOXPRO Bowfire wurde entwickelt, um die Herausforderungen des Bogenschie\u00dfens zu meistern und das Erlebnis benutzerfreundlicher und effizienter zu gestalten. Ihre innovative und patentierte 3-Farben-LED-Technologie erm\u00f6glicht es Ihnen, den Farbton des Lichts schnell zu \u00e4ndern, ohne dass komplizierte Modulwechsel erforderlich sind. Wechseln Sie einfach zwischen hellem, warmem oder k\u00fchlem Licht, je nach Klarheit oder Tr\u00fcbung des Wassers \u2013 einfach durch Drehen des Wahlschalters. Die Bowfire ist der perfekte Begleiter f\u00fcr Bogensch\u00fctzen, die ihre Fangeffizienz bei sich schnell \u00e4ndernden Bedingungen optimieren m\u00f6chten. W\u00e4hlen Sie Bowfire und genie\u00dfen Sie den au\u00dfergew\u00f6hnlichen Kundensupport und die erstklassige Technologie von FOXPRO.    <\/p>\n<p data-start=\"708\" data-end=\"721\"><strong data-start=\"708\" data-end=\"721\">Eigenschaften:<\/strong><\/p>\n<ul data-start=\"723\" data-end=\"1569\">\n<li data-start=\"723\" data-end=\"832\">\n<p data-start=\"725\" data-end=\"832\"><strong data-start=\"725\" data-end=\"752\">3-Farben-LED-Technologie:<\/strong> Passen Sie den Farbton des Lichts schnell und m\u00fchelos an die Wasserbedingungen an.<\/p>\n<\/li>\n<li data-start=\"833\" data-end=\"954\">\n<p data-start=\"835\" data-end=\"954\"><strong data-start=\"835\" data-end=\"864\">Vielseitige Beleuchtungsmodi:<\/strong> Verwenden Sie Dauerlicht oder eine Momentan-Ein\/Aus-Funktion, ideal f\u00fcr lichtempfindliche Fische.<\/p>\n<\/li>\n<li data-start=\"955\" data-end=\"1045\">\n<p data-start=\"957\" data-end=\"1045\"><strong data-start=\"957\" data-end=\"978\">Dimmfunktion:<\/strong> Passen Sie die Helligkeit perfekt an die Umgebungsbedingungen an.<\/p>\n<\/li>\n<li data-start=\"1046\" data-end=\"1207\">\n<p data-start=\"1048\" data-end=\"1207\"><strong data-start=\"1048\" data-end=\"1077\">Spot-to-Flood-Einstellung:<\/strong> Schalten Sie den Strahl von einem fokussierten Spot auf einen breiten Flutlichtstrahl um, um sowohl nah als auch fern effektiv auszuleuchten \u2013 ob am Ufer oder in einem Boot.<\/p>\n<\/li>\n<li data-start=\"1208\" data-end=\"1324\">\n<p data-start=\"1210\" data-end=\"1324\"><strong data-start=\"1210\" data-end=\"1235\">Langlebiger Akku:<\/strong> Enth\u00e4lt einen Lithium-Ionen-Akku mit hoher Kapazit\u00e4t und ein Ladeger\u00e4t f\u00fcr l\u00e4ngere Betriebszeiten.<\/p>\n<\/li>\n<li data-start=\"1325\" data-end=\"1471\">\n<p data-start=\"1327\" data-end=\"1471\"><strong data-start=\"1327\" data-end=\"1352\">Robust und zuverl\u00e4ssig:<\/strong> Kommt mit einer 3-j\u00e4hrigen LED-Garantie und einer 1-j\u00e4hrigen Garantie auf den Endschalter und das Zubeh\u00f6r f\u00fcr langfristige Leistung.<\/p>\n<\/li>\n<li data-start=\"1472\" data-end=\"1569\">\n<p data-start=\"1474\" data-end=\"1569\"><strong data-start=\"1474\" data-end=\"1497\">Vielseitige Montage:<\/strong> Universelle Bogenhalterung, die auch die Anbringung einer Spinnrolle erm\u00f6glicht.<\/p>\n<\/li>\n<\/ul>\n","protected":false},"excerpt":{"rendered":"<p>FOXPRO Bowfire \u2013 Fortschrittliche Beleuchtung f\u00fcr das Bogenschie\u00dfen und die Jagd Die FOXPRO Bowfire wurde entwickelt, um die Herausforderungen des Bogenschie\u00dfens zu meistern und das Erlebnis benutzerfreundlicher und effizienter zu gestalten. Ihre innovative und patentierte 3-Farben-LED-Technologie erm\u00f6glicht es Ihnen, den Farbton des Lichts schnell zu \u00e4ndern, ohne dass komplizierte Modulwechsel erforderlich sind. Wechseln Sie einfach [&#8230;]\n","protected":false},"featured_media":292067,"comment_status":"open","ping_status":"closed","template":"","meta":[],"product_brand":[],"product_cat":[1113,1408,1222],"product_tag":[],"class_list":{"0":"post-293254","1":"product","2":"type-product","3":"status-publish","4":"has-post-thumbnail","6":"product_cat-ersatzteile-fuers-bogenfischen","7":"product_cat-jagdlampen","8":"product_cat-sonderangebote","10":"first","11":"instock","12":"sale","13":"taxable","14":"shipping-taxable","15":"purchasable","16":"product-type-simple"},"composite_virtual":false,"composite_layout":"","composite_add_to_cart_form_location":"","composite_editable_in_cart":false,"composite_sold_individually_context":"","composite_shop_price_calc":"","composite_components":[],"composite_scenarios":[],"group_of_quantity":0,"min_quantity":0,"max_quantity":"","exclude_order_quantity_value_rules":"no","exclude_category_quantity_rules":"no","combine_variations":"no","exclude_global_add_ons":[],"addons":[],"_links":{"self":[{"href":"https:\/\/www.huntersfriend.eu\/de\/wp-json\/wp\/v2\/product\/293254","targetHints":{"allow":["GET"]}}],"collection":[{"href":"https:\/\/www.huntersfriend.eu\/de\/wp-json\/wp\/v2\/product"}],"about":[{"href":"https:\/\/www.huntersfriend.eu\/de\/wp-json\/wp\/v2\/types\/product"}],"replies":[{"embeddable":true,"href":"https:\/\/www.huntersfriend.eu\/de\/wp-json\/wp\/v2\/comments?post=293254"}],"wp:featuredmedia":[{"embeddable":true,"href":"https:\/\/www.huntersfriend.eu\/de\/wp-json\/wp\/v2\/media\/292067"}],"wp:attachment":[{"href":"https:\/\/www.huntersfriend.eu\/de\/wp-json\/wp\/v2\/media?parent=293254"}],"wp:term":[{"taxonomy":"product_brand","embeddable":true,"href":"https:\/\/www.huntersfriend.eu\/de\/wp-json\/wp\/v2\/product_brand?post=293254"},{"taxonomy":"product_cat","embeddable":true,"href":"https:\/\/www.huntersfriend.eu\/de\/wp-json\/wp\/v2\/product_cat?post=293254"},{"taxonomy":"product_tag","embeddable":true,"href":"https:\/\/www.huntersfriend.eu\/de\/wp-json\/wp\/v2\/product_tag?post=293254"}],"curies":[{"name":"wp","href":"https:\/\/api.w.org\/{rel}","templated":true}]}}