{"id":293253,"date":"2025-12-02T08:45:01","date_gmt":"2025-12-02T06:45:01","guid":{"rendered":"https:\/\/www.huntersfriend.eu\/product\/grundens-full-share-hose\/"},"modified":"2026-02-10T06:14:04","modified_gmt":"2026-02-10T04:14:04","slug":"grundens-full-share-hose","status":"publish","type":"product","link":"https:\/\/www.huntersfriend.eu\/de\/produkt\/grundens-full-share-hose\/","title":{"rendered":"Grundens Full Share Hose"},"content":{"rendered":"<p data-start=\"39\" data-end=\"319\">Die <strong data-start=\"43\" data-end=\"72\">Grund\u00e9ns Full Share Hose<\/strong> bietet eine erstklassige wasserdichte und atmungsaktive L\u00f6sung. Sie werden sofort das strapazierf\u00e4hige Obermaterial, die sorgf\u00e4ltig platzierten technischen Merkmale und die Innenmembran bemerken, die einen starken Schutz gegen die h\u00e4ufigsten Belastungen durch Angler bietet. <\/p>\n<p data-start=\"321\" data-end=\"526\">Die Full Share Hose wurde urspr\u00fcnglich f\u00fcr Berufsfischer entwickelt und bietet eine hochleistungsf\u00e4hige, wasserdichte und atmungsaktive L\u00f6sung, die gleichzeitig einen angenehmen Tragekomfort gew\u00e4hrleistet \u2013 was auch Sportfischern zugute kommt.<\/p>\n<ul data-start=\"528\" data-end=\"743\">\n<li data-start=\"528\" data-end=\"555\">\n<p data-start=\"530\" data-end=\"555\">2 Handtaschen mit Rei\u00dfverschluss<\/p>\n<\/li>\n<li data-start=\"556\" data-end=\"577\">\n<p data-start=\"558\" data-end=\"577\">Oberschenkeltasche an der Seite<\/p>\n<\/li>\n<li data-start=\"578\" data-end=\"617\">\n<p data-start=\"580\" data-end=\"617\">Wasserdicht und atmungsaktiv \u2013 10K\/10K<\/p>\n<\/li>\n<li data-start=\"618\" data-end=\"664\">\n<p data-start=\"620\" data-end=\"664\">Rei\u00dfverschl\u00fcsse an den Beinen zum einfachen An- und Ausziehen \u00fcber Stiefeln<\/p>\n<\/li>\n<li data-start=\"665\" data-end=\"701\">\n<p data-start=\"667\" data-end=\"701\">Abnehmbarer elastischer G\u00fcrtel von Grund\u00e9ns<\/p>\n<\/li>\n<li data-start=\"702\" data-end=\"722\">\n<p data-start=\"704\" data-end=\"722\">Reflektierende Logos<\/p>\n<\/li>\n<li data-start=\"723\" data-end=\"743\">\n<p data-start=\"725\" data-end=\"743\">Vorgeformte Knie<\/p>\n<\/li>\n<\/ul>\n","protected":false},"excerpt":{"rendered":"<p>Die Grund\u00e9ns Full Share Hose bietet eine erstklassige wasserdichte und atmungsaktive L\u00f6sung. Sie werden sofort das strapazierf\u00e4hige Obermaterial, die sorgf\u00e4ltig platzierten technischen Merkmale und die Innenmembran bemerken, die einen starken Schutz gegen die h\u00e4ufigsten Belastungen durch Angler bietet. Die Full Share Hose wurde urspr\u00fcnglich f\u00fcr Berufsfischer entwickelt und bietet eine hochleistungsf\u00e4hige, wasserdichte und atmungsaktive L\u00f6sung, [&#8230;]\n","protected":false},"featured_media":292830,"comment_status":"open","ping_status":"closed","template":"","meta":[],"product_brand":[],"product_cat":[1128],"product_tag":[],"class_list":{"0":"post-293253","1":"product","2":"type-product","3":"status-publish","4":"has-post-thumbnail","6":"product_cat-hosen","8":"first","9":"instock","10":"taxable","11":"shipping-taxable","12":"purchasable","13":"product-type-variable"},"composite_virtual":false,"composite_layout":"","composite_add_to_cart_form_location":"","composite_editable_in_cart":false,"composite_sold_individually_context":"","composite_shop_price_calc":"","composite_components":[],"composite_scenarios":[],"group_of_quantity":0,"min_quantity":0,"max_quantity":"","exclude_order_quantity_value_rules":"no","exclude_category_quantity_rules":"no","combine_variations":"no","exclude_global_add_ons":[],"addons":[],"_links":{"self":[{"href":"https:\/\/www.huntersfriend.eu\/de\/wp-json\/wp\/v2\/product\/293253","targetHints":{"allow":["GET"]}}],"collection":[{"href":"https:\/\/www.huntersfriend.eu\/de\/wp-json\/wp\/v2\/product"}],"about":[{"href":"https:\/\/www.huntersfriend.eu\/de\/wp-json\/wp\/v2\/types\/product"}],"replies":[{"embeddable":true,"href":"https:\/\/www.huntersfriend.eu\/de\/wp-json\/wp\/v2\/comments?post=293253"}],"wp:featuredmedia":[{"embeddable":true,"href":"https:\/\/www.huntersfriend.eu\/de\/wp-json\/wp\/v2\/media\/292830"}],"wp:attachment":[{"href":"https:\/\/www.huntersfriend.eu\/de\/wp-json\/wp\/v2\/media?parent=293253"}],"wp:term":[{"taxonomy":"product_brand","embeddable":true,"href":"https:\/\/www.huntersfriend.eu\/de\/wp-json\/wp\/v2\/product_brand?post=293253"},{"taxonomy":"product_cat","embeddable":true,"href":"https:\/\/www.huntersfriend.eu\/de\/wp-json\/wp\/v2\/product_cat?post=293253"},{"taxonomy":"product_tag","embeddable":true,"href":"https:\/\/www.huntersfriend.eu\/de\/wp-json\/wp\/v2\/product_tag?post=293253"}],"curies":[{"name":"wp","href":"https:\/\/api.w.org\/{rel}","templated":true}]}}