{"id":293252,"date":"2025-11-13T14:35:00","date_gmt":"2025-11-13T12:35:00","guid":{"rendered":"https:\/\/www.huntersfriend.eu\/product\/sitka-stratus-2-0-jacke-cover\/"},"modified":"2026-03-11T14:37:02","modified_gmt":"2026-03-11T12:37:02","slug":"sitka-stratus-2-0-jacke-cover","status":"publish","type":"product","link":"https:\/\/www.huntersfriend.eu\/de\/produkt\/sitka-stratus-2-0-jacke-cover\/","title":{"rendered":"SITKA Stratus 2.0 Jacke \u2013 Cover"},"content":{"rendered":"<p>Die ger\u00e4uscharme, winddichte und anpassungsf\u00e4hige Stratus Jacke 2.0 ist die Komplettl\u00f6sung f\u00fcr die Jagd vom Hochsitz aus. Ausgestattet mit WINDSTOPPER\u00ae von GORE-TEX Labs, um Wind zu stoppen, ist die Stratus Jacke 2.0 bequem genug, um sie bei mildem Wetter in der Zwischensaison solo zu tragen oder mit einer Isolationsschicht f\u00fcr die K\u00e4ltefronten der sp\u00e4ten Saison zu kombinieren. Wir haben diese fortschrittliche, winddichte Technologie mit einem geb\u00fcrsteten Obermaterial kombiniert, das ein extrem leises Erlebnis beim Spannen eines Bogens oder beim Wechseln Ihrer Position erm\u00f6glicht, und sie ist mit dem Constant-Connect-Sicherheitsgurtanschluss ausgestattet, um sicherzustellen, dass Sie immer sicher im Stand verankert sind. Obwohl die Stratus seit Jahren eine feste Gr\u00f6\u00dfe bei SITKA ist, verf\u00fcgt das neue 2.0-Design \u00fcber ein verbessertes Taschensystem mit speziellen Taschen f\u00fcr Entfernungsmesser und Grunzrohr, damit Sie Ihre wichtigsten Werkzeuge immer griffbereit haben. Die Stratus Jacke 2.0 ist fein abgestimmt auf die wechselnden Bedingungen einer langen Wei\u00dfwedel-Saison und das wichtigste Teil im System eines jeden Hirschj\u00e4gers.    <\/p>\n<ul class=\"jsx-1027194987 space-y-4 list-disc\">\n<li class=\"jsx-1027194987 remove-marker mt-[24px] md:mt-[60px]\">\n<div class=\"feature_item\">100 % winddichtes Design mit WINDSTOPPER\u00ae von GORE-TEX LABS<\/div>\n<div class=\"feature_item\">Schnell zug\u00e4nglicher Grunzrohrhalter mit Netzboden erm\u00f6glicht unged\u00e4mpfte Schall\u00fcbertragung<\/div>\n<div class=\"feature_item\">Externe Entfernungsmessertasche mit Sicherheitsschlaufe erm\u00f6glicht schnellen Zugriff und einfaches Messen der Entfernung<\/div>\n<div class=\"feature_item\">Abnehmbare Kapuze mit H\u00f6r\u00f6ffnungen bietet Vielseitigkeit passend zum Wetter, ohne das Geh\u00f6r zu beeintr\u00e4chtigen<\/div>\n<div class=\"feature_item\">Brust- und Handtaschen mit Rei\u00dfverschluss bieten sicheren Stauraum f\u00fcr wichtige Dinge<\/div>\n<div class=\"feature_item\">Der Constant-Connect-Sicherheitsgurt-Durchgang erm\u00f6glicht es Ihnen, sicher befestigt zu bleiben, wenn Sie die Jacke an- oder ausziehen<\/div>\n<div class=\"feature_item\">Das geb\u00fcrstete Polyester-Obermaterial ist leise, weich und strapazierf\u00e4hig<\/div>\n<div class=\"feature_item\">Das Polyester-LMC-Fleecefutter bietet leichte W\u00e4rme<\/div>\n<\/li>\n<\/ul>\n","protected":false},"excerpt":{"rendered":"<p>Die ger\u00e4uscharme, winddichte und anpassungsf\u00e4hige Stratus Jacke 2.0 ist die Komplettl\u00f6sung f\u00fcr die Jagd vom Hochsitz aus. Ausgestattet mit WINDSTOPPER\u00ae von GORE-TEX Labs, um Wind zu stoppen, ist die Stratus Jacke 2.0 bequem genug, um sie bei mildem Wetter in der Zwischensaison solo zu tragen oder mit einer Isolationsschicht f\u00fcr die K\u00e4ltefronten der sp\u00e4ten Saison [&#8230;]\n","protected":false},"featured_media":292088,"comment_status":"open","ping_status":"closed","template":"","meta":[],"product_brand":[],"product_cat":[2741,1384],"product_tag":[],"class_list":{"0":"post-293252","1":"product","2":"type-product","3":"status-publish","4":"has-post-thumbnail","6":"product_cat-jackor","7":"product_cat-jacken","9":"first","10":"instock","11":"taxable","12":"shipping-taxable","13":"purchasable","14":"product-type-variable"},"composite_virtual":false,"composite_layout":"","composite_add_to_cart_form_location":"","composite_editable_in_cart":false,"composite_sold_individually_context":"","composite_shop_price_calc":"","composite_components":[],"composite_scenarios":[],"group_of_quantity":0,"min_quantity":0,"max_quantity":"","exclude_order_quantity_value_rules":"no","exclude_category_quantity_rules":"no","combine_variations":"no","exclude_global_add_ons":[],"addons":[],"_links":{"self":[{"href":"https:\/\/www.huntersfriend.eu\/de\/wp-json\/wp\/v2\/product\/293252","targetHints":{"allow":["GET"]}}],"collection":[{"href":"https:\/\/www.huntersfriend.eu\/de\/wp-json\/wp\/v2\/product"}],"about":[{"href":"https:\/\/www.huntersfriend.eu\/de\/wp-json\/wp\/v2\/types\/product"}],"replies":[{"embeddable":true,"href":"https:\/\/www.huntersfriend.eu\/de\/wp-json\/wp\/v2\/comments?post=293252"}],"wp:featuredmedia":[{"embeddable":true,"href":"https:\/\/www.huntersfriend.eu\/de\/wp-json\/wp\/v2\/media\/292088"}],"wp:attachment":[{"href":"https:\/\/www.huntersfriend.eu\/de\/wp-json\/wp\/v2\/media?parent=293252"}],"wp:term":[{"taxonomy":"product_brand","embeddable":true,"href":"https:\/\/www.huntersfriend.eu\/de\/wp-json\/wp\/v2\/product_brand?post=293252"},{"taxonomy":"product_cat","embeddable":true,"href":"https:\/\/www.huntersfriend.eu\/de\/wp-json\/wp\/v2\/product_cat?post=293252"},{"taxonomy":"product_tag","embeddable":true,"href":"https:\/\/www.huntersfriend.eu\/de\/wp-json\/wp\/v2\/product_tag?post=293252"}],"curies":[{"name":"wp","href":"https:\/\/api.w.org\/{rel}","templated":true}]}}