{"id":293236,"date":"2025-11-13T14:35:01","date_gmt":"2025-11-13T12:35:01","guid":{"rendered":"https:\/\/www.huntersfriend.eu\/product\/sitka-back40-stiefel-elevated\/"},"modified":"2026-04-01T22:18:28","modified_gmt":"2026-04-01T20:18:28","slug":"sitka-back40-stiefel-elevated","status":"publish","type":"product","link":"https:\/\/www.huntersfriend.eu\/de\/produkt\/sitka-back40-stiefel-elevated\/","title":{"rendered":"SITKA Back40 Stiefel \u2013 Elevated"},"content":{"rendered":"<p>Der Back40 Stiefel definiert die Leistung hoher Stiefel neu, von der Vorbereitung vor der Saison bis zu den sp\u00e4ten Ansitzen. Vom oberen Teil des Schafts bis zur Unterseite der Laufsohle ist dieser Stiefel mit ganzt\u00e4gigem Komfort in jeder Facette des Designs ausgestattet. 800 Gramm Thinsulate\u2122-Isolierung regulieren die Temperatur w\u00e4hrend der Jagden und Aufgaben, die Sie bew\u00e4ltigen. Die vollst\u00e4ndig wasserdichte Konstruktion, zus\u00e4tzliche Gummi-Overlays und eine Gummi-Laufsohle mit Multi-Oberfl\u00e4chen-Traktion schaffen den Inbegriff zuverl\u00e4ssiger Haltbarkeit.   <\/p>\n<div class=\"feature_item\">Das wasserdichte Gummi- und Neopren-Obermaterial ist zonal geformt, um zus\u00e4tzlichen Komfort und Schutz zu bieten.<\/div>\n<div class=\"feature_item\">Die durchgehende, geformte EVA-Zwischensohle bietet un\u00fcbertroffenen Komfort unter dem Fu\u00df.<\/div>\n<div class=\"feature_item\">800 g Thinsulate\u2122-Isolierungssystem bietet eine ganzj\u00e4hrige Temperaturregulierung<\/div>\n<div class=\"feature_item\">Multi-Oberfl\u00e4chen-Gummilaufsohle, verst\u00e4rkt durch unser firmeneigenes SITKA Apex Tread System f\u00fcr Traktion auf jeder Oberfl\u00e4che<\/div>\n<div class=\"feature_item\">Das firmeneigene, geformte PU-Fu\u00dfbett sorgt f\u00fcr zus\u00e4tzlichen Komfort unter dem Fu\u00df<\/div>\n<div class=\"feature_item\">Gummi-Overlays an Ferse und Zehen verst\u00e4rken die Haltbarkeit dort, wo Sie sie am meisten ben\u00f6tigen<\/div>\n<div class=\"feature_item\">Die Gummi-Fersenkick-Pad erm\u00f6glicht einen einfachen Ausstieg<\/div>\n<div class=\"feature_item\">Wenn Sie zwischen zwei Gr\u00f6\u00dfen liegen, empfehlen wir, eine Nummer gr\u00f6\u00dfer zu w\u00e4hlen<\/div>\n<div class=\"feature_item\">Komfortbereich -29 \u00b0C bis 4 \u00b0C<\/div>\n<div class=\"feature_item\">Stiefel Gr\u00f6\u00dfe 43 ~ 45,7 cm H\u00f6he, 44,7 cm Wadenumfang<\/div>\n<div class=\"feature_item\">1205 g pro Stiefel (gemessen in Gr\u00f6\u00dfe 43)<\/div>\n<div><\/div>\n<div>\n<div class=\"space-y-3\">\n<h5 class=\"typo-h5 text-neutral-900\">Gr\u00f6\u00dfenbestimmung<\/h5>\n<table class=\"w-full table-fixed border-collapse\">\n<thead class=\"bg-grayscale-100\">\n<tr>\n<th class=\"px-2 py-3 border-3 border-grayscale-100\" align=\"center\">\n<h5 class=\"typo-h5\">Stiefelgr\u00f6\u00dfe<\/h5>\n<\/th>\n<th class=\"px-2 py-3 border-3 border-grayscale-100\" align=\"center\">\n<h5 class=\"typo-h5\">Herrenschuhgr\u00f6\u00dfe<\/h5>\n<\/th>\n<th class=\"px-2 py-3 border-3 border-grayscale-100\" align=\"center\">\n<h5 class=\"typo-h5\">Damenschuhgr\u00f6\u00dfe<\/h5>\n<\/th>\n<\/tr>\n<\/thead>\n<tbody>\n<tr>\n<td class=\"px-2 py-3 border-t border-grayscale-100\" align=\"center\" valign=\"middle\">\n<p class=\"typo-secondary\">4<\/p>\n<\/td>\n<td class=\"px-2 py-3 border-t border-grayscale-100\" align=\"center\" valign=\"middle\">\n<p class=\"typo-secondary\">4<\/p>\n<\/td>\n<td class=\"px-2 py-3 border-t border-grayscale-100\" align=\"center\" valign=\"middle\">\n<p class=\"typo-secondary\">5<\/p>\n<\/td>\n<\/tr>\n<tr>\n<td class=\"px-2 py-3 border-t border-grayscale-100\" align=\"center\" valign=\"middle\">\n<p class=\"typo-secondary\">5<\/p>\n<\/td>\n<td class=\"px-2 py-3 border-t border-grayscale-100\" align=\"center\" valign=\"middle\">\n<p class=\"typo-secondary\">5<\/p>\n<\/td>\n<td class=\"px-2 py-3 border-t border-grayscale-100\" align=\"center\" valign=\"middle\">\n<p class=\"typo-secondary\">6<\/p>\n<\/td>\n<\/tr>\n<tr>\n<td class=\"px-2 py-3 border-t border-grayscale-100\" align=\"center\" valign=\"middle\">\n<p class=\"typo-secondary\">6<\/p>\n<\/td>\n<td class=\"px-2 py-3 border-t border-grayscale-100\" align=\"center\" valign=\"middle\">\n<p class=\"typo-secondary\">6<\/p>\n<\/td>\n<td class=\"px-2 py-3 border-t border-grayscale-100\" align=\"center\" valign=\"middle\">\n<p class=\"typo-secondary\">7<\/p>\n<\/td>\n<\/tr>\n<tr>\n<td class=\"px-2 py-3 border-t border-grayscale-100\" align=\"center\" valign=\"middle\">\n<p class=\"typo-secondary\">7<\/p>\n<\/td>\n<td class=\"px-2 py-3 border-t border-grayscale-100\" align=\"center\" valign=\"middle\">\n<p class=\"typo-secondary\">7<\/p>\n<\/td>\n<td class=\"px-2 py-3 border-t border-grayscale-100\" align=\"center\" valign=\"middle\">\n<p class=\"typo-secondary\">8<\/p>\n<\/td>\n<\/tr>\n<tr>\n<td class=\"px-2 py-3 border-t border-grayscale-100\" align=\"center\" valign=\"middle\">\n<p class=\"typo-secondary\">8<\/p>\n<\/td>\n<td class=\"px-2 py-3 border-t border-grayscale-100\" align=\"center\" valign=\"middle\">\n<p class=\"typo-secondary\">8<\/p>\n<\/td>\n<td class=\"px-2 py-3 border-t border-grayscale-100\" align=\"center\" valign=\"middle\">\n<p class=\"typo-secondary\">9<\/p>\n<\/td>\n<\/tr>\n<tr>\n<td class=\"px-2 py-3 border-t border-grayscale-100\" align=\"center\" valign=\"middle\">\n<p class=\"typo-secondary\">9<\/p>\n<\/td>\n<td class=\"px-2 py-3 border-t border-grayscale-100\" align=\"center\" valign=\"middle\">\n<p class=\"typo-secondary\">9<\/p>\n<\/td>\n<td class=\"px-2 py-3 border-t border-grayscale-100\" align=\"center\" valign=\"middle\">\n<p class=\"typo-secondary\">10<\/p>\n<\/td>\n<\/tr>\n<tr>\n<td class=\"px-2 py-3 border-t border-grayscale-100\" align=\"center\" valign=\"middle\">\n<p class=\"typo-secondary\">10<\/p>\n<\/td>\n<td class=\"px-2 py-3 border-t border-grayscale-100\" align=\"center\" valign=\"middle\">\n<p class=\"typo-secondary\">10<\/p>\n<\/td>\n<td class=\"px-2 py-3 border-t border-grayscale-100\" align=\"center\" valign=\"middle\">\n<p class=\"typo-secondary\">11<\/p>\n<\/td>\n<\/tr>\n<tr>\n<td class=\"px-2 py-3 border-t border-grayscale-100\" align=\"center\" valign=\"middle\">\n<p class=\"typo-secondary\">11<\/p>\n<\/td>\n<td class=\"px-2 py-3 border-t border-grayscale-100\" align=\"center\" valign=\"middle\">\n<p class=\"typo-secondary\">11<\/p>\n<\/td>\n<td class=\"px-2 py-3 border-t border-grayscale-100\" align=\"center\" valign=\"middle\">\n<p class=\"typo-secondary\">12<\/p>\n<\/td>\n<\/tr>\n<tr>\n<td class=\"px-2 py-3 border-t border-grayscale-100\" align=\"center\" valign=\"middle\">\n<p class=\"typo-secondary\">12<\/p>\n<\/td>\n<td class=\"px-2 py-3 border-t border-grayscale-100\" align=\"center\" valign=\"middle\">\n<p class=\"typo-secondary\">12<\/p>\n<\/td>\n<td class=\"px-2 py-3 border-t border-grayscale-100\" align=\"center\" valign=\"middle\">\n<p class=\"typo-secondary\">13<\/p>\n<\/td>\n<\/tr>\n<tr>\n<td class=\"px-2 py-3 border-t border-grayscale-100\" align=\"center\" valign=\"middle\">\n<p class=\"typo-secondary\">13<\/p>\n<\/td>\n<td class=\"px-2 py-3 border-t border-grayscale-100\" align=\"center\" valign=\"middle\">\n<p class=\"typo-secondary\">13<\/p>\n<\/td>\n<td class=\"px-2 py-3 border-t border-grayscale-100\" align=\"center\" valign=\"middle\">\n<p class=\"typo-secondary\">14<\/p>\n<\/td>\n<\/tr>\n<tr>\n<td class=\"px-2 py-3 border-t border-grayscale-100\" align=\"center\" valign=\"middle\">\n<p class=\"typo-secondary\">14<\/p>\n<\/td>\n<td class=\"px-2 py-3 border-t border-grayscale-100\" align=\"center\" valign=\"middle\">\n<p class=\"typo-secondary\">14<\/p>\n<\/td>\n<td class=\"px-2 py-3 border-t border-grayscale-100\" align=\"center\" valign=\"middle\">\n<p class=\"typo-secondary\">15<\/p>\n<\/td>\n<\/tr>\n<\/tbody>\n<\/table>\n<\/div>\n<div class=\"space-y-3\">\n<h5 class=\"typo-h5 text-neutral-900\">Kragenh\u00f6he<\/h5>\n<table class=\"w-full table-fixed border-collapse\">\n<thead class=\"bg-grayscale-100\">\n<tr>\n<th class=\"px-2 py-3 border-3 border-grayscale-100\" align=\"center\">\n<h5 class=\"typo-h5\">Herrenschuhgr\u00f6\u00dfe<\/h5>\n<\/th>\n<th class=\"px-2 py-3 border-3 border-grayscale-100\" align=\"center\">\n<h5 class=\"typo-h5\">VentLite GTX<\/h5>\n<\/th>\n<th class=\"px-2 py-3 border-3 border-grayscale-100\" align=\"center\">\n<h5 class=\"typo-h5\">Back40 Stiefel<\/h5>\n<\/th>\n<\/tr>\n<\/thead>\n<tbody>\n<tr>\n<td class=\"px-2 py-3 border-t border-grayscale-100\" align=\"center\" valign=\"middle\">\n<p class=\"typo-secondary\">10<\/p>\n<\/td>\n<td class=\"px-2 py-3 border-t border-grayscale-100\" align=\"center\" valign=\"middle\">\n<p class=\"typo-secondary\">18&#8243;<\/p>\n<\/td>\n<td class=\"px-2 py-3 border-t border-grayscale-100\" align=\"center\" valign=\"middle\">\n<p class=\"typo-secondary\">17,5&#8243;<\/p>\n<\/td>\n<\/tr>\n<\/tbody>\n<\/table>\n<\/div>\n<div class=\"space-y-3\">\n<h5 class=\"typo-h5 text-neutral-900\">Kragenumfang<\/h5>\n<table class=\"w-full table-fixed border-collapse\">\n<thead class=\"bg-grayscale-100\">\n<tr>\n<th class=\"px-2 py-3 border-3 border-grayscale-100\" align=\"center\">\n<h5 class=\"typo-h5\">Herrenschuhgr\u00f6\u00dfe<\/h5>\n<\/th>\n<th class=\"px-2 py-3 border-3 border-grayscale-100\" align=\"center\">\n<h5 class=\"typo-h5\">VentLite GTX (in)<\/h5>\n<\/th>\n<th class=\"px-2 py-3 border-3 border-grayscale-100\" align=\"center\">\n<h5 class=\"typo-h5\">Back40 Stiefel (in)<\/h5>\n<\/th>\n<\/tr>\n<\/thead>\n<tbody>\n<tr>\n<td class=\"px-2 py-3 border-t border-grayscale-100\" align=\"center\" valign=\"middle\">\n<p class=\"typo-secondary\">6<\/p>\n<\/td>\n<td class=\"px-2 py-3 border-t border-grayscale-100\" align=\"center\" valign=\"middle\">\n<p class=\"typo-secondary\">16,1&#8243;<\/p>\n<\/td>\n<td class=\"px-2 py-3 border-t border-grayscale-100\" align=\"center\" valign=\"middle\">\n<p class=\"typo-secondary\">16,1&#8243;<\/p>\n<\/td>\n<\/tr>\n<tr>\n<td class=\"px-2 py-3 border-t border-grayscale-100\" align=\"center\" valign=\"middle\">\n<p class=\"typo-secondary\">7<\/p>\n<\/td>\n<td class=\"px-2 py-3 border-t border-grayscale-100\" align=\"center\" valign=\"middle\">\n<p class=\"typo-secondary\">16,5&#8243;<\/p>\n<\/td>\n<td class=\"px-2 py-3 border-t border-grayscale-100\" align=\"center\" valign=\"middle\">\n<p class=\"typo-secondary\">16,5&#8243;<\/p>\n<\/td>\n<\/tr>\n<tr>\n<td class=\"px-2 py-3 border-t border-grayscale-100\" align=\"center\" valign=\"middle\">\n<p class=\"typo-secondary\">8<\/p>\n<\/td>\n<td class=\"px-2 py-3 border-t border-grayscale-100\" align=\"center\" valign=\"middle\">\n<p class=\"typo-secondary\">17,0&#8243;<\/p>\n<\/td>\n<td class=\"px-2 py-3 border-t border-grayscale-100\" align=\"center\" valign=\"middle\">\n<p class=\"typo-secondary\">16,9&#8243;<\/p>\n<\/td>\n<\/tr>\n<tr>\n<td class=\"px-2 py-3 border-t border-grayscale-100\" align=\"center\" valign=\"middle\">\n<p class=\"typo-secondary\">9<\/p>\n<\/td>\n<td class=\"px-2 py-3 border-t border-grayscale-100\" align=\"center\" valign=\"middle\">\n<p class=\"typo-secondary\">17,6&#8243;<\/p>\n<\/td>\n<td class=\"px-2 py-3 border-t border-grayscale-100\" align=\"center\" valign=\"middle\">\n<p class=\"typo-secondary\">17,2&#8243;<\/p>\n<\/td>\n<\/tr>\n<tr>\n<td class=\"px-2 py-3 border-t border-grayscale-100\" align=\"center\" valign=\"middle\">\n<p class=\"typo-secondary\">10<\/p>\n<\/td>\n<td class=\"px-2 py-3 border-t border-grayscale-100\" align=\"center\" valign=\"middle\">\n<p class=\"typo-secondary\">18,1&#8243;<\/p>\n<\/td>\n<td class=\"px-2 py-3 border-t border-grayscale-100\" align=\"center\" valign=\"middle\">\n<p class=\"typo-secondary\">17,6&#8243;<\/p>\n<\/td>\n<\/tr>\n<tr>\n<td class=\"px-2 py-3 border-t border-grayscale-100\" align=\"center\" valign=\"middle\">\n<p class=\"typo-secondary\">11<\/p>\n<\/td>\n<td class=\"px-2 py-3 border-t border-grayscale-100\" align=\"center\" valign=\"middle\">\n<p class=\"typo-secondary\">18,6&#8243;<\/p>\n<\/td>\n<td class=\"px-2 py-3 border-t border-grayscale-100\" align=\"center\" valign=\"middle\">\n<p class=\"typo-secondary\">17,9&#8243;<\/p>\n<\/td>\n<\/tr>\n<tr>\n<td class=\"px-2 py-3 border-t border-grayscale-100\" align=\"center\" valign=\"middle\">\n<p class=\"typo-secondary\">12<\/p>\n<\/td>\n<td class=\"px-2 py-3 border-t border-grayscale-100\" align=\"center\" valign=\"middle\">\n<p class=\"typo-secondary\">19,2&#8243;<\/p>\n<\/td>\n<td class=\"px-2 py-3 border-t border-grayscale-100\" align=\"center\" valign=\"middle\">\n<p class=\"typo-secondary\">18,3&#8243;<\/p>\n<\/td>\n<\/tr>\n<tr>\n<td class=\"px-2 py-3 border-t border-grayscale-100\" align=\"center\" valign=\"middle\">\n<p class=\"typo-secondary\">13<\/p>\n<\/td>\n<td class=\"px-2 py-3 border-t border-grayscale-100\" align=\"center\" valign=\"middle\">\n<p class=\"typo-secondary\">19,7&#8243;<\/p>\n<\/td>\n<td class=\"px-2 py-3 border-t border-grayscale-100\" align=\"center\" valign=\"middle\">\n<p class=\"typo-secondary\">18,7&#8243;<\/p>\n<\/td>\n<\/tr>\n<tr>\n<td class=\"px-2 py-3 border-t border-grayscale-100\" align=\"center\" valign=\"middle\">\n<p class=\"typo-secondary\">14<\/p>\n<\/td>\n<td class=\"px-2 py-3 border-t border-grayscale-100\" align=\"center\" valign=\"middle\">\n<p class=\"typo-secondary\">20,2&#8243;<\/p>\n<\/td>\n<td class=\"px-2 py-3 border-t border-grayscale-100\" align=\"center\" valign=\"middle\">\n<p class=\"typo-secondary\">19,1&#8243;<\/p>\n<\/td>\n<\/tr>\n<\/tbody>\n<\/table>\n<\/div>\n<div class=\"space-y-3\">\n<h5 class=\"typo-h5 text-neutral-900\">Fu\u00dfmessung<\/h5>\n<table class=\"w-full table-fixed border-collapse\">\n<thead class=\"bg-grayscale-100\">\n<tr>\n<th class=\"px-2 py-3 border-3 border-grayscale-100\" align=\"center\">\n<h5 class=\"typo-h5\">Fu\u00dfl\u00e4nge in Zoll<\/h5>\n<\/th>\n<th class=\"px-2 py-3 border-3 border-grayscale-100\" align=\"center\">\n<h5 class=\"typo-h5\">Herrenstiefelgr\u00f6\u00dfe<\/h5>\n<\/th>\n<th class=\"px-2 py-3 border-3 border-grayscale-100\" align=\"center\">\n<h5 class=\"typo-h5\">Damenstiefelgr\u00f6\u00dfe<\/h5>\n<\/th>\n<\/tr>\n<\/thead>\n<tbody>\n<tr>\n<td class=\"px-2 py-3 border-t border-grayscale-100\" align=\"center\" valign=\"middle\">\n<p class=\"typo-secondary\">9 7\/8&#8243;<\/p>\n<\/td>\n<td class=\"px-2 py-3 border-t border-grayscale-100\" align=\"center\" valign=\"middle\">\n<p class=\"typo-secondary\">6<\/p>\n<\/td>\n<td class=\"px-2 py-3 border-t border-grayscale-100\" align=\"center\" valign=\"middle\">\n<p class=\"typo-secondary\">7<\/p>\n<\/td>\n<\/tr>\n<tr>\n<td class=\"px-2 py-3 border-t border-grayscale-100\" align=\"center\" valign=\"middle\">\n<p class=\"typo-secondary\">10 1\/4&#8243;<\/p>\n<\/td>\n<td class=\"px-2 py-3 border-t border-grayscale-100\" align=\"center\" valign=\"middle\">\n<p class=\"typo-secondary\">7<\/p>\n<\/td>\n<td class=\"px-2 py-3 border-t border-grayscale-100\" align=\"center\" valign=\"middle\">\n<p class=\"typo-secondary\">8<\/p>\n<\/td>\n<\/tr>\n<tr>\n<td class=\"px-2 py-3 border-t border-grayscale-100\" align=\"center\" valign=\"middle\">\n<p class=\"typo-secondary\">10 1\/2&#8243;<\/p>\n<\/td>\n<td class=\"px-2 py-3 border-t border-grayscale-100\" align=\"center\" valign=\"middle\">\n<p class=\"typo-secondary\">8<\/p>\n<\/td>\n<td class=\"px-2 py-3 border-t border-grayscale-100\" align=\"center\" valign=\"middle\">\n<p class=\"typo-secondary\">9<\/p>\n<\/td>\n<\/tr>\n<tr>\n<td class=\"px-2 py-3 border-t border-grayscale-100\" align=\"center\" valign=\"middle\">\n<p class=\"typo-secondary\">10 7\/8&#8243;<\/p>\n<\/td>\n<td class=\"px-2 py-3 border-t border-grayscale-100\" align=\"center\" valign=\"middle\">\n<p class=\"typo-secondary\">9<\/p>\n<\/td>\n<td class=\"px-2 py-3 border-t border-grayscale-100\" align=\"center\" valign=\"middle\">\n<p class=\"typo-secondary\">10<\/p>\n<\/td>\n<\/tr>\n<tr>\n<td class=\"px-2 py-3 border-t border-grayscale-100\" align=\"center\" valign=\"middle\">\n<p class=\"typo-secondary\">11 1\/4&#8243;<\/p>\n<\/td>\n<td class=\"px-2 py-3 border-t border-grayscale-100\" align=\"center\" valign=\"middle\">\n<p class=\"typo-secondary\">10<\/p>\n<\/td>\n<td class=\"px-2 py-3 border-t border-grayscale-100\" align=\"center\" valign=\"middle\">\n<p class=\"typo-secondary\">11<\/p>\n<\/td>\n<\/tr>\n<tr>\n<td class=\"px-2 py-3 border-t border-grayscale-100\" align=\"center\" valign=\"middle\">\n<p class=\"typo-secondary\">11 1\/2&#8243;<\/p>\n<\/td>\n<td class=\"px-2 py-3 border-t border-grayscale-100\" align=\"center\" valign=\"middle\">\n<p class=\"typo-secondary\">11<\/p>\n<\/td>\n<td class=\"px-2 py-3 border-t border-grayscale-100\" align=\"center\" valign=\"middle\">\n<p class=\"typo-secondary\">12<\/p>\n<\/td>\n<\/tr>\n<tr>\n<td class=\"px-2 py-3 border-t border-grayscale-100\" align=\"center\" valign=\"middle\">\n<p class=\"typo-secondary\">11 7\/8&#8243;<\/p>\n<\/td>\n<td class=\"px-2 py-3 border-t border-grayscale-100\" align=\"center\" valign=\"middle\">\n<p class=\"typo-secondary\">12<\/p>\n<\/td>\n<td class=\"px-2 py-3 border-t border-grayscale-100\" align=\"center\" valign=\"middle\">\n<p class=\"typo-secondary\">13<\/p>\n<\/td>\n<\/tr>\n<tr>\n<td class=\"px-2 py-3 border-t border-grayscale-100\" align=\"center\" valign=\"middle\">\n<p class=\"typo-secondary\">12 1\/4&#8243;<\/p>\n<\/td>\n<td class=\"px-2 py-3 border-t border-grayscale-100\" align=\"center\" valign=\"middle\">\n<p class=\"typo-secondary\">13<\/p>\n<\/td>\n<td class=\"px-2 py-3 border-t border-grayscale-100\" align=\"center\" valign=\"middle\">\n<p class=\"typo-secondary\">14<\/p>\n<\/td>\n<\/tr>\n<tr>\n<td class=\"px-2 py-3 border-t border-grayscale-100\" align=\"center\" valign=\"middle\">\n<p class=\"typo-secondary\">12 1\/2&#8243;<\/p>\n<\/td>\n<td class=\"px-2 py-3 border-t border-grayscale-100\" align=\"center\" valign=\"middle\">\n<p class=\"typo-secondary\">14<\/p>\n<\/td>\n<td class=\"px-2 py-3 border-t border-grayscale-100\" align=\"center\" valign=\"middle\">\n<p class=\"typo-secondary\">15<\/p>\n<\/td>\n<\/tr>\n<\/tbody>\n<\/table>\n<\/div>\n<\/div>\n","protected":false},"excerpt":{"rendered":"<p>Der Back40 Stiefel definiert die Leistung hoher Stiefel neu, von der Vorbereitung vor der Saison bis zu den sp\u00e4ten Ansitzen. Vom oberen Teil des Schafts bis zur Unterseite der Laufsohle ist dieser Stiefel mit ganzt\u00e4gigem Komfort in jeder Facette des Designs ausgestattet. 800 Gramm Thinsulate\u2122-Isolierung regulieren die Temperatur w\u00e4hrend der Jagden und Aufgaben, die Sie [&#8230;]\n","protected":false},"featured_media":292075,"comment_status":"open","ping_status":"closed","template":"","meta":[],"product_brand":[],"product_cat":[2679,2835,1129,1385],"product_tag":[],"class_list":{"0":"post-293236","1":"product","2":"type-product","3":"status-publish","4":"has-post-thumbnail","6":"product_cat-gummistovlar","7":"product_cat-jaktkangor","8":"product_cat-jagd-stiefel","9":"product_cat-gummistiefel","10":"product_shipping_class-medium-de","12":"first","13":"instock","14":"featured","15":"taxable","16":"shipping-taxable","17":"purchasable","18":"product-type-variable"},"composite_virtual":false,"composite_layout":"","composite_add_to_cart_form_location":"","composite_editable_in_cart":false,"composite_sold_individually_context":"","composite_shop_price_calc":"","composite_components":[],"composite_scenarios":[],"group_of_quantity":0,"min_quantity":0,"max_quantity":"","exclude_order_quantity_value_rules":"no","exclude_category_quantity_rules":"no","combine_variations":"no","exclude_global_add_ons":[],"addons":[],"_links":{"self":[{"href":"https:\/\/www.huntersfriend.eu\/de\/wp-json\/wp\/v2\/product\/293236","targetHints":{"allow":["GET"]}}],"collection":[{"href":"https:\/\/www.huntersfriend.eu\/de\/wp-json\/wp\/v2\/product"}],"about":[{"href":"https:\/\/www.huntersfriend.eu\/de\/wp-json\/wp\/v2\/types\/product"}],"replies":[{"embeddable":true,"href":"https:\/\/www.huntersfriend.eu\/de\/wp-json\/wp\/v2\/comments?post=293236"}],"wp:featuredmedia":[{"embeddable":true,"href":"https:\/\/www.huntersfriend.eu\/de\/wp-json\/wp\/v2\/media\/292075"}],"wp:attachment":[{"href":"https:\/\/www.huntersfriend.eu\/de\/wp-json\/wp\/v2\/media?parent=293236"}],"wp:term":[{"taxonomy":"product_brand","embeddable":true,"href":"https:\/\/www.huntersfriend.eu\/de\/wp-json\/wp\/v2\/product_brand?post=293236"},{"taxonomy":"product_cat","embeddable":true,"href":"https:\/\/www.huntersfriend.eu\/de\/wp-json\/wp\/v2\/product_cat?post=293236"},{"taxonomy":"product_tag","embeddable":true,"href":"https:\/\/www.huntersfriend.eu\/de\/wp-json\/wp\/v2\/product_tag?post=293236"}],"curies":[{"name":"wp","href":"https:\/\/api.w.org\/{rel}","templated":true}]}}