{"id":293235,"date":"2025-12-02T08:45:04","date_gmt":"2025-12-02T06:45:04","guid":{"rendered":"https:\/\/www.huntersfriend.eu\/product\/grundens-grundies-thermal-fz-kapuzenpullover\/"},"modified":"2026-02-10T06:13:43","modified_gmt":"2026-02-10T04:13:43","slug":"grundens-grundies-thermal-fz-kapuzenpullover","status":"publish","type":"product","link":"https:\/\/www.huntersfriend.eu\/de\/produkt\/grundens-grundies-thermal-fz-kapuzenpullover\/","title":{"rendered":"Grundens Grundies Thermal FZ Kapuzenpullover"},"content":{"rendered":"<p data-start=\"39\" data-end=\"161\">Der <strong data-start=\"43\" data-end=\"86\">Grund\u00e9ns Grundies Thermal Fleece Hoodie<\/strong> ist eine warme, hochwertige Zwischenschicht, die f\u00fcr kalte und feuchte Bedingungen entwickelt wurde.<\/p>\n<p data-start=\"163\" data-end=\"319\">Der Kapuzenpullover ist aus dehnbarem, temperaturregulierendem Fleece gefertigt. Er verf\u00fcgt \u00fcber eine <strong data-start=\"240\" data-end=\"272\">HeiQ\u2122 Geruchskontrollbehandlung<\/strong>, die Ger\u00fcche auch bei starker Beanspruchung in Schach h\u00e4lt. <\/p>\n<p data-start=\"321\" data-end=\"377\">Perfekt f\u00fcr Angelausfl\u00fcge oder andere Outdoor-Aktivit\u00e4ten.<\/p>\n<ul data-start=\"379\" data-end=\"567\">\n<li data-start=\"379\" data-end=\"447\">\n<p data-start=\"381\" data-end=\"447\">Strapazierf\u00e4higes Stretch-Fleece mit temperaturregulierenden Eigenschaften<\/p>\n<\/li>\n<li data-start=\"448\" data-end=\"493\">\n<p data-start=\"450\" data-end=\"493\">Tiefer Frontrei\u00dfverschluss f\u00fcr maximale Bel\u00fcftung<\/p>\n<\/li>\n<li data-start=\"494\" data-end=\"534\">\n<p data-start=\"496\" data-end=\"534\">Brusttasche zur Aufbewahrung kleiner Gegenst\u00e4nde<\/p>\n<\/li>\n<li data-start=\"535\" data-end=\"567\">\n<p data-start=\"537\" data-end=\"567\">HeiQ\u2122-Geruchskontrollbehandlung<\/p>\n<\/li>\n<\/ul>\n","protected":false},"excerpt":{"rendered":"<p>Der Grund\u00e9ns Grundies Thermal Fleece Hoodie ist eine warme, hochwertige Zwischenschicht, die f\u00fcr kalte und feuchte Bedingungen entwickelt wurde. Der Kapuzenpullover ist aus dehnbarem, temperaturregulierendem Fleece gefertigt. Er verf\u00fcgt \u00fcber eine HeiQ\u2122 Geruchskontrollbehandlung, die Ger\u00fcche auch bei starker Beanspruchung in Schach h\u00e4lt. Perfekt f\u00fcr Angelausfl\u00fcge oder andere Outdoor-Aktivit\u00e4ten. Strapazierf\u00e4higes Stretch-Fleece mit temperaturregulierenden Eigenschaften Tiefer Frontrei\u00dfverschluss [&#8230;]\n","protected":false},"featured_media":292833,"comment_status":"open","ping_status":"closed","template":"","meta":[],"product_brand":[],"product_cat":[2184],"product_tag":[],"class_list":{"0":"post-293235","1":"product","2":"type-product","3":"status-publish","4":"has-post-thumbnail","6":"product_cat-hemden-kapuzenpullover","8":"first","9":"instock","10":"taxable","11":"shipping-taxable","12":"purchasable","13":"product-type-variable"},"composite_virtual":false,"composite_layout":"","composite_add_to_cart_form_location":"","composite_editable_in_cart":false,"composite_sold_individually_context":"","composite_shop_price_calc":"","composite_components":[],"composite_scenarios":[],"group_of_quantity":0,"min_quantity":0,"max_quantity":"","exclude_order_quantity_value_rules":"no","exclude_category_quantity_rules":"no","combine_variations":"no","exclude_global_add_ons":[],"addons":[],"_links":{"self":[{"href":"https:\/\/www.huntersfriend.eu\/de\/wp-json\/wp\/v2\/product\/293235","targetHints":{"allow":["GET"]}}],"collection":[{"href":"https:\/\/www.huntersfriend.eu\/de\/wp-json\/wp\/v2\/product"}],"about":[{"href":"https:\/\/www.huntersfriend.eu\/de\/wp-json\/wp\/v2\/types\/product"}],"replies":[{"embeddable":true,"href":"https:\/\/www.huntersfriend.eu\/de\/wp-json\/wp\/v2\/comments?post=293235"}],"wp:featuredmedia":[{"embeddable":true,"href":"https:\/\/www.huntersfriend.eu\/de\/wp-json\/wp\/v2\/media\/292833"}],"wp:attachment":[{"href":"https:\/\/www.huntersfriend.eu\/de\/wp-json\/wp\/v2\/media?parent=293235"}],"wp:term":[{"taxonomy":"product_brand","embeddable":true,"href":"https:\/\/www.huntersfriend.eu\/de\/wp-json\/wp\/v2\/product_brand?post=293235"},{"taxonomy":"product_cat","embeddable":true,"href":"https:\/\/www.huntersfriend.eu\/de\/wp-json\/wp\/v2\/product_cat?post=293235"},{"taxonomy":"product_tag","embeddable":true,"href":"https:\/\/www.huntersfriend.eu\/de\/wp-json\/wp\/v2\/product_tag?post=293235"}],"curies":[{"name":"wp","href":"https:\/\/api.w.org\/{rel}","templated":true}]}}