{"id":293218,"date":"2025-12-02T08:44:59","date_gmt":"2025-12-02T06:44:59","guid":{"rendered":"https:\/\/www.huntersfriend.eu\/product\/grundens-full-share-jacke\/"},"modified":"2025-12-16T15:14:33","modified_gmt":"2025-12-16T13:14:33","slug":"grundens-full-share-jacke","status":"publish","type":"product","link":"https:\/\/www.huntersfriend.eu\/de\/produkt\/grundens-full-share-jacke\/","title":{"rendered":"Grundens Full Share Jacke"},"content":{"rendered":"<p data-start=\"39\" data-end=\"301\">Die <strong data-start=\"43\" data-end=\"73\">Grund\u00e9ns Full Share Jacke<\/strong> bietet eine erstklassige wasserdichte und atmungsaktive L\u00f6sung, die angenehm zu tragen ist. Die Jacke verf\u00fcgt \u00fcber eine strapazierf\u00e4hige Au\u00dfenfl\u00e4che und eine starke Innenmembran, die Schutz vor den h\u00e4ufigsten Belastungen bietet, denen Angler ausgesetzt sind. <\/p>\n<p data-start=\"303\" data-end=\"505\">Urspr\u00fcnglich f\u00fcr Berufsfischer entwickelt, bietet das Full Share Set eine leistungsstarke wasserdichte und atmungsaktive L\u00f6sung und sorgt gleichzeitig f\u00fcr ein angenehmes Tragegef\u00fchl \u2013 was auch Sportfischern zugutekommt.<\/p>\n<ul data-start=\"507\" data-end=\"704\">\n<li data-start=\"507\" data-end=\"549\">\n<p data-start=\"509\" data-end=\"549\"><strong data-start=\"509\" data-end=\"539\">Wasserdicht und atmungsaktiv:<\/strong> 10K\/10K<\/p>\n<\/li>\n<li data-start=\"550\" data-end=\"587\">\n<p data-start=\"552\" data-end=\"587\"><strong data-start=\"552\" data-end=\"585\">Handw\u00e4rmetaschen mit Rei\u00dfverschluss<\/strong><\/p>\n<\/li>\n<li data-start=\"588\" data-end=\"628\">\n<p data-start=\"590\" data-end=\"628\"><strong data-start=\"590\" data-end=\"626\">Hochwertige YKK Aquaguard Rei\u00dfverschl\u00fcsse<\/strong><\/p>\n<\/li>\n<li data-start=\"629\" data-end=\"662\">\n<p data-start=\"631\" data-end=\"662\"><strong data-start=\"631\" data-end=\"660\">Verstellbare Kapuze und \u00c4rmelb\u00fcndchen<\/strong><\/p>\n<\/li>\n<li data-start=\"663\" data-end=\"704\">\n<p data-start=\"665\" data-end=\"704\"><strong data-start=\"665\" data-end=\"685\">Reflektierende Logos<\/strong> f\u00fcr zus\u00e4tzliche Sicherheit<\/p>\n<\/li>\n<\/ul>\n","protected":false},"excerpt":{"rendered":"<p>Die Grund\u00e9ns Full Share Jacke bietet eine erstklassige wasserdichte und atmungsaktive L\u00f6sung, die angenehm zu tragen ist. Die Jacke verf\u00fcgt \u00fcber eine strapazierf\u00e4hige Au\u00dfenfl\u00e4che und eine starke Innenmembran, die Schutz vor den h\u00e4ufigsten Belastungen bietet, denen Angler ausgesetzt sind. Urspr\u00fcnglich f\u00fcr Berufsfischer entwickelt, bietet das Full Share Set eine leistungsstarke wasserdichte und atmungsaktive L\u00f6sung und [&#8230;]\n","protected":false},"featured_media":292821,"comment_status":"open","ping_status":"closed","template":"","meta":[],"product_brand":[],"product_cat":[1384],"product_tag":[],"class_list":{"0":"post-293218","1":"product","2":"type-product","3":"status-publish","4":"has-post-thumbnail","6":"product_cat-jacken","8":"first","9":"instock","10":"taxable","11":"shipping-taxable","12":"purchasable","13":"product-type-variable"},"composite_virtual":false,"composite_layout":"","composite_add_to_cart_form_location":"","composite_editable_in_cart":false,"composite_sold_individually_context":"","composite_shop_price_calc":"","composite_components":[],"composite_scenarios":[],"group_of_quantity":0,"min_quantity":0,"max_quantity":"","exclude_order_quantity_value_rules":"no","exclude_category_quantity_rules":"no","combine_variations":"no","exclude_global_add_ons":[],"addons":[],"_links":{"self":[{"href":"https:\/\/www.huntersfriend.eu\/de\/wp-json\/wp\/v2\/product\/293218","targetHints":{"allow":["GET"]}}],"collection":[{"href":"https:\/\/www.huntersfriend.eu\/de\/wp-json\/wp\/v2\/product"}],"about":[{"href":"https:\/\/www.huntersfriend.eu\/de\/wp-json\/wp\/v2\/types\/product"}],"replies":[{"embeddable":true,"href":"https:\/\/www.huntersfriend.eu\/de\/wp-json\/wp\/v2\/comments?post=293218"}],"wp:featuredmedia":[{"embeddable":true,"href":"https:\/\/www.huntersfriend.eu\/de\/wp-json\/wp\/v2\/media\/292821"}],"wp:attachment":[{"href":"https:\/\/www.huntersfriend.eu\/de\/wp-json\/wp\/v2\/media?parent=293218"}],"wp:term":[{"taxonomy":"product_brand","embeddable":true,"href":"https:\/\/www.huntersfriend.eu\/de\/wp-json\/wp\/v2\/product_brand?post=293218"},{"taxonomy":"product_cat","embeddable":true,"href":"https:\/\/www.huntersfriend.eu\/de\/wp-json\/wp\/v2\/product_cat?post=293218"},{"taxonomy":"product_tag","embeddable":true,"href":"https:\/\/www.huntersfriend.eu\/de\/wp-json\/wp\/v2\/product_tag?post=293218"}],"curies":[{"name":"wp","href":"https:\/\/api.w.org\/{rel}","templated":true}]}}